{"id":8335,"date":"2026-03-11T10:43:51","date_gmt":"2026-03-11T09:43:51","guid":{"rendered":"https:\/\/www.campingpointedutalud.com\/marche-de-ploemeur-camping\/"},"modified":"2026-03-23T08:22:07","modified_gmt":"2026-03-23T07:22:07","slug":"markt-van-ploemeur-kampplaats","status":"publish","type":"page","link":"https:\/\/www.campingpointedutalud.com\/nl\/toerisme-morbihan-zuid-bretagne\/markt-van-ploemeur-kampplaats\/","title":{"rendered":"Ploemeur markt"},"content":{"rendered":"\n<div class=\"wp-block-group section-6 has-custom-color-3-background-color has-background has-global-padding is-layout-constrained wp-container-core-group-is-layout-20238047 wp-block-group-is-layout-constrained\" style=\"margin-top:0px;margin-bottom:0px;padding-top:8rem;padding-right:15rem;padding-bottom:8rem;padding-left:15rem\">\n<div class=\"wp-block-group gt-reverse-mobile is-nowrap is-layout-flex wp-container-core-group-is-layout-90b6bdf5 wp-block-group-is-layout-flex\">\n<div class=\"wp-block-group has-global-padding is-layout-constrained wp-container-core-group-is-layout-7c250ea7 wp-block-group-is-layout-constrained\" style=\"margin-top:0px;margin-bottom:0px;padding-top:0;padding-right:0px;padding-bottom:0;padding-left:0px\">\n<div class=\"wp-block-group has-global-padding is-layout-constrained wp-container-core-group-is-layout-162f2a30 wp-block-group-is-layout-constrained\" style=\"margin-top:0px;margin-bottom:0px\">\n<div class=\"wp-block-group has-global-padding is-layout-constrained wp-container-core-group-is-layout-d6554d75 wp-block-group-is-layout-constrained\" style=\"margin-top:0px;margin-bottom:0px\">\n<div class=\"wp-block-cover is-light\" style=\"border-top-left-radius:10px;border-top-right-radius:10px;border-bottom-left-radius:10px;border-bottom-right-radius:10px\"><img decoding=\"async\" width=\"2000\" height=\"1328\" class=\"wp-block-cover__image-background wp-image-7146 size-full\" alt=\"larmor plage marche\u0301 breton coquillages spe\u0301cialite\u0301s locales\" src=\"https:\/\/www.campingpointedutalud.com\/wp-content\/uploads\/2026\/03\/larmor-plage-marche-breton-coquillages-specialites-locales.jpg\" data-object-fit=\"cover\" srcset=\"https:\/\/www.campingpointedutalud.com\/wp-content\/uploads\/2026\/03\/larmor-plage-marche-breton-coquillages-specialites-locales.jpg 2000w, https:\/\/www.campingpointedutalud.com\/wp-content\/uploads\/2026\/03\/larmor-plage-marche-breton-coquillages-specialites-locales-300x199.jpg 300w, https:\/\/www.campingpointedutalud.com\/wp-content\/uploads\/2026\/03\/larmor-plage-marche-breton-coquillages-specialites-locales-1024x680.jpg 1024w, https:\/\/www.campingpointedutalud.com\/wp-content\/uploads\/2026\/03\/larmor-plage-marche-breton-coquillages-specialites-locales-768x510.jpg 768w, https:\/\/www.campingpointedutalud.com\/wp-content\/uploads\/2026\/03\/larmor-plage-marche-breton-coquillages-specialites-locales-1536x1020.jpg 1536w\" sizes=\"(max-width: 2000px) 100vw, 2000px\" \/><span aria-hidden=\"true\" class=\"wp-block-cover__background has-background-dim-0 has-background-dim\"><\/span><div class=\"wp-block-cover__inner-container has-global-padding is-layout-constrained wp-block-cover-is-layout-constrained\">\n<p class=\"has-text-align-center has-large-font-size\"><\/p>\n<\/div><\/div>\n<\/div>\n<\/div>\n<\/div>\n\n\n\n<div class=\"wp-block-group gt-reverse-mobile is-vertical is-layout-flex wp-container-core-group-is-layout-7857e36c wp-block-group-is-layout-flex\" style=\"padding-right:0px;padding-left:0px\">\n<div class=\"wp-block-group texte-deco has-global-padding is-content-justification-left is-layout-constrained wp-container-core-group-is-layout-d6fb7615 wp-block-group-is-layout-constrained\" style=\"margin-top:0px;margin-bottom:0px;padding-right:0px;padding-left:0px\">\n<p class=\"has-custom-color-1-color has-text-color has-link-color has-unbounded-font-family wp-elements-331d5750297a969aac5a696f39883537\" style=\"font-size:clamp(2.499rem, 2.499rem + ((1vw - 0.2rem) * 3.652), 4.69rem);font-style:normal;font-weight:700;line-height:1\">De beste<\/p>\n\n\n\n<p class=\"has-custom-color-1-color has-text-color has-link-color has-caveat-font-family wp-elements-8ded44315997b0057e18a2ca5b0b77bb\" style=\"margin-top:0px;margin-bottom:0px;font-size:clamp(3.159rem, 3.159rem + ((1vw - 0.2rem) * 5.252), 6.31rem);font-style:normal;font-weight:500;line-height:0.7\">Bretonse producten<\/p>\n<\/div>\n\n\n\n<div class=\"wp-block-group content has-base-2-background-color has-background has-global-padding is-layout-constrained wp-container-core-group-is-layout-69f271cb wp-block-group-is-layout-constrained\" style=\"border-top-left-radius:10px;border-top-right-radius:10px;border-bottom-left-radius:10px;border-bottom-right-radius:10px;margin-top:0px;margin-bottom:0px;padding-top:40px;padding-right:40px;padding-bottom:40px;padding-left:40px\">\n<h1 class=\"wp-block-heading has-custom-color-1-color has-text-color has-link-color wp-elements-eb81dbc61f516bfec34e25fe6c07d882\">Markt van Ploemeur: ontdek verse producten en plaatselijke ambachtslui<\/h1>\n\n\n\n<h2 class=\"wp-block-heading has-custom-color-1-color has-text-color has-link-color wp-elements-473e2145491a79cb1562f62ff5ae6f5e\">Markten in Ploemeur<\/h2>\n\n\n\n    <div id=\"gt-fse-lire-plus-1\"\n         class=\"gt-fse-lire-plus\"\n         data-min-height=\"130\"\n         style=\"background-color: #ffffff;\">\n\n        <input id=\"gt-fse-lire-plus-1-toggle\"\n               type=\"checkbox\"\n               class=\"gt-fse-lire-plus__toggle\" \/>\n\n        <label for=\"gt-fse-lire-plus-1-toggle\"\n               class=\"gt-fse-lire-plus__toggle-label\">\n            <span>Meer lezen<\/span>\n            <span>Minder lezen<\/span>\n        <\/label>\n\n        <div class=\"gt-fse-lire-plus__content\"\n             style=\"height: 130px;\">\n\n            \n\n<p class=\"has-custom-color-1-color has-text-color\">Wat is er lekkerder dan <strong>verse producten<\/strong> kopen onder de ochtendzon van Morbihan? De markten van Ploemeur zijn drie keer per week geopend, het hele jaar door. In de winter zijn de markten geopend van 8.15 tot 13.00 uur en in de zomer van 7.45 tot 13.30 uur!  <\/p>\n\n\n\n<p class=\"has-custom-color-1-color has-text-color\">De markten van Ploemeur vinden plaats:<\/p>\n\n\n\n<ul class=\"wp-block-list has-custom-color-1-color has-text-color\">\n<li>Op maandag op Place Gustave Le Floc&#8217;h in Lomener;<\/li>\n\n\n\n<li>Woensdag op het Falquerho plein;<\/li>\n\n\n\n<li>Zondagochtend ook op het Place Falquerho, maar met veel meer kraampjes;<\/li>\n<\/ul>\n\n\n\n<p class=\"has-custom-color-1-color has-text-color\">Als je hebt gekozen voor <a href=\"https:\/\/www.campingpointedutalud.com\/nl\/verhuur-stacaravan-ploemeur\/\" data-type=\"page\" data-id=\"9\">een Stacaravan in Morbihan<\/a>, zijn de <strong>lokale markten<\/strong> de beste manier om je koelkast te vullen met verse producten. Ze geven je de kans om lokale producenten te ontmoeten en een warm moment te delen tussen de kraampjes! Naar de markten gaan is ook een goede manier om de stad Ploemeur te ontdekken en zaken met plezier te combineren.  <\/p>\n\n\n            <div class=\"gt-fse-lire-plus__gradient\"\n                 style=\"background: linear-gradient(to bottom, rgba(255,255,255,0) 0%, rgba(255,255,255,1) 100%);\"><\/div>\n        <\/div>\n\n    <\/div>\n\n    <\/div>\n<\/div>\n<\/div>\n<\/div>\n\n<div class=\"wp-block-group section-simple has-global-padding is-layout-constrained wp-container-core-group-is-layout-e8882e7b wp-block-group-is-layout-constrained\" style=\"margin-top:0px;margin-bottom:0px;padding-top:8rem;padding-right:15rem;padding-bottom:8rem;padding-left:15rem\">\n<div class=\"wp-block-columns are-vertically-aligned-top is-layout-flex wp-container-core-columns-is-layout-28f84493 wp-block-columns-is-layout-flex\">\n<div class=\"wp-block-column is-vertically-aligned-top is-layout-flow wp-block-column-is-layout-flow\">\n<div class=\"wp-block-group has-custom-color-3-background-color has-background has-global-padding is-layout-constrained wp-container-core-group-is-layout-3dcc9c70 wp-block-group-is-layout-constrained\" style=\"border-top-left-radius:10px;border-top-right-radius:10px;border-bottom-left-radius:10px;border-bottom-right-radius:10px;padding-top:40px;padding-right:40px;padding-bottom:40px;padding-left:40px\">\n<h2 class=\"wp-block-heading has-custom-color-1-color has-text-color has-link-color wp-elements-2ea37f70bae48725fa831e38056972bb\">De 56 markten, een echte toeristische attractie<\/h2>\n\n\n\n<p class=\"has-custom-color-1-color has-text-color\">Op vakantie proberen we onszelf soms op sensationele manieren bezig te houden, maar we moeten het ook eenvoudig houden om nieuwe energie op te doen. Een wandeling over de markten is een uitstekende activiteit in de buurt van uw <a href=\"https:\/\/www.campingpointedutalud.com\/nl\/\" data-type=\"page\" data-id=\"5\">camping in Ploemeur<\/a>. <\/p>\n\n\n\n    <div id=\"gt-fse-lire-plus-2\"\n         class=\"gt-fse-lire-plus\"\n         data-min-height=\"130\"\n         style=\"background-color: #e2e6ec;\">\n\n        <input id=\"gt-fse-lire-plus-2-toggle\"\n               type=\"checkbox\"\n               class=\"gt-fse-lire-plus__toggle\" \/>\n\n        <label for=\"gt-fse-lire-plus-2-toggle\"\n               class=\"gt-fse-lire-plus__toggle-label\">\n            <span>Meer lezen<\/span>\n            <span>Minder lezen<\/span>\n        <\/label>\n\n        <div class=\"gt-fse-lire-plus__content\"\n             style=\"height: 130px;\">\n\n            \n\n<p class=\"has-custom-color-1-color has-text-color\">Behalve dat je er je inkopen kunt doen, is het ook een geweldige manier om <strong>lokale<\/strong> <strong>ambachtslieden<\/strong> en <strong>producenten<\/strong> te ontmoeten. Ontdek de <strong>culinaire specialiteiten van Morbihan<\/strong>: Kouign Amann, Far Breton, boekweitpannenkoeken, andouille de Gu\u00e9m\u00e9n\u00e9, enz. Praat met de ambachtslieden van Ploemeur en kom meer te weten over hun traditionele knowhow.  <\/p>\n\n\n\n<p class=\"has-custom-color-1-color has-text-color\">Van half juli tot half augustus organiseert het stadhuis de donderdagen van Ploemeur. Afspraak in de plaatselijke havens of in het stadscentrum vanaf 19u! Het stadscentrum van Ploemeur, Fort-Bloqu\u00e9, Lomener en Kerroch verwelkomen u in een warme en gezellige sfeer. Muzikanten zullen de avonden opluisteren met Bretonse muziek terwijl je geniet van heerlijke streekgerechten aan het water. Een onvergetelijke ervaring in het hart van Bretagne!    <\/p>\n\n\n            <div class=\"gt-fse-lire-plus__gradient\"\n                 style=\"background: linear-gradient(to bottom, rgba(226,230,236,0) 0%, rgba(226,230,236,1) 100%);\"><\/div>\n        <\/div>\n\n    <\/div>\n\n    <\/div>\n<\/div>\n\n\n\n<div class=\"wp-block-column is-vertically-aligned-top is-layout-flow wp-block-column-is-layout-flow\">\n<figure class=\"wp-block-image size-full has-custom-border\"><img decoding=\"async\" width=\"2000\" height=\"1121\" src=\"https:\/\/www.campingpointedutalud.com\/wp-content\/uploads\/2026\/03\/kouign-amann-bretagne-nourriture-marche.jpg\" alt=\"kouign amann bretagne voedselmarkt\" class=\"wp-image-7404\" style=\"border-top-left-radius:10px;border-top-right-radius:10px;border-bottom-left-radius:10px;border-bottom-right-radius:10px;aspect-ratio:16\/9;object-fit:cover\" srcset=\"https:\/\/www.campingpointedutalud.com\/wp-content\/uploads\/2026\/03\/kouign-amann-bretagne-nourriture-marche.jpg 2000w, https:\/\/www.campingpointedutalud.com\/wp-content\/uploads\/2026\/03\/kouign-amann-bretagne-nourriture-marche-300x168.jpg 300w, https:\/\/www.campingpointedutalud.com\/wp-content\/uploads\/2026\/03\/kouign-amann-bretagne-nourriture-marche-1024x574.jpg 1024w, https:\/\/www.campingpointedutalud.com\/wp-content\/uploads\/2026\/03\/kouign-amann-bretagne-nourriture-marche-768x430.jpg 768w, https:\/\/www.campingpointedutalud.com\/wp-content\/uploads\/2026\/03\/kouign-amann-bretagne-nourriture-marche-1536x861.jpg 1536w\" sizes=\"(max-width: 2000px) 100vw, 2000px\" \/><\/figure>\n<\/div>\n<\/div>\n<\/div>\n\n<div class=\"wp-block-group section-maillage has-custom-color-3-background-color has-background has-global-padding is-layout-constrained wp-container-core-group-is-layout-20238047 wp-block-group-is-layout-constrained\" style=\"margin-top:0px;margin-bottom:0px;padding-top:8rem;padding-right:15rem;padding-bottom:8rem;padding-left:15rem\">\n<div class=\"wp-block-group texte-deco is-layout-flow wp-block-group-is-layout-flow\">\n<p class=\"has-text-align-center has-custom-color-1-color has-text-color has-link-color has-unbounded-font-family wp-elements-05d33307e4c7dbd468391125f829ca42\" style=\"font-size:clamp(2.499rem, 2.499rem + ((1vw - 0.2rem) * 3.652), 4.69rem);font-style:normal;font-weight:700;line-height:1\">Profiteer<\/p>\n\n\n\n<p class=\"has-text-align-center has-custom-color-1-color has-text-color has-link-color has-caveat-font-family wp-elements-ac334bbf08cd7535904eff896e3d31fc\" style=\"margin-top:0px;margin-bottom:0px;font-size:clamp(3.159rem, 3.159rem + ((1vw - 0.2rem) * 5.252), 6.31rem);font-style:normal;font-weight:500;line-height:0.7\">vrijetijdsactiviteiten en accommodatie<\/p>\n<\/div>\n\n\n\n<div data-wp-context=\"{}\" data-wp-interactive=\"core\/query\" data-wp-key=\"0\" data-wp-router-region=\"query-0\" class=\"wp-block-query alignwide gt-fse-maillage-query is-layout-flow wp-block-query-is-layout-flow\"><ul class=\"columns-3 wp-block-post-template is-layout-grid wp-container-core-post-template-is-layout-6d3fbd8f wp-block-post-template-is-layout-grid\"><li data-wp-key=\"post-template-item-8233\" class=\"wp-block-post post-8233 page type-page status-publish has-post-thumbnail hentry\">\n<a href=\"https:\/\/www.campingpointedutalud.com\/nl\/toerisme-morbihan-zuid-bretagne\/bezoek-ile-de-groix-onze-tips\/\"    class=\"wp-block-tiptip-hyperlink-group-block\" >\n<figure class=\"wp-block-image size-full is-resized\"><img decoding=\"async\" width=\"367\" height=\"318\" src=\"https:\/\/www.campingpointedutalud.com\/wp-content\/uploads\/2025\/12\/grosse-fleur-jaune.svg\" alt=\"grote gele bloem\" class=\"wp-image-143\" style=\"object-fit:contain;width:50px;height:50px\"\/><\/figure>\n\n<figure class=\"wp-block-image has-custom-border gt-maillage__image\"><img decoding=\"async\" src=\"https:\/\/www.campingpointedutalud.com\/wp-content\/uploads\/2026\/03\/ile-de-groix-bretagne-village-locmaria.jpg\" alt=\"Het eiland Groix\" style=\"border-style:none;border-width:0px;border-top-left-radius:10px;border-top-right-radius:10px;border-bottom-left-radius:10px;border-bottom-right-radius:10px\"\/><\/figure>\n\n<p class=\"has-text-align-center has-custom-color-1-color has-text-color has-link-color has-unbounded-font-family wp-elements-6527d65a79d544105f2c7aa114e49b0c\" style=\"font-size:clamp(1.25rem, 1.25rem + ((1vw - 0.2rem) * 1.25), 2rem);line-height:1.1\">Het eiland Groix<\/p>\n<\/a>\n<\/li><li data-wp-key=\"post-template-item-8264\" class=\"wp-block-post post-8264 page type-page status-publish has-post-thumbnail hentry\">\n<a href=\"https:\/\/www.campingpointedutalud.com\/nl\/toerisme-morbihan-zuid-bretagne\/top-10-des-activiteiten-kampplaats-pointe-du-talud\/\"    class=\"wp-block-tiptip-hyperlink-group-block\" >\n<figure class=\"wp-block-image size-full is-resized\"><img decoding=\"async\" width=\"367\" height=\"318\" src=\"https:\/\/www.campingpointedutalud.com\/wp-content\/uploads\/2025\/12\/grosse-fleur-jaune.svg\" alt=\"grote gele bloem\" class=\"wp-image-143\" style=\"object-fit:contain;width:50px;height:50px\"\/><\/figure>\n\n<figure class=\"wp-block-image has-custom-border gt-maillage__image\"><img decoding=\"async\" src=\"https:\/\/www.campingpointedutalud.com\/wp-content\/uploads\/2026\/03\/port-lorient-cite-de-la-voile-activites-famille.jpg\" alt=\"port lorient cit\u00e9 de la voile gezinsactiviteiten\" style=\"border-style:none;border-width:0px;border-top-left-radius:10px;border-top-right-radius:10px;border-bottom-left-radius:10px;border-bottom-right-radius:10px\"\/><\/figure>\n\n<p class=\"has-text-align-center has-custom-color-1-color has-text-color has-link-color has-unbounded-font-family wp-elements-6527d65a79d544105f2c7aa114e49b0c\" style=\"font-size:clamp(1.25rem, 1.25rem + ((1vw - 0.2rem) * 1.25), 2rem);line-height:1.1\">Top 10 activiteiten<\/p>\n<\/a>\n<\/li><li data-wp-key=\"post-template-item-8093\" class=\"wp-block-post post-8093 page type-page status-publish has-post-thumbnail hentry\">\n<a href=\"https:\/\/www.campingpointedutalud.com\/nl\/verhuur-staanplaats-ploemeur\/\"    class=\"wp-block-tiptip-hyperlink-group-block\" >\n<figure class=\"wp-block-image size-full is-resized\"><img decoding=\"async\" width=\"367\" height=\"318\" src=\"https:\/\/www.campingpointedutalud.com\/wp-content\/uploads\/2025\/12\/grosse-fleur-jaune.svg\" alt=\"grote gele bloem\" class=\"wp-image-143\" style=\"object-fit:contain;width:50px;height:50px\"\/><\/figure>\n\n<figure class=\"wp-block-image has-custom-border gt-maillage__image\"><img decoding=\"async\" src=\"https:\/\/www.campingpointedutalud.com\/wp-content\/uploads\/2026\/03\/Pointe-du-talud-emplacement-caravane-bretagne.jpeg\" alt=\"La Pointe du Talud camperplaats Bretagne\" style=\"border-style:none;border-width:0px;border-top-left-radius:10px;border-top-right-radius:10px;border-bottom-left-radius:10px;border-bottom-right-radius:10px\"\/><\/figure>\n\n<p class=\"has-text-align-center has-custom-color-1-color has-text-color has-link-color has-unbounded-font-family wp-elements-6527d65a79d544105f2c7aa114e49b0c\" style=\"font-size:clamp(1.25rem, 1.25rem + ((1vw - 0.2rem) * 1.25), 2rem);line-height:1.1\">Onze staanplaatsen<\/p>\n<\/a>\n<\/li><\/ul><\/div>\n<\/div>\n","protected":false},"excerpt":{"rendered":"<p>De beste Bretonse producten Markt van Ploemeur: ontdek verse producten en plaatselijke ambachtslui Markten in Ploemeur De 56 markten, een echte toeristische attractie Op vakantie proberen we onszelf soms op sensationele manieren bezig te houden, maar we moeten het ook eenvoudig houden om nieuwe energie op te doen. Een wandeling over de markten is een [&hellip;]<\/p>\n","protected":false},"author":1,"featured_media":8336,"parent":8358,"menu_order":0,"comment_status":"closed","ping_status":"closed","template":"","meta":{"_seopress_robots_primary_cat":"","_seopress_titles_title":"Camping Morbihan March\u00e9 de ploemeur - Ontdek de regio","_seopress_titles_desc":"Ontdek de Bretonse streekproducten op de markten van Ploemeur. Verse producten en lokale ambachtslieden: een must voor je vakantie in Morbihan! ","_seopress_robots_index":"","inline_featured_image":false,"gt_fse_maillage_image":"https:\/\/www.campingpointedutalud.com\/wp-content\/uploads\/2026\/03\/marche-bretagne-ploemeur-huitres.jpg","gt_fse_maillage_titre":"Ploemeur markt","gt_fse_maillage_alt":"Oestermarkt van Ploemeur","gt_fse_maillage_resume":"","footnotes":""},"categories":[],"tags":[],"class_list":["post-8335","page","type-page","status-publish","has-post-thumbnail","hentry"],"publishpress_future_action":{"enabled":false,"date":"2026-05-15 14:51:16","action":"change-status","newStatus":"draft","terms":[],"taxonomy":"category","extraData":[]},"publishpress_future_workflow_manual_trigger":{"enabledWorkflows":[]},"_links":{"self":[{"href":"https:\/\/www.campingpointedutalud.com\/nl\/wp-json\/wp\/v2\/pages\/8335","targetHints":{"allow":["GET"]}}],"collection":[{"href":"https:\/\/www.campingpointedutalud.com\/nl\/wp-json\/wp\/v2\/pages"}],"about":[{"href":"https:\/\/www.campingpointedutalud.com\/nl\/wp-json\/wp\/v2\/types\/page"}],"author":[{"embeddable":true,"href":"https:\/\/www.campingpointedutalud.com\/nl\/wp-json\/wp\/v2\/users\/1"}],"replies":[{"embeddable":true,"href":"https:\/\/www.campingpointedutalud.com\/nl\/wp-json\/wp\/v2\/comments?post=8335"}],"version-history":[{"count":5,"href":"https:\/\/www.campingpointedutalud.com\/nl\/wp-json\/wp\/v2\/pages\/8335\/revisions"}],"predecessor-version":[{"id":8955,"href":"https:\/\/www.campingpointedutalud.com\/nl\/wp-json\/wp\/v2\/pages\/8335\/revisions\/8955"}],"up":[{"embeddable":true,"href":"https:\/\/www.campingpointedutalud.com\/nl\/wp-json\/wp\/v2\/pages\/8358"}],"wp:featuredmedia":[{"embeddable":true,"href":"https:\/\/www.campingpointedutalud.com\/nl\/wp-json\/wp\/v2\/media\/8336"}],"wp:attachment":[{"href":"https:\/\/www.campingpointedutalud.com\/nl\/wp-json\/wp\/v2\/media?parent=8335"}],"wp:term":[{"taxonomy":"category","embeddable":true,"href":"https:\/\/www.campingpointedutalud.com\/nl\/wp-json\/wp\/v2\/categories?post=8335"},{"taxonomy":"post_tag","embeddable":true,"href":"https:\/\/www.campingpointedutalud.com\/nl\/wp-json\/wp\/v2\/tags?post=8335"}],"curies":[{"name":"wp","href":"https:\/\/api.w.org\/{rel}","templated":true}]}}