{"id":8240,"date":"2026-03-11T10:40:54","date_gmt":"2026-03-11T09:40:54","guid":{"rendered":"https:\/\/www.campingpointedutalud.com\/visiter-le-morbihan-en-3-jours\/"},"modified":"2026-03-20T16:48:34","modified_gmt":"2026-03-20T15:48:34","slug":"een-driedaagse-rondreis-door-morbihan","status":"publish","type":"page","link":"https:\/\/www.campingpointedutalud.com\/nl\/toerisme-morbihan-zuid-bretagne\/een-driedaagse-rondreis-door-morbihan\/","title":{"rendered":"Morbihan"},"content":{"rendered":"\n<div class=\"wp-block-group section-6 has-custom-color-3-background-color has-background has-global-padding is-layout-constrained wp-container-core-group-is-layout-20238047 wp-block-group-is-layout-constrained\" style=\"margin-top:0px;margin-bottom:0px;padding-top:8rem;padding-right:15rem;padding-bottom:8rem;padding-left:15rem\">\n<div class=\"wp-block-group gt-reverse-mobile is-nowrap is-layout-flex wp-container-core-group-is-layout-90b6bdf5 wp-block-group-is-layout-flex\">\n<div class=\"wp-block-group has-global-padding is-layout-constrained wp-container-core-group-is-layout-7c250ea7 wp-block-group-is-layout-constrained\" style=\"margin-top:0px;margin-bottom:0px;padding-top:0;padding-right:0px;padding-bottom:0;padding-left:0px\">\n<div class=\"wp-block-group has-global-padding is-layout-constrained wp-container-core-group-is-layout-162f2a30 wp-block-group-is-layout-constrained\" style=\"margin-top:0px;margin-bottom:0px\">\n<div class=\"wp-block-group has-global-padding is-layout-constrained wp-container-core-group-is-layout-d6554d75 wp-block-group-is-layout-constrained\" style=\"margin-top:0px;margin-bottom:0px\">\n<div class=\"wp-block-cover is-light\" style=\"border-top-left-radius:10px;border-top-right-radius:10px;border-bottom-left-radius:10px;border-bottom-right-radius:10px\"><img decoding=\"async\" width=\"2000\" height=\"1500\" class=\"wp-block-cover__image-background wp-image-7418 size-full\" alt=\"golfe du morbihan coucher de soleil bretagne\" src=\"https:\/\/www.campingpointedutalud.com\/wp-content\/uploads\/2026\/03\/golfe-du-morbihan-coucher-de-soleil-bretagne.jpg\" data-object-fit=\"cover\" srcset=\"https:\/\/www.campingpointedutalud.com\/wp-content\/uploads\/2026\/03\/golfe-du-morbihan-coucher-de-soleil-bretagne.jpg 2000w, https:\/\/www.campingpointedutalud.com\/wp-content\/uploads\/2026\/03\/golfe-du-morbihan-coucher-de-soleil-bretagne-300x225.jpg 300w, https:\/\/www.campingpointedutalud.com\/wp-content\/uploads\/2026\/03\/golfe-du-morbihan-coucher-de-soleil-bretagne-1024x768.jpg 1024w, https:\/\/www.campingpointedutalud.com\/wp-content\/uploads\/2026\/03\/golfe-du-morbihan-coucher-de-soleil-bretagne-768x576.jpg 768w, https:\/\/www.campingpointedutalud.com\/wp-content\/uploads\/2026\/03\/golfe-du-morbihan-coucher-de-soleil-bretagne-1536x1152.jpg 1536w\" sizes=\"(max-width: 2000px) 100vw, 2000px\" \/><span aria-hidden=\"true\" class=\"wp-block-cover__background has-background-dim-0 has-background-dim\"><\/span><div class=\"wp-block-cover__inner-container has-global-padding is-layout-constrained wp-block-cover-is-layout-constrained\">\n<p class=\"has-text-align-center has-large-font-size\"><\/p>\n<\/div><\/div>\n<\/div>\n<\/div>\n<\/div>\n\n\n\n<div class=\"wp-block-group gt-reverse-mobile is-vertical is-layout-flex wp-container-core-group-is-layout-7857e36c wp-block-group-is-layout-flex\" style=\"padding-right:0px;padding-left:0px\">\n<div class=\"wp-block-group texte-deco has-global-padding is-content-justification-left is-layout-constrained wp-container-core-group-is-layout-d6fb7615 wp-block-group-is-layout-constrained\" style=\"margin-top:0px;margin-bottom:0px;padding-right:0px;padding-left:0px\">\n<p class=\"has-custom-color-1-color has-text-color has-link-color has-unbounded-font-family wp-elements-25149bdcfb7061c8c3c0be23ff7a8a7e\" style=\"font-size:clamp(2.499rem, 2.499rem + ((1vw - 0.2rem) * 3.652), 4.69rem);font-style:normal;font-weight:700;line-height:1\">Een wereld<\/p>\n\n\n\n<p class=\"has-custom-color-1-color has-text-color has-link-color has-caveat-font-family wp-elements-ded46ecf828254911a323555a05a509a\" style=\"margin-top:0px;margin-bottom:0px;font-size:clamp(3.159rem, 3.159rem + ((1vw - 0.2rem) * 5.252), 6.31rem);font-style:normal;font-weight:500;line-height:0.7\">aan de zijkant<\/p>\n<\/div>\n\n\n\n<div class=\"wp-block-group content has-base-2-background-color has-background has-global-padding is-layout-constrained wp-container-core-group-is-layout-69f271cb wp-block-group-is-layout-constrained\" style=\"border-top-left-radius:10px;border-top-right-radius:10px;border-bottom-left-radius:10px;border-bottom-right-radius:10px;margin-top:0px;margin-bottom:0px;padding-top:40px;padding-right:40px;padding-bottom:40px;padding-left:40px\">\n<h1 class=\"wp-block-heading has-custom-color-1-color has-text-color has-link-color wp-elements-8a5badeaff06c6550ef2c046f984f310\">Bezoek Morbihan in 3 dagen<\/h1>\n\n\n\n<p class=\"has-custom-color-1-color has-text-color\">Op zoek naar een uitje aan zee? Wat dacht je van een <strong>3-daags bezoek aan Morbihan?<\/strong> Deze regio in het zuiden van Bretagne is rijk aan gevarieerde landschappen, historische plaatsen en aangename wandelpaden. Om er zeker van te zijn dat je niets mist tijdens je verblijf, bekijk je deze routebeschrijving van de mooiste plekken om te bezoeken in het hart van Morbihan.   <br\/><\/p>\n<\/div>\n<\/div>\n<\/div>\n<\/div>\n\n<div class=\"wp-block-group section-simple has-global-padding is-layout-constrained wp-container-core-group-is-layout-e8882e7b wp-block-group-is-layout-constrained\" style=\"margin-top:0px;margin-bottom:0px;padding-top:8rem;padding-right:15rem;padding-bottom:8rem;padding-left:15rem\">\n<div class=\"wp-block-columns are-vertically-aligned-top is-layout-flex wp-container-core-columns-is-layout-28f84493 wp-block-columns-is-layout-flex\">\n<div class=\"wp-block-column is-vertically-aligned-top is-layout-flow wp-block-column-is-layout-flow\">\n<div class=\"wp-block-group has-custom-color-3-background-color has-background has-global-padding is-layout-constrained wp-container-core-group-is-layout-3dcc9c70 wp-block-group-is-layout-constrained\" style=\"border-top-left-radius:10px;border-top-right-radius:10px;border-bottom-left-radius:10px;border-bottom-right-radius:10px;padding-top:40px;padding-right:40px;padding-bottom:40px;padding-left:40px\">\n<h2 class=\"wp-block-heading has-custom-color-1-color has-text-color has-link-color wp-elements-3ba569713dfe64ff607db71e84a55856\">Dag 1: Lorient en het eiland Groix<\/h2>\n\n\n\n<p class=\"has-custom-color-1-color has-text-color\">Lorient en de omgeving hebben een veelheid aan bezienswaardigheden. Om dit deel van Morbihan te bezoeken, raden we je aan een hotel of <a href=\"https:\/\/www.campingpointedutalud.com\/nl\/\" data-type=\"page\" data-id=\"5\">camping in Ploemeur<\/a> te boeken. <\/p>\n\n\n\n    <div id=\"gt-fse-lire-plus-1\"\n         class=\"gt-fse-lire-plus\"\n         data-min-height=\"130\"\n         style=\"background-color: #e2e6ec;\">\n\n        <input id=\"gt-fse-lire-plus-1-toggle\"\n               type=\"checkbox\"\n               class=\"gt-fse-lire-plus__toggle\" \/>\n\n        <label for=\"gt-fse-lire-plus-1-toggle\"\n               class=\"gt-fse-lire-plus__toggle-label\">\n            <span>Meer lezen<\/span>\n            <span>Minder lezen<\/span>\n        <\/label>\n\n        <div class=\"gt-fse-lire-plus__content\"\n             style=\"height: 130px;\">\n\n            \n\n<p class=\"has-custom-color-1-color has-text-color\">Zo kun je gemakkelijk naar alle <strong>bezienswaardigheden <\/strong>in de buurt van Lorient. De stad nodigt meteen uit tot een wandeling, met de haven in het centrum, de voetgangerszone en de Tour de la D\u00e9couverte. <\/p>\n\n\n\n<p class=\"has-custom-color-1-color has-text-color\">De dorpen in de buurt van Lorient, zoals Larmor-Plage en Ploemeur, zijn ook vol charme. Om je bezoek compleet te maken, neem je de veerboot naar <strong>het eiland Groix<\/strong>. Tijdens deze boottocht kun je bezienswaardigheden bewonderen zoals het schiereiland G\u00e2vres, het dorp Locmiqu\u00e9lic en de voormalige onderzee\u00ebrbasis van de stad.  <\/p>\n\n\n\n<p class=\"has-custom-color-1-color has-text-color\">Eenmaal op het eiland Groix kun je te voet de charmante dorpjes langs de wandelpaden langs de kust ontdekken. Er zijn ook talloze <strong>fietspaden <\/strong>. <\/p>\n\n\n            <div class=\"gt-fse-lire-plus__gradient\"\n                 style=\"background: linear-gradient(to bottom, rgba(226,230,236,0) 0%, rgba(226,230,236,1) 100%);\"><\/div>\n        <\/div>\n\n    <\/div>\n\n    <\/div>\n<\/div>\n\n\n\n<div class=\"wp-block-column is-vertically-aligned-top is-layout-flow wp-block-column-is-layout-flow\">\n<figure class=\"wp-block-image size-full has-custom-border\"><img decoding=\"async\" width=\"2000\" height=\"1125\" src=\"https:\/\/www.campingpointedutalud.com\/wp-content\/uploads\/2026\/03\/lorient-port-bretagne-histoire.jpg\" alt=\"lorient port bretagne geschiedenis\" class=\"wp-image-7367\" style=\"border-top-left-radius:10px;border-top-right-radius:10px;border-bottom-left-radius:10px;border-bottom-right-radius:10px;aspect-ratio:16\/9;object-fit:cover\" srcset=\"https:\/\/www.campingpointedutalud.com\/wp-content\/uploads\/2026\/03\/lorient-port-bretagne-histoire.jpg 2000w, https:\/\/www.campingpointedutalud.com\/wp-content\/uploads\/2026\/03\/lorient-port-bretagne-histoire-300x169.jpg 300w, https:\/\/www.campingpointedutalud.com\/wp-content\/uploads\/2026\/03\/lorient-port-bretagne-histoire-1024x576.jpg 1024w, https:\/\/www.campingpointedutalud.com\/wp-content\/uploads\/2026\/03\/lorient-port-bretagne-histoire-768x432.jpg 768w, https:\/\/www.campingpointedutalud.com\/wp-content\/uploads\/2026\/03\/lorient-port-bretagne-histoire-1536x864.jpg 1536w\" sizes=\"(max-width: 2000px) 100vw, 2000px\" \/><\/figure>\n<\/div>\n<\/div>\n<\/div>\n\n<div class=\"wp-block-group section-4 has-global-padding is-layout-constrained wp-container-core-group-is-layout-07b29094 wp-block-group-is-layout-constrained\" style=\"margin-top:0px;margin-bottom:0px;padding-right:0px;padding-left:0px\">\n<div class=\"wp-block-group banner has-global-padding is-layout-constrained wp-container-core-group-is-layout-07b29094 wp-block-group-is-layout-constrained\" style=\"margin-top:0px;margin-bottom:0px;padding-right:0px;padding-left:0px\">\n<div class=\"wp-block-cover\" style=\"margin-top:0px;margin-bottom:0px;padding-top:0px;padding-right:0px;padding-bottom:0px;padding-left:0px;min-height:90vh;aspect-ratio:unset;\"><img decoding=\"async\" width=\"2000\" height=\"1125\" class=\"wp-block-cover__image-background wp-image-7419 size-full\" alt=\"Vannes bretagne ville morbihan\" src=\"https:\/\/www.campingpointedutalud.com\/wp-content\/uploads\/2026\/03\/Vannes-bretagne-ville-morbihan.jpg\" data-object-fit=\"cover\" srcset=\"https:\/\/www.campingpointedutalud.com\/wp-content\/uploads\/2026\/03\/Vannes-bretagne-ville-morbihan.jpg 2000w, https:\/\/www.campingpointedutalud.com\/wp-content\/uploads\/2026\/03\/Vannes-bretagne-ville-morbihan-300x169.jpg 300w, https:\/\/www.campingpointedutalud.com\/wp-content\/uploads\/2026\/03\/Vannes-bretagne-ville-morbihan-1024x576.jpg 1024w, https:\/\/www.campingpointedutalud.com\/wp-content\/uploads\/2026\/03\/Vannes-bretagne-ville-morbihan-768x432.jpg 768w, https:\/\/www.campingpointedutalud.com\/wp-content\/uploads\/2026\/03\/Vannes-bretagne-ville-morbihan-1536x864.jpg 1536w\" sizes=\"(max-width: 2000px) 100vw, 2000px\" \/><span aria-hidden=\"true\" class=\"wp-block-cover__background has-background-dim-100 has-background-dim wp-block-cover__gradient-background has-background-gradient\" style=\"background:linear-gradient(0deg,rgb(6,54,122) 0%,rgba(255,255,255,0) 30%)\"><\/span><div class=\"wp-block-cover__inner-container has-global-padding is-layout-constrained wp-container-core-cover-is-layout-8b154107 wp-block-cover-is-layout-constrained\">\n<p class=\"has-text-align-center has-large-font-size\"><\/p>\n<\/div><\/div>\n<\/div>\n\n\n\n<div class=\"wp-block-group content has-custom-color-1-background-color has-background has-global-padding is-layout-constrained wp-container-core-group-is-layout-d4ecddba wp-block-group-is-layout-constrained\" style=\"margin-top:0px;margin-bottom:0px;padding-top:6rem;padding-right:15rem;padding-bottom:6rem;padding-left:15rem\">\n<h2 class=\"wp-block-heading has-custom-color-2-color has-text-color has-link-color wp-elements-0e539f0e74c783e7ac0deb95964614a0\">Dag 2: Vannes en de Golf van Morbihan<\/h2>\n\n\n\n<p class=\"has-base-2-color has-text-color has-link-color wp-elements-577d5412dab89e71aa41d27bbb2e7e2b\">Aan de Golf van Morbihan ligt Vannes, een van de mooiste middeleeuwse steden van Bretagne. Verblijft u op een <a href=\"https:\/\/www.campingpointedutalud.com\/nl\/toerisme-morbihan-zuid-bretagne\/kampplaats-lorient\/\" data-type=\"page\" data-id=\"6740\">camping in de buurt van Lorient<\/a>? Dan heb je iets meer dan een uur rijden nodig om in Vannes te komen. Toch is deze stad zeker een bezoekje waard. En zelfs als u maar 3 dagen blijft, biedt Vannes met zijn <strong>stadsmuren<\/strong>, <strong>stadscentrum <\/strong>en <strong>traditionele vakwerkhuizen<\/strong> u een historische reis naar het hart van Bretagne. In de regio van Vannes vind je ook veel toeristische attracties die je kunt bezoeken tijdens je <strong>3-daags<\/strong> verblijf <strong>in de Golf van Morbihan<\/strong>. Afhankelijk van de tijd die je hebt, kun je het kasteel van Suscinio bezoeken, langs de stranden van het schiereiland Rhuys wandelen of richting de Landes de Lanvaux trekken. Om de dag in stijl af te sluiten, ga je naar La Pointe de Kerpenhir. Hier heb je een uitzonderlijk uitzicht op de Golf van Morbihan.        <\/p>\n<\/div>\n<\/div>\n\n<div class=\"wp-block-group section-simple has-custom-color-2-background-color has-background has-global-padding is-layout-constrained wp-container-core-group-is-layout-e8882e7b wp-block-group-is-layout-constrained\" style=\"margin-top:0px;margin-bottom:0px;padding-top:8rem;padding-right:15rem;padding-bottom:8rem;padding-left:15rem\">\n<div class=\"wp-block-columns are-vertically-aligned-top is-layout-flex wp-container-core-columns-is-layout-28f84493 wp-block-columns-is-layout-flex\">\n<div class=\"wp-block-column is-vertically-aligned-top is-layout-flow wp-block-column-is-layout-flow\">\n<figure class=\"wp-block-image size-full has-custom-border\"><img decoding=\"async\" width=\"2000\" height=\"1333\" src=\"https:\/\/www.campingpointedutalud.com\/wp-content\/uploads\/2026\/03\/quiberon-chateau-iles-bretonnes-decouvrir-morbihan-bretagne.jpg\" alt=\"quiberon kasteel breton eilanden ontdekken morbihan bretagne\" class=\"wp-image-7399\" style=\"border-top-left-radius:10px;border-top-right-radius:10px;border-bottom-left-radius:10px;border-bottom-right-radius:10px;aspect-ratio:16\/9;object-fit:cover\" srcset=\"https:\/\/www.campingpointedutalud.com\/wp-content\/uploads\/2026\/03\/quiberon-chateau-iles-bretonnes-decouvrir-morbihan-bretagne.jpg 2000w, https:\/\/www.campingpointedutalud.com\/wp-content\/uploads\/2026\/03\/quiberon-chateau-iles-bretonnes-decouvrir-morbihan-bretagne-300x200.jpg 300w, https:\/\/www.campingpointedutalud.com\/wp-content\/uploads\/2026\/03\/quiberon-chateau-iles-bretonnes-decouvrir-morbihan-bretagne-1024x682.jpg 1024w, https:\/\/www.campingpointedutalud.com\/wp-content\/uploads\/2026\/03\/quiberon-chateau-iles-bretonnes-decouvrir-morbihan-bretagne-768x512.jpg 768w, https:\/\/www.campingpointedutalud.com\/wp-content\/uploads\/2026\/03\/quiberon-chateau-iles-bretonnes-decouvrir-morbihan-bretagne-1536x1024.jpg 1536w\" sizes=\"(max-width: 2000px) 100vw, 2000px\" \/><\/figure>\n<\/div>\n\n\n\n<div class=\"wp-block-column is-vertically-aligned-top is-layout-flow wp-block-column-is-layout-flow\">\n<div class=\"wp-block-group has-base-2-background-color has-background has-global-padding is-layout-constrained wp-container-core-group-is-layout-ac731009 wp-block-group-is-layout-constrained\" style=\"border-top-left-radius:10px;border-top-right-radius:10px;border-bottom-left-radius:10px;border-bottom-right-radius:10px;padding-top:40px;padding-right:40px;padding-bottom:40px;padding-left:40px\">\n<h2 class=\"wp-block-heading has-custom-color-1-color has-text-color has-link-color wp-elements-b7b3601e076c60c687f1c133f30e9640\">Dag 3: Het schiereiland Quiberon of het bos van Camors<\/h2>\n\n\n\n<p class=\"has-custom-color-1-color has-text-color\">Je dagprogramma hangt af van wat je wilt doen. Bezoek je Morbihan om nieuwe energie op te doen aan zee? Dan is het schiereiland Quiberon een must. Dit schiereiland, een van de populairste toeristische bestemmingen van Morbihan, zal je veroveren met zijn wilde kustlijn en fijne zandstranden. Maak een omweg naar Carnac om een ongelooflijke reeks megalieten te bewonderen.    <\/p>\n\n\n\n    <div id=\"gt-fse-lire-plus-2\"\n         class=\"gt-fse-lire-plus\"\n         data-min-height=\"130\"\n         style=\"background-color: #ffffff;\">\n\n        <input id=\"gt-fse-lire-plus-2-toggle\"\n               type=\"checkbox\"\n               class=\"gt-fse-lire-plus__toggle\" \/>\n\n        <label for=\"gt-fse-lire-plus-2-toggle\"\n               class=\"gt-fse-lire-plus__toggle-label\">\n            <span>Meer lezen<\/span>\n            <span>Minder lezen<\/span>\n        <\/label>\n\n        <div class=\"gt-fse-lire-plus__content\"\n             style=\"height: 130px;\">\n\n            \n\n<p class=\"has-custom-color-1-color has-text-color\">Hou je meer van natuurwandelingen? Ga dan naar het bos van Camors, 20 km ten noorden van Auray. Het bos beslaat meer dan 650 hectare en er zijn verschillende wandel- en fietspaden. Elk pad leidt je op ontdekkingstocht naar verborgen schatten, zoals de ru\u00efnes van het Ch\u00e2teau de Comorre, de Fontaine Saint-Jean en de Menhir de l&#8217;Etoile.   <\/p>\n\n\n\n<p class=\"has-custom-color-1-color has-text-color\">Klaar om<strong> Morbihan in 3 dagen te bezoeken<\/strong>? Bekijk <a href=\"https:\/\/www.campingpointedutalud.com\/nl\/goedkoop-camping-ploemeur\/\" data-type=\"page\" data-id=\"12\">onze speciale aanbiedingen<\/a> voor een voordelige vakantie. Gelegen aan de Pointe du Talud, in Ploemeur, verwelkomt onze camping je in een uitzonderlijke omgeving voor een viersterrenvakantie in Bretagne. We heten je van harte welkom, zelfs voor slechts <strong>3 dagen in de Golf van Morbihan<\/strong>!   <\/p>\n\n\n            <div class=\"gt-fse-lire-plus__gradient\"\n                 style=\"background: linear-gradient(to bottom, rgba(255,255,255,0) 0%, rgba(255,255,255,1) 100%);\"><\/div>\n        <\/div>\n\n    <\/div>\n\n    <\/div>\n<\/div>\n<\/div>\n<\/div>\n\n<div class=\"wp-block-group section-maillage has-custom-color-3-background-color has-background has-global-padding is-layout-constrained wp-container-core-group-is-layout-20238047 wp-block-group-is-layout-constrained\" style=\"margin-top:0px;margin-bottom:0px;padding-top:8rem;padding-right:15rem;padding-bottom:8rem;padding-left:15rem\">\n<div class=\"wp-block-group texte-deco is-layout-flow wp-block-group-is-layout-flow\">\n<p class=\"has-text-align-center has-custom-color-1-color has-text-color has-link-color has-unbounded-font-family wp-elements-94cedcc43a8cb6045d6cbfbe09c94741\" style=\"font-size:clamp(2.499rem, 2.499rem + ((1vw - 0.2rem) * 3.652), 4.69rem);font-style:normal;font-weight:700;line-height:1\">Vakantie<\/p>\n\n\n\n<p class=\"has-text-align-center has-custom-color-1-color has-text-color has-link-color has-caveat-font-family wp-elements-cd84db3efec75be0e5f42d19d1345d9c\" style=\"margin-top:0px;margin-bottom:0px;font-size:clamp(3.159rem, 3.159rem + ((1vw - 0.2rem) * 5.252), 6.31rem);font-style:normal;font-weight:500;line-height:0.7\">actief en comfortabel<\/p>\n<\/div>\n\n\n\n<div data-wp-context=\"{}\" data-wp-interactive=\"core\/query\" data-wp-key=\"0\" data-wp-router-region=\"query-0\" class=\"wp-block-query alignwide gt-fse-maillage-query is-layout-flow wp-block-query-is-layout-flow\"><ul class=\"columns-3 wp-block-post-template is-layout-grid wp-container-core-post-template-is-layout-6d3fbd8f wp-block-post-template-is-layout-grid\"><li data-wp-key=\"post-template-item-8135\" class=\"wp-block-post post-8135 page type-page status-publish has-post-thumbnail hentry\">\n<a href=\"https:\/\/www.campingpointedutalud.com\/nl\/kampplaats-activiteiten-ploemeur\/\"    class=\"wp-block-tiptip-hyperlink-group-block\" >\n<figure class=\"wp-block-image size-full is-resized\"><img decoding=\"async\" width=\"367\" height=\"318\" src=\"https:\/\/www.campingpointedutalud.com\/wp-content\/uploads\/2025\/12\/grosse-fleur-jaune.svg\" alt=\"grote gele bloem\" class=\"wp-image-143\" style=\"object-fit:contain;width:50px;height:50px\"\/><\/figure>\n\n<figure class=\"wp-block-image has-custom-border gt-maillage__image\"><img decoding=\"async\" src=\"https:\/\/www.campingpointedutalud.com\/wp-content\/uploads\/2026\/03\/activites-animations-pointe-du-talud-tournoi-petanque.jpg\" alt=\"Petanque activiteiten La Pointe du Talud Flower\" style=\"border-style:none;border-width:0px;border-top-left-radius:10px;border-top-right-radius:10px;border-bottom-left-radius:10px;border-bottom-right-radius:10px\"\/><\/figure>\n\n<p class=\"has-text-align-center has-custom-color-1-color has-text-color has-link-color has-unbounded-font-family wp-elements-6527d65a79d544105f2c7aa114e49b0c\" style=\"font-size:clamp(1.25rem, 1.25rem + ((1vw - 0.2rem) * 1.25), 2rem);line-height:1.1\">Activiteiten<\/p>\n<\/a>\n<\/li><li data-wp-key=\"post-template-item-8264\" class=\"wp-block-post post-8264 page type-page status-publish has-post-thumbnail hentry\">\n<a href=\"https:\/\/www.campingpointedutalud.com\/nl\/toerisme-morbihan-zuid-bretagne\/top-10-des-activiteiten-kampplaats-pointe-du-talud\/\"    class=\"wp-block-tiptip-hyperlink-group-block\" >\n<figure class=\"wp-block-image size-full is-resized\"><img decoding=\"async\" width=\"367\" height=\"318\" src=\"https:\/\/www.campingpointedutalud.com\/wp-content\/uploads\/2025\/12\/grosse-fleur-jaune.svg\" alt=\"grote gele bloem\" class=\"wp-image-143\" style=\"object-fit:contain;width:50px;height:50px\"\/><\/figure>\n\n<figure class=\"wp-block-image has-custom-border gt-maillage__image\"><img decoding=\"async\" src=\"https:\/\/www.campingpointedutalud.com\/wp-content\/uploads\/2026\/03\/port-lorient-cite-de-la-voile-activites-famille.jpg\" alt=\"port lorient cit\u00e9 de la voile gezinsactiviteiten\" style=\"border-style:none;border-width:0px;border-top-left-radius:10px;border-top-right-radius:10px;border-bottom-left-radius:10px;border-bottom-right-radius:10px\"\/><\/figure>\n\n<p class=\"has-text-align-center has-custom-color-1-color has-text-color has-link-color has-unbounded-font-family wp-elements-6527d65a79d544105f2c7aa114e49b0c\" style=\"font-size:clamp(1.25rem, 1.25rem + ((1vw - 0.2rem) * 1.25), 2rem);line-height:1.1\">Top 10 activiteiten<\/p>\n<\/a>\n<\/li><li data-wp-key=\"post-template-item-8127\" class=\"wp-block-post post-8127 page type-page status-publish has-post-thumbnail hentry\">\n<a href=\"https:\/\/www.campingpointedutalud.com\/nl\/verhuur-stacaravan-ploemeur\/\"    class=\"wp-block-tiptip-hyperlink-group-block\" >\n<figure class=\"wp-block-image size-full is-resized\"><img decoding=\"async\" width=\"367\" height=\"318\" src=\"https:\/\/www.campingpointedutalud.com\/wp-content\/uploads\/2025\/12\/grosse-fleur-jaune.svg\" alt=\"grote gele bloem\" class=\"wp-image-143\" style=\"object-fit:contain;width:50px;height:50px\"\/><\/figure>\n\n<figure class=\"wp-block-image has-custom-border gt-maillage__image\"><img decoding=\"async\" src=\"https:\/\/www.campingpointedutalud.com\/wp-content\/uploads\/2026\/03\/Pointe-du-Talud-mobilhome-terrasse-bois-nature.jpg\" alt=\"La Pointe du Talud mobilhome terras hout natuur\" style=\"border-style:none;border-width:0px;border-top-left-radius:10px;border-top-right-radius:10px;border-bottom-left-radius:10px;border-bottom-right-radius:10px\"\/><\/figure>\n\n<p class=\"has-text-align-center has-custom-color-1-color has-text-color has-link-color has-unbounded-font-family wp-elements-6527d65a79d544105f2c7aa114e49b0c\" style=\"font-size:clamp(1.25rem, 1.25rem + ((1vw - 0.2rem) * 1.25), 2rem);line-height:1.1\">Onze huuraccommodaties<\/p>\n<\/a>\n<\/li><\/ul><\/div>\n<\/div>\n","protected":false},"excerpt":{"rendered":"<p>Een wereld aan de zijkant Bezoek Morbihan in 3 dagen Op zoek naar een uitje aan zee? Wat dacht je van een 3-daags bezoek aan Morbihan? Deze regio in het zuiden van Bretagne is rijk aan gevarieerde landschappen, historische plaatsen en aangename wandelpaden. Om er zeker van te zijn dat je niets mist tijdens je [&hellip;]<\/p>\n","protected":false},"author":1,"featured_media":8242,"parent":8358,"menu_order":0,"comment_status":"closed","ping_status":"closed","template":"","meta":{"_seopress_robots_primary_cat":"","_seopress_titles_title":"Bezoek Morbihan in 3 dagen | La Pointe du Talud ****","_seopress_titles_desc":"Ontsnap naar Bretagne! Ontdek Morbihan in 3 dagen: natuur, geschiedenis en adembenemende landschappen wachten op je. ","_seopress_robots_index":"","inline_featured_image":false,"gt_fse_maillage_image":"https:\/\/www.campingpointedutalud.com\/wp-content\/uploads\/2026\/03\/Morbihan-iles-pointe-du-talud-ile-de-groix.jpg","gt_fse_maillage_titre":"Morbihan","gt_fse_maillage_alt":"Morbihan Bretagne","gt_fse_maillage_resume":"","footnotes":""},"categories":[],"tags":[],"class_list":["post-8240","page","type-page","status-publish","has-post-thumbnail","hentry"],"publishpress_future_action":{"enabled":false,"date":"2026-05-15 14:51:34","action":"change-status","newStatus":"draft","terms":[],"taxonomy":"category","extraData":[]},"publishpress_future_workflow_manual_trigger":{"enabledWorkflows":[]},"_links":{"self":[{"href":"https:\/\/www.campingpointedutalud.com\/nl\/wp-json\/wp\/v2\/pages\/8240","targetHints":{"allow":["GET"]}}],"collection":[{"href":"https:\/\/www.campingpointedutalud.com\/nl\/wp-json\/wp\/v2\/pages"}],"about":[{"href":"https:\/\/www.campingpointedutalud.com\/nl\/wp-json\/wp\/v2\/types\/page"}],"author":[{"embeddable":true,"href":"https:\/\/www.campingpointedutalud.com\/nl\/wp-json\/wp\/v2\/users\/1"}],"replies":[{"embeddable":true,"href":"https:\/\/www.campingpointedutalud.com\/nl\/wp-json\/wp\/v2\/comments?post=8240"}],"version-history":[{"count":6,"href":"https:\/\/www.campingpointedutalud.com\/nl\/wp-json\/wp\/v2\/pages\/8240\/revisions"}],"predecessor-version":[{"id":8928,"href":"https:\/\/www.campingpointedutalud.com\/nl\/wp-json\/wp\/v2\/pages\/8240\/revisions\/8928"}],"up":[{"embeddable":true,"href":"https:\/\/www.campingpointedutalud.com\/nl\/wp-json\/wp\/v2\/pages\/8358"}],"wp:featuredmedia":[{"embeddable":true,"href":"https:\/\/www.campingpointedutalud.com\/nl\/wp-json\/wp\/v2\/media\/8242"}],"wp:attachment":[{"href":"https:\/\/www.campingpointedutalud.com\/nl\/wp-json\/wp\/v2\/media?parent=8240"}],"wp:term":[{"taxonomy":"category","embeddable":true,"href":"https:\/\/www.campingpointedutalud.com\/nl\/wp-json\/wp\/v2\/categories?post=8240"},{"taxonomy":"post_tag","embeddable":true,"href":"https:\/\/www.campingpointedutalud.com\/nl\/wp-json\/wp\/v2\/tags?post=8240"}],"curies":[{"name":"wp","href":"https:\/\/api.w.org\/{rel}","templated":true}]}}