{"id":8182,"date":"2026-03-11T10:50:00","date_gmt":"2026-03-11T09:50:00","guid":{"rendered":"https:\/\/www.campingpointedutalud.com\/camping-lorient\/"},"modified":"2026-03-23T08:23:24","modified_gmt":"2026-03-23T07:23:24","slug":"kampplaats-lorient","status":"publish","type":"page","link":"https:\/\/www.campingpointedutalud.com\/nl\/toerisme-morbihan-zuid-bretagne\/kampplaats-lorient\/","title":{"rendered":"Lorient"},"content":{"rendered":"\n<div class=\"wp-block-group section-6 has-custom-color-3-background-color has-background has-global-padding is-layout-constrained wp-container-core-group-is-layout-20238047 wp-block-group-is-layout-constrained\" style=\"margin-top:0px;margin-bottom:0px;padding-top:8rem;padding-right:15rem;padding-bottom:8rem;padding-left:15rem\">\n<div class=\"wp-block-group gt-reverse-mobile is-nowrap is-layout-flex wp-container-core-group-is-layout-90b6bdf5 wp-block-group-is-layout-flex\">\n<div class=\"wp-block-group has-global-padding is-layout-constrained wp-container-core-group-is-layout-7c250ea7 wp-block-group-is-layout-constrained\" style=\"margin-top:0px;margin-bottom:0px;padding-top:0;padding-right:0px;padding-bottom:0;padding-left:0px\">\n<figure class=\"wp-block-image size-large icon-pagination-active\"><img decoding=\"async\" width=\"21\" height=\"18\" src=\"https:\/\/www.campingpointedutalud.com\/wp-content\/uploads\/2025\/12\/icon-fleur-jaune-pagination.svg\" alt=\"pictogram gele bloem paginering\" class=\"wp-image-135\"\/><\/figure>\n\n\n\n<div class=\"wp-block-group arrow-slider-prev has-border-color has-global-padding is-layout-constrained wp-container-core-group-is-layout-97a11e02 wp-block-group-is-layout-constrained\" style=\"border-color:#ffffff;border-width:1px;border-top-left-radius:100px;border-bottom-left-radius:100px;margin-top:0px;margin-bottom:0px;padding-top:20px;padding-right:10px;padding-bottom:20px;padding-left:10px\">\n<figure class=\"wp-block-image size-large\"><img decoding=\"async\" width=\"41\" height=\"10\" src=\"https:\/\/www.campingpointedutalud.com\/wp-content\/uploads\/2025\/12\/arrow-slider-prev-blanc.svg\" alt=\"pijl schuifregelaar voor wit\" class=\"wp-image-117\"\/><\/figure>\n<\/div>\n\n\n\n<div class=\"wp-block-group arrow-slider-next has-border-color has-global-padding is-layout-constrained wp-container-core-group-is-layout-97a11e02 wp-block-group-is-layout-constrained\" style=\"border-color:#ffffff;border-width:1px;border-top-right-radius:100px;border-bottom-right-radius:100px;margin-top:0px;margin-bottom:0px;padding-top:20px;padding-right:10px;padding-bottom:20px;padding-left:10px\">\n<figure class=\"wp-block-image size-large\"><img decoding=\"async\" width=\"41\" height=\"10\" src=\"https:\/\/www.campingpointedutalud.com\/wp-content\/uploads\/2025\/12\/arrow-slider-next-blanc.svg\" alt=\"pijl schuifbalk volgende wit\" class=\"wp-image-119\"\/><\/figure>\n<\/div>\n\n\n\n<div data-swiper=\"{&quot;speed&quot;:400,&quot;spaceBetween&quot;:0,&quot;slidesPerView&quot;:1,&quot;createElements&quot;:true,&quot;loop&quot;:true,&quot;freemode&quot;:true,&quot;navigation&quot;:{&quot;nextEl&quot;:&quot;.section-6 .arrow-slider-next&quot;,&quot;prevEl&quot;:&quot;.section-6 .arrow-slider-prev&quot;},&quot;pagination&quot;:{&quot;el&quot;:&quot;.swiper-pagination&quot;,&quot;dynamicBullets&quot;:true},&quot;breakpoints&quot;:[{&quot;slidesPerView&quot;:1}],&quot;autoplay&quot;:true}\" class=\"wp-block-group gt-is-slider gt-is-slider-desktop has-global-padding is-layout-constrained wp-container-core-group-is-layout-162f2a30 wp-block-group-is-layout-constrained\" style=\"margin-top:0px;margin-bottom:0px\">\n<div class=\"wp-block-group has-global-padding is-layout-constrained wp-container-core-group-is-layout-d6554d75 wp-block-group-is-layout-constrained\" style=\"margin-top:0px;margin-bottom:0px\">\n<div class=\"wp-block-cover is-light\" style=\"border-top-left-radius:10px;border-top-right-radius:10px;border-bottom-left-radius:10px;border-bottom-right-radius:10px\"><img decoding=\"async\" width=\"2000\" height=\"1333\" class=\"wp-block-cover__image-background wp-image-7370 size-full\" alt=\"Lorient port bretagne bateau\" src=\"https:\/\/www.campingpointedutalud.com\/wp-content\/uploads\/2026\/03\/Lorient-port-bretagne-bateau.jpg\" data-object-fit=\"cover\" srcset=\"https:\/\/www.campingpointedutalud.com\/wp-content\/uploads\/2026\/03\/Lorient-port-bretagne-bateau.jpg 2000w, https:\/\/www.campingpointedutalud.com\/wp-content\/uploads\/2026\/03\/Lorient-port-bretagne-bateau-300x200.jpg 300w, https:\/\/www.campingpointedutalud.com\/wp-content\/uploads\/2026\/03\/Lorient-port-bretagne-bateau-1024x682.jpg 1024w, https:\/\/www.campingpointedutalud.com\/wp-content\/uploads\/2026\/03\/Lorient-port-bretagne-bateau-768x512.jpg 768w, https:\/\/www.campingpointedutalud.com\/wp-content\/uploads\/2026\/03\/Lorient-port-bretagne-bateau-1536x1024.jpg 1536w\" sizes=\"(max-width: 2000px) 100vw, 2000px\" \/><span aria-hidden=\"true\" class=\"wp-block-cover__background has-background-dim-0 has-background-dim\"><\/span><div class=\"wp-block-cover__inner-container has-global-padding is-layout-constrained wp-block-cover-is-layout-constrained\">\n<p class=\"has-text-align-center has-large-font-size\"><\/p>\n<\/div><\/div>\n<\/div>\n\n\n\n<div class=\"wp-block-group has-global-padding is-layout-constrained wp-container-core-group-is-layout-d6554d75 wp-block-group-is-layout-constrained\" style=\"margin-top:0px;margin-bottom:0px\">\n<div class=\"wp-block-cover is-light\" style=\"border-top-left-radius:10px;border-top-right-radius:10px;border-bottom-left-radius:10px;border-bottom-right-radius:10px\"><img decoding=\"async\" width=\"2000\" height=\"1333\" class=\"wp-block-cover__image-background wp-image-7369 size-full\" alt=\"lorient muse\u0301e cite\u0301 maritime\" src=\"https:\/\/www.campingpointedutalud.com\/wp-content\/uploads\/2026\/03\/lorient-musee-cite-maritime.jpg\" data-object-fit=\"cover\" srcset=\"https:\/\/www.campingpointedutalud.com\/wp-content\/uploads\/2026\/03\/lorient-musee-cite-maritime.jpg 2000w, https:\/\/www.campingpointedutalud.com\/wp-content\/uploads\/2026\/03\/lorient-musee-cite-maritime-300x200.jpg 300w, https:\/\/www.campingpointedutalud.com\/wp-content\/uploads\/2026\/03\/lorient-musee-cite-maritime-1024x682.jpg 1024w, https:\/\/www.campingpointedutalud.com\/wp-content\/uploads\/2026\/03\/lorient-musee-cite-maritime-768x512.jpg 768w, https:\/\/www.campingpointedutalud.com\/wp-content\/uploads\/2026\/03\/lorient-musee-cite-maritime-1536x1024.jpg 1536w\" sizes=\"(max-width: 2000px) 100vw, 2000px\" \/><span aria-hidden=\"true\" class=\"wp-block-cover__background has-background-dim-0 has-background-dim\"><\/span><div class=\"wp-block-cover__inner-container has-global-padding is-layout-constrained wp-block-cover-is-layout-constrained\">\n<p class=\"has-text-align-center has-large-font-size\"><\/p>\n<\/div><\/div>\n<\/div>\n<\/div>\n<\/div>\n\n\n\n<div class=\"wp-block-group gt-reverse-mobile is-vertical is-layout-flex wp-container-core-group-is-layout-7857e36c wp-block-group-is-layout-flex\" style=\"padding-right:0px;padding-left:0px\">\n<div class=\"wp-block-group texte-deco has-global-padding is-layout-constrained wp-container-core-group-is-layout-07b29094 wp-block-group-is-layout-constrained\" style=\"margin-top:0px;margin-bottom:0px;padding-right:0px;padding-left:0px\">\n<p class=\"has-custom-color-1-color has-text-color has-link-color has-unbounded-font-family wp-elements-55d712f11938f0b729fdf3c309b1c6c7\" style=\"font-size:clamp(2.499rem, 2.499rem + ((1vw - 0.2rem) * 3.652), 4.69rem);font-style:normal;font-weight:700;line-height:1\">De Keltische ziel<\/p>\n\n\n\n<p class=\"has-custom-color-1-color has-text-color has-link-color has-caveat-font-family wp-elements-4970be0b3b228adc106a9b87280eb06a\" style=\"margin-top:0px;margin-bottom:0px;font-size:clamp(3.159rem, 3.159rem + ((1vw - 0.2rem) * 5.252), 6.31rem);font-style:normal;font-weight:500;line-height:0.7\">Brittany<\/p>\n<\/div>\n\n\n\n<div class=\"wp-block-group content has-base-2-background-color has-background has-global-padding is-layout-constrained wp-container-core-group-is-layout-69f271cb wp-block-group-is-layout-constrained\" style=\"border-top-left-radius:10px;border-top-right-radius:10px;border-bottom-left-radius:10px;border-bottom-right-radius:10px;margin-top:0px;margin-bottom:0px;padding-top:40px;padding-right:40px;padding-bottom:40px;padding-left:40px\">\n<h1 class=\"wp-block-heading has-custom-color-1-color has-text-color has-link-color wp-elements-9c4fd0ab30883c6346fc0e6c6b9c7b58\">Camping dichtbij Lorient<\/h1>\n\n\n\n<p class=\"has-custom-color-1-color has-text-color\"><a href=\"https:\/\/www.campingpointedutalud.com\/nl\/\" data-type=\"page\" data-id=\"5\">Camping La Pointe du Talud in Morbihan<\/a> is perfect gelegen <strong>in het hart van Zuid-Bretagne<\/strong>, vlakbij Lorient en Ploemeur. Ontdek een zeer gastvrije camping tussen land en zee en profiteer van de vele activiteiten die je met z&#8217;n twee\u00ebn, met vrienden of met het gezin kunt doen in Lorient en omgeving. Breng een verrijkende vakantie door in een idyllische omgeving waar het platteland in symbiose is met <a href=\"https:\/\/www.campingpointedutalud.com\/nl\/kampplaats-aan-de-kust-ploemeur\/\" data-type=\"page\" data-id=\"6643\">de kust<\/a> op Camping de la Pointe du Talud.   <\/p>\n<\/div>\n<\/div>\n<\/div>\n<\/div>\n\n<div class=\"wp-block-group section-4 has-global-padding is-layout-constrained wp-container-core-group-is-layout-07b29094 wp-block-group-is-layout-constrained\" style=\"margin-top:0px;margin-bottom:0px;padding-right:0px;padding-left:0px\">\n<div class=\"wp-block-group banner has-global-padding is-layout-constrained wp-container-core-group-is-layout-07b29094 wp-block-group-is-layout-constrained\" style=\"margin-top:0px;margin-bottom:0px;padding-right:0px;padding-left:0px\">\n<div class=\"wp-block-cover\" style=\"margin-top:0px;margin-bottom:0px;padding-top:0px;padding-right:0px;padding-bottom:0px;padding-left:0px;min-height:90vh;aspect-ratio:unset;\"><img decoding=\"async\" width=\"2000\" height=\"1334\" class=\"wp-block-cover__image-background wp-image-7368 size-full\" alt=\"Lorient bateau bretagne morbihan ville\" src=\"https:\/\/www.campingpointedutalud.com\/wp-content\/uploads\/2026\/03\/Lorient-bateau-bretagne-morbihan-ville.jpg\" data-object-fit=\"cover\" srcset=\"https:\/\/www.campingpointedutalud.com\/wp-content\/uploads\/2026\/03\/Lorient-bateau-bretagne-morbihan-ville.jpg 2000w, https:\/\/www.campingpointedutalud.com\/wp-content\/uploads\/2026\/03\/Lorient-bateau-bretagne-morbihan-ville-300x200.jpg 300w, https:\/\/www.campingpointedutalud.com\/wp-content\/uploads\/2026\/03\/Lorient-bateau-bretagne-morbihan-ville-1024x683.jpg 1024w, https:\/\/www.campingpointedutalud.com\/wp-content\/uploads\/2026\/03\/Lorient-bateau-bretagne-morbihan-ville-768x512.jpg 768w, https:\/\/www.campingpointedutalud.com\/wp-content\/uploads\/2026\/03\/Lorient-bateau-bretagne-morbihan-ville-1536x1025.jpg 1536w\" sizes=\"(max-width: 2000px) 100vw, 2000px\" \/><span aria-hidden=\"true\" class=\"wp-block-cover__background has-background-dim-100 has-background-dim wp-block-cover__gradient-background has-background-gradient\" style=\"background:linear-gradient(0deg,rgb(6,54,122) 0%,rgba(255,255,255,0) 30%)\"><\/span><div class=\"wp-block-cover__inner-container has-global-padding is-layout-constrained wp-container-core-cover-is-layout-8b154107 wp-block-cover-is-layout-constrained\">\n<p class=\"has-text-align-center has-large-font-size\"><\/p>\n<\/div><\/div>\n<\/div>\n\n\n\n<div class=\"wp-block-group content has-custom-color-1-background-color has-background has-global-padding is-layout-constrained wp-container-core-group-is-layout-d4ecddba wp-block-group-is-layout-constrained\" style=\"margin-top:0px;margin-bottom:0px;padding-top:6rem;padding-right:15rem;padding-bottom:6rem;padding-left:15rem\">\n<h2 class=\"wp-block-heading has-custom-color-2-color has-text-color has-link-color wp-elements-13220b74d36367bdcbfab47fd2c7ead4\">Lorient, een stad die naar de zee gekeerd is.<\/h2>\n\n\n\n<p class=\"has-base-2-color has-text-color has-link-color wp-elements-30ebe239666ea03f7f8fd9c1fe307339\">Lorient is een stad vol geschiedenis, die tijdens de Tweede Wereldoorlog volledig werd verwoest. De stad werd in 20 jaar volledig herbouwd volgens het plan van voor de oorlog en is een van de weinige herbouwde steden die het <strong>label &#8220;Pays et Villes d&#8217;art et d&#8217;histoire&#8221;<\/strong> heeft gekregen. De stad heeft 4 gebouwen die beschermd worden door de wet op de historische monumenten, waaronder \u00e9\u00e9n dat geclassificeerd is als historisch monument: de twee paviljoens van het H\u00f4tel Gabriel.  <\/p>\n\n\n\n<p class=\"has-base-2-color has-text-color has-link-color wp-elements-25e12e97ebdc5c5bc7fa3e3cf46d4d81\">Het eerste schip werd in 1667 gebouwd door de Compagnie des Indes. Vandaag de dag heeft Lorient 6 havens: een vissershaven (de 2e grootste van Frankrijk), een jachthaven, een militaire haven, een commerci\u00eble haven en een passagiershaven, en niet te vergeten de voormalige onderzee\u00ebrbasis waar nu een offshore racecentrum is gevestigd. <\/p>\n<\/div>\n<\/div>\n\n<div class=\"wp-block-group section-simple has-global-padding is-layout-constrained wp-container-core-group-is-layout-e8882e7b wp-block-group-is-layout-constrained\" style=\"margin-top:0px;margin-bottom:0px;padding-top:8rem;padding-right:15rem;padding-bottom:8rem;padding-left:15rem\">\n<div class=\"wp-block-columns are-vertically-aligned-top is-layout-flex wp-container-core-columns-is-layout-28f84493 wp-block-columns-is-layout-flex\">\n<div class=\"wp-block-column is-vertically-aligned-top is-layout-flow wp-block-column-is-layout-flow\">\n<div class=\"wp-block-group has-custom-color-3-background-color has-background has-global-padding is-layout-constrained wp-container-core-group-is-layout-3dcc9c70 wp-block-group-is-layout-constrained\" style=\"border-top-left-radius:10px;border-top-right-radius:10px;border-bottom-left-radius:10px;border-bottom-right-radius:10px;padding-top:40px;padding-right:40px;padding-bottom:40px;padding-left:40px\">\n<h2 class=\"wp-block-heading has-custom-color-1-color has-text-color has-link-color wp-elements-0f71db14df0d6c2c40a370ab6037d9cf\">Activiteiten die u niet mag missen in de buurt van Lorient en Camping de la Pointe du Talud<\/h2>\n\n\n\n    <div id=\"gt-fse-lire-plus-1\"\n         class=\"gt-fse-lire-plus\"\n         data-min-height=\"130\"\n         style=\"background-color: #e2e6ec;\">\n\n        <input id=\"gt-fse-lire-plus-1-toggle\"\n               type=\"checkbox\"\n               class=\"gt-fse-lire-plus__toggle\" \/>\n\n        <label for=\"gt-fse-lire-plus-1-toggle\"\n               class=\"gt-fse-lire-plus__toggle-label\">\n            <span>Meer lezen<\/span>\n            <span>Minder lezen<\/span>\n        <\/label>\n\n        <div class=\"gt-fse-lire-plus__content\"\n             style=\"height: 130px;\">\n\n            \n\n<p class=\"has-custom-color-1-color has-text-color\">Lorient is een stad die erg <strong>gericht is op watersport<\/strong>. Op 20 minuten van camping La Pointe du Talud liggen <strong>talloze watersportcentra<\/strong>: zeilen, kajakken en duiken. Het is een geweldige plek om deze sporten te beoefenen. Natuur- en\/of geschiedenisliefhebbers kunnen hun hart ophalen. Lorient staat ook bekend om zijn <strong>Interceltic Festival<\/strong>, dat elk jaar in augustus plaatsvindt, <strong>op 15 minuten van de camping<\/strong>, en een leuke manier is om <strong>de Bretonse en Keltische cultuur te ontdekken<\/strong>.    <\/p>\n\n\n\n<p class=\"has-custom-color-1-color has-text-color\">Laat je meeslepen door de ontdekkingen die je in Lorient en omgeving zult doen terwijl je je ontspant op Camping de la Pointe du Talud en aarzel niet om alle toeristische bestemmingen in Zuid-Bretagne te ontdekken.<\/p>\n\n\n            <div class=\"gt-fse-lire-plus__gradient\"\n                 style=\"background: linear-gradient(to bottom, rgba(226,230,236,0) 0%, rgba(226,230,236,1) 100%);\"><\/div>\n        <\/div>\n\n    <\/div>\n\n    <\/div>\n<\/div>\n\n\n\n<div class=\"wp-block-column is-vertically-aligned-top is-layout-flow wp-block-column-is-layout-flow\">\n<figure class=\"wp-block-image size-full has-custom-border\"><img decoding=\"async\" width=\"1334\" height=\"2000\" src=\"https:\/\/www.campingpointedutalud.com\/wp-content\/uploads\/2026\/03\/lorient-festival-interceltique_1.jpg\" alt=\"lorient interkeltisch festival\" class=\"wp-image-7371\" style=\"border-top-left-radius:10px;border-top-right-radius:10px;border-bottom-left-radius:10px;border-bottom-right-radius:10px;aspect-ratio:16\/9;object-fit:cover\" srcset=\"https:\/\/www.campingpointedutalud.com\/wp-content\/uploads\/2026\/03\/lorient-festival-interceltique_1.jpg 1334w, https:\/\/www.campingpointedutalud.com\/wp-content\/uploads\/2026\/03\/lorient-festival-interceltique_1-200x300.jpg 200w, https:\/\/www.campingpointedutalud.com\/wp-content\/uploads\/2026\/03\/lorient-festival-interceltique_1-683x1024.jpg 683w, https:\/\/www.campingpointedutalud.com\/wp-content\/uploads\/2026\/03\/lorient-festival-interceltique_1-768x1151.jpg 768w, https:\/\/www.campingpointedutalud.com\/wp-content\/uploads\/2026\/03\/lorient-festival-interceltique_1-1025x1536.jpg 1025w\" sizes=\"(max-width: 1334px) 100vw, 1334px\" \/><\/figure>\n<\/div>\n<\/div>\n<\/div>\n\n<div class=\"wp-block-group section-maillage has-custom-color-3-background-color has-background has-global-padding is-layout-constrained wp-container-core-group-is-layout-20238047 wp-block-group-is-layout-constrained\" style=\"margin-top:0px;margin-bottom:0px;padding-top:8rem;padding-right:15rem;padding-bottom:8rem;padding-left:15rem\">\n<div class=\"wp-block-group texte-deco is-layout-flow wp-block-group-is-layout-flow\">\n<p class=\"has-text-align-center has-custom-color-1-color has-text-color has-link-color has-unbounded-font-family wp-elements-f7f8d76d6814e4dcadaac68758a71dad\" style=\"font-size:clamp(2.499rem, 2.499rem + ((1vw - 0.2rem) * 3.652), 4.69rem);font-style:normal;font-weight:700;line-height:1\">Je uitje<\/p>\n\n\n\n<p class=\"has-text-align-center has-custom-color-1-color has-text-color has-link-color has-caveat-font-family wp-elements-dbadc55b2c1218b19bbd018ba4ff1abc\" style=\"margin-top:0px;margin-bottom:0px;font-size:clamp(3.159rem, 3.159rem + ((1vw - 0.2rem) * 5.252), 6.31rem);font-style:normal;font-weight:500;line-height:0.7\">begint hier<\/p>\n<\/div>\n\n\n\n<div data-wp-context=\"{}\" data-wp-interactive=\"core\/query\" data-wp-key=\"0\" data-wp-router-region=\"query-0\" class=\"wp-block-query alignwide gt-fse-maillage-query is-layout-flow wp-block-query-is-layout-flow\"><ul class=\"columns-3 wp-block-post-template is-layout-grid wp-container-core-post-template-is-layout-6d3fbd8f wp-block-post-template-is-layout-grid\"><li data-wp-key=\"post-template-item-8218\" class=\"wp-block-post post-8218 page type-page status-publish has-post-thumbnail hentry\">\n<a href=\"https:\/\/www.campingpointedutalud.com\/nl\/toerisme-morbihan-zuid-bretagne\/kampplaats-watersportactiviteiten\/\"    class=\"wp-block-tiptip-hyperlink-group-block\" >\n<figure class=\"wp-block-image size-full is-resized\"><img decoding=\"async\" width=\"367\" height=\"318\" src=\"https:\/\/www.campingpointedutalud.com\/wp-content\/uploads\/2025\/12\/grosse-fleur-jaune.svg\" alt=\"grote gele bloem\" class=\"wp-image-143\" style=\"object-fit:contain;width:50px;height:50px\"\/><\/figure>\n\n<figure class=\"wp-block-image has-custom-border gt-maillage__image\"><img decoding=\"async\" src=\"https:\/\/www.campingpointedutalud.com\/wp-content\/uploads\/2026\/03\/surf-bretagne-ploemeur-activites-nautiques.jpg\" alt=\"surf bretagne ploemeur nautische activiteiten\" style=\"border-style:none;border-width:0px;border-top-left-radius:10px;border-top-right-radius:10px;border-bottom-left-radius:10px;border-bottom-right-radius:10px\"\/><\/figure>\n\n<p class=\"has-text-align-center has-custom-color-1-color has-text-color has-link-color has-unbounded-font-family wp-elements-6527d65a79d544105f2c7aa114e49b0c\" style=\"font-size:clamp(1.25rem, 1.25rem + ((1vw - 0.2rem) * 1.25), 2rem);line-height:1.1\">Nautische activiteiten<\/p>\n<\/a>\n<\/li><li data-wp-key=\"post-template-item-8093\" class=\"wp-block-post post-8093 page type-page status-publish has-post-thumbnail hentry\">\n<a href=\"https:\/\/www.campingpointedutalud.com\/nl\/verhuur-staanplaats-ploemeur\/\"    class=\"wp-block-tiptip-hyperlink-group-block\" >\n<figure class=\"wp-block-image size-full is-resized\"><img decoding=\"async\" width=\"367\" height=\"318\" src=\"https:\/\/www.campingpointedutalud.com\/wp-content\/uploads\/2025\/12\/grosse-fleur-jaune.svg\" alt=\"grote gele bloem\" class=\"wp-image-143\" style=\"object-fit:contain;width:50px;height:50px\"\/><\/figure>\n\n<figure class=\"wp-block-image has-custom-border gt-maillage__image\"><img decoding=\"async\" src=\"https:\/\/www.campingpointedutalud.com\/wp-content\/uploads\/2026\/03\/Pointe-du-talud-emplacement-caravane-bretagne.jpeg\" alt=\"La Pointe du Talud camperplaats Bretagne\" style=\"border-style:none;border-width:0px;border-top-left-radius:10px;border-top-right-radius:10px;border-bottom-left-radius:10px;border-bottom-right-radius:10px\"\/><\/figure>\n\n<p class=\"has-text-align-center has-custom-color-1-color has-text-color has-link-color has-unbounded-font-family wp-elements-6527d65a79d544105f2c7aa114e49b0c\" style=\"font-size:clamp(1.25rem, 1.25rem + ((1vw - 0.2rem) * 1.25), 2rem);line-height:1.1\">Onze staanplaatsen<\/p>\n<\/a>\n<\/li><li data-wp-key=\"post-template-item-8046\" class=\"wp-block-post post-8046 page type-page status-publish has-post-thumbnail hentry\">\n<a href=\"https:\/\/www.campingpointedutalud.com\/nl\/contact-toegang-kampplaats-pointe-du-talud\/\"    class=\"wp-block-tiptip-hyperlink-group-block\" >\n<figure class=\"wp-block-image size-full is-resized\"><img decoding=\"async\" width=\"367\" height=\"318\" src=\"https:\/\/www.campingpointedutalud.com\/wp-content\/uploads\/2025\/12\/grosse-fleur-jaune.svg\" alt=\"grote gele bloem\" class=\"wp-image-143\" style=\"object-fit:contain;width:50px;height:50px\"\/><\/figure>\n\n<figure class=\"wp-block-image has-custom-border gt-maillage__image\"><img decoding=\"async\" src=\"https:\/\/www.campingpointedutalud.com\/wp-content\/uploads\/2026\/03\/Pointe-du-Talud-vue-du-ciel-aire-de-jeux-terrain.jpg\" alt=\"La Pointe du Talud uitzicht op het luchtspeelveld\" style=\"border-style:none;border-width:0px;border-top-left-radius:10px;border-top-right-radius:10px;border-bottom-left-radius:10px;border-bottom-right-radius:10px\"\/><\/figure>\n\n<p class=\"has-text-align-center has-custom-color-1-color has-text-color has-link-color has-unbounded-font-family wp-elements-6527d65a79d544105f2c7aa114e49b0c\" style=\"font-size:clamp(1.25rem, 1.25rem + ((1vw - 0.2rem) * 1.25), 2rem);line-height:1.1\">Contact en toegang<\/p>\n<\/a>\n<\/li><\/ul><\/div>\n<\/div>\n","protected":false},"excerpt":{"rendered":"<p>De Keltische ziel Brittany Camping dichtbij Lorient Camping La Pointe du Talud in Morbihan is perfect gelegen in het hart van Zuid-Bretagne, vlakbij Lorient en Ploemeur. Ontdek een zeer gastvrije camping tussen land en zee en profiteer van de vele activiteiten die je met z&#8217;n twee\u00ebn, met vrienden of met het gezin kunt doen in [&hellip;]<\/p>\n","protected":false},"author":1,"featured_media":8185,"parent":8358,"menu_order":0,"comment_status":"closed","ping_status":"closed","template":"","meta":{"_seopress_robots_primary_cat":"","_seopress_titles_title":"Camping Lorient (56) Verhuur Stacaravan, Zuid-Bretagne","_seopress_titles_desc":"Geniet van een idyllische omgeving tussen land en zee in de buurt van Lorient, in het hart van Zuid-Bretagne. Watersporten en Bretonse cultuur wachten op je. ","_seopress_robots_index":"","inline_featured_image":false,"gt_fse_maillage_image":"https:\/\/www.campingpointedutalud.com\/wp-content\/uploads\/2026\/03\/Lorient-bateau-bretagne-morbihan-ville.jpg","gt_fse_maillage_titre":"Lorient","gt_fse_maillage_alt":"Lorient boot bretagne morbihan stad","gt_fse_maillage_resume":"","footnotes":""},"categories":[],"tags":[],"class_list":["post-8182","page","type-page","status-publish","has-post-thumbnail","hentry"],"publishpress_future_action":{"enabled":false,"date":"2026-05-15 14:51:33","action":"change-status","newStatus":"draft","terms":[],"taxonomy":"category","extraData":[]},"publishpress_future_workflow_manual_trigger":{"enabledWorkflows":[]},"_links":{"self":[{"href":"https:\/\/www.campingpointedutalud.com\/nl\/wp-json\/wp\/v2\/pages\/8182","targetHints":{"allow":["GET"]}}],"collection":[{"href":"https:\/\/www.campingpointedutalud.com\/nl\/wp-json\/wp\/v2\/pages"}],"about":[{"href":"https:\/\/www.campingpointedutalud.com\/nl\/wp-json\/wp\/v2\/types\/page"}],"author":[{"embeddable":true,"href":"https:\/\/www.campingpointedutalud.com\/nl\/wp-json\/wp\/v2\/users\/1"}],"replies":[{"embeddable":true,"href":"https:\/\/www.campingpointedutalud.com\/nl\/wp-json\/wp\/v2\/comments?post=8182"}],"version-history":[{"count":6,"href":"https:\/\/www.campingpointedutalud.com\/nl\/wp-json\/wp\/v2\/pages\/8182\/revisions"}],"predecessor-version":[{"id":8969,"href":"https:\/\/www.campingpointedutalud.com\/nl\/wp-json\/wp\/v2\/pages\/8182\/revisions\/8969"}],"up":[{"embeddable":true,"href":"https:\/\/www.campingpointedutalud.com\/nl\/wp-json\/wp\/v2\/pages\/8358"}],"wp:featuredmedia":[{"embeddable":true,"href":"https:\/\/www.campingpointedutalud.com\/nl\/wp-json\/wp\/v2\/media\/8185"}],"wp:attachment":[{"href":"https:\/\/www.campingpointedutalud.com\/nl\/wp-json\/wp\/v2\/media?parent=8182"}],"wp:term":[{"taxonomy":"category","embeddable":true,"href":"https:\/\/www.campingpointedutalud.com\/nl\/wp-json\/wp\/v2\/categories?post=8182"},{"taxonomy":"post_tag","embeddable":true,"href":"https:\/\/www.campingpointedutalud.com\/nl\/wp-json\/wp\/v2\/tags?post=8182"}],"curies":[{"name":"wp","href":"https:\/\/api.w.org\/{rel}","templated":true}]}}