{"id":8159,"date":"2026-03-11T10:17:02","date_gmt":"2026-03-11T09:17:02","guid":{"rendered":"https:\/\/www.campingpointedutalud.com\/camping-fort-bloque\/"},"modified":"2026-03-23T08:29:00","modified_gmt":"2026-03-23T07:29:00","slug":"kampplaats-fort-bloque","status":"publish","type":"page","link":"https:\/\/www.campingpointedutalud.com\/nl\/toerisme-morbihan-zuid-bretagne\/kampplaats-fort-bloque\/","title":{"rendered":"Sterk geblokkeerd"},"content":{"rendered":"\n<p><\/p>\n\n<div class=\"wp-block-group section-6 has-custom-color-3-background-color has-background has-global-padding is-layout-constrained wp-container-core-group-is-layout-20238047 wp-block-group-is-layout-constrained\" style=\"margin-top:0px;margin-bottom:0px;padding-top:8rem;padding-right:15rem;padding-bottom:8rem;padding-left:15rem\">\n<div class=\"wp-block-group gt-reverse-mobile is-nowrap is-layout-flex wp-container-core-group-is-layout-90b6bdf5 wp-block-group-is-layout-flex\">\n<div class=\"wp-block-group has-global-padding is-layout-constrained wp-container-core-group-is-layout-7c250ea7 wp-block-group-is-layout-constrained\" style=\"margin-top:0px;margin-bottom:0px;padding-top:0;padding-right:0px;padding-bottom:0;padding-left:0px\">\n<div class=\"wp-block-group has-global-padding is-layout-constrained wp-container-core-group-is-layout-162f2a30 wp-block-group-is-layout-constrained\" style=\"margin-top:0px;margin-bottom:0px\">\n<div class=\"wp-block-group has-global-padding is-layout-constrained wp-container-core-group-is-layout-d6554d75 wp-block-group-is-layout-constrained\" style=\"margin-top:0px;margin-bottom:0px\">\n<div class=\"wp-block-cover is-light\" style=\"border-top-left-radius:10px;border-top-right-radius:10px;border-bottom-left-radius:10px;border-bottom-right-radius:10px\"><img decoding=\"async\" width=\"2000\" height=\"1121\" class=\"wp-block-cover__image-background wp-image-7461 size-full\" alt=\"la re\u0301gion ve\u0301lo famille activite\u0301s pointe du talud\" src=\"https:\/\/www.campingpointedutalud.com\/wp-content\/uploads\/2026\/03\/la-region-velo-famille-activites-pointe-du-talud.jpg\" data-object-fit=\"cover\" srcset=\"https:\/\/www.campingpointedutalud.com\/wp-content\/uploads\/2026\/03\/la-region-velo-famille-activites-pointe-du-talud.jpg 2000w, https:\/\/www.campingpointedutalud.com\/wp-content\/uploads\/2026\/03\/la-region-velo-famille-activites-pointe-du-talud-300x168.jpg 300w, https:\/\/www.campingpointedutalud.com\/wp-content\/uploads\/2026\/03\/la-region-velo-famille-activites-pointe-du-talud-1024x574.jpg 1024w, https:\/\/www.campingpointedutalud.com\/wp-content\/uploads\/2026\/03\/la-region-velo-famille-activites-pointe-du-talud-768x430.jpg 768w, https:\/\/www.campingpointedutalud.com\/wp-content\/uploads\/2026\/03\/la-region-velo-famille-activites-pointe-du-talud-1536x861.jpg 1536w\" sizes=\"(max-width: 2000px) 100vw, 2000px\" \/><span aria-hidden=\"true\" class=\"wp-block-cover__background has-background-dim-0 has-background-dim\"><\/span><div class=\"wp-block-cover__inner-container has-global-padding is-layout-constrained wp-block-cover-is-layout-constrained\">\n<p class=\"has-text-align-center has-large-font-size\"><\/p>\n<\/div><\/div>\n<\/div>\n<\/div>\n<\/div>\n\n\n\n<div class=\"wp-block-group gt-reverse-mobile is-vertical is-layout-flex wp-container-core-group-is-layout-7857e36c wp-block-group-is-layout-flex\" style=\"padding-right:0px;padding-left:0px\">\n<div class=\"wp-block-group texte-deco has-global-padding is-content-justification-left is-layout-constrained wp-container-core-group-is-layout-d6fb7615 wp-block-group-is-layout-constrained\" style=\"margin-top:0px;margin-bottom:0px;padding-right:0px;padding-left:0px\">\n<p class=\"has-custom-color-1-color has-text-color has-link-color has-unbounded-font-family wp-elements-18521d9c1afa09eb094d90c515fabca4\" style=\"font-size:clamp(2.499rem, 2.499rem + ((1vw - 0.2rem) * 3.652), 4.69rem);font-style:normal;font-weight:700;line-height:1\">Stranden, <\/p>\n\n\n\n<p class=\"has-custom-color-1-color has-text-color has-link-color has-caveat-font-family wp-elements-e079d114c5b459aa0b30bb2d4b845f10\" style=\"margin-top:0px;margin-bottom:0px;font-size:clamp(3.159rem, 3.159rem + ((1vw - 0.2rem) * 5.252), 6.31rem);font-style:normal;font-weight:500;line-height:0.7\">wandelingen en familie<\/p>\n<\/div>\n\n\n\n<div class=\"wp-block-group content has-base-2-background-color has-background has-global-padding is-layout-constrained wp-container-core-group-is-layout-69f271cb wp-block-group-is-layout-constrained\" style=\"border-top-left-radius:10px;border-top-right-radius:10px;border-bottom-left-radius:10px;border-bottom-right-radius:10px;margin-top:0px;margin-bottom:0px;padding-top:40px;padding-right:40px;padding-bottom:40px;padding-left:40px\">\n<h1 class=\"wp-block-heading has-custom-color-1-color has-text-color has-link-color wp-elements-4f1a390abe953cf28ada4a694b7e22dc\">Uw camping in de omgeving van Fort-Bloqu\u00e9 (56)<\/h1>\n\n\n\n<p class=\"has-custom-color-1-color has-text-color\">Op zoek naar een <strong>camping in de buurt van Fort-Bloqu\u00e9 en Guidel<\/strong> voor uw vakantie?<\/p>\n\n\n\n<p class=\"has-custom-color-1-color has-text-color\">La Pointe du Talud biedt een warm en vriendelijk onthaal. Slechts tien minuten scheiden je <strong>camping van Fort-Bloqu\u00e9<\/strong>, een historisch strand in Morbihan.  <\/p>\n<\/div>\n<\/div>\n<\/div>\n<\/div>\n\n<div class=\"wp-block-group section-4 has-global-padding is-layout-constrained wp-container-core-group-is-layout-07b29094 wp-block-group-is-layout-constrained\" style=\"margin-top:0px;margin-bottom:0px;padding-right:0px;padding-left:0px\">\n<div class=\"wp-block-group banner has-global-padding is-layout-constrained wp-container-core-group-is-layout-07b29094 wp-block-group-is-layout-constrained\" style=\"margin-top:0px;margin-bottom:0px;padding-right:0px;padding-left:0px\">\n<div class=\"wp-block-cover\" style=\"margin-top:0px;margin-bottom:0px;padding-top:0px;padding-right:0px;padding-bottom:0px;padding-left:0px;min-height:90vh;aspect-ratio:unset;\"><img decoding=\"async\" width=\"2000\" height=\"1333\" class=\"wp-block-cover__image-background wp-image-7025 size-full\" alt=\"fort bloque\u0301 camping pointe du talud\" src=\"https:\/\/www.campingpointedutalud.com\/wp-content\/uploads\/2026\/03\/fort-bloque-camping-pointe-du-talud_1.jpg\" data-object-fit=\"cover\" srcset=\"https:\/\/www.campingpointedutalud.com\/wp-content\/uploads\/2026\/03\/fort-bloque-camping-pointe-du-talud_1.jpg 2000w, https:\/\/www.campingpointedutalud.com\/wp-content\/uploads\/2026\/03\/fort-bloque-camping-pointe-du-talud_1-300x200.jpg 300w, https:\/\/www.campingpointedutalud.com\/wp-content\/uploads\/2026\/03\/fort-bloque-camping-pointe-du-talud_1-1024x682.jpg 1024w, https:\/\/www.campingpointedutalud.com\/wp-content\/uploads\/2026\/03\/fort-bloque-camping-pointe-du-talud_1-768x512.jpg 768w, https:\/\/www.campingpointedutalud.com\/wp-content\/uploads\/2026\/03\/fort-bloque-camping-pointe-du-talud_1-1536x1024.jpg 1536w\" sizes=\"(max-width: 2000px) 100vw, 2000px\" \/><span aria-hidden=\"true\" class=\"wp-block-cover__background has-background-dim-100 has-background-dim wp-block-cover__gradient-background has-background-gradient\" style=\"background:linear-gradient(0deg,rgb(6,54,122) 0%,rgba(255,255,255,0) 30%)\"><\/span><div class=\"wp-block-cover__inner-container has-global-padding is-layout-constrained wp-container-core-cover-is-layout-8b154107 wp-block-cover-is-layout-constrained\">\n<p class=\"has-text-align-center has-large-font-size\"><\/p>\n<\/div><\/div>\n<\/div>\n\n\n\n<div class=\"wp-block-group content has-custom-color-1-background-color has-background has-global-padding is-layout-constrained wp-container-core-group-is-layout-d4ecddba wp-block-group-is-layout-constrained\" style=\"margin-top:0px;margin-bottom:0px;padding-top:6rem;padding-right:15rem;padding-bottom:6rem;padding-left:15rem\">\n<h2 class=\"wp-block-heading has-custom-color-2-color has-text-color has-link-color wp-elements-cf9c3a15740ecff37e4be43deddd8396\">Het geblokkeerde fort: wat is het?<\/h2>\n\n\n\n    <div id=\"gt-fse-lire-plus-1\"\n         class=\"gt-fse-lire-plus lire-plus-fond-bleu\"\n         data-min-height=\"130\"\n         style=\"background-color: #06367a;\">\n\n        <input id=\"gt-fse-lire-plus-1-toggle\"\n               type=\"checkbox\"\n               class=\"gt-fse-lire-plus__toggle\" \/>\n\n        <label for=\"gt-fse-lire-plus-1-toggle\"\n               class=\"gt-fse-lire-plus__toggle-label\">\n            <span>Meer lezen<\/span>\n            <span>Minder lezen<\/span>\n        <\/label>\n\n        <div class=\"gt-fse-lire-plus__content\"\n             style=\"height: 130px;\">\n\n            \n\n<p class=\"has-base-2-color has-text-color has-link-color wp-elements-47fe3d65ad9dad7c5394c9b1664cead2\">Fort-Bloqu\u00e9, ook bekend als Fort de Keragan, ligt op een klein eiland op een paar kilometer van Ploemeur en Guidel. Het werd gebouwd in 1748 en was vooral bedoeld om mogelijke landingen af te weren. Vandaag de dag is het een populaire toeristische attractie die jong en oud in verrukking brengt.  <\/p>\n\n\n\n<p class=\"has-base-2-color has-text-color has-link-color wp-elements-e28d517c2321cfe28871a1b05e5bef12\">Bij eb kun je vanaf het strand naar het<strong>eiland Keragan<\/strong> lopen en alle hoeken van het fort bezoeken. Pas echter op voor het getij, dat bij vloed het pad terug naar het strand onder water zet. <\/p>\n\n\n\n<p class=\"has-base-2-color has-text-color has-link-color wp-elements-7a0f2156e4ae7c2d3ff34a75ae593855\">Fort-Bloqu\u00e9 is een ideale bestemming voor een dagje aan zee, met of zonder kinderen. Het fijne zand biedt een prachtig landschap en een perfecte omgeving om te ontspannen of te zwemmen. Kampplaats Flower de La Pointe du Talud in Ploemeur is de ideale keuze als je een <a href=\"https:\/\/www.campingpointedutalud.com\/nl\/verhuur-staanplaats-ploemeur\/\" data-type=\"page\" data-id=\"11\">kampeerplaats wilt reserveren in de buurt van Fort-Bloqu\u00e9<\/a>.  <\/p>\n\n\n            <div class=\"gt-fse-lire-plus__gradient\"\n                 style=\"background: linear-gradient(to bottom, rgba(6,54,122,0) 0%, rgba(6,54,122,1) 100%);\"><\/div>\n        <\/div>\n\n    <\/div>\n\n    <\/div>\n<\/div>\n\n<div class=\"wp-block-group section-simple has-global-padding is-layout-constrained wp-container-core-group-is-layout-e8882e7b wp-block-group-is-layout-constrained\" style=\"margin-top:0px;margin-bottom:0px;padding-top:8rem;padding-right:15rem;padding-bottom:8rem;padding-left:15rem\">\n<div class=\"wp-block-columns are-vertically-aligned-top is-layout-flex wp-container-core-columns-is-layout-28f84493 wp-block-columns-is-layout-flex\">\n<div class=\"wp-block-column is-vertically-aligned-top is-layout-flow wp-block-column-is-layout-flow\">\n<div class=\"wp-block-group has-custom-color-3-background-color has-background has-global-padding is-layout-constrained wp-container-core-group-is-layout-3dcc9c70 wp-block-group-is-layout-constrained\" style=\"border-top-left-radius:10px;border-top-right-radius:10px;border-bottom-left-radius:10px;border-bottom-right-radius:10px;padding-top:40px;padding-right:40px;padding-bottom:40px;padding-left:40px\">\n<h2 class=\"wp-block-heading has-custom-color-1-color has-text-color has-link-color wp-elements-568491e875fff3758bbf10239f23ef7b\">Uw camping dichtbij Fort-Bloqu\u00e9 kiezen<\/h2>\n\n\n\n<p class=\"has-custom-color-1-color has-text-color\">La Pointe du Talud is een ideale bestemming voor een <a href=\"https:\/\/www.campingpointedutalud.com\/nl\/\" data-type=\"page\" data-id=\"5\">kampeervakantie in Morbihan<\/a>. Het ligt aan de kust bij Ploemeur, op slechts een paar minuten rijden van veel van de iconische toeristische trekpleisters van Morbihan, zoals de haven van Lorient, de Eric Tabarly Cit\u00e9 de la Voile, de onderzee\u00ebrbasis Keroman en het strand van Fort-Bloqu\u00e9. <\/p>\n\n\n\n<p class=\"has-custom-color-1-color has-text-color\">Met zijn gezellige sfeer, moderne zwembadzone en comfortabele Stacaravans is camping La Pointe du Talud een genot voor jong en oud.<\/p>\n\n\n\n<p class=\"has-custom-color-1-color has-text-color\">Neem vandaag nog contact met ons op om <a href=\"https:\/\/www.campingpointedutalud.com\/nl\/verhuur-stacaravan-ploemeur\/\" data-type=\"page\" data-id=\"9\">een Stacaravan te huren op 10 minuten van Le Fort-Bloqu\u00e9<\/a> en geniet van het grote zandstrand met een rijke geschiedenis!<\/p>\n<\/div>\n<\/div>\n\n\n\n<div class=\"wp-block-column is-vertically-aligned-top is-layout-flow wp-block-column-is-layout-flow\">\n<figure class=\"wp-block-image size-full has-custom-border\"><img decoding=\"async\" width=\"2000\" height=\"1123\" src=\"https:\/\/www.campingpointedutalud.com\/wp-content\/uploads\/2026\/03\/POINTE-DU-TALUD-Accueil-camping-vue-haut.jpg\" alt=\"La Pointe du Talud Camping receptie bovenaanzicht\" class=\"wp-image-6956\" style=\"border-top-left-radius:10px;border-top-right-radius:10px;border-bottom-left-radius:10px;border-bottom-right-radius:10px;aspect-ratio:16\/9;object-fit:cover\" srcset=\"https:\/\/www.campingpointedutalud.com\/wp-content\/uploads\/2026\/03\/POINTE-DU-TALUD-Accueil-camping-vue-haut.jpg 2000w, https:\/\/www.campingpointedutalud.com\/wp-content\/uploads\/2026\/03\/POINTE-DU-TALUD-Accueil-camping-vue-haut-300x168.jpg 300w, https:\/\/www.campingpointedutalud.com\/wp-content\/uploads\/2026\/03\/POINTE-DU-TALUD-Accueil-camping-vue-haut-1024x575.jpg 1024w, https:\/\/www.campingpointedutalud.com\/wp-content\/uploads\/2026\/03\/POINTE-DU-TALUD-Accueil-camping-vue-haut-768x431.jpg 768w, https:\/\/www.campingpointedutalud.com\/wp-content\/uploads\/2026\/03\/POINTE-DU-TALUD-Accueil-camping-vue-haut-1536x862.jpg 1536w\" sizes=\"(max-width: 2000px) 100vw, 2000px\" \/><\/figure>\n<\/div>\n<\/div>\n<\/div>\n\n<div class=\"wp-block-group section-maillage has-custom-color-3-background-color has-background has-global-padding is-layout-constrained wp-container-core-group-is-layout-20238047 wp-block-group-is-layout-constrained\" style=\"margin-top:0px;margin-bottom:0px;padding-top:8rem;padding-right:15rem;padding-bottom:8rem;padding-left:15rem\">\n<div class=\"wp-block-group texte-deco is-layout-flow wp-block-group-is-layout-flow\">\n<p class=\"has-text-align-center has-custom-color-1-color has-text-color has-link-color has-unbounded-font-family wp-elements-c5712120efbd3a01f740728f0d63fb97\" style=\"font-size:clamp(2.499rem, 2.499rem + ((1vw - 0.2rem) * 3.652), 4.69rem);font-style:normal;font-weight:700;line-height:1\">Ontdek<\/p>\n\n\n\n<p class=\"has-text-align-center has-custom-color-1-color has-text-color has-link-color has-caveat-font-family wp-elements-37d861a5e93249b5ed837a3a1737db74\" style=\"margin-top:0px;margin-bottom:0px;font-size:clamp(3.159rem, 3.159rem + ((1vw - 0.2rem) * 5.252), 6.31rem);font-style:normal;font-weight:500;line-height:0.7\">de omgeving van de camping<\/p>\n<\/div>\n\n\n\n<div data-wp-context=\"{}\" data-wp-interactive=\"core\/query\" data-wp-key=\"0\" data-wp-router-region=\"query-0\" class=\"wp-block-query alignwide gt-fse-maillage-query is-layout-flow wp-block-query-is-layout-flow\"><ul class=\"columns-3 wp-block-post-template is-layout-grid wp-container-core-post-template-is-layout-6d3fbd8f wp-block-post-template-is-layout-grid\"><li data-wp-key=\"post-template-item-8344\" class=\"wp-block-post post-8344 page type-page status-publish has-post-thumbnail hentry\">\n<a href=\"https:\/\/www.campingpointedutalud.com\/nl\/toerisme-morbihan-zuid-bretagne\/kampplaats-quiberon\/\"    class=\"wp-block-tiptip-hyperlink-group-block\" >\n<figure class=\"wp-block-image size-full is-resized\"><img decoding=\"async\" width=\"367\" height=\"318\" src=\"https:\/\/www.campingpointedutalud.com\/wp-content\/uploads\/2025\/12\/grosse-fleur-jaune.svg\" alt=\"grote gele bloem\" class=\"wp-image-143\" style=\"object-fit:contain;width:50px;height:50px\"\/><\/figure>\n\n<figure class=\"wp-block-image has-custom-border gt-maillage__image\"><img decoding=\"async\" src=\"https:\/\/www.campingpointedutalud.com\/wp-content\/uploads\/2026\/03\/quiberon-presquile-histoire-bretagne.jpg\" alt=\"Quiberon plage Bretagne\" style=\"border-style:none;border-width:0px;border-top-left-radius:10px;border-top-right-radius:10px;border-bottom-left-radius:10px;border-bottom-right-radius:10px\"\/><\/figure>\n\n<p class=\"has-text-align-center has-custom-color-1-color has-text-color has-link-color has-unbounded-font-family wp-elements-6527d65a79d544105f2c7aa114e49b0c\" style=\"font-size:clamp(1.25rem, 1.25rem + ((1vw - 0.2rem) * 1.25), 2rem);line-height:1.1\">Quiberon<\/p>\n<\/a>\n<\/li><li data-wp-key=\"post-template-item-8380\" class=\"wp-block-post post-8380 page type-page status-publish has-post-thumbnail hentry\">\n<a href=\"https:\/\/www.campingpointedutalud.com\/nl\/toerisme-morbihan-zuid-bretagne\/kampplaats-carnac\/\"    class=\"wp-block-tiptip-hyperlink-group-block\" >\n<figure class=\"wp-block-image size-full is-resized\"><img decoding=\"async\" width=\"367\" height=\"318\" src=\"https:\/\/www.campingpointedutalud.com\/wp-content\/uploads\/2025\/12\/grosse-fleur-jaune.svg\" alt=\"grote gele bloem\" class=\"wp-image-143\" style=\"object-fit:contain;width:50px;height:50px\"\/><\/figure>\n\n<figure class=\"wp-block-image has-custom-border gt-maillage__image\"><img decoding=\"async\" src=\"https:\/\/www.campingpointedutalud.com\/wp-content\/uploads\/2026\/03\/carnac-megalithes-randonnee-bretagne-visite.jpg\" alt=\"Carnac megalieten menhirs\" style=\"border-style:none;border-width:0px;border-top-left-radius:10px;border-top-right-radius:10px;border-bottom-left-radius:10px;border-bottom-right-radius:10px\"\/><\/figure>\n\n<p class=\"has-text-align-center has-custom-color-1-color has-text-color has-link-color has-unbounded-font-family wp-elements-6527d65a79d544105f2c7aa114e49b0c\" style=\"font-size:clamp(1.25rem, 1.25rem + ((1vw - 0.2rem) * 1.25), 2rem);line-height:1.1\">Carnac<\/p>\n<\/a>\n<\/li><li data-wp-key=\"post-template-item-8228\" class=\"wp-block-post post-8228 page type-page status-publish has-post-thumbnail hentry\">\n<a href=\"https:\/\/www.campingpointedutalud.com\/nl\/toerisme-morbihan-zuid-bretagne\/kampplaats-larmor-plage-la-pointe-du-talud\/\"    class=\"wp-block-tiptip-hyperlink-group-block\" >\n<figure class=\"wp-block-image size-full is-resized\"><img decoding=\"async\" width=\"367\" height=\"318\" src=\"https:\/\/www.campingpointedutalud.com\/wp-content\/uploads\/2025\/12\/grosse-fleur-jaune.svg\" alt=\"grote gele bloem\" class=\"wp-image-143\" style=\"object-fit:contain;width:50px;height:50px\"\/><\/figure>\n\n<figure class=\"wp-block-image has-custom-border gt-maillage__image\"><img decoding=\"async\" src=\"https:\/\/www.campingpointedutalud.com\/wp-content\/uploads\/2026\/03\/larmor-plage-visite-bretagne.jpg\" alt=\"Larmor Plage\" style=\"border-style:none;border-width:0px;border-top-left-radius:10px;border-top-right-radius:10px;border-bottom-left-radius:10px;border-bottom-right-radius:10px\"\/><\/figure>\n\n<p class=\"has-text-align-center has-custom-color-1-color has-text-color has-link-color has-unbounded-font-family wp-elements-6527d65a79d544105f2c7aa114e49b0c\" style=\"font-size:clamp(1.25rem, 1.25rem + ((1vw - 0.2rem) * 1.25), 2rem);line-height:1.1\">Larmor-Plage<\/p>\n<\/a>\n<\/li><\/ul><\/div>\n<\/div>\n","protected":false},"excerpt":{"rendered":"<p>Stranden, wandelingen en familie Uw camping in de omgeving van Fort-Bloqu\u00e9 (56) Op zoek naar een camping in de buurt van Fort-Bloqu\u00e9 en Guidel voor uw vakantie? La Pointe du Talud biedt een warm en vriendelijk onthaal. Slechts tien minuten scheiden je camping van Fort-Bloqu\u00e9, een historisch strand in Morbihan. Het geblokkeerde fort: wat is [&hellip;]<\/p>\n","protected":false},"author":1,"featured_media":8161,"parent":8358,"menu_order":0,"comment_status":"closed","ping_status":"closed","template":"","meta":{"_seopress_robots_primary_cat":"","_seopress_titles_title":"Camping FORT BLOQUE | Morbihan ~ Zuid-Bretagne","_seopress_titles_desc":"Geniet van een gezellige camping op slechts 10 minuten van Fort-Bloqu\u00e9 en zijn historische stranden. Ideaal voor gezinsuitstapjes in Morbihan. ","_seopress_robots_index":"","inline_featured_image":false,"gt_fse_maillage_image":"https:\/\/www.campingpointedutalud.com\/wp-content\/uploads\/2026\/03\/fort-bloque-camping-pointe-du-talud_1.jpg","gt_fse_maillage_titre":"Sterk geblokkeerd","gt_fse_maillage_alt":"Fort geblokkeerde bretagne","gt_fse_maillage_resume":"","footnotes":""},"categories":[],"tags":[],"class_list":["post-8159","page","type-page","status-publish","has-post-thumbnail","hentry"],"publishpress_future_action":{"enabled":false,"date":"2026-05-15 14:51:34","action":"change-status","newStatus":"draft","terms":[],"taxonomy":"category","extraData":[]},"publishpress_future_workflow_manual_trigger":{"enabledWorkflows":[]},"_links":{"self":[{"href":"https:\/\/www.campingpointedutalud.com\/nl\/wp-json\/wp\/v2\/pages\/8159","targetHints":{"allow":["GET"]}}],"collection":[{"href":"https:\/\/www.campingpointedutalud.com\/nl\/wp-json\/wp\/v2\/pages"}],"about":[{"href":"https:\/\/www.campingpointedutalud.com\/nl\/wp-json\/wp\/v2\/types\/page"}],"author":[{"embeddable":true,"href":"https:\/\/www.campingpointedutalud.com\/nl\/wp-json\/wp\/v2\/users\/1"}],"replies":[{"embeddable":true,"href":"https:\/\/www.campingpointedutalud.com\/nl\/wp-json\/wp\/v2\/comments?post=8159"}],"version-history":[{"count":5,"href":"https:\/\/www.campingpointedutalud.com\/nl\/wp-json\/wp\/v2\/pages\/8159\/revisions"}],"predecessor-version":[{"id":8614,"href":"https:\/\/www.campingpointedutalud.com\/nl\/wp-json\/wp\/v2\/pages\/8159\/revisions\/8614"}],"up":[{"embeddable":true,"href":"https:\/\/www.campingpointedutalud.com\/nl\/wp-json\/wp\/v2\/pages\/8358"}],"wp:featuredmedia":[{"embeddable":true,"href":"https:\/\/www.campingpointedutalud.com\/nl\/wp-json\/wp\/v2\/media\/8161"}],"wp:attachment":[{"href":"https:\/\/www.campingpointedutalud.com\/nl\/wp-json\/wp\/v2\/media?parent=8159"}],"wp:term":[{"taxonomy":"category","embeddable":true,"href":"https:\/\/www.campingpointedutalud.com\/nl\/wp-json\/wp\/v2\/categories?post=8159"},{"taxonomy":"post_tag","embeddable":true,"href":"https:\/\/www.campingpointedutalud.com\/nl\/wp-json\/wp\/v2\/tags?post=8159"}],"curies":[{"name":"wp","href":"https:\/\/api.w.org\/{rel}","templated":true}]}}