{"id":8310,"date":"2026-03-11T10:35:19","date_gmt":"2026-03-11T09:35:19","guid":{"rendered":"https:\/\/www.campingpointedutalud.com\/tourisme-morbihan-bretagne-sud\/camping-concarneau\/"},"modified":"2026-03-23T08:29:54","modified_gmt":"2026-03-23T07:29:54","slug":"campsite-concarneau","status":"publish","type":"page","link":"https:\/\/www.campingpointedutalud.com\/en\/tourism-morbihan-southern-brittany\/campsite-concarneau\/","title":{"rendered":"Concarneau"},"content":{"rendered":"\n<div class=\"wp-block-group section-6 has-custom-color-3-background-color has-background has-global-padding is-layout-constrained wp-container-core-group-is-layout-20238047 wp-block-group-is-layout-constrained\" style=\"margin-top:0px;margin-bottom:0px;padding-top:8rem;padding-right:15rem;padding-bottom:8rem;padding-left:15rem\">\n<div class=\"wp-block-group gt-reverse-mobile is-nowrap is-layout-flex wp-container-core-group-is-layout-90b6bdf5 wp-block-group-is-layout-flex\">\n<div class=\"wp-block-group has-global-padding is-layout-constrained wp-container-core-group-is-layout-7c250ea7 wp-block-group-is-layout-constrained\" style=\"margin-top:0px;margin-bottom:0px;padding-top:0;padding-right:0px;padding-bottom:0;padding-left:0px\">\n<div class=\"wp-block-group has-global-padding is-layout-constrained wp-container-core-group-is-layout-162f2a30 wp-block-group-is-layout-constrained\" style=\"margin-top:0px;margin-bottom:0px\">\n<div class=\"wp-block-group has-global-padding is-layout-constrained wp-container-core-group-is-layout-d6554d75 wp-block-group-is-layout-constrained\" style=\"margin-top:0px;margin-bottom:0px\">\n<div class=\"wp-block-cover is-light\" style=\"border-top-left-radius:10px;border-top-right-radius:10px;border-bottom-left-radius:10px;border-bottom-right-radius:10px\"><img decoding=\"async\" width=\"2000\" height=\"1277\" class=\"wp-block-cover__image-background wp-image-7479 size-full\" alt=\"concarneau bretagne morbihan\" src=\"https:\/\/www.campingpointedutalud.com\/wp-content\/uploads\/2026\/03\/concarneau-bretagne-morbihan-.jpg\" data-object-fit=\"cover\" srcset=\"https:\/\/www.campingpointedutalud.com\/wp-content\/uploads\/2026\/03\/concarneau-bretagne-morbihan-.jpg 2000w, https:\/\/www.campingpointedutalud.com\/wp-content\/uploads\/2026\/03\/concarneau-bretagne-morbihan--300x192.jpg 300w, https:\/\/www.campingpointedutalud.com\/wp-content\/uploads\/2026\/03\/concarneau-bretagne-morbihan--1024x654.jpg 1024w, https:\/\/www.campingpointedutalud.com\/wp-content\/uploads\/2026\/03\/concarneau-bretagne-morbihan--768x490.jpg 768w, https:\/\/www.campingpointedutalud.com\/wp-content\/uploads\/2026\/03\/concarneau-bretagne-morbihan--1536x981.jpg 1536w\" sizes=\"(max-width: 2000px) 100vw, 2000px\" \/><span aria-hidden=\"true\" class=\"wp-block-cover__background has-background-dim-0 has-background-dim\"><\/span><div class=\"wp-block-cover__inner-container has-global-padding is-layout-constrained wp-block-cover-is-layout-constrained\">\n<p class=\"has-text-align-center has-large-font-size\"><\/p>\n<\/div><\/div>\n<\/div>\n<\/div>\n<\/div>\n\n\n\n<div class=\"wp-block-group gt-reverse-mobile is-vertical is-layout-flex wp-container-core-group-is-layout-7857e36c wp-block-group-is-layout-flex\" style=\"padding-right:0px;padding-left:0px\">\n<div class=\"wp-block-group texte-deco has-global-padding is-content-justification-left is-layout-constrained wp-container-core-group-is-layout-d6fb7615 wp-block-group-is-layout-constrained\" style=\"margin-top:0px;margin-bottom:0px;padding-right:0px;padding-left:0px\">\n<p class=\"has-custom-color-1-color has-text-color has-link-color has-unbounded-font-family wp-elements-0f1157f5e1ba022fc5b7122750b448c0\" style=\"font-size:clamp(2.499rem, 2.499rem + ((1vw - 0.2rem) * 3.652), 4.69rem);font-style:normal;font-weight:700;line-height:1\">Blue city, <\/p>\n\n\n\n<p class=\"has-custom-color-1-color has-text-color has-link-color has-caveat-font-family wp-elements-474afe9fceb40b430e6a49395596574c\" style=\"margin-top:0px;margin-bottom:0px;font-size:clamp(3.159rem, 3.159rem + ((1vw - 0.2rem) * 5.252), 6.31rem);font-style:normal;font-weight:500;line-height:0.7\">sea &amp; fun<\/p>\n<\/div>\n\n\n\n<div class=\"wp-block-group content has-base-2-background-color has-background has-global-padding is-layout-constrained wp-container-core-group-is-layout-69f271cb wp-block-group-is-layout-constrained\" style=\"border-top-left-radius:10px;border-top-right-radius:10px;border-bottom-left-radius:10px;border-bottom-right-radius:10px;margin-top:0px;margin-bottom:0px;padding-top:40px;padding-right:40px;padding-bottom:40px;padding-left:40px\">\n<h1 class=\"wp-block-heading has-custom-color-1-color has-text-color has-link-color wp-elements-d2ef23c97d60e340ba44e9fbd7906ded\">Visit Concarneau (29): must-see activities and stay at Camping La Pointe du Talud<\/h1>\n\n\n\n    <div id=\"gt-fse-lire-plus-1\"\n         class=\"gt-fse-lire-plus\"\n         data-min-height=\"130\"\n         style=\"background-color: #ffffff;\">\n\n        <input id=\"gt-fse-lire-plus-1-toggle\"\n               type=\"checkbox\"\n               class=\"gt-fse-lire-plus__toggle\" \/>\n\n        <label for=\"gt-fse-lire-plus-1-toggle\"\n               class=\"gt-fse-lire-plus__toggle-label\">\n            <span>Read more<\/span>\n            <span>Read less<\/span>\n        <\/label>\n\n        <div class=\"gt-fse-lire-plus__content\"\n             style=\"height: 130px;\">\n\n            \n\n<p class=\"has-custom-color-1-color has-text-color\">If you choose to spend your next vacation in South Finist\u00e8re, take the time to visit Concarneau, a pretty seaside resort known as &#8220;la Ville bleue&#8221;, with a renowned fishing port. <\/p>\n\n\n\n<p class=\"has-custom-color-1-color has-text-color\">Concarneau is also very well placed if you want to take advantage of your stay to visit <a href=\"https:\/\/www.campingpointedutalud.com\/en\/tourism-morbihan-southern-brittany\/campsite-iles-bretonnes\/\" data-type=\"page\" data-id=\"6703\">the surrounding Breton islands<\/a>, such as the Gl\u00e9nan archipelago. And if you love the great outdoors and vacations spent close to nature, why not book a <a href=\"https:\/\/www.campingpointedutalud.com\/en\/\" data-type=\"page\" data-id=\"5\">campsite in Concarneau, Brittany<\/a>? <\/p>\n\n\n            <div class=\"gt-fse-lire-plus__gradient\"\n                 style=\"background: linear-gradient(to bottom, rgba(255,255,255,0) 0%, rgba(255,255,255,1) 100%);\"><\/div>\n        <\/div>\n\n    <\/div>\n\n    <\/div>\n<\/div>\n<\/div>\n<\/div>\n\n<div class=\"wp-block-group section-4 has-global-padding is-layout-constrained wp-container-core-group-is-layout-07b29094 wp-block-group-is-layout-constrained\" style=\"margin-top:0px;margin-bottom:0px;padding-right:0px;padding-left:0px\">\n<div class=\"wp-block-group banner has-global-padding is-layout-constrained wp-container-core-group-is-layout-07b29094 wp-block-group-is-layout-constrained\" style=\"margin-top:0px;margin-bottom:0px;padding-right:0px;padding-left:0px\">\n<div class=\"wp-block-cover\" style=\"margin-top:0px;margin-bottom:0px;padding-top:0px;padding-right:0px;padding-bottom:0px;padding-left:0px;min-height:90vh;aspect-ratio:unset;\"><img decoding=\"async\" width=\"2000\" height=\"1331\" class=\"wp-block-cover__image-background wp-image-7480 size-full\" alt=\"concarneau que faire visite bretagne\" src=\"https:\/\/www.campingpointedutalud.com\/wp-content\/uploads\/2026\/03\/concarneau-que-faire-visite-bretagne.jpg\" data-object-fit=\"cover\" srcset=\"https:\/\/www.campingpointedutalud.com\/wp-content\/uploads\/2026\/03\/concarneau-que-faire-visite-bretagne.jpg 2000w, https:\/\/www.campingpointedutalud.com\/wp-content\/uploads\/2026\/03\/concarneau-que-faire-visite-bretagne-300x200.jpg 300w, https:\/\/www.campingpointedutalud.com\/wp-content\/uploads\/2026\/03\/concarneau-que-faire-visite-bretagne-1024x681.jpg 1024w, https:\/\/www.campingpointedutalud.com\/wp-content\/uploads\/2026\/03\/concarneau-que-faire-visite-bretagne-768x511.jpg 768w, https:\/\/www.campingpointedutalud.com\/wp-content\/uploads\/2026\/03\/concarneau-que-faire-visite-bretagne-1536x1022.jpg 1536w\" sizes=\"(max-width: 2000px) 100vw, 2000px\" \/><span aria-hidden=\"true\" class=\"wp-block-cover__background has-background-dim-100 has-background-dim wp-block-cover__gradient-background has-background-gradient\" style=\"background:linear-gradient(0deg,rgb(6,54,122) 0%,rgba(255,255,255,0) 30%)\"><\/span><div class=\"wp-block-cover__inner-container has-global-padding is-layout-constrained wp-container-core-cover-is-layout-8b154107 wp-block-cover-is-layout-constrained\">\n<p class=\"has-text-align-center has-large-font-size\"><\/p>\n<\/div><\/div>\n<\/div>\n\n\n\n<div class=\"wp-block-group content has-custom-color-1-background-color has-background has-global-padding is-layout-constrained wp-container-core-group-is-layout-d4ecddba wp-block-group-is-layout-constrained\" style=\"margin-top:0px;margin-bottom:0px;padding-top:6rem;padding-right:15rem;padding-bottom:6rem;padding-left:15rem\">\n<h2 class=\"wp-block-heading has-custom-color-2-color has-text-color has-link-color wp-elements-7a895157c091cbfddc20a73ac4a86148\">What to do in Concarneau during your stay<\/h2>\n\n\n\n<p class=\"has-base-2-color has-text-color has-link-color wp-elements-b2e2d5b40b73a8d722409ab24c5ceb6c\">Outdoor activities, as well as cultural and heritage sites, are legion in the Ville Bleue. If you&#8217;d like to visit Concarneau first, here are a few ideas of places to discover: <\/p>\n\n\n\n<ul class=\"wp-block-list has-base-2-color has-text-color has-link-color wp-elements-950a63f08aea646283e8c5a5de317052\">\n<li>Don&#8217;t miss a visit to the walled city, built on an islet in the heart of the historic center, just opposite the quays of the Bassin P\u00e9n\u00e9roff. Access is via an old pedestrian drawbridge, or by waterbus from the old fishermen&#8217;s quarter. <\/li>\n\n\n\n<li>The Mus\u00e9e de la P\u00eache, located in the walled town, plunges visitors into the history of Concarneau&#8217;s fishing industry. Take advantage of this visit to discover the nearby Chapelle de la Trinit\u00e9. <\/li>\n\n\n\n<li>Les Halles de Concarneau gives you the opportunity to buy fresh, local seafood products and discover the daily life of fishermen.<\/li>\n\n\n\n<li>History and heritage lovers are in for a treat when they visit Concarneau&#8217;s Mus\u00e9e d&#8217;Art et d&#8217;Histoire.<\/li>\n<\/ul>\n<\/div>\n<\/div>\n\n<div class=\"wp-block-group section-simple has-global-padding is-layout-constrained wp-container-core-group-is-layout-e8882e7b wp-block-group-is-layout-constrained\" style=\"margin-top:0px;margin-bottom:0px;padding-top:8rem;padding-right:15rem;padding-bottom:8rem;padding-left:15rem\">\n<div class=\"wp-block-columns are-vertically-aligned-top is-layout-flex wp-container-core-columns-is-layout-28f84493 wp-block-columns-is-layout-flex\">\n<div class=\"wp-block-column is-vertically-aligned-top is-layout-flow wp-block-column-is-layout-flow\">\n<div class=\"wp-block-group has-custom-color-3-background-color has-background has-global-padding is-layout-constrained wp-container-core-group-is-layout-3dcc9c70 wp-block-group-is-layout-constrained\" style=\"border-top-left-radius:10px;border-top-right-radius:10px;border-bottom-left-radius:10px;border-bottom-right-radius:10px;padding-top:40px;padding-right:40px;padding-bottom:40px;padding-left:40px\">\n<h2 class=\"wp-block-heading has-custom-color-1-color has-text-color has-link-color wp-elements-80b41690eda75121dc89a2b98dccabca\">Outdoor activities near Concarneau<\/h2>\n\n\n\n<p class=\"has-custom-color-1-color has-text-color\">A must-see during your vacation in Concarneau: the Gl\u00e9nan archipelago! Take a boat trip to these islands off the coast of Concarneau, renowned for their crystal-clear waters and fine sandy beaches. <\/p>\n\n\n\n<p class=\"has-custom-color-1-color has-text-color\">Take the time to discover these 7 islets, including Saint-Nicolas, the main island, as well as \u00cele Cigogne and \u00cele de Drenec, home to a farm restored by the &#8220;Les Gl\u00e9nans&#8221; sailing school.<\/p>\n\n\n\n<p class=\"has-custom-color-1-color has-text-color\">As well as exploring the islands, try your hand at diving, surfing and windsurfing!<\/p>\n<\/div>\n<\/div>\n\n\n\n<div class=\"wp-block-column is-vertically-aligned-top is-layout-flow wp-block-column-is-layout-flow\">\n<figure class=\"wp-block-image size-full has-custom-border\"><img decoding=\"async\" width=\"2000\" height=\"1333\" src=\"https:\/\/www.campingpointedutalud.com\/wp-content\/uploads\/2026\/03\/archipel-glenan-concarneau.jpg\" alt=\"gl&#xE9;nan archipelago concarneau\" class=\"wp-image-7478\" style=\"border-top-left-radius:10px;border-top-right-radius:10px;border-bottom-left-radius:10px;border-bottom-right-radius:10px;aspect-ratio:16\/9;object-fit:cover\" srcset=\"https:\/\/www.campingpointedutalud.com\/wp-content\/uploads\/2026\/03\/archipel-glenan-concarneau.jpg 2000w, https:\/\/www.campingpointedutalud.com\/wp-content\/uploads\/2026\/03\/archipel-glenan-concarneau-300x200.jpg 300w, https:\/\/www.campingpointedutalud.com\/wp-content\/uploads\/2026\/03\/archipel-glenan-concarneau-1024x682.jpg 1024w, https:\/\/www.campingpointedutalud.com\/wp-content\/uploads\/2026\/03\/archipel-glenan-concarneau-768x512.jpg 768w, https:\/\/www.campingpointedutalud.com\/wp-content\/uploads\/2026\/03\/archipel-glenan-concarneau-1536x1024.jpg 1536w\" sizes=\"(max-width: 2000px) 100vw, 2000px\" \/><\/figure>\n<\/div>\n<\/div>\n<\/div>\n\n<div class=\"wp-block-group section-maillage has-custom-color-3-background-color has-background has-global-padding is-layout-constrained wp-container-core-group-is-layout-20238047 wp-block-group-is-layout-constrained\" style=\"margin-top:0px;margin-bottom:0px;padding-top:8rem;padding-right:15rem;padding-bottom:8rem;padding-left:15rem\">\n<div class=\"wp-block-group texte-deco is-layout-flow wp-block-group-is-layout-flow\">\n<p class=\"has-text-align-center has-custom-color-1-color has-text-color has-link-color has-unbounded-font-family wp-elements-75111b99e3eec3d7cc7e10544a75e8c1\" style=\"font-size:clamp(2.499rem, 2.499rem + ((1vw - 0.2rem) * 3.652), 4.69rem);font-style:normal;font-weight:700;line-height:1\">Discover<\/p>\n\n\n\n<p class=\"has-text-align-center has-custom-color-1-color has-text-color has-link-color has-caveat-font-family wp-elements-d7265df28233a811c12d16f069b05032\" style=\"margin-top:0px;margin-bottom:0px;font-size:clamp(3.159rem, 3.159rem + ((1vw - 0.2rem) * 5.252), 6.31rem);font-style:normal;font-weight:500;line-height:0.7\">the campsite and surrounding area<\/p>\n<\/div>\n\n\n\n<div data-wp-context=\"{}\" data-wp-interactive=\"core\/query\" data-wp-key=\"0\" data-wp-router-region=\"query-0\" class=\"wp-block-query alignwide gt-fse-maillage-query is-layout-flow wp-block-query-is-layout-flow\"><ul class=\"columns-3 wp-block-post-template is-layout-grid wp-container-core-post-template-is-layout-6d3fbd8f wp-block-post-template-is-layout-grid\"><li data-wp-key=\"post-template-item-8274\" class=\"wp-block-post post-8274 page type-page status-publish has-post-thumbnail hentry\">\n<a href=\"https:\/\/www.campingpointedutalud.com\/en\/tourism-morbihan-southern-brittany\/\"    class=\"wp-block-tiptip-hyperlink-group-block\" >\n<figure class=\"wp-block-image size-full is-resized\"><img decoding=\"async\" width=\"367\" height=\"318\" src=\"https:\/\/www.campingpointedutalud.com\/wp-content\/uploads\/2025\/12\/grosse-fleur-jaune.svg\" alt=\"large yellow flower\" class=\"wp-image-143\" style=\"object-fit:contain;width:50px;height:50px\"\/><\/figure>\n\n<figure class=\"wp-block-image has-custom-border gt-maillage__image\"><img decoding=\"async\" src=\"https:\/\/www.campingpointedutalud.com\/wp-content\/uploads\/2026\/03\/golfe-morbihan-iles-bretonnes.jpg\" alt=\"The region\" style=\"border-style:none;border-width:0px;border-top-left-radius:10px;border-top-right-radius:10px;border-bottom-left-radius:10px;border-bottom-right-radius:10px\"\/><\/figure>\n\n<p class=\"has-text-align-center has-custom-color-1-color has-text-color has-link-color has-unbounded-font-family wp-elements-6527d65a79d544105f2c7aa114e49b0c\" style=\"font-size:clamp(1.25rem, 1.25rem + ((1vw - 0.2rem) * 1.25), 2rem);line-height:1.1\">The region<\/p>\n<\/a>\n<\/li><li data-wp-key=\"post-template-item-8027\" class=\"wp-block-post post-8027 page type-page status-publish has-post-thumbnail hentry\">\n<a href=\"https:\/\/www.campingpointedutalud.com\/en\/mobile-home-rental-ploemeur\/\"    class=\"wp-block-tiptip-hyperlink-group-block\" >\n<figure class=\"wp-block-image size-full is-resized\"><img decoding=\"async\" width=\"367\" height=\"318\" src=\"https:\/\/www.campingpointedutalud.com\/wp-content\/uploads\/2025\/12\/grosse-fleur-jaune.svg\" alt=\"large yellow flower\" class=\"wp-image-143\" style=\"object-fit:contain;width:50px;height:50px\"\/><\/figure>\n\n<figure class=\"wp-block-image has-custom-border gt-maillage__image\"><img decoding=\"async\" src=\"https:\/\/www.campingpointedutalud.com\/wp-content\/uploads\/2026\/03\/Pointe-du-Talud-mobilhome-terrasse-bois-nature.jpg\" alt=\"La Pointe du Talud mobilhome terrasse bois nature\" style=\"border-style:none;border-width:0px;border-top-left-radius:10px;border-top-right-radius:10px;border-bottom-left-radius:10px;border-bottom-right-radius:10px\"\/><\/figure>\n\n<p class=\"has-text-align-center has-custom-color-1-color has-text-color has-link-color has-unbounded-font-family wp-elements-6527d65a79d544105f2c7aa114e49b0c\" style=\"font-size:clamp(1.25rem, 1.25rem + ((1vw - 0.2rem) * 1.25), 2rem);line-height:1.1\">Our rentals<\/p>\n<\/a>\n<\/li><li data-wp-key=\"post-template-item-8121\" class=\"wp-block-post post-8121 page type-page status-publish has-post-thumbnail hentry\">\n<a href=\"https:\/\/www.campingpointedutalud.com\/en\/family-campsite-ploemeur\/\"    class=\"wp-block-tiptip-hyperlink-group-block\" >\n<figure class=\"wp-block-image size-full is-resized\"><img decoding=\"async\" width=\"367\" height=\"318\" src=\"https:\/\/www.campingpointedutalud.com\/wp-content\/uploads\/2025\/12\/grosse-fleur-jaune.svg\" alt=\"large yellow flower\" class=\"wp-image-143\" style=\"object-fit:contain;width:50px;height:50px\"\/><\/figure>\n\n<figure class=\"wp-block-image has-custom-border gt-maillage__image\"><img decoding=\"async\" src=\"https:\/\/www.campingpointedutalud.com\/wp-content\/uploads\/2026\/03\/pointe-du-talud-accueil-vue-drone-camping.jpg\" alt=\"pointe du talud home drone view campsite\" style=\"border-style:none;border-width:0px;border-top-left-radius:10px;border-top-right-radius:10px;border-bottom-left-radius:10px;border-bottom-right-radius:10px\"\/><\/figure>\n\n<p class=\"has-text-align-center has-custom-color-1-color has-text-color has-link-color has-unbounded-font-family wp-elements-6527d65a79d544105f2c7aa114e49b0c\" style=\"font-size:clamp(1.25rem, 1.25rem + ((1vw - 0.2rem) * 1.25), 2rem);line-height:1.1\">Services<\/p>\n<\/a>\n<\/li><\/ul><\/div>\n<\/div>\n","protected":false},"excerpt":{"rendered":"<p>Blue city, sea &amp; fun Visit Concarneau (29): must-see activities and stay at Camping La Pointe du Talud What to do in Concarneau during your stay Outdoor activities, as well as cultural and heritage sites, are legion in the Ville Bleue. If you&#8217;d like to visit Concarneau first, here are a few ideas of places [&hellip;]<\/p>\n","protected":false},"author":1,"featured_media":8311,"parent":8274,"menu_order":0,"comment_status":"closed","ping_status":"closed","template":"","meta":{"_seopress_robots_primary_cat":"","_seopress_titles_title":"Camping Morbihan : Discover Concarneau | South Brittany","_seopress_titles_desc":"Discover Concarneau, the blue city, for an unforgettable stay with sea and fun. Beaches, museums and the Gl\u00e9nan archipelago await you! ","_seopress_robots_index":"","inline_featured_image":false,"gt_fse_maillage_image":"https:\/\/www.campingpointedutalud.com\/wp-content\/uploads\/2026\/03\/concarneau-bretagne-morbihan-.jpg","gt_fse_maillage_titre":"Concarneau","gt_fse_maillage_alt":"Auto draft","gt_fse_maillage_resume":"","footnotes":""},"categories":[],"tags":[],"class_list":["post-8310","page","type-page","status-publish","has-post-thumbnail","hentry"],"publishpress_future_action":{"enabled":false,"date":"2026-05-15 14:51:53","action":"change-status","newStatus":"draft","terms":[],"taxonomy":"category","extraData":[]},"publishpress_future_workflow_manual_trigger":{"enabledWorkflows":[]},"_links":{"self":[{"href":"https:\/\/www.campingpointedutalud.com\/en\/wp-json\/wp\/v2\/pages\/8310","targetHints":{"allow":["GET"]}}],"collection":[{"href":"https:\/\/www.campingpointedutalud.com\/en\/wp-json\/wp\/v2\/pages"}],"about":[{"href":"https:\/\/www.campingpointedutalud.com\/en\/wp-json\/wp\/v2\/types\/page"}],"author":[{"embeddable":true,"href":"https:\/\/www.campingpointedutalud.com\/en\/wp-json\/wp\/v2\/users\/1"}],"replies":[{"embeddable":true,"href":"https:\/\/www.campingpointedutalud.com\/en\/wp-json\/wp\/v2\/comments?post=8310"}],"version-history":[{"count":6,"href":"https:\/\/www.campingpointedutalud.com\/en\/wp-json\/wp\/v2\/pages\/8310\/revisions"}],"predecessor-version":[{"id":9052,"href":"https:\/\/www.campingpointedutalud.com\/en\/wp-json\/wp\/v2\/pages\/8310\/revisions\/9052"}],"up":[{"embeddable":true,"href":"https:\/\/www.campingpointedutalud.com\/en\/wp-json\/wp\/v2\/pages\/8274"}],"wp:featuredmedia":[{"embeddable":true,"href":"https:\/\/www.campingpointedutalud.com\/en\/wp-json\/wp\/v2\/media\/8311"}],"wp:attachment":[{"href":"https:\/\/www.campingpointedutalud.com\/en\/wp-json\/wp\/v2\/media?parent=8310"}],"wp:term":[{"taxonomy":"category","embeddable":true,"href":"https:\/\/www.campingpointedutalud.com\/en\/wp-json\/wp\/v2\/categories?post=8310"},{"taxonomy":"post_tag","embeddable":true,"href":"https:\/\/www.campingpointedutalud.com\/en\/wp-json\/wp\/v2\/tags?post=8310"}],"curies":[{"name":"wp","href":"https:\/\/api.w.org\/{rel}","templated":true}]}}