{"id":8307,"date":"2026-03-11T10:17:02","date_gmt":"2026-03-11T09:17:02","guid":{"rendered":"https:\/\/www.campingpointedutalud.com\/tourisme-morbihan-bretagne-sud\/camping-fort-bloque\/"},"modified":"2026-03-23T08:29:09","modified_gmt":"2026-03-23T07:29:09","slug":"campsite-fort-bloque","status":"publish","type":"page","link":"https:\/\/www.campingpointedutalud.com\/en\/tourism-morbihan-southern-brittany\/campsite-fort-bloque\/","title":{"rendered":"Strong blocked"},"content":{"rendered":"\n<p><\/p>\n\n<div class=\"wp-block-group section-6 has-custom-color-3-background-color has-background has-global-padding is-layout-constrained wp-container-core-group-is-layout-20238047 wp-block-group-is-layout-constrained\" style=\"margin-top:0px;margin-bottom:0px;padding-top:8rem;padding-right:15rem;padding-bottom:8rem;padding-left:15rem\">\n<div class=\"wp-block-group gt-reverse-mobile is-nowrap is-layout-flex wp-container-core-group-is-layout-90b6bdf5 wp-block-group-is-layout-flex\">\n<div class=\"wp-block-group has-global-padding is-layout-constrained wp-container-core-group-is-layout-7c250ea7 wp-block-group-is-layout-constrained\" style=\"margin-top:0px;margin-bottom:0px;padding-top:0;padding-right:0px;padding-bottom:0;padding-left:0px\">\n<div class=\"wp-block-group has-global-padding is-layout-constrained wp-container-core-group-is-layout-162f2a30 wp-block-group-is-layout-constrained\" style=\"margin-top:0px;margin-bottom:0px\">\n<div class=\"wp-block-group has-global-padding is-layout-constrained wp-container-core-group-is-layout-d6554d75 wp-block-group-is-layout-constrained\" style=\"margin-top:0px;margin-bottom:0px\">\n<div class=\"wp-block-cover is-light\" style=\"border-top-left-radius:10px;border-top-right-radius:10px;border-bottom-left-radius:10px;border-bottom-right-radius:10px\"><img decoding=\"async\" width=\"2000\" height=\"1121\" class=\"wp-block-cover__image-background wp-image-7461 size-full\" alt=\"la re\u0301gion ve\u0301lo famille activite\u0301s pointe du talud\" src=\"https:\/\/www.campingpointedutalud.com\/wp-content\/uploads\/2026\/03\/la-region-velo-famille-activites-pointe-du-talud.jpg\" data-object-fit=\"cover\" srcset=\"https:\/\/www.campingpointedutalud.com\/wp-content\/uploads\/2026\/03\/la-region-velo-famille-activites-pointe-du-talud.jpg 2000w, https:\/\/www.campingpointedutalud.com\/wp-content\/uploads\/2026\/03\/la-region-velo-famille-activites-pointe-du-talud-300x168.jpg 300w, https:\/\/www.campingpointedutalud.com\/wp-content\/uploads\/2026\/03\/la-region-velo-famille-activites-pointe-du-talud-1024x574.jpg 1024w, https:\/\/www.campingpointedutalud.com\/wp-content\/uploads\/2026\/03\/la-region-velo-famille-activites-pointe-du-talud-768x430.jpg 768w, https:\/\/www.campingpointedutalud.com\/wp-content\/uploads\/2026\/03\/la-region-velo-famille-activites-pointe-du-talud-1536x861.jpg 1536w\" sizes=\"(max-width: 2000px) 100vw, 2000px\" \/><span aria-hidden=\"true\" class=\"wp-block-cover__background has-background-dim-0 has-background-dim\"><\/span><div class=\"wp-block-cover__inner-container has-global-padding is-layout-constrained wp-block-cover-is-layout-constrained\">\n<p class=\"has-text-align-center has-large-font-size\"><\/p>\n<\/div><\/div>\n<\/div>\n<\/div>\n<\/div>\n\n\n\n<div class=\"wp-block-group gt-reverse-mobile is-vertical is-layout-flex wp-container-core-group-is-layout-7857e36c wp-block-group-is-layout-flex\" style=\"padding-right:0px;padding-left:0px\">\n<div class=\"wp-block-group texte-deco has-global-padding is-content-justification-left is-layout-constrained wp-container-core-group-is-layout-d6fb7615 wp-block-group-is-layout-constrained\" style=\"margin-top:0px;margin-bottom:0px;padding-right:0px;padding-left:0px\">\n<p class=\"has-custom-color-1-color has-text-color has-link-color has-unbounded-font-family wp-elements-23242f8e928894df1bb9aeb5570cd84d\" style=\"font-size:clamp(2.499rem, 2.499rem + ((1vw - 0.2rem) * 3.652), 4.69rem);font-style:normal;font-weight:700;line-height:1\">Beaches, <\/p>\n\n\n\n<p class=\"has-custom-color-1-color has-text-color has-link-color has-caveat-font-family wp-elements-3f7260e288e8c64822db3bbb16ac0972\" style=\"margin-top:0px;margin-bottom:0px;font-size:clamp(3.159rem, 3.159rem + ((1vw - 0.2rem) * 5.252), 6.31rem);font-style:normal;font-weight:500;line-height:0.7\">family outings<\/p>\n<\/div>\n\n\n\n<div class=\"wp-block-group content has-base-2-background-color has-background has-global-padding is-layout-constrained wp-container-core-group-is-layout-69f271cb wp-block-group-is-layout-constrained\" style=\"border-top-left-radius:10px;border-top-right-radius:10px;border-bottom-left-radius:10px;border-bottom-right-radius:10px;margin-top:0px;margin-bottom:0px;padding-top:40px;padding-right:40px;padding-bottom:40px;padding-left:40px\">\n<h1 class=\"wp-block-heading has-custom-color-1-color has-text-color has-link-color wp-elements-49cbc79cba220cc283e6621ce37ff658\">Your campsite near Fort-Bloqu\u00e9 (56)<\/h1>\n\n\n\n<p class=\"has-custom-color-1-color has-text-color\">Looking for a <strong>campsite near Fort-Bloqu\u00e9 and Guidel<\/strong> to spend your vacations?<\/p>\n\n\n\n<p class=\"has-custom-color-1-color has-text-color\">La Pointe du Talud offers a warm and friendly welcome. Only ten minutes separate your <strong>campsite from Fort-Bloqu\u00e9<\/strong>, Morbihan&#8217;s historic beach.  <\/p>\n<\/div>\n<\/div>\n<\/div>\n<\/div>\n\n<div class=\"wp-block-group section-4 has-global-padding is-layout-constrained wp-container-core-group-is-layout-07b29094 wp-block-group-is-layout-constrained\" style=\"margin-top:0px;margin-bottom:0px;padding-right:0px;padding-left:0px\">\n<div class=\"wp-block-group banner has-global-padding is-layout-constrained wp-container-core-group-is-layout-07b29094 wp-block-group-is-layout-constrained\" style=\"margin-top:0px;margin-bottom:0px;padding-right:0px;padding-left:0px\">\n<div class=\"wp-block-cover\" style=\"margin-top:0px;margin-bottom:0px;padding-top:0px;padding-right:0px;padding-bottom:0px;padding-left:0px;min-height:90vh;aspect-ratio:unset;\"><img decoding=\"async\" width=\"2000\" height=\"1333\" class=\"wp-block-cover__image-background wp-image-7025 size-full\" alt=\"fort bloque\u0301 camping pointe du talud\" src=\"https:\/\/www.campingpointedutalud.com\/wp-content\/uploads\/2026\/03\/fort-bloque-camping-pointe-du-talud_1.jpg\" data-object-fit=\"cover\" srcset=\"https:\/\/www.campingpointedutalud.com\/wp-content\/uploads\/2026\/03\/fort-bloque-camping-pointe-du-talud_1.jpg 2000w, https:\/\/www.campingpointedutalud.com\/wp-content\/uploads\/2026\/03\/fort-bloque-camping-pointe-du-talud_1-300x200.jpg 300w, https:\/\/www.campingpointedutalud.com\/wp-content\/uploads\/2026\/03\/fort-bloque-camping-pointe-du-talud_1-1024x682.jpg 1024w, https:\/\/www.campingpointedutalud.com\/wp-content\/uploads\/2026\/03\/fort-bloque-camping-pointe-du-talud_1-768x512.jpg 768w, https:\/\/www.campingpointedutalud.com\/wp-content\/uploads\/2026\/03\/fort-bloque-camping-pointe-du-talud_1-1536x1024.jpg 1536w\" sizes=\"(max-width: 2000px) 100vw, 2000px\" \/><span aria-hidden=\"true\" class=\"wp-block-cover__background has-background-dim-100 has-background-dim wp-block-cover__gradient-background has-background-gradient\" style=\"background:linear-gradient(0deg,rgb(6,54,122) 0%,rgba(255,255,255,0) 30%)\"><\/span><div class=\"wp-block-cover__inner-container has-global-padding is-layout-constrained wp-container-core-cover-is-layout-8b154107 wp-block-cover-is-layout-constrained\">\n<p class=\"has-text-align-center has-large-font-size\"><\/p>\n<\/div><\/div>\n<\/div>\n\n\n\n<div class=\"wp-block-group content has-custom-color-1-background-color has-background has-global-padding is-layout-constrained wp-container-core-group-is-layout-d4ecddba wp-block-group-is-layout-constrained\" style=\"margin-top:0px;margin-bottom:0px;padding-top:6rem;padding-right:15rem;padding-bottom:6rem;padding-left:15rem\">\n<h2 class=\"wp-block-heading has-custom-color-2-color has-text-color has-link-color wp-elements-fe2f49cb87a8be4d80fecbb36e8bb4c3\">Le Fort-Bloqu\u00e9: what is it?<\/h2>\n\n\n\n    <div id=\"gt-fse-lire-plus-1\"\n         class=\"gt-fse-lire-plus lire-plus-fond-bleu\"\n         data-min-height=\"130\"\n         style=\"background-color: #06367a;\">\n\n        <input id=\"gt-fse-lire-plus-1-toggle\"\n               type=\"checkbox\"\n               class=\"gt-fse-lire-plus__toggle\" \/>\n\n        <label for=\"gt-fse-lire-plus-1-toggle\"\n               class=\"gt-fse-lire-plus__toggle-label\">\n            <span>Read more<\/span>\n            <span>Read less<\/span>\n        <\/label>\n\n        <div class=\"gt-fse-lire-plus__content\"\n             style=\"height: 130px;\">\n\n            \n\n<p class=\"has-base-2-color has-text-color has-link-color wp-elements-54dfbc3f89bd35af198607a0fdc6bae1\">Also known as Fort de Keragan, Fort-Bloqu\u00e9 is located on a small island a few kilometers from Ploemeur and Guidel. Built in 1748, its primary purpose was to ward off potential landings. Today, it&#8217;s a popular tourist attraction for young and old alike.  <\/p>\n\n\n\n<p class=\"has-base-2-color has-text-color has-link-color wp-elements-4dbb47f9c2543621328c3ea898e91539\">At low tide, you can walk to the<strong>island of Keragan<\/strong> from the beach and visit every nook and cranny of the fort. However, beware of the high tide, which submerges the path back to the beach. <\/p>\n\n\n\n<p class=\"has-base-2-color has-text-color has-link-color wp-elements-df39df97b4a9f68f960df7f4138e02f5\">Fort-Bloqu\u00e9 is an ideal destination for a day by the sea, with or without children. Its fine sands offer magnificent scenery and a perfect setting for relaxing or swimming. Flower Campsite La Pointe du Talud in Ploemeur is the ideal choice if you want to book a <a href=\"https:\/\/www.campingpointedutalud.com\/en\/pitch-rental-ploemeur\/\" data-type=\"page\" data-id=\"11\">camping pitch near Fort-Bloqu\u00e9<\/a>.  <\/p>\n\n\n            <div class=\"gt-fse-lire-plus__gradient\"\n                 style=\"background: linear-gradient(to bottom, rgba(6,54,122,0) 0%, rgba(6,54,122,1) 100%);\"><\/div>\n        <\/div>\n\n    <\/div>\n\n    <\/div>\n<\/div>\n\n<div class=\"wp-block-group section-simple has-global-padding is-layout-constrained wp-container-core-group-is-layout-e8882e7b wp-block-group-is-layout-constrained\" style=\"margin-top:0px;margin-bottom:0px;padding-top:8rem;padding-right:15rem;padding-bottom:8rem;padding-left:15rem\">\n<div class=\"wp-block-columns are-vertically-aligned-top is-layout-flex wp-container-core-columns-is-layout-28f84493 wp-block-columns-is-layout-flex\">\n<div class=\"wp-block-column is-vertically-aligned-top is-layout-flow wp-block-column-is-layout-flow\">\n<div class=\"wp-block-group has-custom-color-3-background-color has-background has-global-padding is-layout-constrained wp-container-core-group-is-layout-3dcc9c70 wp-block-group-is-layout-constrained\" style=\"border-top-left-radius:10px;border-top-right-radius:10px;border-bottom-left-radius:10px;border-bottom-right-radius:10px;padding-top:40px;padding-right:40px;padding-bottom:40px;padding-left:40px\">\n<h2 class=\"wp-block-heading has-custom-color-1-color has-text-color has-link-color wp-elements-f29800600b41fef3d6485322275de38a\">Choosing your campsite near Fort-Bloqu\u00e9<\/h2>\n\n\n\n<p class=\"has-custom-color-1-color has-text-color\">La Pointe du Talud is the perfect destination for a <a href=\"https:\/\/www.campingpointedutalud.com\/en\/\" data-type=\"page\" data-id=\"5\">camping vacation in Morbihan<\/a>. Located on the coast near Ploemeur, it&#8217;s just a few minutes&#8217; drive from many of Morbihan&#8217;s iconic tourist sites, including the port of Lorient, the Cit\u00e9 de la Voile Eric Tabarly, the Keroman submarine base and Fort-Bloqu\u00e9 beach. <\/p>\n\n\n\n<p class=\"has-custom-color-1-color has-text-color\">With its friendly atmosphere, modern water park and comfortable mobile homes, La Pointe du Talud campsite is a delight for young and old alike.<\/p>\n\n\n\n<p class=\"has-custom-color-1-color has-text-color\">Contact us today to <a href=\"https:\/\/www.campingpointedutalud.com\/en\/mobile-home-rental-ploemeur\/\" data-type=\"page\" data-id=\"9\">rent a mobile home 10 minutes from Le Fort-Bloqu\u00e9<\/a> and enjoy its large sandy beach, steeped in history!<\/p>\n<\/div>\n<\/div>\n\n\n\n<div class=\"wp-block-column is-vertically-aligned-top is-layout-flow wp-block-column-is-layout-flow\">\n<figure class=\"wp-block-image size-full has-custom-border\"><img decoding=\"async\" width=\"2000\" height=\"1123\" src=\"https:\/\/www.campingpointedutalud.com\/wp-content\/uploads\/2026\/03\/POINTE-DU-TALUD-Accueil-camping-vue-haut.jpg\" alt=\"POINTE DU TALUD Campsite home top view\" class=\"wp-image-6956\" style=\"border-top-left-radius:10px;border-top-right-radius:10px;border-bottom-left-radius:10px;border-bottom-right-radius:10px;aspect-ratio:16\/9;object-fit:cover\" srcset=\"https:\/\/www.campingpointedutalud.com\/wp-content\/uploads\/2026\/03\/POINTE-DU-TALUD-Accueil-camping-vue-haut.jpg 2000w, https:\/\/www.campingpointedutalud.com\/wp-content\/uploads\/2026\/03\/POINTE-DU-TALUD-Accueil-camping-vue-haut-300x168.jpg 300w, https:\/\/www.campingpointedutalud.com\/wp-content\/uploads\/2026\/03\/POINTE-DU-TALUD-Accueil-camping-vue-haut-1024x575.jpg 1024w, https:\/\/www.campingpointedutalud.com\/wp-content\/uploads\/2026\/03\/POINTE-DU-TALUD-Accueil-camping-vue-haut-768x431.jpg 768w, https:\/\/www.campingpointedutalud.com\/wp-content\/uploads\/2026\/03\/POINTE-DU-TALUD-Accueil-camping-vue-haut-1536x862.jpg 1536w\" sizes=\"(max-width: 2000px) 100vw, 2000px\" \/><\/figure>\n<\/div>\n<\/div>\n<\/div>\n\n<div class=\"wp-block-group section-maillage has-custom-color-3-background-color has-background has-global-padding is-layout-constrained wp-container-core-group-is-layout-20238047 wp-block-group-is-layout-constrained\" style=\"margin-top:0px;margin-bottom:0px;padding-top:8rem;padding-right:15rem;padding-bottom:8rem;padding-left:15rem\">\n<div class=\"wp-block-group texte-deco is-layout-flow wp-block-group-is-layout-flow\">\n<p class=\"has-text-align-center has-custom-color-1-color has-text-color has-link-color has-unbounded-font-family wp-elements-75111b99e3eec3d7cc7e10544a75e8c1\" style=\"font-size:clamp(2.499rem, 2.499rem + ((1vw - 0.2rem) * 3.652), 4.69rem);font-style:normal;font-weight:700;line-height:1\">Discover<\/p>\n\n\n\n<p class=\"has-text-align-center has-custom-color-1-color has-text-color has-link-color has-caveat-font-family wp-elements-a373908978e0fe3942b422a2f1b014a6\" style=\"margin-top:0px;margin-bottom:0px;font-size:clamp(3.159rem, 3.159rem + ((1vw - 0.2rem) * 5.252), 6.31rem);font-style:normal;font-weight:500;line-height:0.7\">the surrounding area<\/p>\n<\/div>\n\n\n\n<div data-wp-context=\"{}\" data-wp-interactive=\"core\/query\" data-wp-key=\"0\" data-wp-router-region=\"query-0\" class=\"wp-block-query alignwide gt-fse-maillage-query is-layout-flow wp-block-query-is-layout-flow\"><ul class=\"columns-3 wp-block-post-template is-layout-grid wp-container-core-post-template-is-layout-6d3fbd8f wp-block-post-template-is-layout-grid\"><li data-wp-key=\"post-template-item-8391\" class=\"wp-block-post post-8391 page type-page status-publish has-post-thumbnail hentry\">\n<a href=\"https:\/\/www.campingpointedutalud.com\/en\/tourism-morbihan-southern-brittany\/campsite-quiberon\/\"    class=\"wp-block-tiptip-hyperlink-group-block\" >\n<figure class=\"wp-block-image size-full is-resized\"><img decoding=\"async\" width=\"367\" height=\"318\" src=\"https:\/\/www.campingpointedutalud.com\/wp-content\/uploads\/2025\/12\/grosse-fleur-jaune.svg\" alt=\"large yellow flower\" class=\"wp-image-143\" style=\"object-fit:contain;width:50px;height:50px\"\/><\/figure>\n\n<figure class=\"wp-block-image has-custom-border gt-maillage__image\"><img decoding=\"async\" src=\"https:\/\/www.campingpointedutalud.com\/wp-content\/uploads\/2026\/03\/quiberon-presquile-histoire-bretagne.jpg\" alt=\"Quiberon plage Brittany\" style=\"border-style:none;border-width:0px;border-top-left-radius:10px;border-top-right-radius:10px;border-bottom-left-radius:10px;border-bottom-right-radius:10px\"\/><\/figure>\n\n<p class=\"has-text-align-center has-custom-color-1-color has-text-color has-link-color has-unbounded-font-family wp-elements-6527d65a79d544105f2c7aa114e49b0c\" style=\"font-size:clamp(1.25rem, 1.25rem + ((1vw - 0.2rem) * 1.25), 2rem);line-height:1.1\">Quiberon<\/p>\n<\/a>\n<\/li><li data-wp-key=\"post-template-item-8316\" class=\"wp-block-post post-8316 page type-page status-publish has-post-thumbnail hentry\">\n<a href=\"https:\/\/www.campingpointedutalud.com\/en\/tourism-morbihan-southern-brittany\/campsite-carnac\/\"    class=\"wp-block-tiptip-hyperlink-group-block\" >\n<figure class=\"wp-block-image size-full is-resized\"><img decoding=\"async\" width=\"367\" height=\"318\" src=\"https:\/\/www.campingpointedutalud.com\/wp-content\/uploads\/2025\/12\/grosse-fleur-jaune.svg\" alt=\"large yellow flower\" class=\"wp-image-143\" style=\"object-fit:contain;width:50px;height:50px\"\/><\/figure>\n\n<figure class=\"wp-block-image has-custom-border gt-maillage__image\"><img decoding=\"async\" src=\"https:\/\/www.campingpointedutalud.com\/wp-content\/uploads\/2026\/03\/carnac-megalithes-randonnee-bretagne-visite.jpg\" alt=\"Carnac megaliths menhirs\" style=\"border-style:none;border-width:0px;border-top-left-radius:10px;border-top-right-radius:10px;border-bottom-left-radius:10px;border-bottom-right-radius:10px\"\/><\/figure>\n\n<p class=\"has-text-align-center has-custom-color-1-color has-text-color has-link-color has-unbounded-font-family wp-elements-6527d65a79d544105f2c7aa114e49b0c\" style=\"font-size:clamp(1.25rem, 1.25rem + ((1vw - 0.2rem) * 1.25), 2rem);line-height:1.1\">Carnac<\/p>\n<\/a>\n<\/li><li data-wp-key=\"post-template-item-8221\" class=\"wp-block-post post-8221 page type-page status-publish has-post-thumbnail hentry\">\n<a href=\"https:\/\/www.campingpointedutalud.com\/en\/tourism-morbihan-southern-brittany\/campsite-larmor-plage-la-pointe-du-talud\/\"    class=\"wp-block-tiptip-hyperlink-group-block\" >\n<figure class=\"wp-block-image size-full is-resized\"><img decoding=\"async\" width=\"367\" height=\"318\" src=\"https:\/\/www.campingpointedutalud.com\/wp-content\/uploads\/2025\/12\/grosse-fleur-jaune.svg\" alt=\"large yellow flower\" class=\"wp-image-143\" style=\"object-fit:contain;width:50px;height:50px\"\/><\/figure>\n\n<figure class=\"wp-block-image has-custom-border gt-maillage__image\"><img decoding=\"async\" src=\"https:\/\/www.campingpointedutalud.com\/wp-content\/uploads\/2026\/03\/larmor-plage-visite-bretagne.jpg\" alt=\"Larmor Plage\" style=\"border-style:none;border-width:0px;border-top-left-radius:10px;border-top-right-radius:10px;border-bottom-left-radius:10px;border-bottom-right-radius:10px\"\/><\/figure>\n\n<p class=\"has-text-align-center has-custom-color-1-color has-text-color has-link-color has-unbounded-font-family wp-elements-6527d65a79d544105f2c7aa114e49b0c\" style=\"font-size:clamp(1.25rem, 1.25rem + ((1vw - 0.2rem) * 1.25), 2rem);line-height:1.1\">Larmor-Plage<\/p>\n<\/a>\n<\/li><\/ul><\/div>\n<\/div>\n","protected":false},"excerpt":{"rendered":"<p>Beaches, family outings Your campsite near Fort-Bloqu\u00e9 (56) Looking for a campsite near Fort-Bloqu\u00e9 and Guidel to spend your vacations? La Pointe du Talud offers a warm and friendly welcome. Only ten minutes separate your campsite from Fort-Bloqu\u00e9, Morbihan&#8217;s historic beach. Le Fort-Bloqu\u00e9: what is it? Choosing your campsite near Fort-Bloqu\u00e9 La Pointe du Talud [&hellip;]<\/p>\n","protected":false},"author":1,"featured_media":8184,"parent":8274,"menu_order":0,"comment_status":"closed","ping_status":"closed","template":"","meta":{"_seopress_robots_primary_cat":"","_seopress_titles_title":"Camping FORT BLOQUE | Morbihan ~ Southern Brittany","_seopress_titles_desc":"Enjoy a friendly campsite 10 minutes from Fort-Bloqu\u00e9 and its historic beaches. Perfect for family outings in Morbihan. ","_seopress_robots_index":"","inline_featured_image":false,"gt_fse_maillage_image":"https:\/\/www.campingpointedutalud.com\/wp-content\/uploads\/2026\/03\/fort-bloque-camping-pointe-du-talud_1.jpg","gt_fse_maillage_titre":"Strong blocked","gt_fse_maillage_alt":"Fort bloqu\u00e9 bretagne","gt_fse_maillage_resume":"","footnotes":""},"categories":[],"tags":[],"class_list":["post-8307","page","type-page","status-publish","has-post-thumbnail","hentry"],"publishpress_future_action":{"enabled":false,"date":"2026-05-15 14:51:52","action":"change-status","newStatus":"draft","terms":[],"taxonomy":"category","extraData":[]},"publishpress_future_workflow_manual_trigger":{"enabledWorkflows":[]},"_links":{"self":[{"href":"https:\/\/www.campingpointedutalud.com\/en\/wp-json\/wp\/v2\/pages\/8307","targetHints":{"allow":["GET"]}}],"collection":[{"href":"https:\/\/www.campingpointedutalud.com\/en\/wp-json\/wp\/v2\/pages"}],"about":[{"href":"https:\/\/www.campingpointedutalud.com\/en\/wp-json\/wp\/v2\/types\/page"}],"author":[{"embeddable":true,"href":"https:\/\/www.campingpointedutalud.com\/en\/wp-json\/wp\/v2\/users\/1"}],"replies":[{"embeddable":true,"href":"https:\/\/www.campingpointedutalud.com\/en\/wp-json\/wp\/v2\/comments?post=8307"}],"version-history":[{"count":5,"href":"https:\/\/www.campingpointedutalud.com\/en\/wp-json\/wp\/v2\/pages\/8307\/revisions"}],"predecessor-version":[{"id":8617,"href":"https:\/\/www.campingpointedutalud.com\/en\/wp-json\/wp\/v2\/pages\/8307\/revisions\/8617"}],"up":[{"embeddable":true,"href":"https:\/\/www.campingpointedutalud.com\/en\/wp-json\/wp\/v2\/pages\/8274"}],"wp:featuredmedia":[{"embeddable":true,"href":"https:\/\/www.campingpointedutalud.com\/en\/wp-json\/wp\/v2\/media\/8184"}],"wp:attachment":[{"href":"https:\/\/www.campingpointedutalud.com\/en\/wp-json\/wp\/v2\/media?parent=8307"}],"wp:term":[{"taxonomy":"category","embeddable":true,"href":"https:\/\/www.campingpointedutalud.com\/en\/wp-json\/wp\/v2\/categories?post=8307"},{"taxonomy":"post_tag","embeddable":true,"href":"https:\/\/www.campingpointedutalud.com\/en\/wp-json\/wp\/v2\/tags?post=8307"}],"curies":[{"name":"wp","href":"https:\/\/api.w.org\/{rel}","templated":true}]}}