{"id":8324,"date":"2026-03-11T10:43:51","date_gmt":"2026-03-11T09:43:51","guid":{"rendered":"https:\/\/www.campingpointedutalud.com\/marche-de-ploemeur-camping\/"},"modified":"2026-03-23T08:22:53","modified_gmt":"2026-03-23T07:22:53","slug":"markt-von-ploemeur-campingplatz","status":"publish","type":"page","link":"https:\/\/www.campingpointedutalud.com\/de\/tourismus-morbihan-suedbretagne\/markt-von-ploemeur-campingplatz\/","title":{"rendered":"Markt in Ploemeur"},"content":{"rendered":"\n<div class=\"wp-block-group section-6 has-custom-color-3-background-color has-background has-global-padding is-layout-constrained wp-container-core-group-is-layout-20238047 wp-block-group-is-layout-constrained\" style=\"margin-top:0px;margin-bottom:0px;padding-top:8rem;padding-right:15rem;padding-bottom:8rem;padding-left:15rem\">\n<div class=\"wp-block-group gt-reverse-mobile is-nowrap is-layout-flex wp-container-core-group-is-layout-90b6bdf5 wp-block-group-is-layout-flex\">\n<div class=\"wp-block-group has-global-padding is-layout-constrained wp-container-core-group-is-layout-7c250ea7 wp-block-group-is-layout-constrained\" style=\"margin-top:0px;margin-bottom:0px;padding-top:0;padding-right:0px;padding-bottom:0;padding-left:0px\">\n<div class=\"wp-block-group has-global-padding is-layout-constrained wp-container-core-group-is-layout-162f2a30 wp-block-group-is-layout-constrained\" style=\"margin-top:0px;margin-bottom:0px\">\n<div class=\"wp-block-group has-global-padding is-layout-constrained wp-container-core-group-is-layout-d6554d75 wp-block-group-is-layout-constrained\" style=\"margin-top:0px;margin-bottom:0px\">\n<div class=\"wp-block-cover is-light\" style=\"border-top-left-radius:10px;border-top-right-radius:10px;border-bottom-left-radius:10px;border-bottom-right-radius:10px\"><img decoding=\"async\" width=\"2000\" height=\"1328\" class=\"wp-block-cover__image-background wp-image-7146 size-full\" alt=\"larmor plage marche\u0301 breton coquillages spe\u0301cialite\u0301s locales\" src=\"https:\/\/www.campingpointedutalud.com\/wp-content\/uploads\/2026\/03\/larmor-plage-marche-breton-coquillages-specialites-locales.jpg\" data-object-fit=\"cover\" srcset=\"https:\/\/www.campingpointedutalud.com\/wp-content\/uploads\/2026\/03\/larmor-plage-marche-breton-coquillages-specialites-locales.jpg 2000w, https:\/\/www.campingpointedutalud.com\/wp-content\/uploads\/2026\/03\/larmor-plage-marche-breton-coquillages-specialites-locales-300x199.jpg 300w, https:\/\/www.campingpointedutalud.com\/wp-content\/uploads\/2026\/03\/larmor-plage-marche-breton-coquillages-specialites-locales-1024x680.jpg 1024w, https:\/\/www.campingpointedutalud.com\/wp-content\/uploads\/2026\/03\/larmor-plage-marche-breton-coquillages-specialites-locales-768x510.jpg 768w, https:\/\/www.campingpointedutalud.com\/wp-content\/uploads\/2026\/03\/larmor-plage-marche-breton-coquillages-specialites-locales-1536x1020.jpg 1536w\" sizes=\"(max-width: 2000px) 100vw, 2000px\" \/><span aria-hidden=\"true\" class=\"wp-block-cover__background has-background-dim-0 has-background-dim\"><\/span><div class=\"wp-block-cover__inner-container has-global-padding is-layout-constrained wp-block-cover-is-layout-constrained\">\n<p class=\"has-text-align-center has-large-font-size\"><\/p>\n<\/div><\/div>\n<\/div>\n<\/div>\n<\/div>\n\n\n\n<div class=\"wp-block-group gt-reverse-mobile is-vertical is-layout-flex wp-container-core-group-is-layout-7857e36c wp-block-group-is-layout-flex\" style=\"padding-right:0px;padding-left:0px\">\n<div class=\"wp-block-group texte-deco has-global-padding is-content-justification-left is-layout-constrained wp-container-core-group-is-layout-d6fb7615 wp-block-group-is-layout-constrained\" style=\"margin-top:0px;margin-bottom:0px;padding-right:0px;padding-left:0px\">\n<p class=\"has-custom-color-1-color has-text-color has-link-color has-unbounded-font-family wp-elements-d23fc8f95f466d154ee6f7c239eddf9a\" style=\"font-size:clamp(2.499rem, 2.499rem + ((1vw - 0.2rem) * 3.652), 4.69rem);font-style:normal;font-weight:700;line-height:1\">Der beste<\/p>\n\n\n\n<p class=\"has-custom-color-1-color has-text-color has-link-color has-caveat-font-family wp-elements-8a4132707e81c1509edf2e2632a4ae71\" style=\"margin-top:0px;margin-bottom:0px;font-size:clamp(3.159rem, 3.159rem + ((1vw - 0.2rem) * 5.252), 6.31rem);font-style:normal;font-weight:500;line-height:0.7\">aus der bretonischen Region<\/p>\n<\/div>\n\n\n\n<div class=\"wp-block-group content has-base-2-background-color has-background has-global-padding is-layout-constrained wp-container-core-group-is-layout-69f271cb wp-block-group-is-layout-constrained\" style=\"border-top-left-radius:10px;border-top-right-radius:10px;border-bottom-left-radius:10px;border-bottom-right-radius:10px;margin-top:0px;margin-bottom:0px;padding-top:40px;padding-right:40px;padding-bottom:40px;padding-left:40px\">\n<h1 class=\"wp-block-heading has-custom-color-1-color has-text-color has-link-color wp-elements-fd79094da4e7cfb6dc7c5d3a60c2e685\">Markt in Ploemeur: Entdecken Sie frische Produkte und lokale Handwerker<\/h1>\n\n\n\n<h2 class=\"wp-block-heading has-custom-color-1-color has-text-color has-link-color wp-elements-3971b7a7d4aabb7cfc7995719084ae85\">M\u00e4rkte in Ploemeur<\/h2>\n\n\n\n    <div id=\"gt-fse-lire-plus-1\"\n         class=\"gt-fse-lire-plus\"\n         data-min-height=\"130\"\n         style=\"background-color: #ffffff;\">\n\n        <input id=\"gt-fse-lire-plus-1-toggle\"\n               type=\"checkbox\"\n               class=\"gt-fse-lire-plus__toggle\" \/>\n\n        <label for=\"gt-fse-lire-plus-1-toggle\"\n               class=\"gt-fse-lire-plus__toggle-label\">\n            <span>Mehr lesen<\/span>\n            <span>Weniger lesen<\/span>\n        <\/label>\n\n        <div class=\"gt-fse-lire-plus__content\"\n             style=\"height: 130px;\">\n\n            \n\n<p class=\"has-custom-color-1-color has-text-color\">Was gibt es Sch\u00f6neres, als in der Morgensonne des Morbihan <strong>frische<\/strong> <strong>Lebensmittel<\/strong> zu kaufen? Die M\u00e4rkte von Ploemeur bieten das ganze Jahr \u00fcber dreimal pro Woche ihre St\u00e4nde an. Im Winter sind die M\u00e4rkte von 8.15 bis 13.00 Uhr und im Sommer von 7.45 bis 13.30 Uhr ge\u00f6ffnet!  <\/p>\n\n\n\n<p class=\"has-custom-color-1-color has-text-color\">Die M\u00e4rkte in Ploemeur finden statt:<\/p>\n\n\n\n<ul class=\"wp-block-list has-custom-color-1-color has-text-color\">\n<li>Montags auf dem Gustave Le Floc&#8217;h Platz in Lomener;<\/li>\n\n\n\n<li>Mittwochs auf dem Falquerho-Platz;<\/li>\n\n\n\n<li>Am Sonntagmorgen ebenfalls auf dem Falquerho-Platz, aber mit viel mehr St\u00e4nden;<\/li>\n<\/ul>\n\n\n\n<p class=\"has-custom-color-1-color has-text-color\">Wenn Sie sich f\u00fcr eine <a href=\"https:\/\/www.campingpointedutalud.com\/de\/mobilheimvermietung-ploemeur\/\" data-type=\"page\" data-id=\"9\">Vermietung von Mobilheimen in Morbihan<\/a> entschieden haben, sind die <strong>lokalen M\u00e4rkte<\/strong> die beste M\u00f6glichkeit, Ihren K\u00fchlschrank mit frischen Produkten zu f\u00fcllen. Hier k\u00f6nnen Sie die lokalen Erzeuger kennen lernen und einen gem\u00fctlichen Moment zwischen den St\u00e4nden verbringen! Ein Marktbesuch ist auch eine gute M\u00f6glichkeit, die Stadt Ploemeur zu erkunden und dabei das N\u00fctzliche mit dem Angenehmen zu verbinden.  <\/p>\n\n\n            <div class=\"gt-fse-lire-plus__gradient\"\n                 style=\"background: linear-gradient(to bottom, rgba(255,255,255,0) 0%, rgba(255,255,255,1) 100%);\"><\/div>\n        <\/div>\n\n    <\/div>\n\n    <\/div>\n<\/div>\n<\/div>\n<\/div>\n\n<div class=\"wp-block-group section-simple has-global-padding is-layout-constrained wp-container-core-group-is-layout-e8882e7b wp-block-group-is-layout-constrained\" style=\"margin-top:0px;margin-bottom:0px;padding-top:8rem;padding-right:15rem;padding-bottom:8rem;padding-left:15rem\">\n<div class=\"wp-block-columns are-vertically-aligned-top is-layout-flex wp-container-core-columns-is-layout-28f84493 wp-block-columns-is-layout-flex\">\n<div class=\"wp-block-column is-vertically-aligned-top is-layout-flow wp-block-column-is-layout-flow\">\n<div class=\"wp-block-group has-custom-color-3-background-color has-background has-global-padding is-layout-constrained wp-container-core-group-is-layout-3dcc9c70 wp-block-group-is-layout-constrained\" style=\"border-top-left-radius:10px;border-top-right-radius:10px;border-bottom-left-radius:10px;border-bottom-right-radius:10px;padding-top:40px;padding-right:40px;padding-bottom:40px;padding-left:40px\">\n<h2 class=\"wp-block-heading has-custom-color-1-color has-text-color has-link-color wp-elements-f139262d1d64b86c603081c7e1d1ff95\">Die M\u00e4rkte von 56, eine echte touristische Aktivit\u00e4t<\/h2>\n\n\n\n<p class=\"has-custom-color-1-color has-text-color\">Im Urlaub sucht man manchmal nach sensationellen Besch\u00e4ftigungen, aber man muss auch einfach bleiben, um sich zu erholen. Ein Spaziergang \u00fcber die M\u00e4rkte ist eine tolle Aktivit\u00e4t in der N\u00e4he Ihres <a href=\"https:\/\/www.campingpointedutalud.com\/de\/\" data-type=\"page\" data-id=\"5\">Campingplatzes in Ploemeur<\/a>. <\/p>\n\n\n\n    <div id=\"gt-fse-lire-plus-2\"\n         class=\"gt-fse-lire-plus\"\n         data-min-height=\"130\"\n         style=\"background-color: #e2e6ec;\">\n\n        <input id=\"gt-fse-lire-plus-2-toggle\"\n               type=\"checkbox\"\n               class=\"gt-fse-lire-plus__toggle\" \/>\n\n        <label for=\"gt-fse-lire-plus-2-toggle\"\n               class=\"gt-fse-lire-plus__toggle-label\">\n            <span>Mehr lesen<\/span>\n            <span>Weniger lesen<\/span>\n        <\/label>\n\n        <div class=\"gt-fse-lire-plus__content\"\n             style=\"height: 130px;\">\n\n            \n\n<p class=\"has-custom-color-1-color has-text-color\">Sie k\u00f6nnen nicht nur einkaufen, sondern auch <strong>lokale<\/strong> <strong>Handwerker<\/strong> und <strong>Produzenten<\/strong> kennen lernen. Entdecken Sie die <strong>kulinarischen Spezialit\u00e4ten des Morbihan<\/strong>: Kouign Amann, Far breton, <strong>Buchweizenpfannkuchen<\/strong>, Andouille de Gu\u00e9m\u00e9n\u00e9, etc. Im Gespr\u00e4ch mit den Handwerkern aus Ploemeur erfahren Sie mehr \u00fcber ihre traditionellen Fertigkeiten.  <\/p>\n\n\n\n<p class=\"has-custom-color-1-color has-text-color\">Von Mitte Juli bis Mitte August organisiert das Rathaus die Jeudis de Ploemeur. Treffen Sie sich ab 19 Uhr an den H\u00e4fen der Gemeinde oder im Stadtzentrum! Das Stadtzentrum von Ploemeur, Fort-Bloqu\u00e9, Lomener und Kerroch empfangen Sie in einer warmen und geselligen Atmosph\u00e4re. Musiker beleben die Abende mit bretonischer Musik, w\u00e4hrend Sie am Wasser k\u00f6stliche lokale Gerichte genie\u00dfen k\u00f6nnen. Verbringen Sie einen unvergesslichen Moment im Herzen der Bretagne!    <\/p>\n\n\n            <div class=\"gt-fse-lire-plus__gradient\"\n                 style=\"background: linear-gradient(to bottom, rgba(226,230,236,0) 0%, rgba(226,230,236,1) 100%);\"><\/div>\n        <\/div>\n\n    <\/div>\n\n    <\/div>\n<\/div>\n\n\n\n<div class=\"wp-block-column is-vertically-aligned-top is-layout-flow wp-block-column-is-layout-flow\">\n<figure class=\"wp-block-image size-full has-custom-border\"><img decoding=\"async\" width=\"2000\" height=\"1121\" src=\"https:\/\/www.campingpointedutalud.com\/wp-content\/uploads\/2026\/03\/kouign-amann-bretagne-nourriture-marche.jpg\" alt=\"kouign amann bretagne nahrungsmittel markt\" class=\"wp-image-7404\" style=\"border-top-left-radius:10px;border-top-right-radius:10px;border-bottom-left-radius:10px;border-bottom-right-radius:10px;aspect-ratio:16\/9;object-fit:cover\" srcset=\"https:\/\/www.campingpointedutalud.com\/wp-content\/uploads\/2026\/03\/kouign-amann-bretagne-nourriture-marche.jpg 2000w, https:\/\/www.campingpointedutalud.com\/wp-content\/uploads\/2026\/03\/kouign-amann-bretagne-nourriture-marche-300x168.jpg 300w, https:\/\/www.campingpointedutalud.com\/wp-content\/uploads\/2026\/03\/kouign-amann-bretagne-nourriture-marche-1024x574.jpg 1024w, https:\/\/www.campingpointedutalud.com\/wp-content\/uploads\/2026\/03\/kouign-amann-bretagne-nourriture-marche-768x430.jpg 768w, https:\/\/www.campingpointedutalud.com\/wp-content\/uploads\/2026\/03\/kouign-amann-bretagne-nourriture-marche-1536x861.jpg 1536w\" sizes=\"(max-width: 2000px) 100vw, 2000px\" \/><\/figure>\n<\/div>\n<\/div>\n<\/div>\n\n<div class=\"wp-block-group section-maillage has-custom-color-3-background-color has-background has-global-padding is-layout-constrained wp-container-core-group-is-layout-20238047 wp-block-group-is-layout-constrained\" style=\"margin-top:0px;margin-bottom:0px;padding-top:8rem;padding-right:15rem;padding-bottom:8rem;padding-left:15rem\">\n<div class=\"wp-block-group texte-deco is-layout-flow wp-block-group-is-layout-flow\">\n<p class=\"has-text-align-center has-custom-color-1-color has-text-color has-link-color has-unbounded-font-family wp-elements-96b3b4a8c0fc941b8d466031cbaecbdc\" style=\"font-size:clamp(2.499rem, 2.499rem + ((1vw - 0.2rem) * 3.652), 4.69rem);font-style:normal;font-weight:700;line-height:1\">Nutzen Sie<\/p>\n\n\n\n<p class=\"has-text-align-center has-custom-color-1-color has-text-color has-link-color has-caveat-font-family wp-elements-085f73a99c5f69c583a3be7d2c2cdbe7\" style=\"margin-top:0px;margin-bottom:0px;font-size:clamp(3.159rem, 3.159rem + ((1vw - 0.2rem) * 5.252), 6.31rem);font-style:normal;font-weight:500;line-height:0.7\">Freizeit und unsere Unterk\u00fcnfte<\/p>\n<\/div>\n\n\n\n<div data-wp-context=\"{}\" data-wp-interactive=\"core\/query\" data-wp-key=\"0\" data-wp-router-region=\"query-0\" class=\"wp-block-query alignwide gt-fse-maillage-query is-layout-flow wp-block-query-is-layout-flow\"><ul class=\"columns-3 wp-block-post-template is-layout-grid wp-container-core-post-template-is-layout-6d3fbd8f wp-block-post-template-is-layout-grid\"><li data-wp-key=\"post-template-item-8166\" class=\"wp-block-post post-8166 page type-page status-publish has-post-thumbnail hentry\">\n<a href=\"https:\/\/www.campingpointedutalud.com\/de\/tourismus-morbihan-suedbretagne\/besuch-der-ile-de-groix-unsere-tipps\/\"    class=\"wp-block-tiptip-hyperlink-group-block\" >\n<figure class=\"wp-block-image size-full is-resized\"><img decoding=\"async\" width=\"367\" height=\"318\" src=\"https:\/\/www.campingpointedutalud.com\/wp-content\/uploads\/2025\/12\/grosse-fleur-jaune.svg\" alt=\"gro&#xDF;e gelbe Blume\" class=\"wp-image-143\" style=\"object-fit:contain;width:50px;height:50px\"\/><\/figure>\n\n<figure class=\"wp-block-image has-custom-border gt-maillage__image\"><img decoding=\"async\" src=\"https:\/\/www.campingpointedutalud.com\/wp-content\/uploads\/2026\/03\/ile-de-groix-bretagne-village-locmaria.jpg\" alt=\"Die Insel Groix\" style=\"border-style:none;border-width:0px;border-top-left-radius:10px;border-top-right-radius:10px;border-bottom-left-radius:10px;border-bottom-right-radius:10px\"\/><\/figure>\n\n<p class=\"has-text-align-center has-custom-color-1-color has-text-color has-link-color has-unbounded-font-family wp-elements-6527d65a79d544105f2c7aa114e49b0c\" style=\"font-size:clamp(1.25rem, 1.25rem + ((1vw - 0.2rem) * 1.25), 2rem);line-height:1.1\">Die Insel Groix<\/p>\n<\/a>\n<\/li><li data-wp-key=\"post-template-item-8279\" class=\"wp-block-post post-8279 page type-page status-publish has-post-thumbnail hentry\">\n<a href=\"https:\/\/www.campingpointedutalud.com\/de\/tourismus-morbihan-suedbretagne\/top-10-aktivitaeten-campingplatz-pointe-du-talud\/\"    class=\"wp-block-tiptip-hyperlink-group-block\" >\n<figure class=\"wp-block-image size-full is-resized\"><img decoding=\"async\" width=\"367\" height=\"318\" src=\"https:\/\/www.campingpointedutalud.com\/wp-content\/uploads\/2025\/12\/grosse-fleur-jaune.svg\" alt=\"gro&#xDF;e gelbe Blume\" class=\"wp-image-143\" style=\"object-fit:contain;width:50px;height:50px\"\/><\/figure>\n\n<figure class=\"wp-block-image has-custom-border gt-maillage__image\"><img decoding=\"async\" src=\"https:\/\/www.campingpointedutalud.com\/wp-content\/uploads\/2026\/03\/port-lorient-cite-de-la-voile-activites-famille.jpg\" alt=\"port lorient cit\u00e9 de la voile Aktivit\u00e4ten Familie\" style=\"border-style:none;border-width:0px;border-top-left-radius:10px;border-top-right-radius:10px;border-bottom-left-radius:10px;border-bottom-right-radius:10px\"\/><\/figure>\n\n<p class=\"has-text-align-center has-custom-color-1-color has-text-color has-link-color has-unbounded-font-family wp-elements-6527d65a79d544105f2c7aa114e49b0c\" style=\"font-size:clamp(1.25rem, 1.25rem + ((1vw - 0.2rem) * 1.25), 2rem);line-height:1.1\">Top 10 Aktivit\u00e4ten<\/p>\n<\/a>\n<\/li><li data-wp-key=\"post-template-item-8153\" class=\"wp-block-post post-8153 page type-page status-publish has-post-thumbnail hentry\">\n<a href=\"https:\/\/www.campingpointedutalud.com\/de\/stellplatzvermietung-ploemeur\/\"    class=\"wp-block-tiptip-hyperlink-group-block\" >\n<figure class=\"wp-block-image size-full is-resized\"><img decoding=\"async\" width=\"367\" height=\"318\" src=\"https:\/\/www.campingpointedutalud.com\/wp-content\/uploads\/2025\/12\/grosse-fleur-jaune.svg\" alt=\"gro&#xDF;e gelbe Blume\" class=\"wp-image-143\" style=\"object-fit:contain;width:50px;height:50px\"\/><\/figure>\n\n<figure class=\"wp-block-image has-custom-border gt-maillage__image\"><img decoding=\"async\" src=\"https:\/\/www.campingpointedutalud.com\/wp-content\/uploads\/2026\/03\/Pointe-du-talud-emplacement-caravane-bretagne.jpeg\" alt=\"La Pointe du Talud Wohnwagenstellplatz Bretagne\" style=\"border-style:none;border-width:0px;border-top-left-radius:10px;border-top-right-radius:10px;border-bottom-left-radius:10px;border-bottom-right-radius:10px\"\/><\/figure>\n\n<p class=\"has-text-align-center has-custom-color-1-color has-text-color has-link-color has-unbounded-font-family wp-elements-6527d65a79d544105f2c7aa114e49b0c\" style=\"font-size:clamp(1.25rem, 1.25rem + ((1vw - 0.2rem) * 1.25), 2rem);line-height:1.1\">Unsere Standorte<\/p>\n<\/a>\n<\/li><\/ul><\/div>\n<\/div>\n","protected":false},"excerpt":{"rendered":"<p>Der beste aus der bretonischen Region Markt in Ploemeur: Entdecken Sie frische Produkte und lokale Handwerker M\u00e4rkte in Ploemeur Die M\u00e4rkte von 56, eine echte touristische Aktivit\u00e4t Im Urlaub sucht man manchmal nach sensationellen Besch\u00e4ftigungen, aber man muss auch einfach bleiben, um sich zu erholen. Ein Spaziergang \u00fcber die M\u00e4rkte ist eine tolle Aktivit\u00e4t in [&hellip;]<\/p>\n","protected":false},"author":1,"featured_media":8325,"parent":8348,"menu_order":0,"comment_status":"closed","ping_status":"closed","template":"","meta":{"_seopress_robots_primary_cat":"","_seopress_titles_title":"Camping Morbihan March\u00e9 de ploemeur - Entdecken Sie das Terroir","_seopress_titles_desc":"Entdecken Sie das bretonische Terroir auf den M\u00e4rkten von Ploemeur. Frische Produkte, lokale Handwerker: ein Muss f\u00fcr Ihren Urlaub in Morbihan! ","_seopress_robots_index":"","inline_featured_image":false,"gt_fse_maillage_image":"https:\/\/www.campingpointedutalud.com\/wp-content\/uploads\/2026\/03\/marche-bretagne-ploemeur-huitres.jpg","gt_fse_maillage_titre":"Markt in Ploemeur","gt_fse_maillage_alt":"Markt von Ploemeur Austern","gt_fse_maillage_resume":"","footnotes":""},"categories":[],"tags":[],"class_list":["post-8324","page","type-page","status-publish","has-post-thumbnail","hentry"],"publishpress_future_action":{"enabled":false,"date":"2026-05-15 14:51:09","action":"change-status","newStatus":"draft","terms":[],"taxonomy":"category","extraData":[]},"publishpress_future_workflow_manual_trigger":{"enabledWorkflows":[]},"_links":{"self":[{"href":"https:\/\/www.campingpointedutalud.com\/de\/wp-json\/wp\/v2\/pages\/8324","targetHints":{"allow":["GET"]}}],"collection":[{"href":"https:\/\/www.campingpointedutalud.com\/de\/wp-json\/wp\/v2\/pages"}],"about":[{"href":"https:\/\/www.campingpointedutalud.com\/de\/wp-json\/wp\/v2\/types\/page"}],"author":[{"embeddable":true,"href":"https:\/\/www.campingpointedutalud.com\/de\/wp-json\/wp\/v2\/users\/1"}],"replies":[{"embeddable":true,"href":"https:\/\/www.campingpointedutalud.com\/de\/wp-json\/wp\/v2\/comments?post=8324"}],"version-history":[{"count":4,"href":"https:\/\/www.campingpointedutalud.com\/de\/wp-json\/wp\/v2\/pages\/8324\/revisions"}],"predecessor-version":[{"id":8555,"href":"https:\/\/www.campingpointedutalud.com\/de\/wp-json\/wp\/v2\/pages\/8324\/revisions\/8555"}],"up":[{"embeddable":true,"href":"https:\/\/www.campingpointedutalud.com\/de\/wp-json\/wp\/v2\/pages\/8348"}],"wp:featuredmedia":[{"embeddable":true,"href":"https:\/\/www.campingpointedutalud.com\/de\/wp-json\/wp\/v2\/media\/8325"}],"wp:attachment":[{"href":"https:\/\/www.campingpointedutalud.com\/de\/wp-json\/wp\/v2\/media?parent=8324"}],"wp:term":[{"taxonomy":"category","embeddable":true,"href":"https:\/\/www.campingpointedutalud.com\/de\/wp-json\/wp\/v2\/categories?post=8324"},{"taxonomy":"post_tag","embeddable":true,"href":"https:\/\/www.campingpointedutalud.com\/de\/wp-json\/wp\/v2\/tags?post=8324"}],"curies":[{"name":"wp","href":"https:\/\/api.w.org\/{rel}","templated":true}]}}