{"id":8319,"date":"2026-03-11T10:49:09","date_gmt":"2026-03-11T09:49:09","guid":{"rendered":"https:\/\/www.campingpointedutalud.com\/phare-de-kerroch-ploemeur\/"},"modified":"2026-03-20T16:43:52","modified_gmt":"2026-03-20T15:43:52","slug":"leuchtturm-von-kerroch-ploemeur","status":"publish","type":"page","link":"https:\/\/www.campingpointedutalud.com\/de\/tourismus-morbihan-suedbretagne\/leuchtturm-von-kerroch-ploemeur\/","title":{"rendered":"Leuchtturm von Kerroc&#8217;h"},"content":{"rendered":"\n<div class=\"wp-block-group section-6 has-custom-color-3-background-color has-background has-global-padding is-layout-constrained wp-container-core-group-is-layout-20238047 wp-block-group-is-layout-constrained\" style=\"margin-top:0px;margin-bottom:0px;padding-top:8rem;padding-right:15rem;padding-bottom:8rem;padding-left:15rem\">\n<div class=\"wp-block-group gt-reverse-mobile is-nowrap is-layout-flex wp-container-core-group-is-layout-90b6bdf5 wp-block-group-is-layout-flex\">\n<div class=\"wp-block-group has-global-padding is-layout-constrained wp-container-core-group-is-layout-7c250ea7 wp-block-group-is-layout-constrained\" style=\"margin-top:0px;margin-bottom:0px;padding-top:0;padding-right:0px;padding-bottom:0;padding-left:0px\">\n<div class=\"wp-block-group has-global-padding is-layout-constrained wp-container-core-group-is-layout-162f2a30 wp-block-group-is-layout-constrained\" style=\"margin-top:0px;margin-bottom:0px\">\n<div class=\"wp-block-group has-global-padding is-layout-constrained wp-container-core-group-is-layout-d6554d75 wp-block-group-is-layout-constrained\" style=\"margin-top:0px;margin-bottom:0px\">\n<div class=\"wp-block-cover is-light\" style=\"border-top-left-radius:10px;border-top-right-radius:10px;border-bottom-left-radius:10px;border-bottom-right-radius:10px\"><img decoding=\"async\" width=\"1920\" height=\"1280\" class=\"wp-block-cover__image-background wp-image-7382 size-full\" alt=\"Phare de Kerroch Bretagne\" src=\"https:\/\/www.campingpointedutalud.com\/wp-content\/uploads\/2026\/03\/Phare-de-Kerroch-Bretagne-.jpg\" data-object-fit=\"cover\" srcset=\"https:\/\/www.campingpointedutalud.com\/wp-content\/uploads\/2026\/03\/Phare-de-Kerroch-Bretagne-.jpg 1920w, https:\/\/www.campingpointedutalud.com\/wp-content\/uploads\/2026\/03\/Phare-de-Kerroch-Bretagne--300x200.jpg 300w, https:\/\/www.campingpointedutalud.com\/wp-content\/uploads\/2026\/03\/Phare-de-Kerroch-Bretagne--1024x683.jpg 1024w, https:\/\/www.campingpointedutalud.com\/wp-content\/uploads\/2026\/03\/Phare-de-Kerroch-Bretagne--768x512.jpg 768w, https:\/\/www.campingpointedutalud.com\/wp-content\/uploads\/2026\/03\/Phare-de-Kerroch-Bretagne--1536x1024.jpg 1536w\" sizes=\"(max-width: 1920px) 100vw, 1920px\" \/><span aria-hidden=\"true\" class=\"wp-block-cover__background has-background-dim-0 has-background-dim\"><\/span><div class=\"wp-block-cover__inner-container has-global-padding is-layout-constrained wp-block-cover-is-layout-constrained\">\n<p class=\"has-text-align-center has-large-font-size\"><\/p>\n<\/div><\/div>\n<\/div>\n<\/div>\n<\/div>\n\n\n\n<div class=\"wp-block-group gt-reverse-mobile is-vertical is-layout-flex wp-container-core-group-is-layout-7857e36c wp-block-group-is-layout-flex\" style=\"padding-right:0px;padding-left:0px\">\n<div class=\"wp-block-group texte-deco has-global-padding is-layout-constrained wp-container-core-group-is-layout-07b29094 wp-block-group-is-layout-constrained\" style=\"margin-top:0px;margin-bottom:0px;padding-right:0px;padding-left:0px\">\n<p class=\"has-custom-color-1-color has-text-color has-link-color has-unbounded-font-family wp-elements-3062ecd68ed3df4c5bb251723a1c9615\" style=\"font-size:clamp(2.499rem, 2.499rem + ((1vw - 0.2rem) * 3.652), 4.69rem);font-style:normal;font-weight:700;line-height:1\">Sentinel<\/p>\n\n\n\n<p class=\"has-custom-color-1-color has-text-color has-link-color has-caveat-font-family wp-elements-e630cd20f607efd7e0bb5bd517add52b\" style=\"margin-top:0px;margin-bottom:0px;font-size:clamp(3.159rem, 3.159rem + ((1vw - 0.2rem) * 5.252), 6.31rem);font-style:normal;font-weight:500;line-height:0.7\">Morbihan<\/p>\n<\/div>\n\n\n\n<div class=\"wp-block-group content has-base-2-background-color has-background has-global-padding is-layout-constrained wp-container-core-group-is-layout-69f271cb wp-block-group-is-layout-constrained\" style=\"border-top-left-radius:10px;border-top-right-radius:10px;border-bottom-left-radius:10px;border-bottom-right-radius:10px;margin-top:0px;margin-bottom:0px;padding-top:40px;padding-right:40px;padding-bottom:40px;padding-left:40px\">\n<h1 class=\"wp-block-heading has-custom-color-1-color has-text-color has-link-color wp-elements-cb327a61c95c733c08b6d1121b2f5bd1\">Leuchtturm von Kerroc&#8217;h: Entdecken Sie den symboltr\u00e4chtigen Ort in Ploemeur<\/h1>\n\n\n\n<p class=\"has-custom-color-1-color has-text-color\">Der <strong>Leuchtturm von Kerroc&#8217;h <\/strong>: ein historisches Monument in Ploemeur. Planen Sie einen Urlaub in der S\u00fcdbretagne und wollen Sie die Leuchtt\u00fcrme von Morbihan besichtigen? Dann sollten Sie den Leuchtturm von Kerroc&#8217;h in Ploemeur auf Ihre Liste setzen. Er ist ein Muss in der Region und liegt nur wenige Schritte vom <a href=\"https:\/\/www.campingpointedutalud.com\/de\/\" data-type=\"page\" data-id=\"5\">Flower Campingplatz La Pointe du Talud<\/a> entfernt. Wir erz\u00e4hlen Ihnen die Geschichte des Leuchtturms, bevor Sie ihn mit eigenen Augen sehen k\u00f6nnen.    <\/p>\n<\/div>\n<\/div>\n<\/div>\n<\/div>\n\n<div class=\"wp-block-group section-simple has-global-padding is-layout-constrained wp-container-core-group-is-layout-e8882e7b wp-block-group-is-layout-constrained\" style=\"margin-top:0px;margin-bottom:0px;padding-top:8rem;padding-right:15rem;padding-bottom:8rem;padding-left:15rem\">\n<div class=\"wp-block-columns are-vertically-aligned-top is-layout-flex wp-container-core-columns-is-layout-28f84493 wp-block-columns-is-layout-flex\">\n<div class=\"wp-block-column is-vertically-aligned-top is-layout-flow wp-block-column-is-layout-flow\">\n<div class=\"wp-block-group has-custom-color-3-background-color has-background has-global-padding is-layout-constrained wp-container-core-group-is-layout-3dcc9c70 wp-block-group-is-layout-constrained\" style=\"border-top-left-radius:10px;border-top-right-radius:10px;border-bottom-left-radius:10px;border-bottom-right-radius:10px;padding-top:40px;padding-right:40px;padding-bottom:40px;padding-left:40px\">\n<h2 class=\"wp-block-heading has-custom-color-1-color has-text-color has-link-color wp-elements-6eb3821ddee93d06f24900171507b12f\">Der Leuchtturm von Kerroc&#8217;h: Die Geschichte eines atypischen Leuchtturms<\/h2>\n\n\n\n<p class=\"has-custom-color-1-color has-text-color\">Der Leuchtturm von Kerroc&#8217;h wurde vollst\u00e4ndig aus Granit gebaut, ist 12 Meter hoch und wird von drei Statuen \u00fcberragt, die heilige Figuren <a href=\"https:\/\/www.campingpointedutalud.com\/de\/tourismus-morbihan-suedbretagne\/\" data-type=\"page\" data-id=\"6658\">des<\/a> Christentums darstellen.<\/p>\n\n\n\n    <div id=\"gt-fse-lire-plus-1\"\n         class=\"gt-fse-lire-plus\"\n         data-min-height=\"130\"\n         style=\"background-color: #e2e6ec;\">\n\n        <input id=\"gt-fse-lire-plus-1-toggle\"\n               type=\"checkbox\"\n               class=\"gt-fse-lire-plus__toggle\" \/>\n\n        <label for=\"gt-fse-lire-plus-1-toggle\"\n               class=\"gt-fse-lire-plus__toggle-label\">\n            <span>Mehr lesen<\/span>\n            <span>Weniger lesen<\/span>\n        <\/label>\n\n        <div class=\"gt-fse-lire-plus__content\"\n             style=\"height: 130px;\">\n\n            \n\n<p class=\"has-custom-color-1-color has-text-color\">Dieser Leuchtturm, der auch als &#8222;Turm von Kerroc&#8217;h&#8220; bezeichnet wird, \u00e4hnelt eher einem religi\u00f6sen Geb\u00e4ude als einem Werkzeug f\u00fcr die Navigation auf See, und das aus gutem Grund! Der Leuchtturm von Kerroc&#8217;h wurde in der <strong>zweiten H\u00e4lfte des XIX\u1d49 Jahrhunderts<\/strong> erbaut und diente in erster Linie der \u00dcberwachung und Segnung der Schiffe, die in den Gew\u00e4ssern des Morbihan zum Fischen ausfuhren, und nicht der F\u00fchrung dieser Schiffe. <\/p>\n\n\n\n<p class=\"has-custom-color-1-color has-text-color\">Der urspr\u00fcngliche Plan war, eine einfache Statue einer Jungfrau zu errichten, aber schon bald entstand der Wunsch, ein <strong>gr\u00f6\u00dferes und majest\u00e4tischeres Denkmal<\/strong> zu errichten, was die H\u00f6he des Leuchtturms und die drei Statuen erkl\u00e4rt. Der Leuchtturm von Kerroc&#8217;h befindet sich in Ploemeur und ist das Wahrzeichen der kleinen Gemeinde Ploubazlanec, wo diejenigen lebten, die den Bau des Leuchtturms initiiert und gef\u00f6rdert haben. <\/p>\n\n\n            <div class=\"gt-fse-lire-plus__gradient\"\n                 style=\"background: linear-gradient(to bottom, rgba(226,230,236,0) 0%, rgba(226,230,236,1) 100%);\"><\/div>\n        <\/div>\n\n    <\/div>\n\n    <\/div>\n<\/div>\n\n\n\n<div class=\"wp-block-column is-vertically-aligned-top is-layout-flow wp-block-column-is-layout-flow\">\n<figure class=\"wp-block-image size-full has-custom-border\"><img decoding=\"async\" width=\"1920\" height=\"1280\" src=\"https:\/\/www.campingpointedutalud.com\/wp-content\/uploads\/2026\/03\/phare-de-kerroch-bretagne-close-up.jpg\" alt=\"Leuchtturm von Kerroch Bretagne close up\" class=\"wp-image-7383\" style=\"border-top-left-radius:10px;border-top-right-radius:10px;border-bottom-left-radius:10px;border-bottom-right-radius:10px;aspect-ratio:16\/9;object-fit:cover\" srcset=\"https:\/\/www.campingpointedutalud.com\/wp-content\/uploads\/2026\/03\/phare-de-kerroch-bretagne-close-up.jpg 1920w, https:\/\/www.campingpointedutalud.com\/wp-content\/uploads\/2026\/03\/phare-de-kerroch-bretagne-close-up-300x200.jpg 300w, https:\/\/www.campingpointedutalud.com\/wp-content\/uploads\/2026\/03\/phare-de-kerroch-bretagne-close-up-1024x683.jpg 1024w, https:\/\/www.campingpointedutalud.com\/wp-content\/uploads\/2026\/03\/phare-de-kerroch-bretagne-close-up-768x512.jpg 768w, https:\/\/www.campingpointedutalud.com\/wp-content\/uploads\/2026\/03\/phare-de-kerroch-bretagne-close-up-1536x1024.jpg 1536w\" sizes=\"(max-width: 1920px) 100vw, 1920px\" \/><\/figure>\n<\/div>\n<\/div>\n<\/div>\n\n<div class=\"wp-block-group section-simple has-custom-color-2-background-color has-background has-global-padding is-layout-constrained wp-container-core-group-is-layout-e8882e7b wp-block-group-is-layout-constrained\" style=\"margin-top:0px;margin-bottom:0px;padding-top:8rem;padding-right:15rem;padding-bottom:8rem;padding-left:15rem\">\n<div class=\"wp-block-columns are-vertically-aligned-top is-layout-flex wp-container-core-columns-is-layout-28f84493 wp-block-columns-is-layout-flex\">\n<div class=\"wp-block-column is-vertically-aligned-top is-layout-flow wp-block-column-is-layout-flow\">\n<figure class=\"wp-block-image size-full has-custom-border\"><img decoding=\"async\" width=\"2000\" height=\"1335\" src=\"https:\/\/www.campingpointedutalud.com\/wp-content\/uploads\/2026\/03\/phare-kerroch-pointe-du-talud.jpg\" alt=\"Leuchtturm Kerroc'h La Pointe du Talud\" class=\"wp-image-7381\" style=\"border-top-left-radius:10px;border-top-right-radius:10px;border-bottom-left-radius:10px;border-bottom-right-radius:10px;aspect-ratio:16\/9;object-fit:cover\" srcset=\"https:\/\/www.campingpointedutalud.com\/wp-content\/uploads\/2026\/03\/phare-kerroch-pointe-du-talud.jpg 2000w, https:\/\/www.campingpointedutalud.com\/wp-content\/uploads\/2026\/03\/phare-kerroch-pointe-du-talud-300x200.jpg 300w, https:\/\/www.campingpointedutalud.com\/wp-content\/uploads\/2026\/03\/phare-kerroch-pointe-du-talud-1024x684.jpg 1024w, https:\/\/www.campingpointedutalud.com\/wp-content\/uploads\/2026\/03\/phare-kerroch-pointe-du-talud-768x513.jpg 768w, https:\/\/www.campingpointedutalud.com\/wp-content\/uploads\/2026\/03\/phare-kerroch-pointe-du-talud-1536x1025.jpg 1536w\" sizes=\"(max-width: 2000px) 100vw, 2000px\" \/><\/figure>\n<\/div>\n\n\n\n<div class=\"wp-block-column is-vertically-aligned-top is-layout-flow wp-block-column-is-layout-flow\">\n<div class=\"wp-block-group has-base-2-background-color has-background has-global-padding is-layout-constrained wp-container-core-group-is-layout-ac731009 wp-block-group-is-layout-constrained\" style=\"border-top-left-radius:10px;border-top-right-radius:10px;border-bottom-left-radius:10px;border-bottom-right-radius:10px;padding-top:40px;padding-right:40px;padding-bottom:40px;padding-left:40px\">\n<h2 class=\"wp-block-heading has-custom-color-1-color has-text-color has-link-color wp-elements-3abd63ca20e9a19abff0822f4a85e606\">Der Campingplatz Flower Camping de la Pointe du Talud, Ihre Unterkunft f\u00fcr Ihre Entdeckung der Leuchtt\u00fcrme von Morbihan.<\/h2>\n\n\n\n    <div id=\"gt-fse-lire-plus-2\"\n         class=\"gt-fse-lire-plus\"\n         data-min-height=\"130\"\n         style=\"background-color: #ffffff;\">\n\n        <input id=\"gt-fse-lire-plus-2-toggle\"\n               type=\"checkbox\"\n               class=\"gt-fse-lire-plus__toggle\" \/>\n\n        <label for=\"gt-fse-lire-plus-2-toggle\"\n               class=\"gt-fse-lire-plus__toggle-label\">\n            <span>Mehr lesen<\/span>\n            <span>Weniger lesen<\/span>\n        <\/label>\n\n        <div class=\"gt-fse-lire-plus__content\"\n             style=\"height: 130px;\">\n\n            \n\n<p class=\"has-custom-color-1-color has-text-color\">Der Leuchtturm von Kerroc&#8217;h liegt nur einen Kilometer von unserem Campingplatz entfernt und ist der ideale Ort f\u00fcr einen Urlaub im S\u00fcden von Morbihan. <strong>Zu Fu\u00df oder mit dem Fahrrad<\/strong> k\u00f6nnen Sie dieses geschichtstr\u00e4chtige Bauwerk leicht selbst erkunden. Am Fu\u00dfe des Leuchtturms erwartet Sie eine Lehrtafel, die Ihnen die Geschichte des Leuchtturms in allen Einzelheiten erz\u00e4hlt. <\/p>\n\n\n\n<p class=\"has-custom-color-1-color has-text-color\">Ob im Zelt, Mobilheim oder Wohnmobil, wenn Sie sich auf unserem Campingplatz niederlassen, haben Sie Zugang zum Ozean und zu allen<strong>patrimonialen und kulturellen<\/strong> Reicht\u00fcmern<strong>des s\u00fcdlichen<\/strong> Morbihan: Sie k\u00f6nnen leicht die gro\u00dfen Leuchtt\u00fcrme des Golfs von Morbihan entdecken oder <a href=\"https:\/\/www.campingpointedutalud.com\/de\/tourismus-morbihan-suedbretagne\/campingplatz-iles-bretonnes\/\" data-type=\"page\" data-id=\"6703\">die Inselgruppe Gl\u00e9nan und andere Wunder der K\u00fcste Morbihans besuchen<\/a>.<\/p>\n\n\n\n<p class=\"has-custom-color-1-color has-text-color\">Reservieren Sie noch heute Ihren Urlaub auf dem Campingplatz La Pointe du Talud!<\/p>\n\n\n            <div class=\"gt-fse-lire-plus__gradient\"\n                 style=\"background: linear-gradient(to bottom, rgba(255,255,255,0) 0%, rgba(255,255,255,1) 100%);\"><\/div>\n        <\/div>\n\n    <\/div>\n\n    <\/div>\n<\/div>\n<\/div>\n<\/div>\n\n<div class=\"wp-block-group section-maillage has-custom-color-3-background-color has-background has-global-padding is-layout-constrained wp-container-core-group-is-layout-20238047 wp-block-group-is-layout-constrained\" style=\"margin-top:0px;margin-bottom:0px;padding-top:8rem;padding-right:15rem;padding-bottom:8rem;padding-left:15rem\">\n<div class=\"wp-block-group texte-deco is-layout-flow wp-block-group-is-layout-flow\">\n<p class=\"has-text-align-center has-custom-color-1-color has-text-color has-link-color has-unbounded-font-family wp-elements-5d424d852fc2dfb25146601ed7959b79\" style=\"font-size:clamp(2.499rem, 2.499rem + ((1vw - 0.2rem) * 3.652), 4.69rem);font-style:normal;font-weight:700;line-height:1\">Erleben Sie Morbihan :<\/p>\n\n\n\n<p class=\"has-text-align-center has-custom-color-1-color has-text-color has-link-color has-caveat-font-family wp-elements-7a7356f9c5afe60de291f7684aae991d\" style=\"margin-top:0px;margin-bottom:0px;font-size:clamp(3.159rem, 3.159rem + ((1vw - 0.2rem) * 5.252), 6.31rem);font-style:normal;font-weight:500;line-height:0.7\">Meer, Natur und Aktivit\u00e4ten<\/p>\n<\/div>\n\n\n\n<div data-wp-context=\"{}\" data-wp-interactive=\"core\/query\" data-wp-key=\"0\" data-wp-router-region=\"query-0\" class=\"wp-block-query alignwide gt-fse-maillage-query is-layout-flow wp-block-query-is-layout-flow\"><ul class=\"columns-3 wp-block-post-template is-layout-grid wp-container-core-post-template-is-layout-6d3fbd8f wp-block-post-template-is-layout-grid\"><li data-wp-key=\"post-template-item-8405\" class=\"wp-block-post post-8405 page type-page status-publish has-post-thumbnail hentry\">\n<a href=\"https:\/\/www.campingpointedutalud.com\/de\/tourismus-morbihan-suedbretagne\/morbihan-in-3-tagen-erkunden\/\"    class=\"wp-block-tiptip-hyperlink-group-block\" >\n<figure class=\"wp-block-image size-full is-resized\"><img decoding=\"async\" width=\"367\" height=\"318\" src=\"https:\/\/www.campingpointedutalud.com\/wp-content\/uploads\/2025\/12\/grosse-fleur-jaune.svg\" alt=\"gro&#xDF;e gelbe Blume\" class=\"wp-image-143\" style=\"object-fit:contain;width:50px;height:50px\"\/><\/figure>\n\n<figure class=\"wp-block-image has-custom-border gt-maillage__image\"><img decoding=\"async\" src=\"https:\/\/www.campingpointedutalud.com\/wp-content\/uploads\/2026\/03\/Morbihan-iles-pointe-du-talud-ile-de-groix.jpg\" alt=\"Morbihan Bretagne\" style=\"border-style:none;border-width:0px;border-top-left-radius:10px;border-top-right-radius:10px;border-bottom-left-radius:10px;border-bottom-right-radius:10px\"\/><\/figure>\n\n<p class=\"has-text-align-center has-custom-color-1-color has-text-color has-link-color has-unbounded-font-family wp-elements-6527d65a79d544105f2c7aa114e49b0c\" style=\"font-size:clamp(1.25rem, 1.25rem + ((1vw - 0.2rem) * 1.25), 2rem);line-height:1.1\">Morbihan<\/p>\n<\/a>\n<\/li><li data-wp-key=\"post-template-item-8347\" class=\"wp-block-post post-8347 page type-page status-publish has-post-thumbnail hentry\">\n<a href=\"https:\/\/www.campingpointedutalud.com\/de\/campingplatz-am-meer-ploemeur\/\"    class=\"wp-block-tiptip-hyperlink-group-block\" >\n<figure class=\"wp-block-image size-full is-resized\"><img decoding=\"async\" width=\"367\" height=\"318\" src=\"https:\/\/www.campingpointedutalud.com\/wp-content\/uploads\/2025\/12\/grosse-fleur-jaune.svg\" alt=\"gro&#xDF;e gelbe Blume\" class=\"wp-image-143\" style=\"object-fit:contain;width:50px;height:50px\"\/><\/figure>\n\n<figure class=\"wp-block-image has-custom-border gt-maillage__image\"><img decoding=\"async\" src=\"https:\/\/www.campingpointedutalud.com\/wp-content\/uploads\/2026\/03\/paysage-bretagne-kerroch-bord-de-mer.jpg\" alt=\"K\u00fcste Morbihan Bretagne\" style=\"border-style:none;border-width:0px;border-top-left-radius:10px;border-top-right-radius:10px;border-bottom-left-radius:10px;border-bottom-right-radius:10px\"\/><\/figure>\n\n<p class=\"has-text-align-center has-custom-color-1-color has-text-color has-link-color has-unbounded-font-family wp-elements-6527d65a79d544105f2c7aa114e49b0c\" style=\"font-size:clamp(1.25rem, 1.25rem + ((1vw - 0.2rem) * 1.25), 2rem);line-height:1.1\">Meer<\/p>\n<\/a>\n<\/li><li data-wp-key=\"post-template-item-8126\" class=\"wp-block-post post-8126 page type-page status-publish has-post-thumbnail hentry\">\n<a href=\"https:\/\/www.campingpointedutalud.com\/de\/campingplatz-aktivitaeten-ploemeur\/\"    class=\"wp-block-tiptip-hyperlink-group-block\" >\n<figure class=\"wp-block-image size-full is-resized\"><img decoding=\"async\" width=\"367\" height=\"318\" src=\"https:\/\/www.campingpointedutalud.com\/wp-content\/uploads\/2025\/12\/grosse-fleur-jaune.svg\" alt=\"gro&#xDF;e gelbe Blume\" class=\"wp-image-143\" style=\"object-fit:contain;width:50px;height:50px\"\/><\/figure>\n\n<figure class=\"wp-block-image has-custom-border gt-maillage__image\"><img decoding=\"async\" src=\"https:\/\/www.campingpointedutalud.com\/wp-content\/uploads\/2026\/03\/activites-animations-pointe-du-talud-tournoi-petanque.jpg\" alt=\"Aktivit\u00e4ten Boulespielen Camping La Pointe du Talud Flower\" style=\"border-style:none;border-width:0px;border-top-left-radius:10px;border-top-right-radius:10px;border-bottom-left-radius:10px;border-bottom-right-radius:10px\"\/><\/figure>\n\n<p class=\"has-text-align-center has-custom-color-1-color has-text-color has-link-color has-unbounded-font-family wp-elements-6527d65a79d544105f2c7aa114e49b0c\" style=\"font-size:clamp(1.25rem, 1.25rem + ((1vw - 0.2rem) * 1.25), 2rem);line-height:1.1\">Aktivit\u00e4ten<\/p>\n<\/a>\n<\/li><\/ul><\/div>\n<\/div>\n","protected":false},"excerpt":{"rendered":"<p>Sentinel Morbihan Leuchtturm von Kerroc&#8217;h: Entdecken Sie den symboltr\u00e4chtigen Ort in Ploemeur Der Leuchtturm von Kerroc&#8217;h : ein historisches Monument in Ploemeur. Planen Sie einen Urlaub in der S\u00fcdbretagne und wollen Sie die Leuchtt\u00fcrme von Morbihan besichtigen? Dann sollten Sie den Leuchtturm von Kerroc&#8217;h in Ploemeur auf Ihre Liste setzen. Er ist ein Muss in [&hellip;]<\/p>\n","protected":false},"author":1,"featured_media":8320,"parent":8348,"menu_order":0,"comment_status":"closed","ping_status":"closed","template":"","meta":{"_seopress_robots_primary_cat":"","_seopress_titles_title":"Camping Morbihan | Leuchtturm von Kerroc'h | Entdecken Sie Ploemeur","_seopress_titles_desc":"Erkunden Sie den unumg\u00e4nglichen Leuchtturm von Kerroc'h in Ploemeur, das historische Symbol von Morbihan. In der N\u00e4he des Campingplatzes La Pointe du Talud k\u00f6nnen Sie die authentische Bretagne erleben. ","_seopress_robots_index":"","inline_featured_image":false,"gt_fse_maillage_image":"https:\/\/www.campingpointedutalud.com\/wp-content\/uploads\/2026\/03\/Phare-de-Kerroch-Bretagne-.jpg","gt_fse_maillage_titre":"Leuchtturm von Kerroc'h","gt_fse_maillage_alt":"Leuchtturm von Kerroch Bretagne","gt_fse_maillage_resume":"","footnotes":""},"categories":[],"tags":[],"class_list":["post-8319","page","type-page","status-publish","has-post-thumbnail","hentry"],"publishpress_future_action":{"enabled":false,"date":"2026-05-15 14:51:08","action":"change-status","newStatus":"draft","terms":[],"taxonomy":"category","extraData":[]},"publishpress_future_workflow_manual_trigger":{"enabledWorkflows":[]},"_links":{"self":[{"href":"https:\/\/www.campingpointedutalud.com\/de\/wp-json\/wp\/v2\/pages\/8319","targetHints":{"allow":["GET"]}}],"collection":[{"href":"https:\/\/www.campingpointedutalud.com\/de\/wp-json\/wp\/v2\/pages"}],"about":[{"href":"https:\/\/www.campingpointedutalud.com\/de\/wp-json\/wp\/v2\/types\/page"}],"author":[{"embeddable":true,"href":"https:\/\/www.campingpointedutalud.com\/de\/wp-json\/wp\/v2\/users\/1"}],"replies":[{"embeddable":true,"href":"https:\/\/www.campingpointedutalud.com\/de\/wp-json\/wp\/v2\/comments?post=8319"}],"version-history":[{"count":7,"href":"https:\/\/www.campingpointedutalud.com\/de\/wp-json\/wp\/v2\/pages\/8319\/revisions"}],"predecessor-version":[{"id":8900,"href":"https:\/\/www.campingpointedutalud.com\/de\/wp-json\/wp\/v2\/pages\/8319\/revisions\/8900"}],"up":[{"embeddable":true,"href":"https:\/\/www.campingpointedutalud.com\/de\/wp-json\/wp\/v2\/pages\/8348"}],"wp:featuredmedia":[{"embeddable":true,"href":"https:\/\/www.campingpointedutalud.com\/de\/wp-json\/wp\/v2\/media\/8320"}],"wp:attachment":[{"href":"https:\/\/www.campingpointedutalud.com\/de\/wp-json\/wp\/v2\/media?parent=8319"}],"wp:term":[{"taxonomy":"category","embeddable":true,"href":"https:\/\/www.campingpointedutalud.com\/de\/wp-json\/wp\/v2\/categories?post=8319"},{"taxonomy":"post_tag","embeddable":true,"href":"https:\/\/www.campingpointedutalud.com\/de\/wp-json\/wp\/v2\/tags?post=8319"}],"curies":[{"name":"wp","href":"https:\/\/api.w.org\/{rel}","templated":true}]}}