{"id":8291,"date":"2026-03-11T10:37:29","date_gmt":"2026-03-11T09:37:29","guid":{"rendered":"https:\/\/www.campingpointedutalud.com\/foret-de-broceliande-camping\/"},"modified":"2026-03-23T08:27:04","modified_gmt":"2026-03-23T07:27:04","slug":"foret-de-broceliande-campingplatz","status":"publish","type":"page","link":"https:\/\/www.campingpointedutalud.com\/de\/tourismus-morbihan-suedbretagne\/foret-de-broceliande-campingplatz\/","title":{"rendered":"Der Wald von Broc\u00e9liande"},"content":{"rendered":"\n<p><\/p>\n\n<div class=\"wp-block-group section-6 has-custom-color-3-background-color has-background has-global-padding is-layout-constrained wp-container-core-group-is-layout-20238047 wp-block-group-is-layout-constrained\" style=\"margin-top:0px;margin-bottom:0px;padding-top:8rem;padding-right:15rem;padding-bottom:8rem;padding-left:15rem\">\n<div class=\"wp-block-group gt-reverse-mobile is-nowrap is-layout-flex wp-container-core-group-is-layout-90b6bdf5 wp-block-group-is-layout-flex\">\n<div class=\"wp-block-group has-global-padding is-layout-constrained wp-container-core-group-is-layout-7c250ea7 wp-block-group-is-layout-constrained\" style=\"margin-top:0px;margin-bottom:0px;padding-top:0;padding-right:0px;padding-bottom:0;padding-left:0px\">\n<div class=\"wp-block-group has-global-padding is-layout-constrained wp-container-core-group-is-layout-162f2a30 wp-block-group-is-layout-constrained\" style=\"margin-top:0px;margin-bottom:0px\">\n<div class=\"wp-block-group has-global-padding is-layout-constrained wp-container-core-group-is-layout-d6554d75 wp-block-group-is-layout-constrained\" style=\"margin-top:0px;margin-bottom:0px\">\n<div class=\"wp-block-cover is-light\" style=\"border-top-left-radius:10px;border-top-right-radius:10px;border-bottom-left-radius:10px;border-bottom-right-radius:10px\"><img decoding=\"async\" width=\"1920\" height=\"1583\" class=\"wp-block-cover__image-background wp-image-7496 size-full\" alt=\"foret de broceliande sculpture or cerf magique bretagne\" src=\"https:\/\/www.campingpointedutalud.com\/wp-content\/uploads\/2026\/03\/foret-de-broceliande-sculpture-or-cerf-magique-bretagne.jpg\" data-object-fit=\"cover\" srcset=\"https:\/\/www.campingpointedutalud.com\/wp-content\/uploads\/2026\/03\/foret-de-broceliande-sculpture-or-cerf-magique-bretagne.jpg 1920w, https:\/\/www.campingpointedutalud.com\/wp-content\/uploads\/2026\/03\/foret-de-broceliande-sculpture-or-cerf-magique-bretagne-300x247.jpg 300w, https:\/\/www.campingpointedutalud.com\/wp-content\/uploads\/2026\/03\/foret-de-broceliande-sculpture-or-cerf-magique-bretagne-1024x844.jpg 1024w, https:\/\/www.campingpointedutalud.com\/wp-content\/uploads\/2026\/03\/foret-de-broceliande-sculpture-or-cerf-magique-bretagne-768x633.jpg 768w, https:\/\/www.campingpointedutalud.com\/wp-content\/uploads\/2026\/03\/foret-de-broceliande-sculpture-or-cerf-magique-bretagne-1536x1266.jpg 1536w\" sizes=\"(max-width: 1920px) 100vw, 1920px\" \/><span aria-hidden=\"true\" class=\"wp-block-cover__background has-background-dim-0 has-background-dim\"><\/span><div class=\"wp-block-cover__inner-container has-global-padding is-layout-constrained wp-block-cover-is-layout-constrained\">\n<p class=\"has-text-align-center has-large-font-size\"><\/p>\n<\/div><\/div>\n<\/div>\n<\/div>\n<\/div>\n\n\n\n<div class=\"wp-block-group gt-reverse-mobile is-vertical is-layout-flex wp-container-core-group-is-layout-7857e36c wp-block-group-is-layout-flex\" style=\"padding-right:0px;padding-left:0px\">\n<div class=\"wp-block-group texte-deco has-global-padding is-content-justification-left is-layout-constrained wp-container-core-group-is-layout-d6fb7615 wp-block-group-is-layout-constrained\" style=\"margin-top:0px;margin-bottom:0px;padding-right:0px;padding-left:0px\">\n<p class=\"has-custom-color-1-color has-text-color has-link-color has-unbounded-font-family wp-elements-7ef45c11734ed11343a9ad46d3dc0338\" style=\"font-size:clamp(2.499rem, 2.499rem + ((1vw - 0.2rem) * 3.652), 4.69rem);font-style:normal;font-weight:700;line-height:1\">Besuchen Sie <\/p>\n\n\n\n<p class=\"has-custom-color-1-color has-text-color has-link-color has-caveat-font-family wp-elements-12945ba9c75de1526046b980aa9d2c1e\" style=\"margin-top:0px;margin-bottom:0px;font-size:clamp(3.159rem, 3.159rem + ((1vw - 0.2rem) * 5.252), 6.31rem);font-style:normal;font-weight:500;line-height:0.7\">der verzauberte Wald<\/p>\n<\/div>\n\n\n\n<div class=\"wp-block-group content has-base-2-background-color has-background has-global-padding is-layout-constrained wp-container-core-group-is-layout-69f271cb wp-block-group-is-layout-constrained\" style=\"border-top-left-radius:10px;border-top-right-radius:10px;border-bottom-left-radius:10px;border-bottom-right-radius:10px;margin-top:0px;margin-bottom:0px;padding-top:40px;padding-right:40px;padding-bottom:40px;padding-left:40px\">\n<h1 class=\"wp-block-heading has-custom-color-1-color has-text-color has-link-color wp-elements-b65b3ab11e3a4444dedfa18644d2b9ab\">Wie viel Zeit sollte man f\u00fcr den Besuch des Waldes von Broc\u00e9liande einplanen?<\/h1>\n\n\n\n<p class=\"has-custom-color-1-color has-text-color\">Der Wald von Broc\u00e9liande ist eines der magischen Reiseziele in der Bretagne und offenbart Ihnen seine Geheimnisse und Legenden. Aber <strong>wie lange brauchen Sie, um den Wald von Broc\u00e9liande zu besuchen<\/strong>? Das h\u00e4ngt von Ihrem Wunsch ab, das Geheimnis zu ergr\u00fcnden. Folgen Sie dem Druiden!    <\/p>\n<\/div>\n<\/div>\n<\/div>\n<\/div>\n\n<div class=\"wp-block-group section-4 has-global-padding is-layout-constrained wp-container-core-group-is-layout-07b29094 wp-block-group-is-layout-constrained\" style=\"margin-top:0px;margin-bottom:0px;padding-right:0px;padding-left:0px\">\n<div class=\"wp-block-group banner has-global-padding is-layout-constrained wp-container-core-group-is-layout-07b29094 wp-block-group-is-layout-constrained\" style=\"margin-top:0px;margin-bottom:0px;padding-right:0px;padding-left:0px\">\n<div class=\"wp-block-cover\" style=\"margin-top:0px;margin-bottom:0px;padding-top:0px;padding-right:0px;padding-bottom:0px;padding-left:0px;min-height:90vh;aspect-ratio:unset;\"><img decoding=\"async\" width=\"2000\" height=\"1019\" class=\"wp-block-cover__image-background wp-image-7492 size-full\" alt=\"broce\u0301liande jardin aux moines\" src=\"https:\/\/www.campingpointedutalud.com\/wp-content\/uploads\/2026\/03\/broceliande-jardin-aux-moines.jpg\" data-object-fit=\"cover\" srcset=\"https:\/\/www.campingpointedutalud.com\/wp-content\/uploads\/2026\/03\/broceliande-jardin-aux-moines.jpg 2000w, https:\/\/www.campingpointedutalud.com\/wp-content\/uploads\/2026\/03\/broceliande-jardin-aux-moines-300x153.jpg 300w, https:\/\/www.campingpointedutalud.com\/wp-content\/uploads\/2026\/03\/broceliande-jardin-aux-moines-1024x522.jpg 1024w, https:\/\/www.campingpointedutalud.com\/wp-content\/uploads\/2026\/03\/broceliande-jardin-aux-moines-768x391.jpg 768w, https:\/\/www.campingpointedutalud.com\/wp-content\/uploads\/2026\/03\/broceliande-jardin-aux-moines-1536x783.jpg 1536w\" sizes=\"(max-width: 2000px) 100vw, 2000px\" \/><span aria-hidden=\"true\" class=\"wp-block-cover__background has-background-dim-100 has-background-dim wp-block-cover__gradient-background has-background-gradient\" style=\"background:linear-gradient(0deg,rgb(6,54,122) 0%,rgba(255,255,255,0) 30%)\"><\/span><div class=\"wp-block-cover__inner-container has-global-padding is-layout-constrained wp-container-core-cover-is-layout-8b154107 wp-block-cover-is-layout-constrained\">\n<p class=\"has-text-align-center has-large-font-size\"><\/p>\n<\/div><\/div>\n<\/div>\n\n\n\n<div class=\"wp-block-group content has-custom-color-1-background-color has-background has-global-padding is-layout-constrained wp-container-core-group-is-layout-d4ecddba wp-block-group-is-layout-constrained\" style=\"margin-top:0px;margin-bottom:0px;padding-top:6rem;padding-right:15rem;padding-bottom:6rem;padding-left:15rem\">\n<h2 class=\"wp-block-heading has-custom-color-2-color has-text-color has-link-color wp-elements-eae3ff09d6fa028047a41fcb39be8b80\">Besuchen Sie den Wald von Broc\u00e9liande an einem Tag<\/h2>\n\n\n\n<p class=\"has-base-2-color has-text-color has-link-color wp-elements-ea1935408067af4f15755d0fb3838ef1\">Nur anderthalb Autostunden von Ihrem <a href=\"https:\/\/www.campingpointedutalud.com\/de\/\" data-type=\"page\" data-id=\"5\">Campingplatz in Morbihan<\/a> entfernt liegt einer der faszinierendsten W\u00e4lder Frankreichs, der Wald von Broc\u00e9liande. F\u00fcr einen Tag k\u00f6nnen Sie als Paar, mit der Familie oder mit Freunden diesen mythischen Wald entdecken, indem Sie auf den von Artuslegenden ges\u00e4umten Pfaden wandern. Verschiedene Wanderungen sind in den Fremdenverkehrsb\u00fcros der Region erh\u00e4ltlich. Entdecken Sie die wichtigsten Sehensw\u00fcrdigkeiten des Waldes auf Wander- oder Radtouren:   <\/p>\n\n\n\n<ul class=\"wp-block-list has-base-2-color has-text-color has-link-color wp-elements-538473e8ae2a7a7680f5c30c13ed5d18\">\n<li>Das Tal ohne Wiederkehr<\/li>\n\n\n\n<li>Der Brunnen von Barenton<\/li>\n\n\n\n<li>Die Eiche Les Hindr\u00e9s<\/li>\n\n\n\n<li>Die Kirche des Heiligen Grals<\/li>\n\n\n\n<li>Das Grab von Merlin<\/li>\n\n\n\n<li>Der Garten der M\u00f6nche<\/li>\n<\/ul>\n<\/div>\n<\/div>\n\n<div class=\"wp-block-group section-simple has-global-padding is-layout-constrained wp-container-core-group-is-layout-e8882e7b wp-block-group-is-layout-constrained\" style=\"margin-top:0px;margin-bottom:0px;padding-top:8rem;padding-right:15rem;padding-bottom:8rem;padding-left:15rem\">\n<div class=\"wp-block-columns are-vertically-aligned-top is-layout-flex wp-container-core-columns-is-layout-28f84493 wp-block-columns-is-layout-flex\">\n<div class=\"wp-block-column is-vertically-aligned-top is-layout-flow wp-block-column-is-layout-flow\">\n<div class=\"wp-block-group has-custom-color-3-background-color has-background has-global-padding is-layout-constrained wp-container-core-group-is-layout-3dcc9c70 wp-block-group-is-layout-constrained\" style=\"border-top-left-radius:10px;border-top-right-radius:10px;border-bottom-left-radius:10px;border-bottom-right-radius:10px;padding-top:40px;padding-right:40px;padding-bottom:40px;padding-left:40px\">\n<h2 class=\"wp-block-heading has-custom-color-1-color has-text-color has-link-color wp-elements-83693e0e48c37a6eaa45005a796a2d2d\">Entdecken Sie die Winkel von Broc\u00e9liande in mehreren Tagen<\/h2>\n\n\n\n<p class=\"has-custom-color-1-color has-text-color\">M\u00f6chten Sie in die Welt der Kobolde und Korrigans des Waldes eintauchen? In zwei oder mehr Tagen haben Sie die M\u00f6glichkeit, fabelhafte Sch\u00e4tze zu finden oder die Orte der Artussage zu erkunden. <\/p>\n\n\n\n    <div id=\"gt-fse-lire-plus-1\"\n         class=\"gt-fse-lire-plus\"\n         data-min-height=\"130\"\n         style=\"background-color: #e2e6ec;\">\n\n        <input id=\"gt-fse-lire-plus-1-toggle\"\n               type=\"checkbox\"\n               class=\"gt-fse-lire-plus__toggle\" \/>\n\n        <label for=\"gt-fse-lire-plus-1-toggle\"\n               class=\"gt-fse-lire-plus__toggle-label\">\n            <span>Mehr lesen<\/span>\n            <span>Weniger lesen<\/span>\n        <\/label>\n\n        <div class=\"gt-fse-lire-plus__content\"\n             style=\"height: 130px;\">\n\n            \n\n<p class=\"has-custom-color-1-color has-text-color\">Auf dem Programm stehen das Schloss von Comper und das Zentrum der Artusvorstellungen. Am See von Tremelin werden Sie von Arthurs ber\u00fchmtem Schwert Excalibur herausgefordert. <\/p>\n\n\n\n<p class=\"has-custom-color-1-color has-text-color\">Vervollst\u00e4ndigen Sie Ihren Besuch mit der Tafelrunde der Neuen Ritter von Broc\u00e9liande oder dem Grabmal des Riesen. F\u00fcr Wanderbegeisterte f\u00fchrt der GR 37 durch den Wald von Broc\u00e9liande und bietet abwechslungsreiche Routen durch W\u00e4lder, Heide und T\u00e4ler. Hier k\u00f6nnen Sie sich die Zeit nehmen, die besondere Atmosph\u00e4re dieses Waldes zu genie\u00dfen, in dem jeder Baum eine Geschichte zu fl\u00fcstern scheint. Sie werden begeistert von diesem bezaubernden Wald zur\u00fcckkehren!   <\/p>\n\n\n            <div class=\"gt-fse-lire-plus__gradient\"\n                 style=\"background: linear-gradient(to bottom, rgba(226,230,236,0) 0%, rgba(226,230,236,1) 100%);\"><\/div>\n        <\/div>\n\n    <\/div>\n\n    <\/div>\n<\/div>\n\n\n\n<div class=\"wp-block-column is-vertically-aligned-top is-layout-flow wp-block-column-is-layout-flow\">\n<figure class=\"wp-block-image size-full has-custom-border\"><img decoding=\"async\" width=\"2000\" height=\"1333\" src=\"https:\/\/www.campingpointedutalud.com\/wp-content\/uploads\/2026\/03\/broceliande-epee-roi-arthur-excalibur-.jpg\" alt=\"Broceliande Schwert K&#xF6;nig Artus Excalibur\" class=\"wp-image-7491\" style=\"border-top-left-radius:10px;border-top-right-radius:10px;border-bottom-left-radius:10px;border-bottom-right-radius:10px;aspect-ratio:16\/9;object-fit:cover\" srcset=\"https:\/\/www.campingpointedutalud.com\/wp-content\/uploads\/2026\/03\/broceliande-epee-roi-arthur-excalibur-.jpg 2000w, https:\/\/www.campingpointedutalud.com\/wp-content\/uploads\/2026\/03\/broceliande-epee-roi-arthur-excalibur--300x200.jpg 300w, https:\/\/www.campingpointedutalud.com\/wp-content\/uploads\/2026\/03\/broceliande-epee-roi-arthur-excalibur--1024x682.jpg 1024w, https:\/\/www.campingpointedutalud.com\/wp-content\/uploads\/2026\/03\/broceliande-epee-roi-arthur-excalibur--768x512.jpg 768w, https:\/\/www.campingpointedutalud.com\/wp-content\/uploads\/2026\/03\/broceliande-epee-roi-arthur-excalibur--1536x1024.jpg 1536w\" sizes=\"(max-width: 2000px) 100vw, 2000px\" \/><\/figure>\n<\/div>\n<\/div>\n<\/div>\n\n<div class=\"wp-block-group section-maillage has-custom-color-3-background-color has-background has-global-padding is-layout-constrained wp-container-core-group-is-layout-20238047 wp-block-group-is-layout-constrained\" style=\"margin-top:0px;margin-bottom:0px;padding-top:8rem;padding-right:15rem;padding-bottom:8rem;padding-left:15rem\">\n<div class=\"wp-block-group texte-deco is-layout-flow wp-block-group-is-layout-flow\">\n<p class=\"has-text-align-center has-custom-color-1-color has-text-color has-link-color has-unbounded-font-family wp-elements-a77860325b5348232726bf7aa8ad59db\" style=\"font-size:clamp(2.499rem, 2.499rem + ((1vw - 0.2rem) * 3.652), 4.69rem);font-style:normal;font-weight:700;line-height:1\">Auf Entdeckungstour<\/p>\n\n\n\n<p class=\"has-text-align-center has-custom-color-1-color has-text-color has-link-color has-caveat-font-family wp-elements-ce2ec1f6bafb187f9956b157bf518e3b\" style=\"margin-top:0px;margin-bottom:0px;font-size:clamp(3.159rem, 3.159rem + ((1vw - 0.2rem) * 5.252), 6.31rem);font-style:normal;font-weight:500;line-height:0.7\">Morbihan<\/p>\n<\/div>\n\n\n\n<div data-wp-context=\"{}\" data-wp-interactive=\"core\/query\" data-wp-key=\"0\" data-wp-router-region=\"query-0\" class=\"wp-block-query alignwide gt-fse-maillage-query is-layout-flow wp-block-query-is-layout-flow\"><ul class=\"columns-3 wp-block-post-template is-layout-grid wp-container-core-post-template-is-layout-6d3fbd8f wp-block-post-template-is-layout-grid\"><li data-wp-key=\"post-template-item-8341\" class=\"wp-block-post post-8341 page type-page status-publish has-post-thumbnail hentry\">\n<a href=\"https:\/\/www.campingpointedutalud.com\/de\/tourismus-morbihan-suedbretagne\/campingplatz-quiberon\/\"    class=\"wp-block-tiptip-hyperlink-group-block\" >\n<figure class=\"wp-block-image size-full is-resized\"><img decoding=\"async\" width=\"367\" height=\"318\" src=\"https:\/\/www.campingpointedutalud.com\/wp-content\/uploads\/2025\/12\/grosse-fleur-jaune.svg\" alt=\"gro&#xDF;e gelbe Blume\" class=\"wp-image-143\" style=\"object-fit:contain;width:50px;height:50px\"\/><\/figure>\n\n<figure class=\"wp-block-image has-custom-border gt-maillage__image\"><img decoding=\"async\" src=\"https:\/\/www.campingpointedutalud.com\/wp-content\/uploads\/2026\/03\/quiberon-presquile-histoire-bretagne.jpg\" alt=\"Quiberon Strand Bretagne\" style=\"border-style:none;border-width:0px;border-top-left-radius:10px;border-top-right-radius:10px;border-bottom-left-radius:10px;border-bottom-right-radius:10px\"\/><\/figure>\n\n<p class=\"has-text-align-center has-custom-color-1-color has-text-color has-link-color has-unbounded-font-family wp-elements-6527d65a79d544105f2c7aa114e49b0c\" style=\"font-size:clamp(1.25rem, 1.25rem + ((1vw - 0.2rem) * 1.25), 2rem);line-height:1.1\">Quiberon<\/p>\n<\/a>\n<\/li><li data-wp-key=\"post-template-item-8313\" class=\"wp-block-post post-8313 page type-page status-publish has-post-thumbnail hentry\">\n<a href=\"https:\/\/www.campingpointedutalud.com\/de\/tourismus-morbihan-suedbretagne\/campingplatz-carnac\/\"    class=\"wp-block-tiptip-hyperlink-group-block\" >\n<figure class=\"wp-block-image size-full is-resized\"><img decoding=\"async\" width=\"367\" height=\"318\" src=\"https:\/\/www.campingpointedutalud.com\/wp-content\/uploads\/2025\/12\/grosse-fleur-jaune.svg\" alt=\"gro&#xDF;e gelbe Blume\" class=\"wp-image-143\" style=\"object-fit:contain;width:50px;height:50px\"\/><\/figure>\n\n<figure class=\"wp-block-image has-custom-border gt-maillage__image\"><img decoding=\"async\" src=\"https:\/\/www.campingpointedutalud.com\/wp-content\/uploads\/2026\/03\/carnac-megalithes-randonnee-bretagne-visite.jpg\" alt=\"Carnac Megalithen Menhire\" style=\"border-style:none;border-width:0px;border-top-left-radius:10px;border-top-right-radius:10px;border-bottom-left-radius:10px;border-bottom-right-radius:10px\"\/><\/figure>\n\n<p class=\"has-text-align-center has-custom-color-1-color has-text-color has-link-color has-unbounded-font-family wp-elements-6527d65a79d544105f2c7aa114e49b0c\" style=\"font-size:clamp(1.25rem, 1.25rem + ((1vw - 0.2rem) * 1.25), 2rem);line-height:1.1\">Carnac<\/p>\n<\/a>\n<\/li><li data-wp-key=\"post-template-item-8289\" class=\"wp-block-post post-8289 page type-page status-publish hentry\">\n<a href=\"https:\/\/www.campingpointedutalud.com\/de\/tourismus-morbihan-suedbretagne\/campingplatz-guidel\/\"    class=\"wp-block-tiptip-hyperlink-group-block\" >\n<figure class=\"wp-block-image size-full is-resized\"><img decoding=\"async\" width=\"367\" height=\"318\" src=\"https:\/\/www.campingpointedutalud.com\/wp-content\/uploads\/2025\/12\/grosse-fleur-jaune.svg\" alt=\"gro&#xDF;e gelbe Blume\" class=\"wp-image-143\" style=\"object-fit:contain;width:50px;height:50px\"\/><\/figure>\n\n<figure class=\"wp-block-image has-custom-border gt-maillage__image\"><img decoding=\"async\" src=\"https:\/\/www.campingpointedutalud.com\/wp-content\/uploads\/2026\/03\/guidel-bretagne-plage-morbihan.jpg\" alt=\"Guidel Strand\" style=\"border-style:none;border-width:0px;border-top-left-radius:10px;border-top-right-radius:10px;border-bottom-left-radius:10px;border-bottom-right-radius:10px\"\/><\/figure>\n\n<p class=\"has-text-align-center has-custom-color-1-color has-text-color has-link-color has-unbounded-font-family wp-elements-6527d65a79d544105f2c7aa114e49b0c\" style=\"font-size:clamp(1.25rem, 1.25rem + ((1vw - 0.2rem) * 1.25), 2rem);line-height:1.1\">Guidel<\/p>\n<\/a>\n<\/li><\/ul><\/div>\n<\/div>\n","protected":false},"excerpt":{"rendered":"<p>Besuchen Sie der verzauberte Wald Wie viel Zeit sollte man f\u00fcr den Besuch des Waldes von Broc\u00e9liande einplanen? Der Wald von Broc\u00e9liande ist eines der magischen Reiseziele in der Bretagne und offenbart Ihnen seine Geheimnisse und Legenden. Aber wie lange brauchen Sie, um den Wald von Broc\u00e9liande zu besuchen? Das h\u00e4ngt von Ihrem Wunsch ab, [&hellip;]<\/p>\n","protected":false},"author":1,"featured_media":8292,"parent":8348,"menu_order":0,"comment_status":"closed","ping_status":"closed","template":"","meta":{"_seopress_robots_primary_cat":"","_seopress_titles_title":"Camping Morbihan : Besuchen Sie den Wald von Broc\u00e9liande | Bretagne Sud","_seopress_titles_desc":"Besuchen Sie Broc\u00e9liande und tauchen Sie ein in die Legenden der Artuszeit. Entdecken Sie in einem Tag die mythischen Orte und in mehreren Tagen die verborgenen Sch\u00e4tze. ","_seopress_robots_index":"","inline_featured_image":false,"gt_fse_maillage_image":"https:\/\/www.campingpointedutalud.com\/wp-content\/uploads\/2026\/03\/foret-de-broceliande-bretagne-arbre-dor.jpg","gt_fse_maillage_titre":"Wald von Broc\u00e9liande","gt_fse_maillage_alt":"Wald von Broc\u00e9liande Hirsch Gold Skulptur","gt_fse_maillage_resume":"","footnotes":""},"categories":[],"tags":[],"class_list":["post-8291","page","type-page","status-publish","has-post-thumbnail","hentry"],"publishpress_future_action":{"enabled":false,"date":"2026-05-15 14:51:17","action":"change-status","newStatus":"draft","terms":[],"taxonomy":"category","extraData":[]},"publishpress_future_workflow_manual_trigger":{"enabledWorkflows":[]},"_links":{"self":[{"href":"https:\/\/www.campingpointedutalud.com\/de\/wp-json\/wp\/v2\/pages\/8291","targetHints":{"allow":["GET"]}}],"collection":[{"href":"https:\/\/www.campingpointedutalud.com\/de\/wp-json\/wp\/v2\/pages"}],"about":[{"href":"https:\/\/www.campingpointedutalud.com\/de\/wp-json\/wp\/v2\/types\/page"}],"author":[{"embeddable":true,"href":"https:\/\/www.campingpointedutalud.com\/de\/wp-json\/wp\/v2\/users\/1"}],"replies":[{"embeddable":true,"href":"https:\/\/www.campingpointedutalud.com\/de\/wp-json\/wp\/v2\/comments?post=8291"}],"version-history":[{"count":4,"href":"https:\/\/www.campingpointedutalud.com\/de\/wp-json\/wp\/v2\/pages\/8291\/revisions"}],"predecessor-version":[{"id":9015,"href":"https:\/\/www.campingpointedutalud.com\/de\/wp-json\/wp\/v2\/pages\/8291\/revisions\/9015"}],"up":[{"embeddable":true,"href":"https:\/\/www.campingpointedutalud.com\/de\/wp-json\/wp\/v2\/pages\/8348"}],"wp:featuredmedia":[{"embeddable":true,"href":"https:\/\/www.campingpointedutalud.com\/de\/wp-json\/wp\/v2\/media\/8292"}],"wp:attachment":[{"href":"https:\/\/www.campingpointedutalud.com\/de\/wp-json\/wp\/v2\/media?parent=8291"}],"wp:term":[{"taxonomy":"category","embeddable":true,"href":"https:\/\/www.campingpointedutalud.com\/de\/wp-json\/wp\/v2\/categories?post=8291"},{"taxonomy":"post_tag","embeddable":true,"href":"https:\/\/www.campingpointedutalud.com\/de\/wp-json\/wp\/v2\/tags?post=8291"}],"curies":[{"name":"wp","href":"https:\/\/api.w.org\/{rel}","templated":true}]}}