{"id":8289,"date":"2026-03-11T10:36:47","date_gmt":"2026-03-11T09:36:47","guid":{"rendered":"https:\/\/www.campingpointedutalud.com\/camping-guidel\/"},"modified":"2026-03-23T08:28:38","modified_gmt":"2026-03-23T07:28:38","slug":"campingplatz-guidel","status":"publish","type":"page","link":"https:\/\/www.campingpointedutalud.com\/de\/tourismus-morbihan-suedbretagne\/campingplatz-guidel\/","title":{"rendered":"Guidel"},"content":{"rendered":"\n<div class=\"wp-block-group section-6 has-custom-color-3-background-color has-background has-global-padding is-layout-constrained wp-container-core-group-is-layout-20238047 wp-block-group-is-layout-constrained\" style=\"margin-top:0px;margin-bottom:0px;padding-top:8rem;padding-right:15rem;padding-bottom:8rem;padding-left:15rem\">\n<div class=\"wp-block-group gt-reverse-mobile is-nowrap is-layout-flex wp-container-core-group-is-layout-90b6bdf5 wp-block-group-is-layout-flex\">\n<div class=\"wp-block-group has-global-padding is-layout-constrained wp-container-core-group-is-layout-7c250ea7 wp-block-group-is-layout-constrained\" style=\"margin-top:0px;margin-bottom:0px;padding-top:0;padding-right:0px;padding-bottom:0;padding-left:0px\">\n<div class=\"wp-block-group has-global-padding is-layout-constrained wp-container-core-group-is-layout-162f2a30 wp-block-group-is-layout-constrained\" style=\"margin-top:0px;margin-bottom:0px\">\n<div class=\"wp-block-group has-global-padding is-layout-constrained wp-container-core-group-is-layout-d6554d75 wp-block-group-is-layout-constrained\" style=\"margin-top:0px;margin-bottom:0px\">\n<div class=\"wp-block-cover is-light\" style=\"border-top-left-radius:10px;border-top-right-radius:10px;border-bottom-left-radius:10px;border-bottom-right-radius:10px\"><img decoding=\"async\" width=\"2000\" height=\"1333\" class=\"wp-block-cover__image-background wp-image-6896 size-full\" alt=\"guidel architecture morbihan bretagne\" src=\"https:\/\/www.campingpointedutalud.com\/wp-content\/uploads\/2026\/03\/guidel-architecture-morbihan-bretagne.jpg\" data-object-fit=\"cover\" srcset=\"https:\/\/www.campingpointedutalud.com\/wp-content\/uploads\/2026\/03\/guidel-architecture-morbihan-bretagne.jpg 2000w, https:\/\/www.campingpointedutalud.com\/wp-content\/uploads\/2026\/03\/guidel-architecture-morbihan-bretagne-300x200.jpg 300w, https:\/\/www.campingpointedutalud.com\/wp-content\/uploads\/2026\/03\/guidel-architecture-morbihan-bretagne-1024x682.jpg 1024w, https:\/\/www.campingpointedutalud.com\/wp-content\/uploads\/2026\/03\/guidel-architecture-morbihan-bretagne-768x512.jpg 768w, https:\/\/www.campingpointedutalud.com\/wp-content\/uploads\/2026\/03\/guidel-architecture-morbihan-bretagne-1536x1024.jpg 1536w\" sizes=\"(max-width: 2000px) 100vw, 2000px\" \/><span aria-hidden=\"true\" class=\"wp-block-cover__background has-background-dim-0 has-background-dim\"><\/span><div class=\"wp-block-cover__inner-container has-global-padding is-layout-constrained wp-block-cover-is-layout-constrained\">\n<p class=\"has-text-align-center has-large-font-size\"><\/p>\n<\/div><\/div>\n<\/div>\n<\/div>\n<\/div>\n\n\n\n<div class=\"wp-block-group gt-reverse-mobile is-vertical is-layout-flex wp-container-core-group-is-layout-7857e36c wp-block-group-is-layout-flex\" style=\"padding-right:0px;padding-left:0px\">\n<div class=\"wp-block-group texte-deco has-global-padding is-content-justification-left is-layout-constrained wp-container-core-group-is-layout-d725225e wp-block-group-is-layout-constrained\" style=\"margin-top:0px;margin-bottom:var(--wp--preset--spacing--10);padding-right:0px;padding-left:0px\">\n<p class=\"has-custom-color-1-color has-text-color has-link-color has-unbounded-font-family wp-elements-3a37cf7585586ea20ee752c6b2b09edb\" style=\"font-size:clamp(2.499rem, 2.499rem + ((1vw - 0.2rem) * 3.652), 4.69rem);font-style:normal;font-weight:700;line-height:1\">Urlaub <\/p>\n\n\n\n<p class=\"has-custom-color-1-color has-text-color has-link-color has-caveat-font-family wp-elements-b3c18ac827444dc6bdca5a98c5353a09\" style=\"margin-top:0px;margin-bottom:0px;font-size:clamp(3.159rem, 3.159rem + ((1vw - 0.2rem) * 5.252), 6.31rem);font-style:normal;font-weight:500;line-height:0.7\">am Meer<\/p>\n<\/div>\n\n\n\n<div class=\"wp-block-group content has-base-2-background-color has-background has-global-padding is-layout-constrained wp-container-core-group-is-layout-69f271cb wp-block-group-is-layout-constrained\" style=\"border-top-left-radius:10px;border-top-right-radius:10px;border-bottom-left-radius:10px;border-bottom-right-radius:10px;margin-top:0px;margin-bottom:0px;padding-top:40px;padding-right:40px;padding-bottom:40px;padding-left:40px\">\n<h1 class=\"wp-block-heading has-custom-color-1-color has-text-color has-link-color wp-elements-cad3e46a94755a628d42bd0673c8418b\">Reisef\u00fchrer l Ein Sommer auf einem Campingplatz in der N\u00e4he von Guidel<\/h1>\n\n\n\n<p class=\"has-custom-color-1-color has-text-color\">Lust auf einen Urlaub am Wasser? Der authentische Charme von Guidel verspricht Ihnen einen unvergesslichen Aufenthalt. Kontaktieren Sie den Campingplatz La Pointe du Talud und reservieren Sie jetzt Ihren <a href=\"https:\/\/www.campingpointedutalud.com\/de\/stellplatzvermietung-ploemeur\/\" data-type=\"page\" data-id=\"11\">Stellplatz auf einem freundlichen Campingplatz in der N\u00e4he von Guidel<\/a>.   <\/p>\n<\/div>\n<\/div>\n<\/div>\n<\/div>\n\n<div class=\"wp-block-group section-4 has-global-padding is-layout-constrained wp-container-core-group-is-layout-07b29094 wp-block-group-is-layout-constrained\" style=\"margin-top:0px;margin-bottom:0px;padding-right:0px;padding-left:0px\">\n<div class=\"wp-block-group banner has-global-padding is-layout-constrained wp-container-core-group-is-layout-07b29094 wp-block-group-is-layout-constrained\" style=\"margin-top:0px;margin-bottom:0px;padding-right:0px;padding-left:0px\">\n<div class=\"wp-block-cover\" style=\"margin-top:0px;margin-bottom:0px;padding-top:0px;padding-right:0px;padding-bottom:0px;padding-left:0px;min-height:90vh;aspect-ratio:unset;\"><img decoding=\"async\" width=\"1920\" height=\"640\" class=\"wp-block-cover__image-background wp-image-7489 size-full\" alt=\"guidel bretagne plage morbihan ville\" src=\"https:\/\/www.campingpointedutalud.com\/wp-content\/uploads\/2026\/03\/guidel-bretagne-plage-morbihan-ville.jpg\" data-object-fit=\"cover\" srcset=\"https:\/\/www.campingpointedutalud.com\/wp-content\/uploads\/2026\/03\/guidel-bretagne-plage-morbihan-ville.jpg 1920w, https:\/\/www.campingpointedutalud.com\/wp-content\/uploads\/2026\/03\/guidel-bretagne-plage-morbihan-ville-300x100.jpg 300w, https:\/\/www.campingpointedutalud.com\/wp-content\/uploads\/2026\/03\/guidel-bretagne-plage-morbihan-ville-1024x341.jpg 1024w, https:\/\/www.campingpointedutalud.com\/wp-content\/uploads\/2026\/03\/guidel-bretagne-plage-morbihan-ville-768x256.jpg 768w, https:\/\/www.campingpointedutalud.com\/wp-content\/uploads\/2026\/03\/guidel-bretagne-plage-morbihan-ville-1536x512.jpg 1536w\" sizes=\"(max-width: 1920px) 100vw, 1920px\" \/><span aria-hidden=\"true\" class=\"wp-block-cover__background has-background-dim-100 has-background-dim wp-block-cover__gradient-background has-background-gradient\" style=\"background:linear-gradient(0deg,rgb(6,54,122) 0%,rgba(255,255,255,0) 30%)\"><\/span><div class=\"wp-block-cover__inner-container has-global-padding is-layout-constrained wp-container-core-cover-is-layout-8b154107 wp-block-cover-is-layout-constrained\">\n<p class=\"has-text-align-center has-large-font-size\"><\/p>\n<\/div><\/div>\n<\/div>\n\n\n\n<div class=\"wp-block-group content has-custom-color-1-background-color has-background has-global-padding is-layout-constrained wp-container-core-group-is-layout-d4ecddba wp-block-group-is-layout-constrained\" style=\"margin-top:0px;margin-bottom:0px;padding-top:6rem;padding-right:15rem;padding-bottom:6rem;padding-left:15rem\">\n<h2 class=\"wp-block-heading has-custom-color-2-color has-text-color has-link-color wp-elements-b7ca578cef89902f0490d0b34a943340\">Ihr Urlaub auf einem Campingplatz in der N\u00e4he von Guidel (56)<\/h2>\n\n\n\n<p class=\"has-base-2-color has-text-color has-link-color wp-elements-d0688934822ec7a1917c3b4d176d1a93\">Guidel ist <strong>eine Oase des Friedens zwischen Meer und Fluss<\/strong>. Die Gemeinde bietet einen direkten Zugang zum Fluss La\u00efta und zu wundersch\u00f6nen Sandstr\u00e4nden. <\/p>\n\n\n\n    <div id=\"gt-fse-lire-plus-1\"\n         class=\"gt-fse-lire-plus lire-plus-fond-bleu\"\n         data-min-height=\"130\"\n         style=\"background-color: #06367a;\">\n\n        <input id=\"gt-fse-lire-plus-1-toggle\"\n               type=\"checkbox\"\n               class=\"gt-fse-lire-plus__toggle\" \/>\n\n        <label for=\"gt-fse-lire-plus-1-toggle\"\n               class=\"gt-fse-lire-plus__toggle-label\">\n            <span>Mehr lesen<\/span>\n            <span>Weniger lesen<\/span>\n        <\/label>\n\n        <div class=\"gt-fse-lire-plus__content\"\n             style=\"height: 130px;\">\n\n            \n\n<p class=\"has-base-2-color has-text-color has-link-color wp-elements-3f9bd0c3845746f9cefe16050fb22448\">Der S\u00fcden der Bretagne verspricht sonnige Tage und Wassersportaktivit\u00e4ten f\u00fcr die ganze Familie. In Guidel koexistieren Natur und st\u00e4dtische Architektur. Das h\u00fcbsche St\u00e4dtchen l\u00e4dt mit seinen Gesch\u00e4ften und Terrassencaf\u00e9s zum Bummeln ein, wo Sie Cr\u00eapes und lokalen Cidre genie\u00dfen k\u00f6nnen, w\u00e4hrend Sie das s\u00fc\u00dfe bretonische Leben genie\u00dfen.  <\/p>\n\n\n\n<p class=\"has-base-2-color has-text-color has-link-color wp-elements-80e3d02702b966cf61ae136d0aac94b7\">Wenn man durch Guidel l\u00e4uft, sp\u00fcrt man die Geschichte der Stadt. Pr\u00e4historische \u00dcberreste umgeben die Stadt, wie der Dolmen von Lesvariel, der dazu einl\u00e4dt, sich das Leben der ersten Menschen in dieser Region vorzustellen. Am Strand befinden sich Blockh\u00e4user und Bunker, die von der deutschen Besetzung der Stadt w\u00e4hrend des Zweiten Weltkriegs zeugen.  <\/p>\n\n\n\n<p class=\"has-base-2-color has-text-color has-link-color wp-elements-7bea87cbc79fa89d7024bcc228f88232\">Wussten Sie das? In den Kapellen von Guidel finden manchmal Kunstausstellungen im Rahmen des Festivals 7 Chapelles en Art statt. Die Kapellen von Guidel sind ein Muss in der Region und repr\u00e4sentieren die religi\u00f6se Kunst der Bretagne.  <\/p>\n\n\n            <div class=\"gt-fse-lire-plus__gradient\"\n                 style=\"background: linear-gradient(to bottom, rgba(6,54,122,0) 0%, rgba(6,54,122,1) 100%);\"><\/div>\n        <\/div>\n\n    <\/div>\n\n    <\/div>\n<\/div>\n\n<div class=\"wp-block-group section-simple has-global-padding is-layout-constrained wp-container-core-group-is-layout-e8882e7b wp-block-group-is-layout-constrained\" style=\"margin-top:0px;margin-bottom:0px;padding-top:8rem;padding-right:15rem;padding-bottom:8rem;padding-left:15rem\">\n<div class=\"wp-block-columns are-vertically-aligned-top is-layout-flex wp-container-core-columns-is-layout-28f84493 wp-block-columns-is-layout-flex\">\n<div class=\"wp-block-column is-vertically-aligned-top is-layout-flow wp-block-column-is-layout-flow\">\n<div class=\"wp-block-group has-custom-color-3-background-color has-background has-global-padding is-layout-constrained wp-container-core-group-is-layout-3dcc9c70 wp-block-group-is-layout-constrained\" style=\"border-top-left-radius:10px;border-top-right-radius:10px;border-bottom-left-radius:10px;border-bottom-right-radius:10px;padding-top:40px;padding-right:40px;padding-bottom:40px;padding-left:40px\">\n<h2 class=\"wp-block-heading has-custom-color-1-color has-text-color has-link-color wp-elements-a3546d70d2faa4afb5d34acd74c9737a\">La Pointe du Talud: Ihr Campingplatz in Guidel<\/h2>\n\n\n\n<p class=\"has-custom-color-1-color has-text-color\">M\u00f6chten Sie von unserem <a href=\"https:\/\/www.campingpointedutalud.com\/de\/\" data-type=\"page\" data-id=\"5\">Campingplatz in Ploemeur<\/a> aus die S\u00fcdbretagne und ihre emblematischen St\u00e4dte entdecken?<\/p>\n\n\n\n<p class=\"has-custom-color-1-color has-text-color\">Der Campingplatz La Pointe du Talud ist der ideale Ort f\u00fcr den Aufbau eines Zeltes oder die <a href=\"https:\/\/www.campingpointedutalud.com\/de\/mobilheimvermietung-ploemeur\/\" data-type=\"page\" data-id=\"9\">Vermietung eines Mobilheims in Morbihan<\/a>. Seine N\u00e4he zu Guidel oder dem Strand von Fort-Bloqu\u00e9 machen ihn zu einem beliebten Urlaubsziel. <\/p>\n\n\n\n    <div id=\"gt-fse-lire-plus-2\"\n         class=\"gt-fse-lire-plus\"\n         data-min-height=\"130\"\n         style=\"background-color: #e2e6ec;\">\n\n        <input id=\"gt-fse-lire-plus-2-toggle\"\n               type=\"checkbox\"\n               class=\"gt-fse-lire-plus__toggle\" \/>\n\n        <label for=\"gt-fse-lire-plus-2-toggle\"\n               class=\"gt-fse-lire-plus__toggle-label\">\n            <span>Mehr lesen<\/span>\n            <span>Weniger lesen<\/span>\n        <\/label>\n\n        <div class=\"gt-fse-lire-plus__content\"\n             style=\"height: 130px;\">\n\n            \n\n<p class=\"has-custom-color-1-color has-text-color\">Der Campingplatz La Pointe du Talud liegt direkt am Wasser und empf\u00e4ngt Sie in einer freundlichen und warmen Umgebung. Lassen Sie sich vom Rauschen der Wellen in den Schlaf wiegen und erkunden Sie das Land der Morbihan&#8230; <\/p>\n\n\n\n<p class=\"has-custom-color-1-color has-text-color\">Gut zu wissen: An Tagen, an denen keine Ausfl\u00fcge auf dem Programm stehen, k\u00f6nnen Sie das beheizte Schwimmbad unseres Campingplatzes nutzen, um sich zu entspannen!<\/p>\n\n\n            <div class=\"gt-fse-lire-plus__gradient\"\n                 style=\"background: linear-gradient(to bottom, rgba(226,230,236,0) 0%, rgba(226,230,236,1) 100%);\"><\/div>\n        <\/div>\n\n    <\/div>\n\n    <\/div>\n<\/div>\n\n\n\n<div class=\"wp-block-column is-vertically-aligned-top is-layout-flow wp-block-column-is-layout-flow\">\n<figure class=\"wp-block-image size-full has-custom-border\"><img decoding=\"async\" width=\"2000\" height=\"1333\" src=\"https:\/\/www.campingpointedutalud.com\/wp-content\/uploads\/2026\/03\/Pointe-du-Talud-mobilhome-cuisine-petit-dejeuner-vue-mer.jpg\" alt=\"La Pointe du Talud mobilhome K&#xFC;che Fr&#xFC;hst&#xFC;ck Meerblick\" class=\"wp-image-6880\" style=\"border-top-left-radius:10px;border-top-right-radius:10px;border-bottom-left-radius:10px;border-bottom-right-radius:10px;aspect-ratio:16\/9;object-fit:cover\" srcset=\"https:\/\/www.campingpointedutalud.com\/wp-content\/uploads\/2026\/03\/Pointe-du-Talud-mobilhome-cuisine-petit-dejeuner-vue-mer.jpg 2000w, https:\/\/www.campingpointedutalud.com\/wp-content\/uploads\/2026\/03\/Pointe-du-Talud-mobilhome-cuisine-petit-dejeuner-vue-mer-300x200.jpg 300w, https:\/\/www.campingpointedutalud.com\/wp-content\/uploads\/2026\/03\/Pointe-du-Talud-mobilhome-cuisine-petit-dejeuner-vue-mer-1024x682.jpg 1024w, https:\/\/www.campingpointedutalud.com\/wp-content\/uploads\/2026\/03\/Pointe-du-Talud-mobilhome-cuisine-petit-dejeuner-vue-mer-768x512.jpg 768w, https:\/\/www.campingpointedutalud.com\/wp-content\/uploads\/2026\/03\/Pointe-du-Talud-mobilhome-cuisine-petit-dejeuner-vue-mer-1536x1024.jpg 1536w\" sizes=\"(max-width: 2000px) 100vw, 2000px\" \/><\/figure>\n<\/div>\n<\/div>\n<\/div>\n\n<div class=\"wp-block-group section-maillage has-custom-color-3-background-color has-background has-global-padding is-layout-constrained wp-container-core-group-is-layout-20238047 wp-block-group-is-layout-constrained\" style=\"margin-top:0px;margin-bottom:0px;padding-top:8rem;padding-right:15rem;padding-bottom:8rem;padding-left:15rem\">\n<div class=\"wp-block-group texte-deco is-layout-flow wp-block-group-is-layout-flow\">\n<p class=\"has-text-align-center has-custom-color-1-color has-text-color has-link-color has-unbounded-font-family wp-elements-84bd6a4fef2c2a44818e73c4bc00abb9\" style=\"font-size:clamp(2.499rem, 2.499rem + ((1vw - 0.2rem) * 3.652), 4.69rem);font-style:normal;font-weight:700;line-height:1\">Entdecken Sie<\/p>\n\n\n\n<p class=\"has-text-align-center has-custom-color-1-color has-text-color has-link-color has-caveat-font-family wp-elements-afdc266d0fe9283593f9635c0065f3ff\" style=\"margin-top:0px;margin-bottom:0px;font-size:clamp(3.159rem, 3.159rem + ((1vw - 0.2rem) * 5.252), 6.31rem);font-style:normal;font-weight:500;line-height:0.7\">Campingplatz in der N\u00e4he von Guidel  <\/p>\n<\/div>\n\n\n\n<div data-wp-context=\"{}\" data-wp-interactive=\"core\/query\" data-wp-key=\"0\" data-wp-router-region=\"query-0\" class=\"wp-block-query alignwide gt-fse-maillage-query is-layout-flow wp-block-query-is-layout-flow\"><ul class=\"columns-3 wp-block-post-template is-layout-grid wp-container-core-post-template-is-layout-6d3fbd8f wp-block-post-template-is-layout-grid\"><li data-wp-key=\"post-template-item-8363\" class=\"wp-block-post post-8363 page type-page status-publish has-post-thumbnail hentry\">\n<a href=\"https:\/\/www.campingpointedutalud.com\/de\/campingplatz-beheizter-pool-ploemeur\/\"    class=\"wp-block-tiptip-hyperlink-group-block\" >\n<figure class=\"wp-block-image size-full is-resized\"><img decoding=\"async\" width=\"367\" height=\"318\" src=\"https:\/\/www.campingpointedutalud.com\/wp-content\/uploads\/2025\/12\/grosse-fleur-jaune.svg\" alt=\"gro&#xDF;e gelbe Blume\" class=\"wp-image-143\" style=\"object-fit:contain;width:50px;height:50px\"\/><\/figure>\n\n<figure class=\"wp-block-image has-custom-border gt-maillage__image\"><img decoding=\"async\" src=\"https:\/\/www.campingpointedutalud.com\/wp-content\/uploads\/2026\/03\/piscine-pointe-du-talud-vue-du-ciel.jpg\" alt=\"Schwimmbad Camping La Pointe du Talud\" style=\"border-style:none;border-width:0px;border-top-left-radius:10px;border-top-right-radius:10px;border-bottom-left-radius:10px;border-bottom-right-radius:10px\"\/><\/figure>\n\n<p class=\"has-text-align-center has-custom-color-1-color has-text-color has-link-color has-unbounded-font-family wp-elements-6527d65a79d544105f2c7aa114e49b0c\" style=\"font-size:clamp(1.25rem, 1.25rem + ((1vw - 0.2rem) * 1.25), 2rem);line-height:1.1\">Wasserpark<\/p>\n<\/a>\n<\/li><li data-wp-key=\"post-template-item-8126\" class=\"wp-block-post post-8126 page type-page status-publish has-post-thumbnail hentry\">\n<a href=\"https:\/\/www.campingpointedutalud.com\/de\/campingplatz-aktivitaeten-ploemeur\/\"    class=\"wp-block-tiptip-hyperlink-group-block\" >\n<figure class=\"wp-block-image size-full is-resized\"><img decoding=\"async\" width=\"367\" height=\"318\" src=\"https:\/\/www.campingpointedutalud.com\/wp-content\/uploads\/2025\/12\/grosse-fleur-jaune.svg\" alt=\"gro&#xDF;e gelbe Blume\" class=\"wp-image-143\" style=\"object-fit:contain;width:50px;height:50px\"\/><\/figure>\n\n<figure class=\"wp-block-image has-custom-border gt-maillage__image\"><img decoding=\"async\" src=\"https:\/\/www.campingpointedutalud.com\/wp-content\/uploads\/2026\/03\/activites-animations-pointe-du-talud-tournoi-petanque.jpg\" alt=\"Aktivit\u00e4ten Boulespielen Camping La Pointe du Talud Flower\" style=\"border-style:none;border-width:0px;border-top-left-radius:10px;border-top-right-radius:10px;border-bottom-left-radius:10px;border-bottom-right-radius:10px\"\/><\/figure>\n\n<p class=\"has-text-align-center has-custom-color-1-color has-text-color has-link-color has-unbounded-font-family wp-elements-6527d65a79d544105f2c7aa114e49b0c\" style=\"font-size:clamp(1.25rem, 1.25rem + ((1vw - 0.2rem) * 1.25), 2rem);line-height:1.1\">Aktivit\u00e4ten<\/p>\n<\/a>\n<\/li><li data-wp-key=\"post-template-item-8108\" class=\"wp-block-post post-8108 page type-page status-publish has-post-thumbnail hentry category-nicht-kategorisiert\">\n<a href=\"https:\/\/www.campingpointedutalud.com\/de\/guenstiger-campingplatz-ploemeur\/\"    class=\"wp-block-tiptip-hyperlink-group-block\" >\n<figure class=\"wp-block-image size-full is-resized\"><img decoding=\"async\" width=\"367\" height=\"318\" src=\"https:\/\/www.campingpointedutalud.com\/wp-content\/uploads\/2025\/12\/grosse-fleur-jaune.svg\" alt=\"gro&#xDF;e gelbe Blume\" class=\"wp-image-143\" style=\"object-fit:contain;width:50px;height:50px\"\/><\/figure>\n\n<figure class=\"wp-block-image has-custom-border gt-maillage__image\"><img decoding=\"async\" src=\"https:\/\/www.campingpointedutalud.com\/wp-content\/uploads\/2026\/03\/Pointe-du-Talud-mobilhome-cuisine-petit-dejeuner-vue-mer.jpg\" alt=\"La Pointe du Talud mobilhome K\u00fcche Fr\u00fchst\u00fcck Meerblick\" style=\"border-style:none;border-width:0px;border-top-left-radius:10px;border-top-right-radius:10px;border-bottom-left-radius:10px;border-bottom-right-radius:10px\"\/><\/figure>\n\n<p class=\"has-text-align-center has-custom-color-1-color has-text-color has-link-color has-unbounded-font-family wp-elements-6527d65a79d544105f2c7aa114e49b0c\" style=\"font-size:clamp(1.25rem, 1.25rem + ((1vw - 0.2rem) * 1.25), 2rem);line-height:1.1\">Sonderangebote<\/p>\n<\/a>\n<\/li><\/ul><\/div>\n<\/div>\n","protected":false},"excerpt":{"rendered":"<p>Urlaub am Meer Reisef\u00fchrer l Ein Sommer auf einem Campingplatz in der N\u00e4he von Guidel Lust auf einen Urlaub am Wasser? Der authentische Charme von Guidel verspricht Ihnen einen unvergesslichen Aufenthalt. Kontaktieren Sie den Campingplatz La Pointe du Talud und reservieren Sie jetzt Ihren Stellplatz auf einem freundlichen Campingplatz in der N\u00e4he von Guidel. Ihr [&hellip;]<\/p>\n","protected":false},"author":1,"featured_media":0,"parent":8348,"menu_order":0,"comment_status":"closed","ping_status":"closed","template":"","meta":{"_seopress_robots_primary_cat":"","_seopress_titles_title":"Campingplatz Guidel | Morbihan, S\u00fcd Bretagne | La Pointe du Talud****","_seopress_titles_desc":"Entdecken Sie Guidel, eine Oase der Ruhe am Meer. Reservieren Sie auf dem Campingplatz La Pointe du Talud f\u00fcr unvergessliche Momente in der N\u00e4he der bretonischen Str\u00e4nde. ","_seopress_robots_index":"","inline_featured_image":false,"gt_fse_maillage_image":"https:\/\/www.campingpointedutalud.com\/wp-content\/uploads\/2026\/03\/guidel-bretagne-plage-morbihan.jpg","gt_fse_maillage_titre":"Guidel","gt_fse_maillage_alt":"Guidel Strand","gt_fse_maillage_resume":"","footnotes":""},"categories":[],"tags":[],"class_list":["post-8289","page","type-page","status-publish","hentry"],"publishpress_future_action":{"enabled":false,"date":"2026-05-15 14:51:17","action":"change-status","newStatus":"draft","terms":[],"taxonomy":"category","extraData":[]},"publishpress_future_workflow_manual_trigger":{"enabledWorkflows":[]},"_links":{"self":[{"href":"https:\/\/www.campingpointedutalud.com\/de\/wp-json\/wp\/v2\/pages\/8289","targetHints":{"allow":["GET"]}}],"collection":[{"href":"https:\/\/www.campingpointedutalud.com\/de\/wp-json\/wp\/v2\/pages"}],"about":[{"href":"https:\/\/www.campingpointedutalud.com\/de\/wp-json\/wp\/v2\/types\/page"}],"author":[{"embeddable":true,"href":"https:\/\/www.campingpointedutalud.com\/de\/wp-json\/wp\/v2\/users\/1"}],"replies":[{"embeddable":true,"href":"https:\/\/www.campingpointedutalud.com\/de\/wp-json\/wp\/v2\/comments?post=8289"}],"version-history":[{"count":8,"href":"https:\/\/www.campingpointedutalud.com\/de\/wp-json\/wp\/v2\/pages\/8289\/revisions"}],"predecessor-version":[{"id":9044,"href":"https:\/\/www.campingpointedutalud.com\/de\/wp-json\/wp\/v2\/pages\/8289\/revisions\/9044"}],"up":[{"embeddable":true,"href":"https:\/\/www.campingpointedutalud.com\/de\/wp-json\/wp\/v2\/pages\/8348"}],"wp:attachment":[{"href":"https:\/\/www.campingpointedutalud.com\/de\/wp-json\/wp\/v2\/media?parent=8289"}],"wp:term":[{"taxonomy":"category","embeddable":true,"href":"https:\/\/www.campingpointedutalud.com\/de\/wp-json\/wp\/v2\/categories?post=8289"},{"taxonomy":"post_tag","embeddable":true,"href":"https:\/\/www.campingpointedutalud.com\/de\/wp-json\/wp\/v2\/tags?post=8289"}],"curies":[{"name":"wp","href":"https:\/\/api.w.org\/{rel}","templated":true}]}}