{"id":8271,"date":"2026-03-11T10:17:02","date_gmt":"2026-03-11T09:17:02","guid":{"rendered":"https:\/\/www.campingpointedutalud.com\/camping-fort-bloque\/"},"modified":"2026-03-23T08:29:19","modified_gmt":"2026-03-23T07:29:19","slug":"campingplatz-fort-bloque","status":"publish","type":"page","link":"https:\/\/www.campingpointedutalud.com\/de\/tourismus-morbihan-suedbretagne\/campingplatz-fort-bloque\/","title":{"rendered":"Stark blockiert"},"content":{"rendered":"\n<p><\/p>\n\n<div class=\"wp-block-group section-6 has-custom-color-3-background-color has-background has-global-padding is-layout-constrained wp-container-core-group-is-layout-20238047 wp-block-group-is-layout-constrained\" style=\"margin-top:0px;margin-bottom:0px;padding-top:8rem;padding-right:15rem;padding-bottom:8rem;padding-left:15rem\">\n<div class=\"wp-block-group gt-reverse-mobile is-nowrap is-layout-flex wp-container-core-group-is-layout-90b6bdf5 wp-block-group-is-layout-flex\">\n<div class=\"wp-block-group has-global-padding is-layout-constrained wp-container-core-group-is-layout-7c250ea7 wp-block-group-is-layout-constrained\" style=\"margin-top:0px;margin-bottom:0px;padding-top:0;padding-right:0px;padding-bottom:0;padding-left:0px\">\n<div class=\"wp-block-group has-global-padding is-layout-constrained wp-container-core-group-is-layout-162f2a30 wp-block-group-is-layout-constrained\" style=\"margin-top:0px;margin-bottom:0px\">\n<div class=\"wp-block-group has-global-padding is-layout-constrained wp-container-core-group-is-layout-d6554d75 wp-block-group-is-layout-constrained\" style=\"margin-top:0px;margin-bottom:0px\">\n<div class=\"wp-block-cover is-light\" style=\"border-top-left-radius:10px;border-top-right-radius:10px;border-bottom-left-radius:10px;border-bottom-right-radius:10px\"><img decoding=\"async\" width=\"2000\" height=\"1121\" class=\"wp-block-cover__image-background wp-image-7461 size-full\" alt=\"la re\u0301gion ve\u0301lo famille activite\u0301s pointe du talud\" src=\"https:\/\/www.campingpointedutalud.com\/wp-content\/uploads\/2026\/03\/la-region-velo-famille-activites-pointe-du-talud.jpg\" data-object-fit=\"cover\" srcset=\"https:\/\/www.campingpointedutalud.com\/wp-content\/uploads\/2026\/03\/la-region-velo-famille-activites-pointe-du-talud.jpg 2000w, https:\/\/www.campingpointedutalud.com\/wp-content\/uploads\/2026\/03\/la-region-velo-famille-activites-pointe-du-talud-300x168.jpg 300w, https:\/\/www.campingpointedutalud.com\/wp-content\/uploads\/2026\/03\/la-region-velo-famille-activites-pointe-du-talud-1024x574.jpg 1024w, https:\/\/www.campingpointedutalud.com\/wp-content\/uploads\/2026\/03\/la-region-velo-famille-activites-pointe-du-talud-768x430.jpg 768w, https:\/\/www.campingpointedutalud.com\/wp-content\/uploads\/2026\/03\/la-region-velo-famille-activites-pointe-du-talud-1536x861.jpg 1536w\" sizes=\"(max-width: 2000px) 100vw, 2000px\" \/><span aria-hidden=\"true\" class=\"wp-block-cover__background has-background-dim-0 has-background-dim\"><\/span><div class=\"wp-block-cover__inner-container has-global-padding is-layout-constrained wp-block-cover-is-layout-constrained\">\n<p class=\"has-text-align-center has-large-font-size\"><\/p>\n<\/div><\/div>\n<\/div>\n<\/div>\n<\/div>\n\n\n\n<div class=\"wp-block-group gt-reverse-mobile is-vertical is-layout-flex wp-container-core-group-is-layout-7857e36c wp-block-group-is-layout-flex\" style=\"padding-right:0px;padding-left:0px\">\n<div class=\"wp-block-group texte-deco has-global-padding is-content-justification-left is-layout-constrained wp-container-core-group-is-layout-d6fb7615 wp-block-group-is-layout-constrained\" style=\"margin-top:0px;margin-bottom:0px;padding-right:0px;padding-left:0px\">\n<p class=\"has-custom-color-1-color has-text-color has-link-color has-unbounded-font-family wp-elements-a4342e07d634a1f503d6ffd4504d6761\" style=\"font-size:clamp(2.499rem, 2.499rem + ((1vw - 0.2rem) * 3.652), 4.69rem);font-style:normal;font-weight:700;line-height:1\">Str\u00e4nde,  <\/p>\n\n\n\n<p class=\"has-custom-color-1-color has-text-color has-link-color has-caveat-font-family wp-elements-40f4861975d9a211d728e54f9706d9a1\" style=\"margin-top:0px;margin-bottom:0px;font-size:clamp(3.159rem, 3.159rem + ((1vw - 0.2rem) * 5.252), 6.31rem);font-style:normal;font-weight:500;line-height:0.7\">Spazierg\u00e4nge und Familie<\/p>\n<\/div>\n\n\n\n<div class=\"wp-block-group content has-base-2-background-color has-background has-global-padding is-layout-constrained wp-container-core-group-is-layout-69f271cb wp-block-group-is-layout-constrained\" style=\"border-top-left-radius:10px;border-top-right-radius:10px;border-bottom-left-radius:10px;border-bottom-right-radius:10px;margin-top:0px;margin-bottom:0px;padding-top:40px;padding-right:40px;padding-bottom:40px;padding-left:40px\">\n<h1 class=\"wp-block-heading has-custom-color-1-color has-text-color has-link-color wp-elements-1555e04391c1a7be2381040613889e8e\">Ihr Campingplatz in der N\u00e4he von Fort-Bloqu\u00e9 (56)<\/h1>\n\n\n\n<p class=\"has-custom-color-1-color has-text-color\">Suchen Sie einen <strong>Campingplatz in der N\u00e4he von Fort-Bloqu\u00e9 und Guidel<\/strong>, um Ihren Urlaub zu verbringen?<\/p>\n\n\n\n<p class=\"has-custom-color-1-color has-text-color\">La Pointe du Talud empf\u00e4ngt Sie in einer warmen und freundlichen Umgebung. Nur 10 Minuten von Ihrem <strong>Campingplatz entfernt liegt Fort-Bloqu\u00e9<\/strong>, der historische Strand von Morbihan.  <\/p>\n<\/div>\n<\/div>\n<\/div>\n<\/div>\n\n<div class=\"wp-block-group section-4 has-global-padding is-layout-constrained wp-container-core-group-is-layout-07b29094 wp-block-group-is-layout-constrained\" style=\"margin-top:0px;margin-bottom:0px;padding-right:0px;padding-left:0px\">\n<div class=\"wp-block-group banner has-global-padding is-layout-constrained wp-container-core-group-is-layout-07b29094 wp-block-group-is-layout-constrained\" style=\"margin-top:0px;margin-bottom:0px;padding-right:0px;padding-left:0px\">\n<div class=\"wp-block-cover\" style=\"margin-top:0px;margin-bottom:0px;padding-top:0px;padding-right:0px;padding-bottom:0px;padding-left:0px;min-height:90vh;aspect-ratio:unset;\"><img decoding=\"async\" width=\"2000\" height=\"1333\" class=\"wp-block-cover__image-background wp-image-7025 size-full\" alt=\"fort bloque\u0301 camping pointe du talud\" src=\"https:\/\/www.campingpointedutalud.com\/wp-content\/uploads\/2026\/03\/fort-bloque-camping-pointe-du-talud_1.jpg\" data-object-fit=\"cover\" srcset=\"https:\/\/www.campingpointedutalud.com\/wp-content\/uploads\/2026\/03\/fort-bloque-camping-pointe-du-talud_1.jpg 2000w, https:\/\/www.campingpointedutalud.com\/wp-content\/uploads\/2026\/03\/fort-bloque-camping-pointe-du-talud_1-300x200.jpg 300w, https:\/\/www.campingpointedutalud.com\/wp-content\/uploads\/2026\/03\/fort-bloque-camping-pointe-du-talud_1-1024x682.jpg 1024w, https:\/\/www.campingpointedutalud.com\/wp-content\/uploads\/2026\/03\/fort-bloque-camping-pointe-du-talud_1-768x512.jpg 768w, https:\/\/www.campingpointedutalud.com\/wp-content\/uploads\/2026\/03\/fort-bloque-camping-pointe-du-talud_1-1536x1024.jpg 1536w\" sizes=\"(max-width: 2000px) 100vw, 2000px\" \/><span aria-hidden=\"true\" class=\"wp-block-cover__background has-background-dim-100 has-background-dim wp-block-cover__gradient-background has-background-gradient\" style=\"background:linear-gradient(0deg,rgb(6,54,122) 0%,rgba(255,255,255,0) 30%)\"><\/span><div class=\"wp-block-cover__inner-container has-global-padding is-layout-constrained wp-container-core-cover-is-layout-8b154107 wp-block-cover-is-layout-constrained\">\n<p class=\"has-text-align-center has-large-font-size\"><\/p>\n<\/div><\/div>\n<\/div>\n\n\n\n<div class=\"wp-block-group content has-custom-color-1-background-color has-background has-global-padding is-layout-constrained wp-container-core-group-is-layout-d4ecddba wp-block-group-is-layout-constrained\" style=\"margin-top:0px;margin-bottom:0px;padding-top:6rem;padding-right:15rem;padding-bottom:6rem;padding-left:15rem\">\n<h2 class=\"wp-block-heading has-custom-color-2-color has-text-color has-link-color wp-elements-f15dee611bdd89b336306387e0ce95d9\">Was ist das Blockierte Fort?<\/h2>\n\n\n\n    <div id=\"gt-fse-lire-plus-1\"\n         class=\"gt-fse-lire-plus lire-plus-fond-bleu\"\n         data-min-height=\"130\"\n         style=\"background-color: #06367a;\">\n\n        <input id=\"gt-fse-lire-plus-1-toggle\"\n               type=\"checkbox\"\n               class=\"gt-fse-lire-plus__toggle\" \/>\n\n        <label for=\"gt-fse-lire-plus-1-toggle\"\n               class=\"gt-fse-lire-plus__toggle-label\">\n            <span>Mehr lesen<\/span>\n            <span>Weniger lesen<\/span>\n        <\/label>\n\n        <div class=\"gt-fse-lire-plus__content\"\n             style=\"height: 130px;\">\n\n            \n\n<p class=\"has-base-2-color has-text-color has-link-color wp-elements-c65dcab322907639b8240d946d05c461\">Das Fort-Bloqu\u00e9, auch Fort de Keragan genannt, befindet sich auf einer kleinen Insel, einige Kilometer von Ploemeur und Guidel entfernt. Es wurde 1748 erbaut und diente in erster Linie dazu, m\u00f6gliche Landungen abzuwehren. Heute ist es ein beliebter Touristenort, der Jung und Alt begeistert.  <\/p>\n\n\n\n<p class=\"has-base-2-color has-text-color has-link-color wp-elements-447b96e136bcd855d5ee7ac63515641a\">Bei Ebbe k\u00f6nnen Sie die<strong>Insel Keragan<\/strong> vom Strand aus zu Fu\u00df erreichen und jeden Winkel des Forts besichtigen. Wenn die Flut kommt, wird der Weg zum Strand unter Wasser gesetzt. <\/p>\n\n\n\n<p class=\"has-base-2-color has-text-color has-link-color wp-elements-2f5b2c149639c5a4bde4a22c0de76979\">Fort-Bloqu\u00e9 ist ein ideales Ziel f\u00fcr einen Tag am Meer, mit oder ohne Kinder. Der feine Sand bietet Ihnen eine wundersch\u00f6ne Landschaft und die perfekte Umgebung zum Entspannen oder Schwimmen. Der Campingplatz Flower Camping de La Pointe du Talud in Ploemeur ist die ideale Wahl, wenn Sie eine Reservierung f\u00fcr einen <a href=\"https:\/\/www.campingpointedutalud.com\/de\/stellplatzvermietung-ploemeur\/\" data-type=\"page\" data-id=\"11\">Campingplatz in der N\u00e4he von Fort-Bloqu\u00e9<\/a> vornehmen m\u00f6chten.  <\/p>\n\n\n            <div class=\"gt-fse-lire-plus__gradient\"\n                 style=\"background: linear-gradient(to bottom, rgba(6,54,122,0) 0%, rgba(6,54,122,1) 100%);\"><\/div>\n        <\/div>\n\n    <\/div>\n\n    <\/div>\n<\/div>\n\n<div class=\"wp-block-group section-simple has-global-padding is-layout-constrained wp-container-core-group-is-layout-e8882e7b wp-block-group-is-layout-constrained\" style=\"margin-top:0px;margin-bottom:0px;padding-top:8rem;padding-right:15rem;padding-bottom:8rem;padding-left:15rem\">\n<div class=\"wp-block-columns are-vertically-aligned-top is-layout-flex wp-container-core-columns-is-layout-28f84493 wp-block-columns-is-layout-flex\">\n<div class=\"wp-block-column is-vertically-aligned-top is-layout-flow wp-block-column-is-layout-flow\">\n<div class=\"wp-block-group has-custom-color-3-background-color has-background has-global-padding is-layout-constrained wp-container-core-group-is-layout-3dcc9c70 wp-block-group-is-layout-constrained\" style=\"border-top-left-radius:10px;border-top-right-radius:10px;border-bottom-left-radius:10px;border-bottom-right-radius:10px;padding-top:40px;padding-right:40px;padding-bottom:40px;padding-left:40px\">\n<h2 class=\"wp-block-heading has-custom-color-1-color has-text-color has-link-color wp-elements-13cdd46e32e6e54d551cbb244480c30d\">W\u00e4hlen Sie Ihren Campingplatz in der N\u00e4he von Fort-Bloqu\u00e9<\/h2>\n\n\n\n<p class=\"has-custom-color-1-color has-text-color\">La Pointe du Talud ist ein beliebtes Ziel f\u00fcr einen Urlaub auf einem <a href=\"https:\/\/www.campingpointedutalud.com\/de\/\" data-type=\"page\" data-id=\"5\">Campingplatz in Morbihan<\/a>. Er liegt an der K\u00fcste in der N\u00e4he von Ploemeur und ist nur wenige Autominuten von vielen Sehensw\u00fcrdigkeiten des Morbihan entfernt, wie z.B. dem Hafen von Lorient, der Cit\u00e9 de la Voile Eric Tabarly, dem U-Boot-St\u00fctzpunkt Keroman oder dem Strand von Fort-Bloqu\u00e9. <\/p>\n\n\n\n<p class=\"has-custom-color-1-color has-text-color\">Mit seiner freundlichen Atmosph\u00e4re, seinem modernen Wasserpark und seinen komfortablen Mobilheimen begeistert der Campingplatz La Pointe du Talud Jung und Alt.<\/p>\n\n\n\n<p class=\"has-custom-color-1-color has-text-color\">Kontaktieren Sie uns noch heute und <a href=\"https:\/\/www.campingpointedutalud.com\/de\/mobilheimvermietung-ploemeur\/\" data-type=\"page\" data-id=\"9\">mieten Sie ein Mobilheim nur 10 Minuten von Fort-Bloqu\u00e9 entfernt<\/a> und genie\u00dfen Sie den gro\u00dfen, geschichtstr\u00e4chtigen Strand mit feinem Sand!<\/p>\n<\/div>\n<\/div>\n\n\n\n<div class=\"wp-block-column is-vertically-aligned-top is-layout-flow wp-block-column-is-layout-flow\">\n<figure class=\"wp-block-image size-full has-custom-border\"><img decoding=\"async\" width=\"2000\" height=\"1123\" src=\"https:\/\/www.campingpointedutalud.com\/wp-content\/uploads\/2026\/03\/POINTE-DU-TALUD-Accueil-camping-vue-haut.jpg\" alt=\"POINTE DU TALUD Startseite Campingplatz Blick nach oben\" class=\"wp-image-6956\" style=\"border-top-left-radius:10px;border-top-right-radius:10px;border-bottom-left-radius:10px;border-bottom-right-radius:10px;aspect-ratio:16\/9;object-fit:cover\" srcset=\"https:\/\/www.campingpointedutalud.com\/wp-content\/uploads\/2026\/03\/POINTE-DU-TALUD-Accueil-camping-vue-haut.jpg 2000w, https:\/\/www.campingpointedutalud.com\/wp-content\/uploads\/2026\/03\/POINTE-DU-TALUD-Accueil-camping-vue-haut-300x168.jpg 300w, https:\/\/www.campingpointedutalud.com\/wp-content\/uploads\/2026\/03\/POINTE-DU-TALUD-Accueil-camping-vue-haut-1024x575.jpg 1024w, https:\/\/www.campingpointedutalud.com\/wp-content\/uploads\/2026\/03\/POINTE-DU-TALUD-Accueil-camping-vue-haut-768x431.jpg 768w, https:\/\/www.campingpointedutalud.com\/wp-content\/uploads\/2026\/03\/POINTE-DU-TALUD-Accueil-camping-vue-haut-1536x862.jpg 1536w\" sizes=\"(max-width: 2000px) 100vw, 2000px\" \/><\/figure>\n<\/div>\n<\/div>\n<\/div>\n\n<div class=\"wp-block-group section-maillage has-custom-color-3-background-color has-background has-global-padding is-layout-constrained wp-container-core-group-is-layout-20238047 wp-block-group-is-layout-constrained\" style=\"margin-top:0px;margin-bottom:0px;padding-top:8rem;padding-right:15rem;padding-bottom:8rem;padding-left:15rem\">\n<div class=\"wp-block-group texte-deco is-layout-flow wp-block-group-is-layout-flow\">\n<p class=\"has-text-align-center has-custom-color-1-color has-text-color has-link-color has-unbounded-font-family wp-elements-84bd6a4fef2c2a44818e73c4bc00abb9\" style=\"font-size:clamp(2.499rem, 2.499rem + ((1vw - 0.2rem) * 3.652), 4.69rem);font-style:normal;font-weight:700;line-height:1\">Entdecken Sie<\/p>\n\n\n\n<p class=\"has-text-align-center has-custom-color-1-color has-text-color has-link-color has-caveat-font-family wp-elements-b78c96d20b9abfb0b522c9443c3d4424\" style=\"margin-top:0px;margin-bottom:0px;font-size:clamp(3.159rem, 3.159rem + ((1vw - 0.2rem) * 5.252), 6.31rem);font-style:normal;font-weight:500;line-height:0.7\">die Umgebung des Campingplatzes<\/p>\n<\/div>\n\n\n\n<div data-wp-context=\"{}\" data-wp-interactive=\"core\/query\" data-wp-key=\"0\" data-wp-router-region=\"query-0\" class=\"wp-block-query alignwide gt-fse-maillage-query is-layout-flow wp-block-query-is-layout-flow\"><ul class=\"columns-3 wp-block-post-template is-layout-grid wp-container-core-post-template-is-layout-6d3fbd8f wp-block-post-template-is-layout-grid\"><li data-wp-key=\"post-template-item-8341\" class=\"wp-block-post post-8341 page type-page status-publish has-post-thumbnail hentry\">\n<a href=\"https:\/\/www.campingpointedutalud.com\/de\/tourismus-morbihan-suedbretagne\/campingplatz-quiberon\/\"    class=\"wp-block-tiptip-hyperlink-group-block\" >\n<figure class=\"wp-block-image size-full is-resized\"><img decoding=\"async\" width=\"367\" height=\"318\" src=\"https:\/\/www.campingpointedutalud.com\/wp-content\/uploads\/2025\/12\/grosse-fleur-jaune.svg\" alt=\"gro&#xDF;e gelbe Blume\" class=\"wp-image-143\" style=\"object-fit:contain;width:50px;height:50px\"\/><\/figure>\n\n<figure class=\"wp-block-image has-custom-border gt-maillage__image\"><img decoding=\"async\" src=\"https:\/\/www.campingpointedutalud.com\/wp-content\/uploads\/2026\/03\/quiberon-presquile-histoire-bretagne.jpg\" alt=\"Quiberon Strand Bretagne\" style=\"border-style:none;border-width:0px;border-top-left-radius:10px;border-top-right-radius:10px;border-bottom-left-radius:10px;border-bottom-right-radius:10px\"\/><\/figure>\n\n<p class=\"has-text-align-center has-custom-color-1-color has-text-color has-link-color has-unbounded-font-family wp-elements-6527d65a79d544105f2c7aa114e49b0c\" style=\"font-size:clamp(1.25rem, 1.25rem + ((1vw - 0.2rem) * 1.25), 2rem);line-height:1.1\">Quiberon<\/p>\n<\/a>\n<\/li><li data-wp-key=\"post-template-item-8313\" class=\"wp-block-post post-8313 page type-page status-publish has-post-thumbnail hentry\">\n<a href=\"https:\/\/www.campingpointedutalud.com\/de\/tourismus-morbihan-suedbretagne\/campingplatz-carnac\/\"    class=\"wp-block-tiptip-hyperlink-group-block\" >\n<figure class=\"wp-block-image size-full is-resized\"><img decoding=\"async\" width=\"367\" height=\"318\" src=\"https:\/\/www.campingpointedutalud.com\/wp-content\/uploads\/2025\/12\/grosse-fleur-jaune.svg\" alt=\"gro&#xDF;e gelbe Blume\" class=\"wp-image-143\" style=\"object-fit:contain;width:50px;height:50px\"\/><\/figure>\n\n<figure class=\"wp-block-image has-custom-border gt-maillage__image\"><img decoding=\"async\" src=\"https:\/\/www.campingpointedutalud.com\/wp-content\/uploads\/2026\/03\/carnac-megalithes-randonnee-bretagne-visite.jpg\" alt=\"Carnac Megalithen Menhire\" style=\"border-style:none;border-width:0px;border-top-left-radius:10px;border-top-right-radius:10px;border-bottom-left-radius:10px;border-bottom-right-radius:10px\"\/><\/figure>\n\n<p class=\"has-text-align-center has-custom-color-1-color has-text-color has-link-color has-unbounded-font-family wp-elements-6527d65a79d544105f2c7aa114e49b0c\" style=\"font-size:clamp(1.25rem, 1.25rem + ((1vw - 0.2rem) * 1.25), 2rem);line-height:1.1\">Carnac<\/p>\n<\/a>\n<\/li><li data-wp-key=\"post-template-item-8188\" class=\"wp-block-post post-8188 page type-page status-publish has-post-thumbnail hentry\">\n<a href=\"https:\/\/www.campingpointedutalud.com\/de\/tourismus-morbihan-suedbretagne\/campingplatz-larmor-plage-la-pointe-du-talud\/\"    class=\"wp-block-tiptip-hyperlink-group-block\" >\n<figure class=\"wp-block-image size-full is-resized\"><img decoding=\"async\" width=\"367\" height=\"318\" src=\"https:\/\/www.campingpointedutalud.com\/wp-content\/uploads\/2025\/12\/grosse-fleur-jaune.svg\" alt=\"gro&#xDF;e gelbe Blume\" class=\"wp-image-143\" style=\"object-fit:contain;width:50px;height:50px\"\/><\/figure>\n\n<figure class=\"wp-block-image has-custom-border gt-maillage__image\"><img decoding=\"async\" src=\"https:\/\/www.campingpointedutalud.com\/wp-content\/uploads\/2026\/03\/larmor-plage-visite-bretagne.jpg\" alt=\"Larmor Strand\" style=\"border-style:none;border-width:0px;border-top-left-radius:10px;border-top-right-radius:10px;border-bottom-left-radius:10px;border-bottom-right-radius:10px\"\/><\/figure>\n\n<p class=\"has-text-align-center has-custom-color-1-color has-text-color has-link-color has-unbounded-font-family wp-elements-6527d65a79d544105f2c7aa114e49b0c\" style=\"font-size:clamp(1.25rem, 1.25rem + ((1vw - 0.2rem) * 1.25), 2rem);line-height:1.1\">Larmor-Plage<\/p>\n<\/a>\n<\/li><\/ul><\/div>\n<\/div>\n","protected":false},"excerpt":{"rendered":"<p>Str\u00e4nde, Spazierg\u00e4nge und Familie Ihr Campingplatz in der N\u00e4he von Fort-Bloqu\u00e9 (56) Suchen Sie einen Campingplatz in der N\u00e4he von Fort-Bloqu\u00e9 und Guidel, um Ihren Urlaub zu verbringen? La Pointe du Talud empf\u00e4ngt Sie in einer warmen und freundlichen Umgebung. Nur 10 Minuten von Ihrem Campingplatz entfernt liegt Fort-Bloqu\u00e9, der historische Strand von Morbihan. Was [&hellip;]<\/p>\n","protected":false},"author":1,"featured_media":8247,"parent":8348,"menu_order":0,"comment_status":"closed","ping_status":"closed","template":"","meta":{"_seopress_robots_primary_cat":"","_seopress_titles_title":"Campingplatz FORT BLOQUE | Morbihan ~ S\u00fcd Bretagne","_seopress_titles_desc":"Genie\u00dfen Sie einen geselligen Campingplatz nur 10 Minuten von Fort-Bloqu\u00e9 und seinen historischen Str\u00e4nden entfernt. Perfekt f\u00fcr Familienausfl\u00fcge im Morbihan. ","_seopress_robots_index":"","inline_featured_image":false,"gt_fse_maillage_image":"https:\/\/www.campingpointedutalud.com\/wp-content\/uploads\/2026\/03\/fort-bloque-camping-pointe-du-talud_1.jpg","gt_fse_maillage_titre":"Stark blockiert","gt_fse_maillage_alt":"Fort blockiert bretagne","gt_fse_maillage_resume":"","footnotes":""},"categories":[],"tags":[],"class_list":["post-8271","page","type-page","status-publish","has-post-thumbnail","hentry"],"publishpress_future_action":{"enabled":false,"date":"2026-05-15 14:51:11","action":"change-status","newStatus":"draft","terms":[],"taxonomy":"category","extraData":[]},"publishpress_future_workflow_manual_trigger":{"enabledWorkflows":[]},"_links":{"self":[{"href":"https:\/\/www.campingpointedutalud.com\/de\/wp-json\/wp\/v2\/pages\/8271","targetHints":{"allow":["GET"]}}],"collection":[{"href":"https:\/\/www.campingpointedutalud.com\/de\/wp-json\/wp\/v2\/pages"}],"about":[{"href":"https:\/\/www.campingpointedutalud.com\/de\/wp-json\/wp\/v2\/types\/page"}],"author":[{"embeddable":true,"href":"https:\/\/www.campingpointedutalud.com\/de\/wp-json\/wp\/v2\/users\/1"}],"replies":[{"embeddable":true,"href":"https:\/\/www.campingpointedutalud.com\/de\/wp-json\/wp\/v2\/comments?post=8271"}],"version-history":[{"count":5,"href":"https:\/\/www.campingpointedutalud.com\/de\/wp-json\/wp\/v2\/pages\/8271\/revisions"}],"predecessor-version":[{"id":8620,"href":"https:\/\/www.campingpointedutalud.com\/de\/wp-json\/wp\/v2\/pages\/8271\/revisions\/8620"}],"up":[{"embeddable":true,"href":"https:\/\/www.campingpointedutalud.com\/de\/wp-json\/wp\/v2\/pages\/8348"}],"wp:featuredmedia":[{"embeddable":true,"href":"https:\/\/www.campingpointedutalud.com\/de\/wp-json\/wp\/v2\/media\/8247"}],"wp:attachment":[{"href":"https:\/\/www.campingpointedutalud.com\/de\/wp-json\/wp\/v2\/media?parent=8271"}],"wp:term":[{"taxonomy":"category","embeddable":true,"href":"https:\/\/www.campingpointedutalud.com\/de\/wp-json\/wp\/v2\/categories?post=8271"},{"taxonomy":"post_tag","embeddable":true,"href":"https:\/\/www.campingpointedutalud.com\/de\/wp-json\/wp\/v2\/tags?post=8271"}],"curies":[{"name":"wp","href":"https:\/\/api.w.org\/{rel}","templated":true}]}}