{"id":8248,"date":"2026-03-11T10:42:13","date_gmt":"2026-03-11T09:42:13","guid":{"rendered":"https:\/\/www.campingpointedutalud.com\/megalithes-de-bretagne-camping-la-pointe-du-talud\/"},"modified":"2026-03-23T08:21:39","modified_gmt":"2026-03-23T07:21:39","slug":"megalithen-der-bretagne-campingplatz-la-pointe-du-talud","status":"publish","type":"page","link":"https:\/\/www.campingpointedutalud.com\/de\/tourismus-morbihan-suedbretagne\/megalithen-der-bretagne-campingplatz-la-pointe-du-talud\/","title":{"rendered":"Megalithen in der Bretagne"},"content":{"rendered":"\n<div class=\"wp-block-group section-6 has-custom-color-3-background-color has-background has-global-padding is-layout-constrained wp-container-core-group-is-layout-20238047 wp-block-group-is-layout-constrained\" style=\"margin-top:0px;margin-bottom:0px;padding-top:8rem;padding-right:15rem;padding-bottom:8rem;padding-left:15rem\">\n<div class=\"wp-block-group gt-reverse-mobile is-nowrap is-layout-flex wp-container-core-group-is-layout-90b6bdf5 wp-block-group-is-layout-flex\">\n<div class=\"wp-block-group has-global-padding is-layout-constrained wp-container-core-group-is-layout-7c250ea7 wp-block-group-is-layout-constrained\" style=\"margin-top:0px;margin-bottom:0px;padding-top:0;padding-right:0px;padding-bottom:0;padding-left:0px\">\n<div data-swiper=\"{&quot;speed&quot;:400,&quot;spaceBetween&quot;:0,&quot;slidesPerView&quot;:1,&quot;createElements&quot;:true,&quot;loop&quot;:true,&quot;freemode&quot;:true,&quot;navigation&quot;:{&quot;nextEl&quot;:&quot;.section-6 .arrow-slider-next&quot;,&quot;prevEl&quot;:&quot;.section-6 .arrow-slider-prev&quot;},&quot;pagination&quot;:{&quot;el&quot;:&quot;.swiper-pagination&quot;,&quot;dynamicBullets&quot;:true},&quot;breakpoints&quot;:[{&quot;slidesPerView&quot;:1}],&quot;autoplay&quot;:true}\" class=\"wp-block-group gt-is-slider gt-is-slider-desktop has-global-padding is-layout-constrained wp-container-core-group-is-layout-162f2a30 wp-block-group-is-layout-constrained\" style=\"margin-top:0px;margin-bottom:0px\">\n<div class=\"wp-block-group has-global-padding is-layout-constrained wp-container-core-group-is-layout-d6554d75 wp-block-group-is-layout-constrained\" style=\"margin-top:0px;margin-bottom:0px\">\n<div class=\"wp-block-cover is-light\" style=\"border-top-left-radius:10px;border-top-right-radius:10px;border-bottom-left-radius:10px;border-bottom-right-radius:10px\"><img decoding=\"async\" width=\"1920\" height=\"1280\" class=\"wp-block-cover__image-background wp-image-7393 size-full\" alt=\"carnac me\u0301galithes menhirs pre\u0301histoire alignements bretagne\" src=\"https:\/\/www.campingpointedutalud.com\/wp-content\/uploads\/2026\/03\/carnac-megalithes-menhirs-prehistoire-alignements-bretagne.jpg\" data-object-fit=\"cover\" srcset=\"https:\/\/www.campingpointedutalud.com\/wp-content\/uploads\/2026\/03\/carnac-megalithes-menhirs-prehistoire-alignements-bretagne.jpg 1920w, https:\/\/www.campingpointedutalud.com\/wp-content\/uploads\/2026\/03\/carnac-megalithes-menhirs-prehistoire-alignements-bretagne-300x200.jpg 300w, https:\/\/www.campingpointedutalud.com\/wp-content\/uploads\/2026\/03\/carnac-megalithes-menhirs-prehistoire-alignements-bretagne-1024x683.jpg 1024w, https:\/\/www.campingpointedutalud.com\/wp-content\/uploads\/2026\/03\/carnac-megalithes-menhirs-prehistoire-alignements-bretagne-768x512.jpg 768w, https:\/\/www.campingpointedutalud.com\/wp-content\/uploads\/2026\/03\/carnac-megalithes-menhirs-prehistoire-alignements-bretagne-1536x1024.jpg 1536w\" sizes=\"(max-width: 1920px) 100vw, 1920px\" \/><span aria-hidden=\"true\" class=\"wp-block-cover__background has-background-dim-0 has-background-dim\"><\/span><div class=\"wp-block-cover__inner-container has-global-padding is-layout-constrained wp-block-cover-is-layout-constrained\">\n<p class=\"has-text-align-center has-large-font-size\"><\/p>\n<\/div><\/div>\n<\/div>\n<\/div>\n<\/div>\n\n\n\n<div class=\"wp-block-group gt-reverse-mobile is-vertical is-layout-flex wp-container-core-group-is-layout-7857e36c wp-block-group-is-layout-flex\" style=\"padding-right:0px;padding-left:0px\">\n<div class=\"wp-block-group texte-deco has-global-padding is-layout-constrained wp-container-core-group-is-layout-07b29094 wp-block-group-is-layout-constrained\" style=\"margin-top:0px;margin-bottom:0px;padding-right:0px;padding-left:0px\">\n<p class=\"has-custom-color-1-color has-text-color has-link-color has-unbounded-font-family wp-elements-67e2b9dfd2a270363076310e24d5966a\" style=\"font-size:clamp(2.499rem, 2.499rem + ((1vw - 0.2rem) * 3.652), 4.69rem);font-style:normal;font-weight:700;line-height:1\">Die Geschichte<\/p>\n\n\n\n<p class=\"has-custom-color-1-color has-text-color has-link-color has-caveat-font-family wp-elements-b278538008614a2495e8202fbfcae338\" style=\"margin-top:0px;margin-bottom:0px;font-size:clamp(3.159rem, 3.159rem + ((1vw - 0.2rem) * 5.252), 6.31rem);font-style:normal;font-weight:500;line-height:0.7\">beginnt hier<\/p>\n<\/div>\n\n\n\n<div class=\"wp-block-group content has-base-2-background-color has-background has-global-padding is-layout-constrained wp-container-core-group-is-layout-69f271cb wp-block-group-is-layout-constrained\" style=\"border-top-left-radius:10px;border-top-right-radius:10px;border-bottom-left-radius:10px;border-bottom-right-radius:10px;margin-top:0px;margin-bottom:0px;padding-top:40px;padding-right:40px;padding-bottom:40px;padding-left:40px\">\n<h1 class=\"wp-block-heading has-custom-color-1-color has-text-color has-link-color wp-elements-6a36754844fad92d2a643bad5b06864f\">Besuchen Sie die Megalithen in der Bretagne &#8211; Camping La Pointe du Talud<\/h1>\n\n\n\n<p class=\"has-custom-color-1-color has-text-color\">Was w\u00e4re die Bretagne ohne ihre Megalithen? Diese steinernen Monumente sind ein Geheimnis, das jeder Besucher gerne l\u00fcften w\u00fcrde. Tauchen Sie ein in die Geschichte unserer Vorfahren und besuchen Sie von Ihrem <a href=\"https:\/\/www.campingpointedutalud.com\/de\/\" data-type=\"page\" data-id=\"5\">Campingplatz in Morbihan<\/a> aus die Megalithen der Bretagne. Diese <strong>jahrtausendealten<\/strong> <strong>Relikte<\/strong>, die von unseren Vorfahren in der Jungsteinzeit errichtet wurden, faszinieren sowohl <strong>Arch\u00e4ologie-Fans<\/strong> als auch Familien, die auf der Suche nach <strong>originellen<\/strong> <strong>Entdeckungen<\/strong> sind.    <\/p>\n<\/div>\n<\/div>\n<\/div>\n<\/div>\n\n<div class=\"wp-block-group section-simple has-custom-color-2-background-color has-background has-global-padding is-layout-constrained wp-container-core-group-is-layout-e8882e7b wp-block-group-is-layout-constrained\" style=\"margin-top:0px;margin-bottom:0px;padding-top:8rem;padding-right:15rem;padding-bottom:8rem;padding-left:15rem\">\n<div class=\"wp-block-columns are-vertically-aligned-top is-layout-flex wp-container-core-columns-is-layout-28f84493 wp-block-columns-is-layout-flex\">\n<div class=\"wp-block-column is-vertically-aligned-top is-layout-flow wp-block-column-is-layout-flow\">\n<figure class=\"wp-block-image size-full has-custom-border\"><img decoding=\"async\" width=\"1920\" height=\"1281\" src=\"https:\/\/www.campingpointedutalud.com\/wp-content\/uploads\/2026\/03\/carnac-menhir-megalithe-bretagne.jpg\" alt=\"carnac menhir megalithe bretagne\" class=\"wp-image-7412\" style=\"border-top-left-radius:10px;border-top-right-radius:10px;border-bottom-left-radius:10px;border-bottom-right-radius:10px;aspect-ratio:16\/9;object-fit:cover\" srcset=\"https:\/\/www.campingpointedutalud.com\/wp-content\/uploads\/2026\/03\/carnac-menhir-megalithe-bretagne.jpg 1920w, https:\/\/www.campingpointedutalud.com\/wp-content\/uploads\/2026\/03\/carnac-menhir-megalithe-bretagne-300x200.jpg 300w, https:\/\/www.campingpointedutalud.com\/wp-content\/uploads\/2026\/03\/carnac-menhir-megalithe-bretagne-1024x683.jpg 1024w, https:\/\/www.campingpointedutalud.com\/wp-content\/uploads\/2026\/03\/carnac-menhir-megalithe-bretagne-768x512.jpg 768w, https:\/\/www.campingpointedutalud.com\/wp-content\/uploads\/2026\/03\/carnac-menhir-megalithe-bretagne-1536x1025.jpg 1536w\" sizes=\"(max-width: 1920px) 100vw, 1920px\" \/><\/figure>\n<\/div>\n\n\n\n<div class=\"wp-block-column is-vertically-aligned-top is-layout-flow wp-block-column-is-layout-flow\">\n<div class=\"wp-block-group has-base-2-background-color has-background has-global-padding is-layout-constrained wp-container-core-group-is-layout-ac731009 wp-block-group-is-layout-constrained\" style=\"border-top-left-radius:10px;border-top-right-radius:10px;border-bottom-left-radius:10px;border-bottom-right-radius:10px;padding-top:40px;padding-right:40px;padding-bottom:40px;padding-left:40px\">\n<h2 class=\"wp-block-heading has-custom-color-1-color has-text-color has-link-color wp-elements-e533efecf16fb0693ad1ad3ead4bab48\">Was sind Megalithen? Wor\u00fcber sprechen wir? <\/h2>\n\n\n\n<p class=\"has-custom-color-1-color has-text-color\">Lassen Sie uns diese steinernen Giganten erobern. Megalithen sind Monumente, die aus einem oder mehreren Steinbl\u00f6cken bestehen und von Menschenhand errichtet wurden. In Frankreich ist die Bretagne besonders f\u00fcr ihre zahlreichen und imposanten Megalithen bekannt, die \u00dcberreste pr\u00e4historischer Zivilisationen sind und zu ihrem Ruhm beitragen.  <\/p>\n\n\n\n<p class=\"has-custom-color-1-color has-text-color\">In der Bretagne gibt es verschiedene Arten von Megalithen zu entdecken:<\/p>\n\n\n\n<p class=\"has-custom-color-1-color has-text-color\">&#8211; <strong>Menhire<\/strong>: ein einzelner, vertikal aufgestellter Stein<br\/>&#8211; <strong>Alignements<\/strong>: mehrere Menhire, die zusammen gruppiert sind und Linien oder Kreise bilden<br\/>&#8211; <strong>Dolmen<\/strong>: sind Gr\u00e4ber, die aus vertikalen Steinen bestehen, die von horizontalen Platten \u00fcberragt werden.<\/p>\n<\/div>\n<\/div>\n<\/div>\n<\/div>\n\n<div class=\"wp-block-group section-4 has-global-padding is-layout-constrained wp-container-core-group-is-layout-07b29094 wp-block-group-is-layout-constrained\" style=\"margin-top:0px;margin-bottom:0px;padding-right:0px;padding-left:0px\">\n<div class=\"wp-block-group banner has-global-padding is-layout-constrained wp-container-core-group-is-layout-07b29094 wp-block-group-is-layout-constrained\" style=\"margin-top:0px;margin-bottom:0px;padding-right:0px;padding-left:0px\">\n<div class=\"wp-block-cover\" style=\"margin-top:0px;margin-bottom:0px;padding-top:0px;padding-right:0px;padding-bottom:0px;padding-left:0px;min-height:90vh;aspect-ratio:unset;\"><img decoding=\"async\" width=\"2000\" height=\"1313\" class=\"wp-block-cover__image-background wp-image-7410 size-full\" alt=\"megalithe landes cojoux pre\u0301histoire\" src=\"https:\/\/www.campingpointedutalud.com\/wp-content\/uploads\/2026\/03\/megalithe-landes-cojoux-prehistoire.jpg\" data-object-fit=\"cover\" srcset=\"https:\/\/www.campingpointedutalud.com\/wp-content\/uploads\/2026\/03\/megalithe-landes-cojoux-prehistoire.jpg 2000w, https:\/\/www.campingpointedutalud.com\/wp-content\/uploads\/2026\/03\/megalithe-landes-cojoux-prehistoire-300x197.jpg 300w, https:\/\/www.campingpointedutalud.com\/wp-content\/uploads\/2026\/03\/megalithe-landes-cojoux-prehistoire-1024x672.jpg 1024w, https:\/\/www.campingpointedutalud.com\/wp-content\/uploads\/2026\/03\/megalithe-landes-cojoux-prehistoire-768x504.jpg 768w, https:\/\/www.campingpointedutalud.com\/wp-content\/uploads\/2026\/03\/megalithe-landes-cojoux-prehistoire-1536x1008.jpg 1536w\" sizes=\"(max-width: 2000px) 100vw, 2000px\" \/><span aria-hidden=\"true\" class=\"wp-block-cover__background has-background-dim-100 has-background-dim wp-block-cover__gradient-background has-background-gradient\" style=\"background:linear-gradient(0deg,rgb(6,54,122) 0%,rgba(255,255,255,0) 30%)\"><\/span><div class=\"wp-block-cover__inner-container has-global-padding is-layout-constrained wp-container-core-cover-is-layout-8b154107 wp-block-cover-is-layout-constrained\">\n<p class=\"has-text-align-center has-large-font-size\"><\/p>\n<\/div><\/div>\n<\/div>\n\n\n\n<div class=\"wp-block-group content has-custom-color-1-background-color has-background has-global-padding is-layout-constrained wp-container-core-group-is-layout-d4ecddba wp-block-group-is-layout-constrained\" style=\"margin-top:0px;margin-bottom:0px;padding-top:6rem;padding-right:15rem;padding-bottom:6rem;padding-left:15rem\">\n<h2 class=\"wp-block-heading has-custom-color-2-color has-text-color has-link-color wp-elements-7d3066e30119804094b676de5fd83d71\">Wo finden Sie megalithische St\u00e4tten?<\/h2>\n\n\n\n<p class=\"has-base-2-color has-text-color has-link-color wp-elements-6eed30062d97d2763246fce8536fde73\">Umgeben von Mythen und Legenden \u00fcber ihre Entstehung, sind die <strong>Megalithanlagen<\/strong> eine hervorragende Idee, um die Bretagne und ihre Geschichten zu entdecken. Hier sind einige der ber\u00fchmtesten St\u00e4tten: <\/p>\n\n\n\n<ul class=\"wp-block-list has-base-2-color has-text-color has-link-color wp-elements-2ccbebc97ed4d46e367352fd31fd633d\">\n<li>Die <strong>ber\u00fchmten<\/strong> <strong>Alignements<\/strong> mit mehr als 3.000 Menhiren in Carnac, Morbihan<\/li>\n\n\n\n<li>Die <strong>Megalithanlage<\/strong> <strong>Landes de Cojoux<\/strong> in Ille-et-Vilaine, die zweitgr\u00f6\u00dfte nach Carnac.<\/li>\n\n\n\n<li>Der <strong>Menhir von Kerloas<\/strong>, mit 9,50 m der gr\u00f6\u00dfte noch stehende <strong>Menhir<\/strong>, in den C\u00f4tes-d&#8217;Armor.<\/li>\n\n\n\n<li>Der <strong>Dolmen von La Roche-aux-F\u00e9es<\/strong>, in Ille-et-Vilaine<\/li>\n\n\n\n<li>Der <strong>Tumulus von Gavrinis<\/strong> und seine gravierten Stelen, Morbihan<\/li>\n\n\n\n<li><strong>Die Ausrichtung der Noce de Pierre in Brasparts<\/strong> in den Monts d&#8217;Arr\u00e9e<\/li>\n<\/ul>\n\n\n\n<p class=\"has-base-2-color has-text-color has-link-color wp-elements-96be83db338f129197a6cfe349515bc0\">In der Bretagne gibt es mehr als 550 megalithische St\u00e4tten, von denen Sie w\u00e4hrend Ihres Aufenthalts sicher eine finden werden!<\/p>\n<\/div>\n<\/div>\n\n<div class=\"wp-block-group section-maillage has-custom-color-3-background-color has-background has-global-padding is-layout-constrained wp-container-core-group-is-layout-20238047 wp-block-group-is-layout-constrained\" style=\"margin-top:0px;margin-bottom:0px;padding-top:8rem;padding-right:15rem;padding-bottom:8rem;padding-left:15rem\">\n<div class=\"wp-block-group texte-deco is-layout-flow wp-block-group-is-layout-flow\">\n<p class=\"has-text-align-center has-custom-color-1-color has-text-color has-link-color has-unbounded-font-family wp-elements-4b671ab84a61bfb95c7863109640eab6\" style=\"font-size:clamp(2.499rem, 2.499rem + ((1vw - 0.2rem) * 3.652), 4.69rem);font-style:normal;font-weight:700;line-height:1\">Idealer Urlaub :<\/p>\n\n\n\n<p class=\"has-text-align-center has-custom-color-1-color has-text-color has-link-color has-caveat-font-family wp-elements-50186fc64773f54c25fcd478e3afaf28\" style=\"margin-top:0px;margin-bottom:0px;font-size:clamp(3.159rem, 3.159rem + ((1vw - 0.2rem) * 5.252), 6.31rem);font-style:normal;font-weight:500;line-height:0.7\">Carnac, Broc\u00e9liande und Dienstleistungen vor Ort<\/p>\n<\/div>\n\n\n\n<div data-wp-context=\"{}\" data-wp-interactive=\"core\/query\" data-wp-key=\"0\" data-wp-router-region=\"query-0\" class=\"wp-block-query alignwide gt-fse-maillage-query is-layout-flow wp-block-query-is-layout-flow\"><ul class=\"columns-3 wp-block-post-template is-layout-grid wp-container-core-post-template-is-layout-6d3fbd8f wp-block-post-template-is-layout-grid\"><li data-wp-key=\"post-template-item-8313\" class=\"wp-block-post post-8313 page type-page status-publish has-post-thumbnail hentry\">\n<a href=\"https:\/\/www.campingpointedutalud.com\/de\/tourismus-morbihan-suedbretagne\/campingplatz-carnac\/\"    class=\"wp-block-tiptip-hyperlink-group-block\" >\n<figure class=\"wp-block-image size-full is-resized\"><img decoding=\"async\" width=\"367\" height=\"318\" src=\"https:\/\/www.campingpointedutalud.com\/wp-content\/uploads\/2025\/12\/grosse-fleur-jaune.svg\" alt=\"gro&#xDF;e gelbe Blume\" class=\"wp-image-143\" style=\"object-fit:contain;width:50px;height:50px\"\/><\/figure>\n\n<figure class=\"wp-block-image has-custom-border gt-maillage__image\"><img decoding=\"async\" src=\"https:\/\/www.campingpointedutalud.com\/wp-content\/uploads\/2026\/03\/carnac-megalithes-randonnee-bretagne-visite.jpg\" alt=\"Carnac Megalithen Menhire\" style=\"border-style:none;border-width:0px;border-top-left-radius:10px;border-top-right-radius:10px;border-bottom-left-radius:10px;border-bottom-right-radius:10px\"\/><\/figure>\n\n<p class=\"has-text-align-center has-custom-color-1-color has-text-color has-link-color has-unbounded-font-family wp-elements-6527d65a79d544105f2c7aa114e49b0c\" style=\"font-size:clamp(1.25rem, 1.25rem + ((1vw - 0.2rem) * 1.25), 2rem);line-height:1.1\">Carnac<\/p>\n<\/a>\n<\/li><li data-wp-key=\"post-template-item-8291\" class=\"wp-block-post post-8291 page type-page status-publish has-post-thumbnail hentry\">\n<a href=\"https:\/\/www.campingpointedutalud.com\/de\/tourismus-morbihan-suedbretagne\/foret-de-broceliande-campingplatz\/\"    class=\"wp-block-tiptip-hyperlink-group-block\" >\n<figure class=\"wp-block-image size-full is-resized\"><img decoding=\"async\" width=\"367\" height=\"318\" src=\"https:\/\/www.campingpointedutalud.com\/wp-content\/uploads\/2025\/12\/grosse-fleur-jaune.svg\" alt=\"gro&#xDF;e gelbe Blume\" class=\"wp-image-143\" style=\"object-fit:contain;width:50px;height:50px\"\/><\/figure>\n\n<figure class=\"wp-block-image has-custom-border gt-maillage__image\"><img decoding=\"async\" src=\"https:\/\/www.campingpointedutalud.com\/wp-content\/uploads\/2026\/03\/foret-de-broceliande-bretagne-arbre-dor.jpg\" alt=\"Wald von Broc\u00e9liande Hirsch Gold Skulptur\" style=\"border-style:none;border-width:0px;border-top-left-radius:10px;border-top-right-radius:10px;border-bottom-left-radius:10px;border-bottom-right-radius:10px\"\/><\/figure>\n\n<p class=\"has-text-align-center has-custom-color-1-color has-text-color has-link-color has-unbounded-font-family wp-elements-6527d65a79d544105f2c7aa114e49b0c\" style=\"font-size:clamp(1.25rem, 1.25rem + ((1vw - 0.2rem) * 1.25), 2rem);line-height:1.1\">Wald von Broc\u00e9liande<\/p>\n<\/a>\n<\/li><li data-wp-key=\"post-template-item-8051\" class=\"wp-block-post post-8051 page type-page status-publish has-post-thumbnail hentry\">\n<a href=\"https:\/\/www.campingpointedutalud.com\/de\/familiencampingplatz-ploemeur\/\"    class=\"wp-block-tiptip-hyperlink-group-block\" >\n<figure class=\"wp-block-image size-full is-resized\"><img decoding=\"async\" width=\"367\" height=\"318\" src=\"https:\/\/www.campingpointedutalud.com\/wp-content\/uploads\/2025\/12\/grosse-fleur-jaune.svg\" alt=\"gro&#xDF;e gelbe Blume\" class=\"wp-image-143\" style=\"object-fit:contain;width:50px;height:50px\"\/><\/figure>\n\n<figure class=\"wp-block-image has-custom-border gt-maillage__image\"><img decoding=\"async\" src=\"https:\/\/www.campingpointedutalud.com\/wp-content\/uploads\/2026\/03\/pointe-du-talud-accueil-vue-drone-camping.jpg\" alt=\"La Pointe du Talud Startseite Blick Drohne Camping\" style=\"border-style:none;border-width:0px;border-top-left-radius:10px;border-top-right-radius:10px;border-bottom-left-radius:10px;border-bottom-right-radius:10px\"\/><\/figure>\n\n<p class=\"has-text-align-center has-custom-color-1-color has-text-color has-link-color has-unbounded-font-family wp-elements-6527d65a79d544105f2c7aa114e49b0c\" style=\"font-size:clamp(1.25rem, 1.25rem + ((1vw - 0.2rem) * 1.25), 2rem);line-height:1.1\">Dienste<\/p>\n<\/a>\n<\/li><\/ul><\/div>\n<\/div>\n","protected":false},"excerpt":{"rendered":"<p>Die Geschichte beginnt hier Besuchen Sie die Megalithen in der Bretagne &#8211; Camping La Pointe du Talud Was w\u00e4re die Bretagne ohne ihre Megalithen? Diese steinernen Monumente sind ein Geheimnis, das jeder Besucher gerne l\u00fcften w\u00fcrde. Tauchen Sie ein in die Geschichte unserer Vorfahren und besuchen Sie von Ihrem Campingplatz in Morbihan aus die Megalithen [&hellip;]<\/p>\n","protected":false},"author":1,"featured_media":8249,"parent":8348,"menu_order":0,"comment_status":"closed","ping_status":"closed","template":"","meta":{"_seopress_robots_primary_cat":"","_seopress_titles_title":"Campingplatz Morbihan besuchen Sie die Megalithen der Bretagne","_seopress_titles_desc":"Tauchen Sie ein in die Geschichte mit den Megalithen in der Bretagne. Von unserem Campingplatz in Morbihan aus k\u00f6nnen Sie diese faszinierenden, jahrtausendealten Relikte besichtigen. ","_seopress_robots_index":"","inline_featured_image":false,"gt_fse_maillage_image":"https:\/\/www.campingpointedutalud.com\/wp-content\/uploads\/2026\/03\/menhir-bord-de-leau-bretagne-megalithe.jpg","gt_fse_maillage_titre":"Megalithen in der Bretagne","gt_fse_maillage_alt":"Megalithen in der Bretagne","gt_fse_maillage_resume":"","footnotes":""},"categories":[],"tags":[],"class_list":["post-8248","page","type-page","status-publish","has-post-thumbnail","hentry"],"publishpress_future_action":{"enabled":false,"date":"2026-05-15 14:51:18","action":"change-status","newStatus":"draft","terms":[],"taxonomy":"category","extraData":[]},"publishpress_future_workflow_manual_trigger":{"enabledWorkflows":[]},"_links":{"self":[{"href":"https:\/\/www.campingpointedutalud.com\/de\/wp-json\/wp\/v2\/pages\/8248","targetHints":{"allow":["GET"]}}],"collection":[{"href":"https:\/\/www.campingpointedutalud.com\/de\/wp-json\/wp\/v2\/pages"}],"about":[{"href":"https:\/\/www.campingpointedutalud.com\/de\/wp-json\/wp\/v2\/types\/page"}],"author":[{"embeddable":true,"href":"https:\/\/www.campingpointedutalud.com\/de\/wp-json\/wp\/v2\/users\/1"}],"replies":[{"embeddable":true,"href":"https:\/\/www.campingpointedutalud.com\/de\/wp-json\/wp\/v2\/comments?post=8248"}],"version-history":[{"count":4,"href":"https:\/\/www.campingpointedutalud.com\/de\/wp-json\/wp\/v2\/pages\/8248\/revisions"}],"predecessor-version":[{"id":8948,"href":"https:\/\/www.campingpointedutalud.com\/de\/wp-json\/wp\/v2\/pages\/8248\/revisions\/8948"}],"up":[{"embeddable":true,"href":"https:\/\/www.campingpointedutalud.com\/de\/wp-json\/wp\/v2\/pages\/8348"}],"wp:featuredmedia":[{"embeddable":true,"href":"https:\/\/www.campingpointedutalud.com\/de\/wp-json\/wp\/v2\/media\/8249"}],"wp:attachment":[{"href":"https:\/\/www.campingpointedutalud.com\/de\/wp-json\/wp\/v2\/media?parent=8248"}],"wp:term":[{"taxonomy":"category","embeddable":true,"href":"https:\/\/www.campingpointedutalud.com\/de\/wp-json\/wp\/v2\/categories?post=8248"},{"taxonomy":"post_tag","embeddable":true,"href":"https:\/\/www.campingpointedutalud.com\/de\/wp-json\/wp\/v2\/tags?post=8248"}],"curies":[{"name":"wp","href":"https:\/\/api.w.org\/{rel}","templated":true}]}}