{"id":8245,"date":"2026-03-11T10:53:57","date_gmt":"2026-03-11T09:53:57","guid":{"rendered":"https:\/\/www.campingpointedutalud.com\/meilleurs-spots-de-peche-ploemeur\/"},"modified":"2026-03-23T08:24:53","modified_gmt":"2026-03-23T07:24:53","slug":"die-besten-angelplaetze-ploemeur","status":"publish","type":"page","link":"https:\/\/www.campingpointedutalud.com\/de\/tourismus-morbihan-suedbretagne\/die-besten-angelplaetze-ploemeur\/","title":{"rendered":"Die besten Angelpl\u00e4tze"},"content":{"rendered":"\n<div class=\"wp-block-group section-6 has-custom-color-3-background-color has-background has-global-padding is-layout-constrained wp-container-core-group-is-layout-891a295a wp-block-group-is-layout-constrained\" style=\"margin-top:0px;margin-bottom:0px;padding-top:8rem;padding-right:15rem;padding-bottom:4rem;padding-left:15rem\">\n<div class=\"wp-block-group gt-reverse-mobile is-nowrap is-layout-flex wp-container-core-group-is-layout-90b6bdf5 wp-block-group-is-layout-flex\">\n<div class=\"wp-block-group has-global-padding is-layout-constrained wp-container-core-group-is-layout-7c250ea7 wp-block-group-is-layout-constrained\" style=\"margin-top:0px;margin-bottom:0px;padding-top:0;padding-right:0px;padding-bottom:0;padding-left:0px\">\n<div class=\"wp-block-group has-global-padding is-layout-constrained wp-container-core-group-is-layout-162f2a30 wp-block-group-is-layout-constrained\" style=\"margin-top:0px;margin-bottom:0px\">\n<div class=\"wp-block-group has-global-padding is-layout-constrained wp-container-core-group-is-layout-d6554d75 wp-block-group-is-layout-constrained\" style=\"margin-top:0px;margin-bottom:0px\">\n<div class=\"wp-block-cover is-light\" style=\"border-top-left-radius:10px;border-top-right-radius:10px;border-bottom-left-radius:10px;border-bottom-right-radius:10px\"><img decoding=\"async\" width=\"2000\" height=\"1333\" class=\"wp-block-cover__image-background wp-image-7018 size-full\" alt=\"pe\u0302che bottes plage bretagne\" src=\"https:\/\/www.campingpointedutalud.com\/wp-content\/uploads\/2026\/03\/peche-bottes-plage-bretagne.jpg\" data-object-fit=\"cover\" srcset=\"https:\/\/www.campingpointedutalud.com\/wp-content\/uploads\/2026\/03\/peche-bottes-plage-bretagne.jpg 2000w, https:\/\/www.campingpointedutalud.com\/wp-content\/uploads\/2026\/03\/peche-bottes-plage-bretagne-300x200.jpg 300w, https:\/\/www.campingpointedutalud.com\/wp-content\/uploads\/2026\/03\/peche-bottes-plage-bretagne-1024x682.jpg 1024w, https:\/\/www.campingpointedutalud.com\/wp-content\/uploads\/2026\/03\/peche-bottes-plage-bretagne-768x512.jpg 768w, https:\/\/www.campingpointedutalud.com\/wp-content\/uploads\/2026\/03\/peche-bottes-plage-bretagne-1536x1024.jpg 1536w\" sizes=\"(max-width: 2000px) 100vw, 2000px\" \/><span aria-hidden=\"true\" class=\"wp-block-cover__background has-background-dim-0 has-background-dim\"><\/span><div class=\"wp-block-cover__inner-container has-global-padding is-layout-constrained wp-block-cover-is-layout-constrained\">\n<p class=\"has-text-align-center has-large-font-size\"><\/p>\n<\/div><\/div>\n<\/div>\n<\/div>\n<\/div>\n\n\n\n<div class=\"wp-block-group gt-reverse-mobile is-vertical is-layout-flex wp-container-core-group-is-layout-7857e36c wp-block-group-is-layout-flex\" style=\"padding-right:0px;padding-left:0px\">\n<div class=\"wp-block-group texte-deco has-global-padding is-content-justification-left is-layout-constrained wp-container-core-group-is-layout-d6fb7615 wp-block-group-is-layout-constrained\" style=\"margin-top:0px;margin-bottom:0px;padding-right:0px;padding-left:0px\">\n<p class=\"has-custom-color-1-color has-text-color has-link-color has-unbounded-font-family wp-elements-a6fdb79ac8312898235535002eca9ef3\" style=\"font-size:clamp(2.499rem, 2.499rem + ((1vw - 0.2rem) * 3.652), 4.69rem);font-style:normal;font-weight:700;line-height:1\">Land<\/p>\n\n\n\n<p class=\"has-custom-color-1-color has-text-color has-link-color has-caveat-font-family wp-elements-f280ce95c352ef59ae07dc563e9f9fc7\" style=\"margin-top:0px;margin-bottom:0px;font-size:clamp(3.159rem, 3.159rem + ((1vw - 0.2rem) * 5.252), 6.31rem);font-style:normal;font-weight:500;line-height:0.7\">von Fischern<\/p>\n<\/div>\n\n\n\n<div class=\"wp-block-group content has-base-2-background-color has-background has-global-padding is-layout-constrained wp-container-core-group-is-layout-69f271cb wp-block-group-is-layout-constrained\" style=\"border-top-left-radius:10px;border-top-right-radius:10px;border-bottom-left-radius:10px;border-bottom-right-radius:10px;margin-top:0px;margin-bottom:0px;padding-top:40px;padding-right:40px;padding-bottom:40px;padding-left:40px\">\n<h1 class=\"wp-block-heading has-custom-color-1-color has-text-color has-link-color wp-elements-086b3ad239afe64ef0fe043ba91ff668\">Die besten Spots zum Angeln in Ploemeur<\/h1>\n\n\n\n<p class=\"has-custom-color-1-color has-text-color\">Sie suchen nach einer <strong>spielerischen und geselligen<\/strong> Aktivit\u00e4t, die der ganzen Familie gef\u00e4llt? Wie w\u00e4re es mit Angeln vom <a href=\"https:\/\/www.campingpointedutalud.com\/de\/\" data-type=\"page\" data-id=\"5\">Campingplatz in Ploemeur<\/a> aus? Diese traditionelle Freizeitbesch\u00e4ftigung der Bretagne ist fast das ganze Jahr \u00fcber zug\u00e4nglich und eignet sich perfekt f\u00fcr einen unvergesslichen Moment w\u00e4hrend Ihres Urlaubs im Morbihan. Ziehen Sie Ihre Stiefel an, schnappen Sie sich Ihren Kescher und machen Sie sich auf den Weg zu den Str\u00e4nden von Ploemeur, um dort zu angeln.    <br\/><\/p>\n<\/div>\n<\/div>\n<\/div>\n<\/div>\n\n<div class=\"wp-block-group section-simple has-custom-color-3-background-color has-background has-global-padding is-layout-constrained wp-container-core-group-is-layout-e8882e7b wp-block-group-is-layout-constrained\" style=\"margin-top:0px;margin-bottom:0px;padding-top:8rem;padding-right:15rem;padding-bottom:8rem;padding-left:15rem\">\n<div class=\"wp-block-columns are-vertically-aligned-top is-layout-flex wp-container-core-columns-is-layout-28f84493 wp-block-columns-is-layout-flex\">\n<div class=\"wp-block-column is-vertically-aligned-top is-layout-flow wp-block-column-is-layout-flow\">\n<div class=\"wp-block-group has-base-2-background-color has-background has-global-padding is-layout-constrained wp-container-core-group-is-layout-3dcc9c70 wp-block-group-is-layout-constrained\" style=\"border-top-left-radius:10px;border-top-right-radius:10px;border-bottom-left-radius:10px;border-bottom-right-radius:10px;padding-top:40px;padding-right:40px;padding-bottom:40px;padding-left:40px\">\n<h2 class=\"wp-block-heading has-custom-color-1-color has-text-color has-link-color has-large-font-size wp-elements-b71dd9e21c5544fb45af909a49c9408c\">Der Strand von Fort-Bloqu\u00e9<\/h2>\n\n\n\n<p class=\"has-custom-color-1-color has-text-color\">Diese <strong>gro\u00dfe Fl\u00e4che mit feinem Sand<\/strong> westlich von Ploemeur ist ideal zum Angeln! Bei Ebbe k\u00f6nnen Sie hier zahlreiche Muscheln wie Herzmuscheln, Messer und Venusmuscheln oder auch Garnelen finden. Achten Sie jedoch auf den Kalender und die Gezeitenzeiten. Das Wasser steigt sehr schnell und Sie k\u00f6nnten auf der Festung gefangen sein.   <br\/><\/p>\n\n\n\n<h2 class=\"wp-block-heading has-custom-color-1-color has-text-color has-link-color has-large-font-size wp-elements-65f0e70b6b2e67f0030b033a628a83d5\">Der Strand von Kerroch<\/h2>\n\n\n\n<p class=\"has-custom-color-1-color has-text-color\">Dies ist ein <strong>wahres Paradies f\u00fcr Angler<\/strong> im Morbihan. Der Strand von Kerroch ist eine kleine Fl\u00e4che mit feinem Sand und wird von felsigen Gebieten eingerahmt, in denen sich viele Muscheln und Schalentiere verstecken. Bei Ebbe zeigen sich Spalten und Becken voller Garnelen, Krabben und Strandschnecken. Im sandigen Bereich finden Sie Herzmuscheln und Venusmuscheln.   <\/p>\n<\/div>\n<\/div>\n\n\n\n<div class=\"wp-block-column is-vertically-aligned-top is-layout-flow wp-block-column-is-layout-flow\">\n<figure class=\"wp-block-image size-full has-custom-border\"><img decoding=\"async\" width=\"2000\" height=\"1333\" src=\"https:\/\/www.campingpointedutalud.com\/wp-content\/uploads\/2026\/03\/fort-bloque-camping-pointe-du-talud_1.jpg\" alt=\"Fort blockiert Camping La Pointe du Talud\" class=\"wp-image-7025\" style=\"border-top-left-radius:10px;border-top-right-radius:10px;border-bottom-left-radius:10px;border-bottom-right-radius:10px;aspect-ratio:16\/9;object-fit:cover\" srcset=\"https:\/\/www.campingpointedutalud.com\/wp-content\/uploads\/2026\/03\/fort-bloque-camping-pointe-du-talud_1.jpg 2000w, https:\/\/www.campingpointedutalud.com\/wp-content\/uploads\/2026\/03\/fort-bloque-camping-pointe-du-talud_1-300x200.jpg 300w, https:\/\/www.campingpointedutalud.com\/wp-content\/uploads\/2026\/03\/fort-bloque-camping-pointe-du-talud_1-1024x682.jpg 1024w, https:\/\/www.campingpointedutalud.com\/wp-content\/uploads\/2026\/03\/fort-bloque-camping-pointe-du-talud_1-768x512.jpg 768w, https:\/\/www.campingpointedutalud.com\/wp-content\/uploads\/2026\/03\/fort-bloque-camping-pointe-du-talud_1-1536x1024.jpg 1536w\" sizes=\"(max-width: 2000px) 100vw, 2000px\" \/><\/figure>\n<\/div>\n<\/div>\n<\/div>\n\n<div class=\"wp-block-group section-simple has-custom-color-2-background-color has-background has-global-padding is-layout-constrained wp-container-core-group-is-layout-e8882e7b wp-block-group-is-layout-constrained\" style=\"margin-top:0px;margin-bottom:0px;padding-top:8rem;padding-right:15rem;padding-bottom:8rem;padding-left:15rem\">\n<div class=\"wp-block-columns are-vertically-aligned-top is-layout-flex wp-container-core-columns-is-layout-28f84493 wp-block-columns-is-layout-flex\">\n<div class=\"wp-block-column is-vertically-aligned-top is-layout-flow wp-block-column-is-layout-flow\">\n<figure class=\"wp-block-image size-full has-custom-border\"><img decoding=\"async\" width=\"2000\" height=\"1333\" src=\"https:\/\/www.campingpointedutalud.com\/wp-content\/uploads\/2026\/03\/peche-pied-bretagne-famille-.jpg\" alt=\"Angeln zu Fu&#xDF; Bretagne Familie\" class=\"wp-image-7021\" style=\"border-top-left-radius:10px;border-top-right-radius:10px;border-bottom-left-radius:10px;border-bottom-right-radius:10px;aspect-ratio:16\/9;object-fit:cover\" srcset=\"https:\/\/www.campingpointedutalud.com\/wp-content\/uploads\/2026\/03\/peche-pied-bretagne-famille-.jpg 2000w, https:\/\/www.campingpointedutalud.com\/wp-content\/uploads\/2026\/03\/peche-pied-bretagne-famille--300x200.jpg 300w, https:\/\/www.campingpointedutalud.com\/wp-content\/uploads\/2026\/03\/peche-pied-bretagne-famille--1024x682.jpg 1024w, https:\/\/www.campingpointedutalud.com\/wp-content\/uploads\/2026\/03\/peche-pied-bretagne-famille--768x512.jpg 768w, https:\/\/www.campingpointedutalud.com\/wp-content\/uploads\/2026\/03\/peche-pied-bretagne-famille--1536x1024.jpg 1536w\" sizes=\"(max-width: 2000px) 100vw, 2000px\" \/><\/figure>\n<\/div>\n\n\n\n<div class=\"wp-block-column is-vertically-aligned-top is-layout-flow wp-block-column-is-layout-flow\">\n<div class=\"wp-block-group has-base-2-background-color has-background has-global-padding is-layout-constrained wp-container-core-group-is-layout-3dcc9c70 wp-block-group-is-layout-constrained\" style=\"border-top-left-radius:10px;border-top-right-radius:10px;border-bottom-left-radius:10px;border-bottom-right-radius:10px;padding-top:40px;padding-right:40px;padding-bottom:40px;padding-left:40px\">\n<h2 class=\"wp-block-heading has-custom-color-1-color has-text-color has-link-color wp-elements-1157f4a45ad16f083645e6ebb449fb6e\">L&#8217;Anse du Stole<\/h2>\n\n\n\n<p class=\"has-custom-color-1-color has-text-color\">Der Stadtstrand von Anse du Stole ist von Felsen umgeben und erstreckt sich \u00fcber<strong> 600 m<\/strong> im Morbihan. Bei Ebbe k\u00f6nnen Kinder hier leicht Muscheln wie Venusmuscheln und Herzmuscheln sammeln und zwischen den Felsen Garnelen aufsp\u00fcren. Beachten Sie jedoch, dass diese K\u00fcste sehr stark von Fu\u00dfg\u00e4ngern frequentiert wird. Stellen Sie sicher, dass Sie die \u00f6rtlichen Vorschriften einhalten (Informationen erhalten Sie bei der Maritime Affaires) und verantwortungsvoll fischen.   <\/p>\n\n\n\n<h2 class=\"wp-block-heading has-custom-color-1-color has-text-color has-link-color wp-elements-c0150505ea27c29ce29017453975ef66\">Der Strand von Cour\u00e9gant<\/h2>\n\n\n\n<p class=\"has-custom-color-1-color has-text-color\">Dieser<strong> charmante Strand mit feinem Sand<\/strong> ist weniger bekannt als der Strand von Fort-Bloqu\u00e9, aber dennoch ein interessantes Gebiet f\u00fcr Angler in Ploemeur. Die K\u00fcste besteht aus Sand und Felsen und beherbergt viele verschiedene Arten. In den Pf\u00fctzen und unter den Steinen k\u00f6nnen Sie Strandschnecken, Garnelen und Krabben entdecken. Seien Sie vorsichtig bei den Felsen, die rutschig sein k\u00f6nnen.   <\/p>\n<\/div>\n<\/div>\n<\/div>\n<\/div>\n\n<div class=\"wp-block-group section-4 has-global-padding is-layout-constrained wp-container-core-group-is-layout-07b29094 wp-block-group-is-layout-constrained\" style=\"margin-top:0px;margin-bottom:0px;padding-right:0px;padding-left:0px\">\n<div class=\"wp-block-group banner has-global-padding is-layout-constrained wp-container-core-group-is-layout-07b29094 wp-block-group-is-layout-constrained\" style=\"margin-top:0px;margin-bottom:0px;padding-right:0px;padding-left:0px\">\n<div class=\"wp-block-cover\" style=\"margin-top:0px;margin-bottom:0px;padding-top:0px;padding-right:0px;padding-bottom:0px;padding-left:0px;min-height:90vh;aspect-ratio:unset;\"><img decoding=\"async\" width=\"2000\" height=\"1328\" class=\"wp-block-cover__image-background wp-image-7022 size-full\" alt=\"pe\u0302hce crabes petit garc\u0327on e\u0301puisette\" src=\"https:\/\/www.campingpointedutalud.com\/wp-content\/uploads\/2026\/03\/pehce-crabes-petit-garcon-epuisette.jpg\" data-object-fit=\"cover\" srcset=\"https:\/\/www.campingpointedutalud.com\/wp-content\/uploads\/2026\/03\/pehce-crabes-petit-garcon-epuisette.jpg 2000w, https:\/\/www.campingpointedutalud.com\/wp-content\/uploads\/2026\/03\/pehce-crabes-petit-garcon-epuisette-300x199.jpg 300w, https:\/\/www.campingpointedutalud.com\/wp-content\/uploads\/2026\/03\/pehce-crabes-petit-garcon-epuisette-1024x680.jpg 1024w, https:\/\/www.campingpointedutalud.com\/wp-content\/uploads\/2026\/03\/pehce-crabes-petit-garcon-epuisette-768x510.jpg 768w, https:\/\/www.campingpointedutalud.com\/wp-content\/uploads\/2026\/03\/pehce-crabes-petit-garcon-epuisette-1536x1020.jpg 1536w\" sizes=\"(max-width: 2000px) 100vw, 2000px\" \/><span aria-hidden=\"true\" class=\"wp-block-cover__background has-background-dim-100 has-background-dim wp-block-cover__gradient-background has-background-gradient\" style=\"background:linear-gradient(0deg,rgb(6,54,122) 0%,rgba(255,255,255,0) 30%)\"><\/span><div class=\"wp-block-cover__inner-container has-global-padding is-layout-constrained wp-container-core-cover-is-layout-8b154107 wp-block-cover-is-layout-constrained\">\n<p class=\"has-text-align-center has-large-font-size\"><\/p>\n<\/div><\/div>\n<\/div>\n\n\n\n<div class=\"wp-block-group content has-custom-color-1-background-color has-background has-global-padding is-layout-constrained wp-container-core-group-is-layout-d4ecddba wp-block-group-is-layout-constrained\" style=\"margin-top:0px;margin-bottom:0px;padding-top:6rem;padding-right:15rem;padding-bottom:6rem;padding-left:15rem\">\n<h2 class=\"wp-block-heading has-custom-color-2-color has-text-color has-link-color wp-elements-67401ca389274b7ac770aab8ffd6142f\">Unsere Ratschl\u00e4ge f\u00fcr ein vern\u00fcnftiges Management des Angelns in Ploemeur in der Bretagne<\/h2>\n\n\n\n    <div id=\"gt-fse-lire-plus-1\"\n         class=\"gt-fse-lire-plus lire-plus-fond-bleu\"\n         data-min-height=\"130\"\n         style=\"background-color: #06367a;\">\n\n        <input id=\"gt-fse-lire-plus-1-toggle\"\n               type=\"checkbox\"\n               class=\"gt-fse-lire-plus__toggle\" \/>\n\n        <label for=\"gt-fse-lire-plus-1-toggle\"\n               class=\"gt-fse-lire-plus__toggle-label\">\n            <span>Mehr lesen<\/span>\n            <span>Weniger lesen<\/span>\n        <\/label>\n\n        <div class=\"gt-fse-lire-plus__content\"\n             style=\"height: 130px;\">\n\n            \n\n<p class=\"has-base-2-color has-text-color has-link-color wp-elements-8bd0a5439278d67287d989f20a824b92\">Bevor Sie sich auf das Abenteuer einlassen, sollten Sie sich \u00fcber die <strong>Vorschriften<\/strong> f\u00fcr das Angeln zu Fu\u00df in Morbihan informieren. F\u00fcr den Fang m\u00fcssen Sie eine Mindestgr\u00f6\u00dfe und eine bestimmte Anzahl von Exemplaren beachten. Je nach Muschelart und Gebiet, in dem die Muschelvorkommen liegen, k\u00f6nnen diese Regeln variieren. W\u00e4hrend die Freizeitfischerei auf Herzmuscheln und Venusmuscheln das ganze Jahr \u00fcber erlaubt ist, ist der Beginn der Fu\u00dffischerei auf Jakobsmuscheln auf den 1. Oktober festgelegt.   <\/p>\n\n\n\n<p class=\"has-base-2-color has-text-color has-link-color wp-elements-0fb568f20be41ba5bd11415df745fea0\">Um Ihnen zu helfen, wenden Sie sich bitte an<strong> das Fremdenverkehrsamt<\/strong> oder laden Sie die Empfehlungen des <strong>Regionalrates<\/strong> herunter. Nehmen Sie ein Lineal mit, um Messungen vorzunehmen. F\u00fcr einige Arten, wie z.B. die Jakobsmuschel, ist nur die Verwendung eines Keschers erlaubt. Nehmen Sie R\u00fccksicht auf die K\u00fcste und ihr \u00d6kosystem, indem Sie die Steine zur\u00fccklegen und darauf achten, dass Sie die Seegraswiesen nicht besch\u00e4digen, die als Kinderstube f\u00fcr viele Meerestiere dienen.   <\/p>\n\n\n\n<p class=\"has-base-2-color has-text-color has-link-color wp-elements-cdfcf468193e0f833a66ea420232552b\">Sie sollten auch einige Vorsichtsma\u00dfnahmen f\u00fcr Ihre Sicherheit treffen. Bevor Sie losfahren, sollten Sie den <strong>Gezeitenkalender und die Gezeitenkoeffizienten<\/strong> \u00fcberpr\u00fcfen und sogar herunterladen. \u00dcberpr\u00fcfen Sie das Wetter und die Wasserqualit\u00e4t. Vergessen Sie nicht, ob es in Ihrem Angelgebiet Verbote oder Sperrzeiten gibt. Tragen Sie geeignete Kleidung und rutschfeste Schuhe, um das Verletzungsrisiko zu minimieren. Informieren Sie Ihre Familie und Freunde \u00fcber Ihr Angelziel &#8211; das Gebiet der erwarteten Fischgr\u00fcnde, den genauen Strand, an dem Sie in Ploemeur angeln wollen &#8211; und halten Sie ein Kommunikationsmittel oder einen Wegweiser bereit.<br\/>Die K\u00fcste von Morbihan bietet ausgezeichnete Gebiete zum Angeln <strong>in Ploemeur<\/strong>. Mit der Familie, Freunden oder allein k\u00f6nnen Sie bei Ebbe alle verborgenen Sch\u00e4tze entdecken, vorausgesetzt, Sie halten sich an die Vorschriften f\u00fcr dieses Hobby und sch\u00fctzen das \u00d6kosystem. Die Bretagne und ihre Meeresgebiete sind wahre Sch\u00e4tze f\u00fcr Angler oder f\u00fcr diejenigen, die gerne mit den F\u00fc\u00dfen im Wasser stehen!      <\/p>\n\n\n            <div class=\"gt-fse-lire-plus__gradient\"\n                 style=\"background: linear-gradient(to bottom, rgba(6,54,122,0) 0%, rgba(6,54,122,1) 100%);\"><\/div>\n        <\/div>\n\n    <\/div>\n\n    <\/div>\n<\/div>\n\n<div class=\"wp-block-group section-maillage has-custom-color-3-background-color has-background has-global-padding is-layout-constrained wp-container-core-group-is-layout-20238047 wp-block-group-is-layout-constrained\" style=\"margin-top:0px;margin-bottom:0px;padding-top:8rem;padding-right:15rem;padding-bottom:8rem;padding-left:15rem\">\n<div class=\"wp-block-group texte-deco is-layout-flow wp-block-group-is-layout-flow\">\n<p class=\"has-text-align-center has-custom-color-1-color has-text-color has-link-color has-unbounded-font-family wp-elements-a77860325b5348232726bf7aa8ad59db\" style=\"font-size:clamp(2.499rem, 2.499rem + ((1vw - 0.2rem) * 3.652), 4.69rem);font-style:normal;font-weight:700;line-height:1\">Auf Entdeckungstour<\/p>\n\n\n\n<p class=\"has-text-align-center has-custom-color-1-color has-text-color has-link-color has-caveat-font-family wp-elements-deb63feab9ada3fffe9eae59f8a4e997\" style=\"margin-top:0px;margin-bottom:0px;font-size:clamp(3.159rem, 3.159rem + ((1vw - 0.2rem) * 5.252), 6.31rem);font-style:normal;font-weight:500;line-height:0.7\">Freizeit und Region<\/p>\n<\/div>\n\n\n\n<div data-wp-context=\"{}\" data-wp-interactive=\"core\/query\" data-wp-key=\"0\" data-wp-router-region=\"query-0\" class=\"wp-block-query alignwide gt-fse-maillage-query is-layout-flow wp-block-query-is-layout-flow\"><ul class=\"columns-3 wp-block-post-template is-layout-grid wp-container-core-post-template-is-layout-6d3fbd8f wp-block-post-template-is-layout-grid\"><li data-wp-key=\"post-template-item-8324\" class=\"wp-block-post post-8324 page type-page status-publish has-post-thumbnail hentry\">\n<a href=\"https:\/\/www.campingpointedutalud.com\/de\/tourismus-morbihan-suedbretagne\/markt-von-ploemeur-campingplatz\/\"    class=\"wp-block-tiptip-hyperlink-group-block\" >\n<figure class=\"wp-block-image size-full is-resized\"><img decoding=\"async\" width=\"367\" height=\"318\" src=\"https:\/\/www.campingpointedutalud.com\/wp-content\/uploads\/2025\/12\/grosse-fleur-jaune.svg\" alt=\"gro&#xDF;e gelbe Blume\" class=\"wp-image-143\" style=\"object-fit:contain;width:50px;height:50px\"\/><\/figure>\n\n<figure class=\"wp-block-image has-custom-border gt-maillage__image\"><img decoding=\"async\" src=\"https:\/\/www.campingpointedutalud.com\/wp-content\/uploads\/2026\/03\/marche-bretagne-ploemeur-huitres.jpg\" alt=\"Markt von Ploemeur Austern\" style=\"border-style:none;border-width:0px;border-top-left-radius:10px;border-top-right-radius:10px;border-bottom-left-radius:10px;border-bottom-right-radius:10px\"\/><\/figure>\n\n<p class=\"has-text-align-center has-custom-color-1-color has-text-color has-link-color has-unbounded-font-family wp-elements-6527d65a79d544105f2c7aa114e49b0c\" style=\"font-size:clamp(1.25rem, 1.25rem + ((1vw - 0.2rem) * 1.25), 2rem);line-height:1.1\">Markt in Ploemeur<\/p>\n<\/a>\n<\/li><li data-wp-key=\"post-template-item-8390\" class=\"wp-block-post post-8390 page type-page status-publish has-post-thumbnail hentry\">\n<a href=\"https:\/\/www.campingpointedutalud.com\/de\/tourismus-morbihan-suedbretagne\/campingplatz-iles-bretonnes\/\"    class=\"wp-block-tiptip-hyperlink-group-block\" >\n<figure class=\"wp-block-image size-full is-resized\"><img decoding=\"async\" width=\"367\" height=\"318\" src=\"https:\/\/www.campingpointedutalud.com\/wp-content\/uploads\/2025\/12\/grosse-fleur-jaune.svg\" alt=\"gro&#xDF;e gelbe Blume\" class=\"wp-image-143\" style=\"object-fit:contain;width:50px;height:50px\"\/><\/figure>\n\n<figure class=\"wp-block-image has-custom-border gt-maillage__image\"><img decoding=\"async\" src=\"https:\/\/www.campingpointedutalud.com\/wp-content\/uploads\/2026\/03\/iles-bretonnes-bretagne-morbihan-voyager.jpg\" alt=\"Bretonische Inseln Bretagne Morbihan Reisen\" style=\"border-style:none;border-width:0px;border-top-left-radius:10px;border-top-right-radius:10px;border-bottom-left-radius:10px;border-bottom-right-radius:10px\"\/><\/figure>\n\n<p class=\"has-text-align-center has-custom-color-1-color has-text-color has-link-color has-unbounded-font-family wp-elements-6527d65a79d544105f2c7aa114e49b0c\" style=\"font-size:clamp(1.25rem, 1.25rem + ((1vw - 0.2rem) * 1.25), 2rem);line-height:1.1\">Die Bretonischen Inseln<\/p>\n<\/a>\n<\/li><li data-wp-key=\"post-template-item-8347\" class=\"wp-block-post post-8347 page type-page status-publish has-post-thumbnail hentry\">\n<a href=\"https:\/\/www.campingpointedutalud.com\/de\/campingplatz-am-meer-ploemeur\/\"    class=\"wp-block-tiptip-hyperlink-group-block\" >\n<figure class=\"wp-block-image size-full is-resized\"><img decoding=\"async\" width=\"367\" height=\"318\" src=\"https:\/\/www.campingpointedutalud.com\/wp-content\/uploads\/2025\/12\/grosse-fleur-jaune.svg\" alt=\"gro&#xDF;e gelbe Blume\" class=\"wp-image-143\" style=\"object-fit:contain;width:50px;height:50px\"\/><\/figure>\n\n<figure class=\"wp-block-image has-custom-border gt-maillage__image\"><img decoding=\"async\" src=\"https:\/\/www.campingpointedutalud.com\/wp-content\/uploads\/2026\/03\/paysage-bretagne-kerroch-bord-de-mer.jpg\" alt=\"K\u00fcste Morbihan Bretagne\" style=\"border-style:none;border-width:0px;border-top-left-radius:10px;border-top-right-radius:10px;border-bottom-left-radius:10px;border-bottom-right-radius:10px\"\/><\/figure>\n\n<p class=\"has-text-align-center has-custom-color-1-color has-text-color has-link-color has-unbounded-font-family wp-elements-6527d65a79d544105f2c7aa114e49b0c\" style=\"font-size:clamp(1.25rem, 1.25rem + ((1vw - 0.2rem) * 1.25), 2rem);line-height:1.1\">Meer<\/p>\n<\/a>\n<\/li><\/ul><\/div>\n<\/div>\n","protected":false},"excerpt":{"rendered":"<p>Land von Fischern Die besten Spots zum Angeln in Ploemeur Sie suchen nach einer spielerischen und geselligen Aktivit\u00e4t, die der ganzen Familie gef\u00e4llt? Wie w\u00e4re es mit Angeln vom Campingplatz in Ploemeur aus? Diese traditionelle Freizeitbesch\u00e4ftigung der Bretagne ist fast das ganze Jahr \u00fcber zug\u00e4nglich und eignet sich perfekt f\u00fcr einen unvergesslichen Moment w\u00e4hrend Ihres [&hellip;]<\/p>\n","protected":false},"author":1,"featured_media":8246,"parent":8348,"menu_order":0,"comment_status":"closed","ping_status":"closed","template":"","meta":{"_seopress_robots_primary_cat":"","_seopress_titles_title":"Camping Morbihan - Die besten Spots zum Angeln in Ploemeur","_seopress_titles_desc":"Erkunden Sie Ploemeur und seine Str\u00e4nde beim Angeln f\u00fcr die ganze Familie. Entdecken Sie Herzmuscheln, Venusmuscheln und mehr, w\u00e4hrend Sie die Natur respektieren. Eine perfekte Aktivit\u00e4t in der Bretagne!  ","_seopress_robots_index":"","inline_featured_image":false,"gt_fse_maillage_image":"https:\/\/www.campingpointedutalud.com\/wp-content\/uploads\/2026\/03\/peche-bretagne-filets.jpg","gt_fse_maillage_titre":"Die besten Angelpl\u00e4tze","gt_fse_maillage_alt":"Fischernetz Ploemeur  ","gt_fse_maillage_resume":"","footnotes":""},"categories":[],"tags":[],"class_list":["post-8245","page","type-page","status-publish","has-post-thumbnail","hentry"],"publishpress_future_action":{"enabled":false,"date":"2026-05-15 14:51:17","action":"change-status","newStatus":"draft","terms":[],"taxonomy":"category","extraData":[]},"publishpress_future_workflow_manual_trigger":{"enabledWorkflows":[]},"_links":{"self":[{"href":"https:\/\/www.campingpointedutalud.com\/de\/wp-json\/wp\/v2\/pages\/8245","targetHints":{"allow":["GET"]}}],"collection":[{"href":"https:\/\/www.campingpointedutalud.com\/de\/wp-json\/wp\/v2\/pages"}],"about":[{"href":"https:\/\/www.campingpointedutalud.com\/de\/wp-json\/wp\/v2\/types\/page"}],"author":[{"embeddable":true,"href":"https:\/\/www.campingpointedutalud.com\/de\/wp-json\/wp\/v2\/users\/1"}],"replies":[{"embeddable":true,"href":"https:\/\/www.campingpointedutalud.com\/de\/wp-json\/wp\/v2\/comments?post=8245"}],"version-history":[{"count":4,"href":"https:\/\/www.campingpointedutalud.com\/de\/wp-json\/wp\/v2\/pages\/8245\/revisions"}],"predecessor-version":[{"id":8985,"href":"https:\/\/www.campingpointedutalud.com\/de\/wp-json\/wp\/v2\/pages\/8245\/revisions\/8985"}],"up":[{"embeddable":true,"href":"https:\/\/www.campingpointedutalud.com\/de\/wp-json\/wp\/v2\/pages\/8348"}],"wp:featuredmedia":[{"embeddable":true,"href":"https:\/\/www.campingpointedutalud.com\/de\/wp-json\/wp\/v2\/media\/8246"}],"wp:attachment":[{"href":"https:\/\/www.campingpointedutalud.com\/de\/wp-json\/wp\/v2\/media?parent=8245"}],"wp:term":[{"taxonomy":"category","embeddable":true,"href":"https:\/\/www.campingpointedutalud.com\/de\/wp-json\/wp\/v2\/categories?post=8245"},{"taxonomy":"post_tag","embeddable":true,"href":"https:\/\/www.campingpointedutalud.com\/de\/wp-json\/wp\/v2\/tags?post=8245"}],"curies":[{"name":"wp","href":"https:\/\/api.w.org\/{rel}","templated":true}]}}