{"id":8235,"date":"2026-03-11T10:51:38","date_gmt":"2026-03-11T09:51:38","guid":{"rendered":"https:\/\/www.campingpointedutalud.com\/camping-brest\/"},"modified":"2026-03-23T08:32:58","modified_gmt":"2026-03-23T07:32:58","slug":"campingplatz-brest","status":"publish","type":"page","link":"https:\/\/www.campingpointedutalud.com\/de\/tourismus-morbihan-suedbretagne\/campingplatz-brest\/","title":{"rendered":"Brest"},"content":{"rendered":"\n<div class=\"wp-block-group section-6 has-custom-color-3-background-color has-background has-global-padding is-layout-constrained wp-container-core-group-is-layout-20238047 wp-block-group-is-layout-constrained\" style=\"margin-top:0px;margin-bottom:0px;padding-top:8rem;padding-right:15rem;padding-bottom:8rem;padding-left:15rem\">\n<div class=\"wp-block-group gt-reverse-mobile is-nowrap is-layout-flex wp-container-core-group-is-layout-90b6bdf5 wp-block-group-is-layout-flex\">\n<div class=\"wp-block-group has-global-padding is-layout-constrained wp-container-core-group-is-layout-7c250ea7 wp-block-group-is-layout-constrained\" style=\"margin-top:0px;margin-bottom:0px;padding-top:0;padding-right:0px;padding-bottom:0;padding-left:0px\">\n<div class=\"wp-block-group has-global-padding is-layout-constrained wp-container-core-group-is-layout-162f2a30 wp-block-group-is-layout-constrained\" style=\"margin-top:0px;margin-bottom:0px\">\n<div class=\"wp-block-group has-global-padding is-layout-constrained wp-container-core-group-is-layout-d6554d75 wp-block-group-is-layout-constrained\" style=\"margin-top:0px;margin-bottom:0px\">\n<div class=\"wp-block-cover is-light\" style=\"border-top-left-radius:10px;border-top-right-radius:10px;border-bottom-left-radius:10px;border-bottom-right-radius:10px\"><img decoding=\"async\" width=\"2560\" height=\"1709\" class=\"wp-block-cover__image-background wp-image-7128 size-full\" alt=\"brest ville chateau bretagne\" src=\"https:\/\/www.campingpointedutalud.com\/wp-content\/uploads\/2026\/03\/brest-ville-chateau-bretagne-scaled.jpg\" data-object-fit=\"cover\" srcset=\"https:\/\/www.campingpointedutalud.com\/wp-content\/uploads\/2026\/03\/brest-ville-chateau-bretagne-scaled.jpg 2560w, https:\/\/www.campingpointedutalud.com\/wp-content\/uploads\/2026\/03\/brest-ville-chateau-bretagne-300x200.jpg 300w, https:\/\/www.campingpointedutalud.com\/wp-content\/uploads\/2026\/03\/brest-ville-chateau-bretagne-1024x684.jpg 1024w, https:\/\/www.campingpointedutalud.com\/wp-content\/uploads\/2026\/03\/brest-ville-chateau-bretagne-768x513.jpg 768w, https:\/\/www.campingpointedutalud.com\/wp-content\/uploads\/2026\/03\/brest-ville-chateau-bretagne-1536x1025.jpg 1536w, https:\/\/www.campingpointedutalud.com\/wp-content\/uploads\/2026\/03\/brest-ville-chateau-bretagne-2048x1367.jpg 2048w\" sizes=\"(max-width: 2560px) 100vw, 2560px\" \/><span aria-hidden=\"true\" class=\"wp-block-cover__background has-background-dim-0 has-background-dim\"><\/span><div class=\"wp-block-cover__inner-container has-global-padding is-layout-constrained wp-block-cover-is-layout-constrained\">\n<p class=\"has-text-align-center has-large-font-size\"><\/p>\n<\/div><\/div>\n<\/div>\n<\/div>\n<\/div>\n\n\n\n<div class=\"wp-block-group gt-reverse-mobile is-vertical is-layout-flex wp-container-core-group-is-layout-7857e36c wp-block-group-is-layout-flex\" style=\"padding-right:0px;padding-left:0px\">\n<div class=\"wp-block-group texte-deco has-global-padding is-content-justification-left is-layout-constrained wp-container-core-group-is-layout-d6fb7615 wp-block-group-is-layout-constrained\" style=\"margin-top:0px;margin-bottom:0px;padding-right:0px;padding-left:0px\">\n<p class=\"has-custom-color-1-color has-text-color has-link-color has-unbounded-font-family wp-elements-90174a46708d44241d8913dfb03efb75\" style=\"font-size:clamp(2.499rem, 2.499rem + ((1vw - 0.2rem) * 3.652), 4.69rem);font-style:normal;font-weight:700;line-height:1\">Die Seele<\/p>\n\n\n\n<p class=\"has-custom-color-1-color has-text-color has-link-color has-caveat-font-family wp-elements-9eb39b86c9d840804aacc5efcb2c3f9e\" style=\"margin-top:0px;margin-bottom:0px;font-size:clamp(3.159rem, 3.159rem + ((1vw - 0.2rem) * 5.252), 6.31rem);font-style:normal;font-weight:500;line-height:0.7\">Finist\u00e8re<\/p>\n<\/div>\n\n\n\n<div class=\"wp-block-group content has-base-2-background-color has-background has-global-padding is-layout-constrained wp-container-core-group-is-layout-69f271cb wp-block-group-is-layout-constrained\" style=\"border-top-left-radius:10px;border-top-right-radius:10px;border-bottom-left-radius:10px;border-bottom-right-radius:10px;margin-top:0px;margin-bottom:0px;padding-top:40px;padding-right:40px;padding-bottom:40px;padding-left:40px\">\n<h1 class=\"wp-block-heading has-custom-color-1-color has-text-color has-link-color wp-elements-65b73d62cc661e00c7ff1e069e93a99e\">Entdecken Sie Brest : eine dynamische Stadt<\/h1>\n\n\n\n<p class=\"has-custom-color-1-color has-text-color\">Der <a href=\"https:\/\/www.campingpointedutalud.com\/de\/\" data-type=\"page\" data-id=\"5\">Campingplatz La Pointe du Talud<\/a> liegt nur 1,5 Stunden von Brest entfernt und ist ideal f\u00fcr einen Tagesausflug ans Ende der Welt. In der Stadt am Meer finden Sie das <strong>ganze Jahr \u00fcber ein gro\u00dfes Freizeitangebot<\/strong>: Sport, Kultur, Spazierg\u00e4nge&#8230;. Ein Cocktail, um die Stadt zu genie\u00dfen, ohne sich zu langweilen!  <\/p>\n\n\n\n    <div id=\"gt-fse-lire-plus-1\"\n         class=\"gt-fse-lire-plus\"\n         data-min-height=\"130\"\n         style=\"background-color: #ffffff;\">\n\n        <input id=\"gt-fse-lire-plus-1-toggle\"\n               type=\"checkbox\"\n               class=\"gt-fse-lire-plus__toggle\" \/>\n\n        <label for=\"gt-fse-lire-plus-1-toggle\"\n               class=\"gt-fse-lire-plus__toggle-label\">\n            <span>Mehr lesen<\/span>\n            <span>Weniger lesen<\/span>\n        <\/label>\n\n        <div class=\"gt-fse-lire-plus__content\"\n             style=\"height: 130px;\">\n\n            \n\n<h2 class=\"wp-block-heading has-custom-color-1-color has-text-color has-link-color wp-elements-fb50e4c9bac140505f67c7e3e99cae0c\">Brest, die Geschichte vom Ende der Welt<\/h2>\n\n\n\n<p class=\"has-custom-color-1-color has-text-color\">Brest wurde bereits im 3. Jahrhundert von den R\u00f6mern bewohnt und war lange Zeit f\u00fcr die Verteidigung des Eingangs zum \u00c4rmelkanal zust\u00e4ndig. Die Bastion Sourd\u00e9ac zeugt noch heute von dieser Geschichte. Brest wurde 1593 von Heinrich IV. zur Stadt erhoben und erlebte in der Folge <strong>eine bewegte Geschichte \u00fcber die Jahrhunderte<\/strong>. Sie hat das Gesicht dieser einzigartigen Stadt geformt. Sie wurde durch Luftangriffe v\u00f6llig zerst\u00f6rt, um die deutschen Truppen, die sich w\u00e4hrend des Zweiten Weltkriegs in der U-Boot-Basis verschanzt hatten, zu vertreiben. Der Wiederaufbau von Brest dauerte 14 Jahre und es entstand eine neue, dynamische Stadt.     <\/p>\n\n\n            <div class=\"gt-fse-lire-plus__gradient\"\n                 style=\"background: linear-gradient(to bottom, rgba(255,255,255,0) 0%, rgba(255,255,255,1) 100%);\"><\/div>\n        <\/div>\n\n    <\/div>\n\n    <\/div>\n<\/div>\n<\/div>\n<\/div>\n\n<div class=\"wp-block-group section-4 has-global-padding is-layout-constrained wp-container-core-group-is-layout-07b29094 wp-block-group-is-layout-constrained\" style=\"margin-top:0px;margin-bottom:0px;padding-right:0px;padding-left:0px\">\n<div class=\"wp-block-group banner has-global-padding is-layout-constrained wp-container-core-group-is-layout-07b29094 wp-block-group-is-layout-constrained\" style=\"margin-top:0px;margin-bottom:0px;padding-right:0px;padding-left:0px\">\n<div class=\"wp-block-cover\" style=\"margin-top:0px;margin-bottom:0px;padding-top:0px;padding-right:0px;padding-bottom:0px;padding-left:0px;min-height:90vh;aspect-ratio:unset;\"><img decoding=\"async\" width=\"2560\" height=\"1486\" class=\"wp-block-cover__image-background wp-image-7129 size-full\" alt=\"oce\u0301anopolis brest bretagne activite\u0301s enfants aquarium\" src=\"https:\/\/www.campingpointedutalud.com\/wp-content\/uploads\/2026\/03\/oceanopolis-brest-bretagne-activites-enfants-aquarium-scaled.jpg\" data-object-fit=\"cover\" srcset=\"https:\/\/www.campingpointedutalud.com\/wp-content\/uploads\/2026\/03\/oceanopolis-brest-bretagne-activites-enfants-aquarium-scaled.jpg 2560w, https:\/\/www.campingpointedutalud.com\/wp-content\/uploads\/2026\/03\/oceanopolis-brest-bretagne-activites-enfants-aquarium-300x174.jpg 300w, https:\/\/www.campingpointedutalud.com\/wp-content\/uploads\/2026\/03\/oceanopolis-brest-bretagne-activites-enfants-aquarium-1024x594.jpg 1024w, https:\/\/www.campingpointedutalud.com\/wp-content\/uploads\/2026\/03\/oceanopolis-brest-bretagne-activites-enfants-aquarium-768x446.jpg 768w, https:\/\/www.campingpointedutalud.com\/wp-content\/uploads\/2026\/03\/oceanopolis-brest-bretagne-activites-enfants-aquarium-1536x892.jpg 1536w, https:\/\/www.campingpointedutalud.com\/wp-content\/uploads\/2026\/03\/oceanopolis-brest-bretagne-activites-enfants-aquarium-2048x1189.jpg 2048w\" sizes=\"(max-width: 2560px) 100vw, 2560px\" \/><span aria-hidden=\"true\" class=\"wp-block-cover__background has-background-dim-100 has-background-dim wp-block-cover__gradient-background has-background-gradient\" style=\"background:linear-gradient(0deg,rgb(6,54,122) 0%,rgba(255,255,255,0) 30%)\"><\/span><div class=\"wp-block-cover__inner-container has-global-padding is-layout-constrained wp-container-core-cover-is-layout-8b154107 wp-block-cover-is-layout-constrained\">\n<p class=\"has-text-align-center has-large-font-size\"><\/p>\n<\/div><\/div>\n<\/div>\n\n\n\n<div class=\"wp-block-group content has-custom-color-1-background-color has-background has-global-padding is-layout-constrained wp-container-core-group-is-layout-d4ecddba wp-block-group-is-layout-constrained\" style=\"margin-top:0px;margin-bottom:0px;padding-top:6rem;padding-right:15rem;padding-bottom:6rem;padding-left:15rem\">\n<h2 class=\"wp-block-heading has-custom-color-2-color has-text-color has-link-color wp-elements-a9c12679fb8d0e65741727bfd087b027\">Brest: eine Stadt mit vielen Aktivit\u00e4ten<\/h2>\n\n\n\n<p class=\"has-base-2-color has-text-color has-link-color wp-elements-b7d9b6774441fe5e078a297357551033\">Brest ist eine Stadt voller Ressourcen. Hier k\u00f6nnen Sie <a href=\"http:\/\/www.oceanopolis.com\" target=\"_blank\" rel=\"noreferrer noopener nofollow\">Oc\u00e9anopolis<\/a> besuchen, einen Park, in dem Sie die Ozeane entdecken k\u00f6nnen. Er ist ein Schaufenster der Meereswelt. Ein Besuch des Stadtzentrums f\u00fchrt Sie durch die Geschichte der Stadt. Auf Ihrem Weg finden Sie das Schloss von Brest, das das nationale Marinemuseum beherbergt, den Tour de Tanguy, der Sie in die Geschichte eintauchen l\u00e4sst und das von Richelieu gegr\u00fcndete Arsenal, das Symbol der Stadt.    <\/p>\n\n\n\n<p class=\"has-base-2-color has-text-color has-link-color wp-elements-cbd14d52e6a12592e80eda1040462935\">Auf der Seeseite werden <strong>Naturliebhaber<\/strong> nicht entt\u00e4uscht. Die Landschaft der Stadt ist unber\u00fchrt und es gibt viele Wanderwege. Die Pointe du Finist\u00e8re beherbergt eine der gr\u00f6\u00dften Reeden der Welt.  <\/p>\n\n\n\n<p class=\"has-base-2-color has-text-color has-link-color wp-elements-5e6fe957c7d10d0fe39a5066f094eec6\">Als Geschichts- und Naturliebhaber k\u00f6nnen Sie auf dem Campingplatz La Pointe du Talud die Wunder der Stadt Brest und <a href=\"https:\/\/www.campingpointedutalud.com\/de\/tourismus-morbihan-suedbretagne\/\" data-type=\"page\" data-id=\"6658\">der anderen touristischen Regionen der s\u00fcdlichen Bretagne<\/a> entdecken.<\/p>\n<\/div>\n<\/div>\n\n<div class=\"wp-block-group section-maillage has-custom-color-3-background-color has-background has-global-padding is-layout-constrained wp-container-core-group-is-layout-20238047 wp-block-group-is-layout-constrained\" style=\"margin-top:0px;margin-bottom:0px;padding-top:8rem;padding-right:15rem;padding-bottom:8rem;padding-left:15rem\">\n<div class=\"wp-block-group texte-deco is-layout-flow wp-block-group-is-layout-flow\">\n<p class=\"has-text-align-center has-custom-color-1-color has-text-color has-link-color has-unbounded-font-family wp-elements-de4ec30a239e74531225d758cbeee68b\" style=\"font-size:clamp(2.111rem, 2.111rem + ((1vw - 0.2rem) * 2.815), 3.8rem);font-style:normal;font-weight:700;line-height:1\">Tauchen Sie ein<\/p>\n\n\n\n<p class=\"has-text-align-center has-custom-color-1-color has-text-color has-link-color has-caveat-font-family wp-elements-17c03ce5128496eb3c0d55b60cc51652\" style=\"margin-top:0px;margin-bottom:0px;font-size:clamp(3.159rem, 3.159rem + ((1vw - 0.2rem) * 5.252), 6.31rem);font-style:normal;font-weight:500;line-height:0.7\">in der Region und ihre Aktivit\u00e4ten<\/p>\n<\/div>\n\n\n\n<div data-wp-context=\"{}\" data-wp-interactive=\"core\/query\" data-wp-key=\"0\" data-wp-router-region=\"query-0\" class=\"wp-block-query alignwide gt-fse-maillage-query is-layout-flow wp-block-query-is-layout-flow\"><ul class=\"columns-3 wp-block-post-template is-layout-grid wp-container-core-post-template-is-layout-6d3fbd8f wp-block-post-template-is-layout-grid\"><li data-wp-key=\"post-template-item-8405\" class=\"wp-block-post post-8405 page type-page status-publish has-post-thumbnail hentry\">\n<a href=\"https:\/\/www.campingpointedutalud.com\/de\/tourismus-morbihan-suedbretagne\/morbihan-in-3-tagen-erkunden\/\"    class=\"wp-block-tiptip-hyperlink-group-block\" >\n<figure class=\"wp-block-image size-full is-resized\"><img decoding=\"async\" width=\"367\" height=\"318\" src=\"https:\/\/www.campingpointedutalud.com\/wp-content\/uploads\/2025\/12\/grosse-fleur-jaune.svg\" alt=\"gro&#xDF;e gelbe Blume\" class=\"wp-image-143\" style=\"object-fit:contain;width:50px;height:50px\"\/><\/figure>\n\n<figure class=\"wp-block-image has-custom-border gt-maillage__image\"><img decoding=\"async\" src=\"https:\/\/www.campingpointedutalud.com\/wp-content\/uploads\/2026\/03\/Morbihan-iles-pointe-du-talud-ile-de-groix.jpg\" alt=\"Morbihan Bretagne\" style=\"border-style:none;border-width:0px;border-top-left-radius:10px;border-top-right-radius:10px;border-bottom-left-radius:10px;border-bottom-right-radius:10px\"\/><\/figure>\n\n<p class=\"has-text-align-center has-custom-color-1-color has-text-color has-link-color has-unbounded-font-family wp-elements-6527d65a79d544105f2c7aa114e49b0c\" style=\"font-size:clamp(1.25rem, 1.25rem + ((1vw - 0.2rem) * 1.25), 2rem);line-height:1.1\">Morbihan<\/p>\n<\/a>\n<\/li><li data-wp-key=\"post-template-item-8126\" class=\"wp-block-post post-8126 page type-page status-publish has-post-thumbnail hentry\">\n<a href=\"https:\/\/www.campingpointedutalud.com\/de\/campingplatz-aktivitaeten-ploemeur\/\"    class=\"wp-block-tiptip-hyperlink-group-block\" >\n<figure class=\"wp-block-image size-full is-resized\"><img decoding=\"async\" width=\"367\" height=\"318\" src=\"https:\/\/www.campingpointedutalud.com\/wp-content\/uploads\/2025\/12\/grosse-fleur-jaune.svg\" alt=\"gro&#xDF;e gelbe Blume\" class=\"wp-image-143\" style=\"object-fit:contain;width:50px;height:50px\"\/><\/figure>\n\n<figure class=\"wp-block-image has-custom-border gt-maillage__image\"><img decoding=\"async\" src=\"https:\/\/www.campingpointedutalud.com\/wp-content\/uploads\/2026\/03\/activites-animations-pointe-du-talud-tournoi-petanque.jpg\" alt=\"Aktivit\u00e4ten Boulespielen Camping La Pointe du Talud Flower\" style=\"border-style:none;border-width:0px;border-top-left-radius:10px;border-top-right-radius:10px;border-bottom-left-radius:10px;border-bottom-right-radius:10px\"\/><\/figure>\n\n<p class=\"has-text-align-center has-custom-color-1-color has-text-color has-link-color has-unbounded-font-family wp-elements-6527d65a79d544105f2c7aa114e49b0c\" style=\"font-size:clamp(1.25rem, 1.25rem + ((1vw - 0.2rem) * 1.25), 2rem);line-height:1.1\">Aktivit\u00e4ten<\/p>\n<\/a>\n<\/li><li data-wp-key=\"post-template-item-8195\" class=\"wp-block-post post-8195 page type-page status-publish has-post-thumbnail hentry\">\n<a href=\"https:\/\/www.campingpointedutalud.com\/de\/tourismus-morbihan-suedbretagne\/radtouren-campingplatz\/\"    class=\"wp-block-tiptip-hyperlink-group-block\" >\n<figure class=\"wp-block-image size-full is-resized\"><img decoding=\"async\" width=\"367\" height=\"318\" src=\"https:\/\/www.campingpointedutalud.com\/wp-content\/uploads\/2025\/12\/grosse-fleur-jaune.svg\" alt=\"gro&#xDF;e gelbe Blume\" class=\"wp-image-143\" style=\"object-fit:contain;width:50px;height:50px\"\/><\/figure>\n\n<figure class=\"wp-block-image has-custom-border gt-maillage__image\"><img decoding=\"async\" src=\"https:\/\/www.campingpointedutalud.com\/wp-content\/uploads\/2026\/03\/balade-en-velo-cote-bretonne-famille.jpg\" alt=\"Fahrradtouren ploemeur camping\" style=\"border-style:none;border-width:0px;border-top-left-radius:10px;border-top-right-radius:10px;border-bottom-left-radius:10px;border-bottom-right-radius:10px\"\/><\/figure>\n\n<p class=\"has-text-align-center has-custom-color-1-color has-text-color has-link-color has-unbounded-font-family wp-elements-6527d65a79d544105f2c7aa114e49b0c\" style=\"font-size:clamp(1.25rem, 1.25rem + ((1vw - 0.2rem) * 1.25), 2rem);line-height:1.1\">Fahrradtouren<\/p>\n<\/a>\n<\/li><\/ul><\/div>\n<\/div>\n","protected":false},"excerpt":{"rendered":"<p>Die Seele Finist\u00e8re Entdecken Sie Brest : eine dynamische Stadt Der Campingplatz La Pointe du Talud liegt nur 1,5 Stunden von Brest entfernt und ist ideal f\u00fcr einen Tagesausflug ans Ende der Welt. In der Stadt am Meer finden Sie das ganze Jahr \u00fcber ein gro\u00dfes Freizeitangebot: Sport, Kultur, Spazierg\u00e4nge&#8230;. Ein Cocktail, um die Stadt [&hellip;]<\/p>\n","protected":false},"author":1,"featured_media":8236,"parent":8348,"menu_order":0,"comment_status":"closed","ping_status":"closed","template":"","meta":{"_seopress_robots_primary_cat":"","_seopress_titles_title":"Campingplatz Morbihan : Brest | Bretagne Sud","_seopress_titles_desc":"Tauchen Sie ein in die Geschichte und die Natur von Brest, nur 1,5 Stunden vom Campingplatz La Pointe du Talud entfernt. Dynamisch und voller \u00dcberraschungen, nie ein Tag ohne Entdeckungen! ","_seopress_robots_index":"","inline_featured_image":false,"gt_fse_maillage_image":"https:\/\/www.campingpointedutalud.com\/wp-content\/uploads\/2026\/03\/brest-bretagne-morbihan-ville-visite-scaled.jpg","gt_fse_maillage_titre":"Brest","gt_fse_maillage_alt":"Brest bretagne","gt_fse_maillage_resume":"","footnotes":""},"categories":[],"tags":[],"class_list":["post-8235","page","type-page","status-publish","has-post-thumbnail","hentry"],"publishpress_future_action":{"enabled":false,"date":"2026-05-15 14:51:09","action":"change-status","newStatus":"draft","terms":[],"taxonomy":"category","extraData":[]},"publishpress_future_workflow_manual_trigger":{"enabledWorkflows":[]},"_links":{"self":[{"href":"https:\/\/www.campingpointedutalud.com\/de\/wp-json\/wp\/v2\/pages\/8235","targetHints":{"allow":["GET"]}}],"collection":[{"href":"https:\/\/www.campingpointedutalud.com\/de\/wp-json\/wp\/v2\/pages"}],"about":[{"href":"https:\/\/www.campingpointedutalud.com\/de\/wp-json\/wp\/v2\/types\/page"}],"author":[{"embeddable":true,"href":"https:\/\/www.campingpointedutalud.com\/de\/wp-json\/wp\/v2\/users\/1"}],"replies":[{"embeddable":true,"href":"https:\/\/www.campingpointedutalud.com\/de\/wp-json\/wp\/v2\/comments?post=8235"}],"version-history":[{"count":4,"href":"https:\/\/www.campingpointedutalud.com\/de\/wp-json\/wp\/v2\/pages\/8235\/revisions"}],"predecessor-version":[{"id":8675,"href":"https:\/\/www.campingpointedutalud.com\/de\/wp-json\/wp\/v2\/pages\/8235\/revisions\/8675"}],"up":[{"embeddable":true,"href":"https:\/\/www.campingpointedutalud.com\/de\/wp-json\/wp\/v2\/pages\/8348"}],"wp:featuredmedia":[{"embeddable":true,"href":"https:\/\/www.campingpointedutalud.com\/de\/wp-json\/wp\/v2\/media\/8236"}],"wp:attachment":[{"href":"https:\/\/www.campingpointedutalud.com\/de\/wp-json\/wp\/v2\/media?parent=8235"}],"wp:term":[{"taxonomy":"category","embeddable":true,"href":"https:\/\/www.campingpointedutalud.com\/de\/wp-json\/wp\/v2\/categories?post=8235"},{"taxonomy":"post_tag","embeddable":true,"href":"https:\/\/www.campingpointedutalud.com\/de\/wp-json\/wp\/v2\/tags?post=8235"}],"curies":[{"name":"wp","href":"https:\/\/api.w.org\/{rel}","templated":true}]}}