{"id":8222,"date":"2026-03-11T10:35:19","date_gmt":"2026-03-11T09:35:19","guid":{"rendered":"https:\/\/www.campingpointedutalud.com\/camping-concarneau\/"},"modified":"2026-03-23T08:30:27","modified_gmt":"2026-03-23T07:30:27","slug":"campingplatz-concarneau","status":"publish","type":"page","link":"https:\/\/www.campingpointedutalud.com\/de\/tourismus-morbihan-suedbretagne\/campingplatz-concarneau\/","title":{"rendered":"Concarneau"},"content":{"rendered":"\n<div class=\"wp-block-group section-6 has-custom-color-3-background-color has-background has-global-padding is-layout-constrained wp-container-core-group-is-layout-20238047 wp-block-group-is-layout-constrained\" style=\"margin-top:0px;margin-bottom:0px;padding-top:8rem;padding-right:15rem;padding-bottom:8rem;padding-left:15rem\">\n<div class=\"wp-block-group gt-reverse-mobile is-nowrap is-layout-flex wp-container-core-group-is-layout-90b6bdf5 wp-block-group-is-layout-flex\">\n<div class=\"wp-block-group has-global-padding is-layout-constrained wp-container-core-group-is-layout-7c250ea7 wp-block-group-is-layout-constrained\" style=\"margin-top:0px;margin-bottom:0px;padding-top:0;padding-right:0px;padding-bottom:0;padding-left:0px\">\n<div class=\"wp-block-group has-global-padding is-layout-constrained wp-container-core-group-is-layout-162f2a30 wp-block-group-is-layout-constrained\" style=\"margin-top:0px;margin-bottom:0px\">\n<div class=\"wp-block-group has-global-padding is-layout-constrained wp-container-core-group-is-layout-d6554d75 wp-block-group-is-layout-constrained\" style=\"margin-top:0px;margin-bottom:0px\">\n<div class=\"wp-block-cover is-light\" style=\"border-top-left-radius:10px;border-top-right-radius:10px;border-bottom-left-radius:10px;border-bottom-right-radius:10px\"><img decoding=\"async\" width=\"2000\" height=\"1277\" class=\"wp-block-cover__image-background wp-image-7479 size-full\" alt=\"concarneau bretagne morbihan\" src=\"https:\/\/www.campingpointedutalud.com\/wp-content\/uploads\/2026\/03\/concarneau-bretagne-morbihan-.jpg\" data-object-fit=\"cover\" srcset=\"https:\/\/www.campingpointedutalud.com\/wp-content\/uploads\/2026\/03\/concarneau-bretagne-morbihan-.jpg 2000w, https:\/\/www.campingpointedutalud.com\/wp-content\/uploads\/2026\/03\/concarneau-bretagne-morbihan--300x192.jpg 300w, https:\/\/www.campingpointedutalud.com\/wp-content\/uploads\/2026\/03\/concarneau-bretagne-morbihan--1024x654.jpg 1024w, https:\/\/www.campingpointedutalud.com\/wp-content\/uploads\/2026\/03\/concarneau-bretagne-morbihan--768x490.jpg 768w, https:\/\/www.campingpointedutalud.com\/wp-content\/uploads\/2026\/03\/concarneau-bretagne-morbihan--1536x981.jpg 1536w\" sizes=\"(max-width: 2000px) 100vw, 2000px\" \/><span aria-hidden=\"true\" class=\"wp-block-cover__background has-background-dim-0 has-background-dim\"><\/span><div class=\"wp-block-cover__inner-container has-global-padding is-layout-constrained wp-block-cover-is-layout-constrained\">\n<p class=\"has-text-align-center has-large-font-size\"><\/p>\n<\/div><\/div>\n<\/div>\n<\/div>\n<\/div>\n\n\n\n<div class=\"wp-block-group gt-reverse-mobile is-vertical is-layout-flex wp-container-core-group-is-layout-7857e36c wp-block-group-is-layout-flex\" style=\"padding-right:0px;padding-left:0px\">\n<div class=\"wp-block-group texte-deco has-global-padding is-content-justification-left is-layout-constrained wp-container-core-group-is-layout-d6fb7615 wp-block-group-is-layout-constrained\" style=\"margin-top:0px;margin-bottom:0px;padding-right:0px;padding-left:0px\">\n<p class=\"has-custom-color-1-color has-text-color has-link-color has-unbounded-font-family wp-elements-9b6f31d65fa0a9b1138565eef4143134\" style=\"font-size:clamp(2.499rem, 2.499rem + ((1vw - 0.2rem) * 3.652), 4.69rem);font-style:normal;font-weight:700;line-height:1\">Blaue Stadt, <\/p>\n\n\n\n<p class=\"has-custom-color-1-color has-text-color has-link-color has-caveat-font-family wp-elements-19db7aba08eb47d739cb168a70f8d849\" style=\"margin-top:0px;margin-bottom:0px;font-size:clamp(3.159rem, 3.159rem + ((1vw - 0.2rem) * 5.252), 6.31rem);font-style:normal;font-weight:500;line-height:0.7\">Meer &amp; Spa\u00df<\/p>\n<\/div>\n\n\n\n<div class=\"wp-block-group content has-base-2-background-color has-background has-global-padding is-layout-constrained wp-container-core-group-is-layout-69f271cb wp-block-group-is-layout-constrained\" style=\"border-top-left-radius:10px;border-top-right-radius:10px;border-bottom-left-radius:10px;border-bottom-right-radius:10px;margin-top:0px;margin-bottom:0px;padding-top:40px;padding-right:40px;padding-bottom:40px;padding-left:40px\">\n<h1 class=\"wp-block-heading has-custom-color-1-color has-text-color has-link-color wp-elements-04da3f4cd86f4458e7dd38b72d1136b0\">Concarneau (29) entdecken: Unverzichtbare Aktivit\u00e4ten und Aufenthalt auf dem Campingplatz La Pointe du Talud<\/h1>\n\n\n\n    <div id=\"gt-fse-lire-plus-1\"\n         class=\"gt-fse-lire-plus\"\n         data-min-height=\"130\"\n         style=\"background-color: #ffffff;\">\n\n        <input id=\"gt-fse-lire-plus-1-toggle\"\n               type=\"checkbox\"\n               class=\"gt-fse-lire-plus__toggle\" \/>\n\n        <label for=\"gt-fse-lire-plus-1-toggle\"\n               class=\"gt-fse-lire-plus__toggle-label\">\n            <span>Mehr lesen<\/span>\n            <span>Weniger lesen<\/span>\n        <\/label>\n\n        <div class=\"gt-fse-lire-plus__content\"\n             style=\"height: 130px;\">\n\n            \n\n<p class=\"has-custom-color-1-color has-text-color\">Wenn Sie Ihren n\u00e4chsten Urlaub im s\u00fcdlichen Finist\u00e8re verbringen, sollten Sie sich die Zeit nehmen, Concarneau zu besuchen, einen h\u00fcbschen Badeort mit einem ber\u00fchmten Fischereihafen. <\/p>\n\n\n\n<p class=\"has-custom-color-1-color has-text-color\">Concarneau ist auch sehr gut gelegen, wenn Sie Ihren Urlaub nutzen m\u00f6chten, um <a href=\"https:\/\/www.campingpointedutalud.com\/de\/tourismus-morbihan-suedbretagne\/campingplatz-iles-bretonnes\/\" data-type=\"page\" data-id=\"6703\">die umliegenden bretonischen Inseln<\/a>, wie das Gl\u00e9nan Archipel, zu besuchen. Und wenn Sie gerne an der frischen Luft sind und einen naturnahen Urlaub verbringen m\u00f6chten, dann entscheiden Sie sich f\u00fcr eine Reservierung auf einem <a href=\"https:\/\/www.campingpointedutalud.com\/de\/\" data-type=\"page\" data-id=\"5\">Campingplatz in Concarneau in der Bretagne<\/a>! <\/p>\n\n\n            <div class=\"gt-fse-lire-plus__gradient\"\n                 style=\"background: linear-gradient(to bottom, rgba(255,255,255,0) 0%, rgba(255,255,255,1) 100%);\"><\/div>\n        <\/div>\n\n    <\/div>\n\n    <\/div>\n<\/div>\n<\/div>\n<\/div>\n\n<div class=\"wp-block-group section-4 has-global-padding is-layout-constrained wp-container-core-group-is-layout-07b29094 wp-block-group-is-layout-constrained\" style=\"margin-top:0px;margin-bottom:0px;padding-right:0px;padding-left:0px\">\n<div class=\"wp-block-group banner has-global-padding is-layout-constrained wp-container-core-group-is-layout-07b29094 wp-block-group-is-layout-constrained\" style=\"margin-top:0px;margin-bottom:0px;padding-right:0px;padding-left:0px\">\n<div class=\"wp-block-cover\" style=\"margin-top:0px;margin-bottom:0px;padding-top:0px;padding-right:0px;padding-bottom:0px;padding-left:0px;min-height:90vh;aspect-ratio:unset;\"><img decoding=\"async\" width=\"2000\" height=\"1331\" class=\"wp-block-cover__image-background wp-image-7480 size-full\" alt=\"concarneau que faire visite bretagne\" src=\"https:\/\/www.campingpointedutalud.com\/wp-content\/uploads\/2026\/03\/concarneau-que-faire-visite-bretagne.jpg\" data-object-fit=\"cover\" srcset=\"https:\/\/www.campingpointedutalud.com\/wp-content\/uploads\/2026\/03\/concarneau-que-faire-visite-bretagne.jpg 2000w, https:\/\/www.campingpointedutalud.com\/wp-content\/uploads\/2026\/03\/concarneau-que-faire-visite-bretagne-300x200.jpg 300w, https:\/\/www.campingpointedutalud.com\/wp-content\/uploads\/2026\/03\/concarneau-que-faire-visite-bretagne-1024x681.jpg 1024w, https:\/\/www.campingpointedutalud.com\/wp-content\/uploads\/2026\/03\/concarneau-que-faire-visite-bretagne-768x511.jpg 768w, https:\/\/www.campingpointedutalud.com\/wp-content\/uploads\/2026\/03\/concarneau-que-faire-visite-bretagne-1536x1022.jpg 1536w\" sizes=\"(max-width: 2000px) 100vw, 2000px\" \/><span aria-hidden=\"true\" class=\"wp-block-cover__background has-background-dim-100 has-background-dim wp-block-cover__gradient-background has-background-gradient\" style=\"background:linear-gradient(0deg,rgb(6,54,122) 0%,rgba(255,255,255,0) 30%)\"><\/span><div class=\"wp-block-cover__inner-container has-global-padding is-layout-constrained wp-container-core-cover-is-layout-8b154107 wp-block-cover-is-layout-constrained\">\n<p class=\"has-text-align-center has-large-font-size\"><\/p>\n<\/div><\/div>\n<\/div>\n\n\n\n<div class=\"wp-block-group content has-custom-color-1-background-color has-background has-global-padding is-layout-constrained wp-container-core-group-is-layout-d4ecddba wp-block-group-is-layout-constrained\" style=\"margin-top:0px;margin-bottom:0px;padding-top:6rem;padding-right:15rem;padding-bottom:6rem;padding-left:15rem\">\n<h2 class=\"wp-block-heading has-custom-color-2-color has-text-color has-link-color wp-elements-77b888cb8a407d7eb7c81dd752b0df8c\">Was k\u00f6nnen Sie w\u00e4hrend Ihres Aufenthalts in Concarneau unternehmen?<\/h2>\n\n\n\n<p class=\"has-base-2-color has-text-color has-link-color wp-elements-efb706561020d7b4ff82f8299ab8dc53\">Aktivit\u00e4ten im Freien, aber auch kulturelle Sehensw\u00fcrdigkeiten und Kulturerbe sind in der blauen Stadt reichlich vorhanden. Wenn Sie mit einem Besuch in Concarneau beginnen, finden Sie hier einige Ideen f\u00fcr Orte, die Sie entdecken sollten: <\/p>\n\n\n\n<ul class=\"wp-block-list has-base-2-color has-text-color has-link-color wp-elements-a3f5f22fcbd65ac01fd1430950b625d8\">\n<li>Besuchen Sie auf jeden Fall die geschlossene Stadt, die auf einer kleinen Insel im Herzen des historischen Zentrums, direkt vor den Kais des Bassin P\u00e9n\u00e9roff, erbaut wurde. Sie erreichen die Stadt \u00fcber eine alte Zugbr\u00fccke f\u00fcr Fu\u00dfg\u00e4nger oder mit einem Wasserbus, der vom alten Fischerviertel abf\u00e4hrt. <\/li>\n\n\n\n<li>Das Fischereimuseum, das sich in der geschlossenen Stadt befindet, f\u00fchrt den Besucher in die Geschichte der Fischerei von Concarneau ein. Nutzen Sie die Gelegenheit, die nahe gelegene Dreifaltigkeitskapelle zu besichtigen. <\/li>\n\n\n\n<li>In den Markthallen von Concarneau haben Sie die M\u00f6glichkeit, frische und lokale Meeresprodukte zu kaufen, aber auch das t\u00e4gliche Leben der Fischer kennen zu lernen.<\/li>\n\n\n\n<li>Geschichts- und Kulturerbe-Liebhaber kommen bei einem Besuch des Museums f\u00fcr Kunst und Geschichte in Concarneau auf ihre Kosten.<\/li>\n<\/ul>\n<\/div>\n<\/div>\n\n<div class=\"wp-block-group section-simple has-global-padding is-layout-constrained wp-container-core-group-is-layout-e8882e7b wp-block-group-is-layout-constrained\" style=\"margin-top:0px;margin-bottom:0px;padding-top:8rem;padding-right:15rem;padding-bottom:8rem;padding-left:15rem\">\n<div class=\"wp-block-columns are-vertically-aligned-top is-layout-flex wp-container-core-columns-is-layout-28f84493 wp-block-columns-is-layout-flex\">\n<div class=\"wp-block-column is-vertically-aligned-top is-layout-flow wp-block-column-is-layout-flow\">\n<div class=\"wp-block-group has-custom-color-3-background-color has-background has-global-padding is-layout-constrained wp-container-core-group-is-layout-3dcc9c70 wp-block-group-is-layout-constrained\" style=\"border-top-left-radius:10px;border-top-right-radius:10px;border-bottom-left-radius:10px;border-bottom-right-radius:10px;padding-top:40px;padding-right:40px;padding-bottom:40px;padding-left:40px\">\n<h2 class=\"wp-block-heading has-custom-color-1-color has-text-color has-link-color wp-elements-72d379460f92418d98ffb09f483ef873\">Outdoor-Aktivit\u00e4ten in der N\u00e4he von Concarneau<\/h2>\n\n\n\n<p class=\"has-custom-color-1-color has-text-color\">W\u00e4hrend Ihres Urlaubs in Concarneau sollten Sie unbedingt das Archipel der Gl\u00e9nan entdecken! Genie\u00dfen Sie einen Bootsausflug zu diesen Inseln, die vor der K\u00fcste von Concarneau liegen und f\u00fcr ihr kristallklares Wasser und ihre wundersch\u00f6nen Sandstr\u00e4nde bekannt sind. <\/p>\n\n\n\n<p class=\"has-custom-color-1-color has-text-color\">Nehmen Sie sich die Zeit, die 7 kleinen Inseln zu entdecken, darunter Saint-Nicolas, die Hauptinsel, aber auch die Storcheninsel und die Insel Drenec, die einen restaurierten Bauernhof beherbergt, der von der Segelschule &#8222;Les Gl\u00e9nans&#8220; betrieben wird.<\/p>\n\n\n\n<p class=\"has-custom-color-1-color has-text-color\">Neben der Erkundung dieser Inseln k\u00f6nnen Sie auch Aktivit\u00e4ten wie Tauchen, Surfen und Windsurfen ausprobieren!<\/p>\n<\/div>\n<\/div>\n\n\n\n<div class=\"wp-block-column is-vertically-aligned-top is-layout-flow wp-block-column-is-layout-flow\">\n<figure class=\"wp-block-image size-full has-custom-border\"><img decoding=\"async\" width=\"2000\" height=\"1333\" src=\"https:\/\/www.campingpointedutalud.com\/wp-content\/uploads\/2026\/03\/archipel-glenan-concarneau.jpg\" alt=\"Gl&#xE9;nan-Archipel concarneau\" class=\"wp-image-7478\" style=\"border-top-left-radius:10px;border-top-right-radius:10px;border-bottom-left-radius:10px;border-bottom-right-radius:10px;aspect-ratio:16\/9;object-fit:cover\" srcset=\"https:\/\/www.campingpointedutalud.com\/wp-content\/uploads\/2026\/03\/archipel-glenan-concarneau.jpg 2000w, https:\/\/www.campingpointedutalud.com\/wp-content\/uploads\/2026\/03\/archipel-glenan-concarneau-300x200.jpg 300w, https:\/\/www.campingpointedutalud.com\/wp-content\/uploads\/2026\/03\/archipel-glenan-concarneau-1024x682.jpg 1024w, https:\/\/www.campingpointedutalud.com\/wp-content\/uploads\/2026\/03\/archipel-glenan-concarneau-768x512.jpg 768w, https:\/\/www.campingpointedutalud.com\/wp-content\/uploads\/2026\/03\/archipel-glenan-concarneau-1536x1024.jpg 1536w\" sizes=\"(max-width: 2000px) 100vw, 2000px\" \/><\/figure>\n<\/div>\n<\/div>\n<\/div>\n\n<div class=\"wp-block-group section-maillage has-custom-color-3-background-color has-background has-global-padding is-layout-constrained wp-container-core-group-is-layout-20238047 wp-block-group-is-layout-constrained\" style=\"margin-top:0px;margin-bottom:0px;padding-top:8rem;padding-right:15rem;padding-bottom:8rem;padding-left:15rem\">\n<div class=\"wp-block-group texte-deco is-layout-flow wp-block-group-is-layout-flow\">\n<p class=\"has-text-align-center has-custom-color-1-color has-text-color has-link-color has-unbounded-font-family wp-elements-84bd6a4fef2c2a44818e73c4bc00abb9\" style=\"font-size:clamp(2.499rem, 2.499rem + ((1vw - 0.2rem) * 3.652), 4.69rem);font-style:normal;font-weight:700;line-height:1\">Entdecken Sie<\/p>\n\n\n\n<p class=\"has-text-align-center has-custom-color-1-color has-text-color has-link-color has-caveat-font-family wp-elements-aae6c576afb727580c6c7c6196c7f4ed\" style=\"margin-top:0px;margin-bottom:0px;font-size:clamp(3.159rem, 3.159rem + ((1vw - 0.2rem) * 5.252), 6.31rem);font-style:normal;font-weight:500;line-height:0.7\">Der Campingplatz und seine Umgebung<\/p>\n<\/div>\n\n\n\n<div data-wp-context=\"{}\" data-wp-interactive=\"core\/query\" data-wp-key=\"0\" data-wp-router-region=\"query-0\" class=\"wp-block-query alignwide gt-fse-maillage-query is-layout-flow wp-block-query-is-layout-flow\"><ul class=\"columns-3 wp-block-post-template is-layout-grid wp-container-core-post-template-is-layout-6d3fbd8f wp-block-post-template-is-layout-grid\"><li data-wp-key=\"post-template-item-8348\" class=\"wp-block-post post-8348 page type-page status-publish has-post-thumbnail hentry\">\n<a href=\"https:\/\/www.campingpointedutalud.com\/de\/tourismus-morbihan-suedbretagne\/\"    class=\"wp-block-tiptip-hyperlink-group-block\" >\n<figure class=\"wp-block-image size-full is-resized\"><img decoding=\"async\" width=\"367\" height=\"318\" src=\"https:\/\/www.campingpointedutalud.com\/wp-content\/uploads\/2025\/12\/grosse-fleur-jaune.svg\" alt=\"gro&#xDF;e gelbe Blume\" class=\"wp-image-143\" style=\"object-fit:contain;width:50px;height:50px\"\/><\/figure>\n\n<figure class=\"wp-block-image has-custom-border gt-maillage__image\"><img decoding=\"async\" src=\"https:\/\/www.campingpointedutalud.com\/wp-content\/uploads\/2026\/03\/golfe-morbihan-iles-bretonnes.jpg\" alt=\"Die Region\" style=\"border-style:none;border-width:0px;border-top-left-radius:10px;border-top-right-radius:10px;border-bottom-left-radius:10px;border-bottom-right-radius:10px\"\/><\/figure>\n\n<p class=\"has-text-align-center has-custom-color-1-color has-text-color has-link-color has-unbounded-font-family wp-elements-6527d65a79d544105f2c7aa114e49b0c\" style=\"font-size:clamp(1.25rem, 1.25rem + ((1vw - 0.2rem) * 1.25), 2rem);line-height:1.1\">Die Region<\/p>\n<\/a>\n<\/li><li data-wp-key=\"post-template-item-8144\" class=\"wp-block-post post-8144 page type-page status-publish has-post-thumbnail hentry\">\n<a href=\"https:\/\/www.campingpointedutalud.com\/de\/mobilheimvermietung-ploemeur\/\"    class=\"wp-block-tiptip-hyperlink-group-block\" >\n<figure class=\"wp-block-image size-full is-resized\"><img decoding=\"async\" width=\"367\" height=\"318\" src=\"https:\/\/www.campingpointedutalud.com\/wp-content\/uploads\/2025\/12\/grosse-fleur-jaune.svg\" alt=\"gro&#xDF;e gelbe Blume\" class=\"wp-image-143\" style=\"object-fit:contain;width:50px;height:50px\"\/><\/figure>\n\n<figure class=\"wp-block-image has-custom-border gt-maillage__image\"><img decoding=\"async\" src=\"https:\/\/www.campingpointedutalud.com\/wp-content\/uploads\/2026\/03\/Pointe-du-Talud-mobilhome-terrasse-bois-nature.jpg\" alt=\"La Pointe du Talud Mobilheim Holzterrasse Natur\" style=\"border-style:none;border-width:0px;border-top-left-radius:10px;border-top-right-radius:10px;border-bottom-left-radius:10px;border-bottom-right-radius:10px\"\/><\/figure>\n\n<p class=\"has-text-align-center has-custom-color-1-color has-text-color has-link-color has-unbounded-font-family wp-elements-6527d65a79d544105f2c7aa114e49b0c\" style=\"font-size:clamp(1.25rem, 1.25rem + ((1vw - 0.2rem) * 1.25), 2rem);line-height:1.1\">Unsere Mietobjekte<\/p>\n<\/a>\n<\/li><li data-wp-key=\"post-template-item-8051\" class=\"wp-block-post post-8051 page type-page status-publish has-post-thumbnail hentry\">\n<a href=\"https:\/\/www.campingpointedutalud.com\/de\/familiencampingplatz-ploemeur\/\"    class=\"wp-block-tiptip-hyperlink-group-block\" >\n<figure class=\"wp-block-image size-full is-resized\"><img decoding=\"async\" width=\"367\" height=\"318\" src=\"https:\/\/www.campingpointedutalud.com\/wp-content\/uploads\/2025\/12\/grosse-fleur-jaune.svg\" alt=\"gro&#xDF;e gelbe Blume\" class=\"wp-image-143\" style=\"object-fit:contain;width:50px;height:50px\"\/><\/figure>\n\n<figure class=\"wp-block-image has-custom-border gt-maillage__image\"><img decoding=\"async\" src=\"https:\/\/www.campingpointedutalud.com\/wp-content\/uploads\/2026\/03\/pointe-du-talud-accueil-vue-drone-camping.jpg\" alt=\"La Pointe du Talud Startseite Blick Drohne Camping\" style=\"border-style:none;border-width:0px;border-top-left-radius:10px;border-top-right-radius:10px;border-bottom-left-radius:10px;border-bottom-right-radius:10px\"\/><\/figure>\n\n<p class=\"has-text-align-center has-custom-color-1-color has-text-color has-link-color has-unbounded-font-family wp-elements-6527d65a79d544105f2c7aa114e49b0c\" style=\"font-size:clamp(1.25rem, 1.25rem + ((1vw - 0.2rem) * 1.25), 2rem);line-height:1.1\">Dienste<\/p>\n<\/a>\n<\/li><\/ul><\/div>\n<\/div>\n","protected":false},"excerpt":{"rendered":"<p>Blaue Stadt, Meer &amp; Spa\u00df Concarneau (29) entdecken: Unverzichtbare Aktivit\u00e4ten und Aufenthalt auf dem Campingplatz La Pointe du Talud Was k\u00f6nnen Sie w\u00e4hrend Ihres Aufenthalts in Concarneau unternehmen? Aktivit\u00e4ten im Freien, aber auch kulturelle Sehensw\u00fcrdigkeiten und Kulturerbe sind in der blauen Stadt reichlich vorhanden. Wenn Sie mit einem Besuch in Concarneau beginnen, finden Sie hier [&hellip;]<\/p>\n","protected":false},"author":1,"featured_media":8224,"parent":8348,"menu_order":0,"comment_status":"closed","ping_status":"closed","template":"","meta":{"_seopress_robots_primary_cat":"","_seopress_titles_title":"Camping Morbihan : Entdecken Sie Concarneau | Bretagne Sud","_seopress_titles_desc":"Entdecken Sie Concarneau, die blaue Stadt, f\u00fcr einen unvergesslichen Aufenthalt mit Meer und Spa\u00df. Str\u00e4nde, Museen und das Gl\u00e9nan-Archipel erwarten Sie! ","_seopress_robots_index":"","inline_featured_image":false,"gt_fse_maillage_image":"https:\/\/www.campingpointedutalud.com\/wp-content\/uploads\/2026\/03\/concarneau-bretagne-morbihan-.jpg","gt_fse_maillage_titre":"Concarneau","gt_fse_maillage_alt":"Automatischer Entwurf","gt_fse_maillage_resume":"","footnotes":""},"categories":[],"tags":[],"class_list":["post-8222","page","type-page","status-publish","has-post-thumbnail","hentry"],"publishpress_future_action":{"enabled":false,"date":"2026-05-15 14:51:14","action":"change-status","newStatus":"draft","terms":[],"taxonomy":"category","extraData":[]},"publishpress_future_workflow_manual_trigger":{"enabledWorkflows":[]},"_links":{"self":[{"href":"https:\/\/www.campingpointedutalud.com\/de\/wp-json\/wp\/v2\/pages\/8222","targetHints":{"allow":["GET"]}}],"collection":[{"href":"https:\/\/www.campingpointedutalud.com\/de\/wp-json\/wp\/v2\/pages"}],"about":[{"href":"https:\/\/www.campingpointedutalud.com\/de\/wp-json\/wp\/v2\/types\/page"}],"author":[{"embeddable":true,"href":"https:\/\/www.campingpointedutalud.com\/de\/wp-json\/wp\/v2\/users\/1"}],"replies":[{"embeddable":true,"href":"https:\/\/www.campingpointedutalud.com\/de\/wp-json\/wp\/v2\/comments?post=8222"}],"version-history":[{"count":6,"href":"https:\/\/www.campingpointedutalud.com\/de\/wp-json\/wp\/v2\/pages\/8222\/revisions"}],"predecessor-version":[{"id":9053,"href":"https:\/\/www.campingpointedutalud.com\/de\/wp-json\/wp\/v2\/pages\/8222\/revisions\/9053"}],"up":[{"embeddable":true,"href":"https:\/\/www.campingpointedutalud.com\/de\/wp-json\/wp\/v2\/pages\/8348"}],"wp:featuredmedia":[{"embeddable":true,"href":"https:\/\/www.campingpointedutalud.com\/de\/wp-json\/wp\/v2\/media\/8224"}],"wp:attachment":[{"href":"https:\/\/www.campingpointedutalud.com\/de\/wp-json\/wp\/v2\/media?parent=8222"}],"wp:term":[{"taxonomy":"category","embeddable":true,"href":"https:\/\/www.campingpointedutalud.com\/de\/wp-json\/wp\/v2\/categories?post=8222"},{"taxonomy":"post_tag","embeddable":true,"href":"https:\/\/www.campingpointedutalud.com\/de\/wp-json\/wp\/v2\/tags?post=8222"}],"curies":[{"name":"wp","href":"https:\/\/api.w.org\/{rel}","templated":true}]}}